{"id":4037,"date":"2021-12-17T21:42:09","date_gmt":"2021-12-17T20:42:09","guid":{"rendered":"https:\/\/igokat.com\/site\/company\/?page_id=4037"},"modified":"2021-12-28T19:27:41","modified_gmt":"2021-12-28T18:27:41","slug":"kathryn-bradney","status":"publish","type":"page","link":"https:\/\/igokat.com\/site\/company\/kathryn-bradney\/","title":{"rendered":"Kathryn Bradney"},"content":{"rendered":"<div class=\"fusion-fullwidth fullwidth-box fusion-builder-row-1 fusion-flex-container nonhundred-percent-fullwidth non-hundred-percent-height-scrolling\" style=\"--awb-border-radius-top-left:0px;--awb-border-radius-top-right:0px;--awb-border-radius-bottom-right:0px;--awb-border-radius-bottom-left:0px;--awb-flex-wrap:wrap;\" ><div class=\"fusion-builder-row fusion-row fusion-flex-align-items-flex-start fusion-flex-content-wrap\" style=\"max-width:1248px;margin-left: calc(-4% \/ 2 );margin-right: calc(-4% \/ 2 );\"><div class=\"fusion-layout-column fusion_builder_column fusion-builder-column-0 fusion_builder_column_1_1 1_1 fusion-flex-column\" style=\"--awb-bg-blend:overlay;--awb-bg-size:cover;--awb-width-large:100%;--awb-margin-top-large:0px;--awb-spacing-right-large:1.92%;--awb-margin-bottom-large:0px;--awb-spacing-left-large:1.92%;--awb-width-medium:100%;--awb-spacing-right-medium:1.92%;--awb-spacing-left-medium:1.92%;--awb-width-small:100%;--awb-spacing-right-small:1.92%;--awb-spacing-left-small:1.92%;\"><div class=\"fusion-column-wrapper fusion-flex-justify-content-flex-start fusion-content-layout-column\"><div class=\"fusion-text fusion-text-1 fusion-animated\" style=\"--awb-text-transform:none;\" data-animationType=\"fadeInLeft\" data-animationDuration=\"1.0\" data-animationOffset=\"top-into-view\"><p>&nbsp;<\/p>\n<\/p>\n<blockquote class=\"wp-block-quote is-layout-flow wp-block-quote-is-layout-flow\">\n<p class=\"western\"><strong>Kathryn Bradney<\/strong> est n\u00e9e aux Etats-Unis et a fait ses \u00e9tudes \u00e0 New York. Elle a dans\u00e9 avec les compagnies : Pittsburgh Ballet Th\u00e9\u00e2tre (r\u00e9pertoire Balanchine) et New York City Opera Company \u00e0 Lincoln Center. Elle est premi\u00e8re danseuse au B\u00e9jart Ballet Lausanne de 1986 \u00e0 2005.<\/p>\n<p class=\"western\"><b>Depuis 1990,<\/b> elle est professeur invit\u00e9e au B\u00e9jart Ballet Lausanne, compagnie et \u00e9cole, Stuttgart Ballet, Tokyo Ballet, Conservatoire Sup\u00e9rieur de Danse de Cergy-Pontoise \u00e0 Paris, Dover Dance Academy (USA), Catskill Ballet Theatre (USA), Acad\u00e9mie de Danse \u00e0 Florence (Italie), Balletto di Parma (Italie), Ballet du Rhin (France), Arena 225 \u00e0 Zurich, Vevey Youth Ballet (Suisse), ainsi qu\u2019\u00e0 S\u00e9oul (Cor\u00e9e), Beijing et Shangha\u00ef (Chine), Taipei (Taiwan), au Prix de Lausanne et \u00e0 l\u2019AFJD(Suisse). De 2001 \u00e0 2005, elle est ma\u00eetre de ballet et professeur pour le B\u00e9jart Ballet Lausanne.<\/p>\n<p><b>En 2001, <\/b>elle tourne le film \u00abOne Last Dance\u00bb avec Patrick Swayze; en 2004, elle chor\u00e9graphie le spectacle d\u2019ouverture de l\u2019International Harp Symposium, en 2005 The Musical Soir\u00e9e, en 2006 Carte Blanche, les Malheurs de Sophie, Soir\u00e9e Investec.<\/p>\n<p class=\"western\"><b>De 2001 \u00e0 2005, <\/b>elle est ma\u00eetre de ballet, professeur et premi\u00e8re danseuse pour le B\u00e9jart Ballet Lausanne.<\/p>\n<p class=\"western\"><b>Depuis janvier 2007, <\/b>elle est une des vid\u00e9astes attitr\u00e9s du Prix de Lausanne pour sa vision artistique de la danse.<\/p>\n<p class=\"western\"><b>En 2007,<\/b> elle chor\u00e9graphie et danse, en qualit\u00e9 de premi\u00e8re danseuse, la soir\u00e9e GRAAP \u00abBal de l\u2019Entraide\u00bb.<\/p>\n<p class=\"western\"><b>En 2008,<\/b> elle est chor\u00e9graphe et premi\u00e8re danseuse dans le gala Diams, pour le Panda Ball, Le Fant\u00f4me du Ch\u00e2teau, Dentro. Elle travaille en collaboration avec Igor Piovano dans la Belle H\u00e9l\u00e8ne pour l\u2019Op\u00e9ra de Lausanne. Elle est chor\u00e9graphe invit\u00e9e au Festival de Danse \u00e0 Olten.<\/p>\n<p class=\"western\"><b>Professeur invit\u00e9 r\u00e9guli\u00e8rement depuis 2009 \u00e0 la Tanz Akademie Z\u00fcrich. <\/b><\/p>\n<p class=\"western\"><b>En mai 2009, <\/b>elle est<b> <\/b>chor\u00e9graphe et premi\u00e8re danseuse dans \u00abLe 6\u00e8me \u00c9l\u00e9ment\u00bb au Th\u00e9\u00e2tre M\u00e9tropole \u00e0 Lausanne, ainsi que chor\u00e9graphe et premi\u00e8re danseuse pour le Gala des \u00abGrands Br\u00fbl\u00e9s\u00bb au Th\u00e9\u00e2tre de Beaulieu.<\/p>\n<p class=\"western\"><b>En novembre 2009,<\/b> elle est premi\u00e8re danseuse avec la Compagnie Igokat pour le 2\u00e8me anniversaire de la disparition de Maurice B\u00e9jart au Teatro Nuovo de Turin et invit\u00e9e d\u2019honneur du 150\u00e8me anniversaire de la Province de Cuneo en Italie.<\/p>\n<p class=\"western\"><b>De 2006 \u00e0 2017, <\/b>elle est membre du jury chaque ann\u00e9e pour les pr\u00e9s\u00e9lections du Prix de Lausanne.<\/p>\n<p class=\"western\"><b>Elle est membre et inscrite dans le registre professionnel des professeurs de Danse Suisse.<\/b><\/p>\n<p class=\"western\"><b>En mars 2010, <\/b> elle danse pour l\u2019ouverture du Festival de la danse de Lugano.<\/p>\n<p class=\"western\"><b>En juin 2010 et mai 2011, <\/b>elle chor\u00e9graphie pour l\u2019Acad\u00e9mie de danse Igokat, le ballet \u00abSh\u00e9h\u00e9razade\u00bb.<\/p>\n<p class=\"western\"><b>En juin 2010,<\/b> elle est chor\u00e9graphe et premi\u00e8re danseuse dans \u00abTais-toi et Danse\u00bb au Th\u00e9\u00e2tre M\u00e9tropole \u00e0 Lausanne. Elle est premi\u00e8re danseuse invit\u00e9e pour le gala du Cinevox Junior Company.<\/p>\n<p class=\"western\"><b>En mai 2011,<\/b> elle est chor\u00e9graphe et premi\u00e8re danseuse dans \u00abBD \u2013 Ballet Dessin\u00e9\u00bb au Th\u00e9\u00e2tre de l\u2019Octogone \u00e0 Pully.<\/p>\n<p class=\"western\"><b>De 2009 \u00e0 2011,<\/b> elle est professeur invit\u00e9e au concours de danse de Soleure (Suisse).<\/p>\n<p class=\"western\"><b>De 2011 \u00e0 2017,<\/b> elle est professeur principale chaque ann\u00e9e pour le Concours de danse Migros \u00e0 Zurich.<\/p>\n<p class=\"western\"><b>En octobre 2011, <\/b>elle est invit\u00e9e comme premi\u00e8re danseuse pour le gala \u00ab30 ans de la Terna\u00bb en Italie.<\/p>\n<p class=\"western\"><b>En novembre et d\u00e9cembre 2011, <\/b>elle est chor\u00e9graphe et premi\u00e8re danseuse dans \u00abBD \u2013 Ballet Dessin\u00e9\u00bb au Th\u00e9\u00e2tre de Vevey et au Th\u00e9\u00e2tre de l\u2019Octogone \u00e0 Pully.<\/p>\n<p class=\"western\"><b>Depuis mars 2012 jusqu\u2019\u00e0 juin 2017,<\/b> elle est membre du jury pour l\u2019audition \u00abSport-\u00e9tudes\u2019 \u00e0 D\u00e9l\u00e9mont\u00bb.<\/p>\n<p class=\"western\"><strong>Elle est membre et inscrite dans le registre professionnel de la F\u00e9d\u00e9ration Suisse des \u00c9coles de Danse (FSED).<\/strong><\/p>\n<p class=\"western\"><b>En juin 2012 et 2013,<\/b> elle chor\u00e9graphie pour l\u2019Acad\u00e9mie de Danse Igokat, le ballet \u00abChatouille\u00bb.<\/p>\n<p class=\"western\"><b>En juillet 2012, <\/b>elle devient Monitrice et Coach pour \u00abJeunesse &amp; Sport\u00bb Suisse dans les disciplines gymnastique et danse.<\/p>\n<p class=\"western\"><b>En juillet 2012,<\/b> elle est premi\u00e8re danseuse avec la Compagnie Igokat dans le Gala d\u2019ouverture du festival de Vignale Danza en Italie.<\/p>\n<p class=\"western\"><b>En novembre et d\u00e9cembre 2012,<\/b> elle est chor\u00e9graphe et premi\u00e8re danseuse avec la Compagnie Igokat dans \u00abUne Chance, un Sourire\u00bb \u00e0 l\u2019Espace Culturel des Terreaux \u00e0 Lausanne et au Th\u00e9\u00e2tre Marens \u00e0 Nyon.<\/p>\n<p class=\"western\"><b>En octobre 2013,<\/b> elle est chor\u00e9graphe et premi\u00e8re danseuse avec la Compagnie Igokat dans \u00abGive &amp; Take\u00bb \u00e0 l\u2019Espace Culturel des Terreaux \u00e0 Lausanne.<\/p>\n<p class=\"western\"><b>En d\u00e9cembre 2013,<\/b> elle est premi\u00e8re danseuse avec la Compagnie Igokat dans des extraits de \u00abGive &amp; Take\u00bb pour la r\u00e9ouverture du Mus\u00e9e Olympique de Lausanne.<\/p>\n<p class=\"western\"><b>Elle devient experte pour le CFC en danse contemporaine \u00e0 Gen\u00e8ve.<\/b><\/p>\n<p class=\"western\"><b>Elle est r\u00e9guli\u00e8rement professeur invit\u00e9e pour l\u2019audition \u00abSport-\u00e9tudes\u00bb du Canton de Gen\u00e8ve.<\/b><\/p>\n<p class=\"western\"><b>En juin 2014 et juin 2015,<\/b> elle chor\u00e9graphie pour l\u2019Acad\u00e9mie de Danse Igokat, le ballet \u00abAlice au Pays des Merveilles\u00bb.<\/p>\n<p class=\"western\"><b>En octobre et novembre 2014,<\/b> elle est chor\u00e9graphe et premi\u00e8re danseuse avec la Compagnie Igokat dans \u00abVouloir c\u2019est Pouvoir\u00bb \u00e0 l\u2019Espace Culturel des Terreaux \u00e0 Lausanne.<\/p>\n<p><b>En octobre et novembre 2015,<\/b> elle est chor\u00e9graphe et premi\u00e8re danseuse avec la Compagnie Igokat dans \u00abdansebook\u00bb \u00e0 l\u2019Espace Culturel des Terreaux \u00e0 Lausanne.<\/p>\n<p align=\"LEFT\"><b>En d\u00e9cembre 2015 et janvier 2016,<\/b> elle est engag\u00e9e comme chor\u00e9graphe pour l\u2019Op\u00e9ra de Lausanne dans \u00abMy Fair Lady\u00bb.<\/p>\n<p align=\"LEFT\"><b>En janvier 2016,<\/b> elle est premi\u00e8re danseuse avec la Compagnie Igokat dans \u00abdansebook\u00bb au Th\u00e9\u00e2tre de Colombier \u00e0 Neuch\u00e2tel.<\/p>\n<p><b>En juin 2016,<\/b> elle chor\u00e9graphie pour l\u2019Acad\u00e9mie de danse Igokat le ballet \u00abCendrillon au Grand Bal d\u2019Igokat\u00bb. <b>En octobre 2016,<\/b> elle est membre du jury pour le Prix de Lausanne \u00e0 La Plata (Argentine) pour les pr\u00e9s\u00e9lections du Prix de Lausanne 2017 des candidats sud-am\u00e9ricains.<\/p>\n<p align=\"LEFT\"><b>En novembre 2016,<\/b> elle est chor\u00e9graphe pour la Compagnie Igokat dans \u00abRom\u00e9o cherche Juliette\u00bb \u00e0 l\u2019Espace Culturel des Terreaux \u00e0 Lausanne.<\/p>\n<p align=\"LEFT\"><strong>En septembre 2017, <\/strong>elle re\u00e7oit, avec son mari Igor Piovano, le \u2018Prix de l\u2019\u00c9veil\u2019 du Canton de Vaud, Suisse.<\/p>\n<p align=\"LEFT\"><b>En octobre 2017,<\/b> elle est membre du jury pour le Prix de Lausanne \u00e0 Montevideo (Uruguay) pour les pr\u00e9s\u00e9lections du Prix de Lausanne 2018 pour les candidats sud-am\u00e9ricains.<\/p>\n<p align=\"LEFT\"><b>En novembre 2017,<\/b> elle est chor\u00e9graphe pour la Compagnie Igokat dans \u00abPetrouchka le Clown\u00bb \u00e0 l\u2019Espace Culturel des Terreaux \u00e0 Lausanne.<\/p>\n<p align=\"LEFT\"><strong>En novembre 2017,<\/strong> elle est nomm\u00e9e Directrice Associ\u00e9e du Prix de Lausanne.<\/p>\n<p><b>En 2018 et 2019,<\/b> elle chor\u00e9graphie pour l\u2019Acad\u00e9mie de danse Igokat, le ballet \u00abLe Carnaval des Animaux\u00bb.<\/p>\n<p><b>En novembre et d\u00e9cembre 2018,<\/b> elle est chor\u00e9graphe pour la Compagnie Igokat dans \u00abIl Maestro Vivaldi\u00bb \u00e0 l\u2019Espace Culturel des Terreaux \u00e0 Lausanne. <b><br \/><\/b><\/p>\n<p><b>En mars 2020,<\/b> elle est chor\u00e9graphe pour la Compagnie Igokat dans \u00abThe Wall\u00bb au Centre Culturel des Terreaux \u00e0 Lausanne.<\/p>\n<p><b>En juin 2021,<\/b> elle chor\u00e9graphie pour l\u2019Acad\u00e9mie de danse Igokat, le ballet \u00abLe Casse-Noisette\u00bb. <b><br \/><\/b><\/p>\n<p><strong>En octobre 2021,<\/strong> elle est chor\u00e9graphe pour la Compagnie Igokat dans \u00abL\u2019Hymne \u00e0 la Joie\u00bb au Centre Culturel des Terreaux \u00e0 Lausanne.<\/p>\n<p><b>Elle est actuellement co-directrice et professeur de l\u2019Acad\u00e9mie de Danse Igokat, membre dirigeante de l\u2019ASCI, Directrice Artistique et Ex\u00e9cutive du concours de danse internationale le Prix de Lausanne ainsi que professeur et chor\u00e9graphe free-lance.<\/b><\/p>\n<\/blockquote><\/p>\n<\/div><\/div><\/div><\/div><\/div>","protected":false},"excerpt":{"rendered":"","protected":false},"author":1,"featured_media":0,"parent":0,"menu_order":0,"comment_status":"closed","ping_status":"closed","template":"100-width.php","meta":{"footnotes":""},"class_list":["post-4037","page","type-page","status-publish","hentry"],"_links":{"self":[{"href":"https:\/\/igokat.com\/site\/company\/wp-json\/wp\/v2\/pages\/4037","targetHints":{"allow":["GET"]}}],"collection":[{"href":"https:\/\/igokat.com\/site\/company\/wp-json\/wp\/v2\/pages"}],"about":[{"href":"https:\/\/igokat.com\/site\/company\/wp-json\/wp\/v2\/types\/page"}],"author":[{"embeddable":true,"href":"https:\/\/igokat.com\/site\/company\/wp-json\/wp\/v2\/users\/1"}],"replies":[{"embeddable":true,"href":"https:\/\/igokat.com\/site\/company\/wp-json\/wp\/v2\/comments?post=4037"}],"version-history":[{"count":11,"href":"https:\/\/igokat.com\/site\/company\/wp-json\/wp\/v2\/pages\/4037\/revisions"}],"predecessor-version":[{"id":4098,"href":"https:\/\/igokat.com\/site\/company\/wp-json\/wp\/v2\/pages\/4037\/revisions\/4098"}],"wp:attachment":[{"href":"https:\/\/igokat.com\/site\/company\/wp-json\/wp\/v2\/media?parent=4037"}],"curies":[{"name":"wp","href":"https:\/\/api.w.org\/{rel}","templated":true}]}}