{"id":4060,"date":"2021-12-28T17:31:59","date_gmt":"2021-12-28T16:31:59","guid":{"rendered":"https:\/\/igokat.com\/site\/company\/?page_id=4060"},"modified":"2021-12-28T19:28:15","modified_gmt":"2021-12-28T18:28:15","slug":"igor-piovano","status":"publish","type":"page","link":"https:\/\/igokat.com\/site\/company\/igor-piovano\/","title":{"rendered":"Igor Piovano"},"content":{"rendered":"<div class=\"fusion-fullwidth fullwidth-box fusion-builder-row-1 fusion-flex-container nonhundred-percent-fullwidth non-hundred-percent-height-scrolling\" style=\"--awb-border-radius-top-left:0px;--awb-border-radius-top-right:0px;--awb-border-radius-bottom-right:0px;--awb-border-radius-bottom-left:0px;--awb-margin-top:0px;--awb-flex-wrap:wrap;\" ><div class=\"fusion-builder-row fusion-row fusion-flex-align-items-flex-start fusion-flex-content-wrap\" style=\"max-width:1248px;margin-left: calc(-4% \/ 2 );margin-right: calc(-4% \/ 2 );\"><div class=\"fusion-layout-column fusion_builder_column fusion-builder-column-0 fusion_builder_column_1_1 1_1 fusion-flex-column\" style=\"--awb-bg-blend:overlay;--awb-bg-size:cover;--awb-width-large:100%;--awb-margin-top-large:0px;--awb-spacing-right-large:1.92%;--awb-margin-bottom-large:0px;--awb-spacing-left-large:1.92%;--awb-width-medium:100%;--awb-spacing-right-medium:1.92%;--awb-spacing-left-medium:1.92%;--awb-width-small:100%;--awb-spacing-right-small:1.92%;--awb-spacing-left-small:1.92%;\"><div class=\"fusion-column-wrapper fusion-flex-justify-content-flex-start fusion-content-layout-column\"><div class=\"fusion-text fusion-text-1\" style=\"--awb-text-transform:none;\"><p>&nbsp;<\/p>\n<blockquote class=\"wp-block-quote is-layout-flow wp-block-quote-is-layout-flow\">\n<p class=\"western\"><strong>Igor Piovano<\/strong> est n\u00e9 en Italie. Il a dans\u00e9 comme premier danseur pour les compagnies du Teatro Nuovo Torino en 1990, Compagnia Italiana di Balletto Carla Fracci (partenaire de Fracci) en 1991, l\u2019Arena di Verona (il y gagne la m\u00e9daille d\u2019or du Concours de Chiavari), Perti Virtaneen Dancers, Compagnia Veneta di Balletto. Il est premier danseur au B\u00e9jart Ballet Lausanne de 1995 \u00e0 2005.<\/p>\n<p><strong>Il est professeur invit\u00e9<\/strong> au B\u00e9jart Ballet Lausanne, compagnie et \u00e9cole, la Terna Dance School (Italie), le Dover Dance Academy (USA), le Catskill Ballet Theatre (USA), l\u2019Acad\u00e9mie de Danse \u00e0 Florence (Italie), le Balletto di Parma (Italie), le Ballet du Rhin (France), Arena 225 \u00e0 Zurich, le Vevey Youth Ballet, le Prix de Lausanne, et l\u2019AFJD (Suisse).<\/p>\n<p><strong>De 2001 \u00e0 2005<\/strong>, il est ma\u00eetre de ballet et directeur des r\u00e9p\u00e9titions au B\u00e9jart Ballet Lausanne.<\/p>\n<p><strong>En 2001,<\/strong> il tourne le film \u00abOne Last Dance\u00bb avec Patrick Swayze et en 2003 il collabore avec l\u2019Opera de Paris pour le ballet \u00abLe Mandarin Merveilleux\u00bb.<\/p>\n<p><strong>En 2004,<\/strong> il chor\u00e9graphie le spectacle d\u2019ouverture du Symposium International de la Harpe, en 2005 The Musical Soir\u00e9e, en 2006 Carte Blanche, les Malheurs de Sophie et la Soir\u00e9e Investec.<\/p>\n<p><strong>Depuis janvier 2007, <\/strong>il est un des vid\u00e9astes attitr\u00e9s du Prix de Lausanne pour sa vision artistique de la danse.<\/p>\n<p><strong>En 2007,<\/strong> il chor\u00e9graphie et danse, en qualit\u00e9 de premier danseur, la soir\u00e9e GRAAP \u00abBal de l\u2019Entraide\u00bb, ainsi que le 70\u00e8me anniversaire de la Loterie Romande et l\u2019ouverture du portail peint \u00e0 la Cath\u00e9drale de Lausanne.<\/p>\n<p><strong>En 2008,<\/strong> il est chor\u00e9graphe et premier danseur dans le gala Diams pour le Panda Ball, Le Fant\u00f4me du Ch\u00e2teau, Dentro et la Belle H\u00e9l\u00e8ne pour l\u2019Op\u00e9ra de Lausanne, en collaboration avec Kathryn Bradney. Il est aussi chor\u00e9graphe pour les championnats d\u2019Europe de gymnastique.<\/p>\n<p><strong>Professeur invit\u00e9<\/strong> r\u00e9gulierement depuis 2009 \u00e0 la Tanz Akademie Z\u00fcrich.<\/p>\n<p><strong>En 2009,<\/strong> il est chor\u00e9graphe et premier danseur dans \u00abLe 6\u00e8me El\u00e9ment\u00bb au Th\u00e9\u00e2tre M\u00e9tropole \u00e0 Lausanne, chor\u00e9graphe et metteur en sc\u00e8ne pour le Festival de Saint-Prex (Rom\u00e9o et Juliette) ainsi que chor\u00e9graphe et premier danseur pour le Gala des \u00abGrands Br\u00fbl\u00e9s\u00bb au Th\u00e9\u00e2tre de Beaulieu.<\/p>\n<p><strong>En novembre 2009,<\/strong> il est premier danseur avec la Compagnie Igokat pour le 2\u00e8me anniversaire de la disparition de Maurice B\u00e9jart au Teatro Nuovo de Turin et invit\u00e9 d\u2019honneur du 150\u00e8me anniversaire de la Province de Cuneo en Italie.<\/p>\n<p><strong>De 2006 \u00e0 2017, <\/strong>il est membre du jury pour les pr\u00e9s\u00e9lections du Prix de Lausanne.<\/p>\n<p><strong>Il est membre et inscrit au registre professionnel des professeurs de Danse Suisse.<\/strong><\/p>\n<p><strong>En mars 2010,<\/strong> il danse pour l\u2019ouverture du Festival de Lugano.<\/p>\n<p><strong>En juin 2010 et mai 2011,<\/strong> il chor\u00e9graphie, pour l\u2019Acad\u00e9mie de danse Igokat, le ballet \u00abSh\u00e9h\u00e9razade\u00bb.<\/p>\n<p><strong>En juin 2010, <\/strong>il est chor\u00e9graphe et premier danseur dans \u00abTais-toi et Danse\u00bb au Th\u00e9\u00e2tre M\u00e9tropole \u00e0 Lausanne, ainsi que premier danseur invit\u00e9 pour le gala du Cinevox Junior Company.<\/p>\n<p><strong>En mai 2011,<\/strong> il est chor\u00e9graphe et premier danseur dans \u00abBD \u2013 Ballet Dessin\u00e9\u00bb au Th\u00e9\u00e2tre de l\u2019Octogone \u00e0 Pully.<\/p>\n<p><strong>En octobre 2011,<\/strong> il est invit\u00e9 comme premier danseur pour le gala \u00ab30 ans de la Terna\u00bb en Italie.<\/p>\n<p><strong>En novembre et d\u00e9cembre 2011,<\/strong> il est premier danseur dans \u00abBD \u2013 Ballet Dessin\u00e9\u00bb au Th\u00e9\u00e2tre de Vevey et au Th\u00e9\u00e2tre de l\u2019Octogone \u00e0 Pully.<\/p>\n<p><strong>Depuis mars 2012 \u00e0 2017, <\/strong>il est membre du jury et professeur invit\u00e9 \u00e0 l\u2019audition \u00abSport-\u00e9tudes\u00bb pour le Canton du Jura (D\u00e9l\u00e9mont). Il est Moniteur pour les Jeunes pour \u00abJeunesse et Sport\u00bb Suisse dans la section Gymnastique et Danse.<\/p>\n<p><strong>Il est membre du comit\u00e9 et inscrit dans le registre professionnel de la F\u00e9d\u00e9ration Suisse des \u00c9coles de Danse (FSED).<\/strong><\/p>\n<p><strong>En juillet 2012,<\/strong> il est premier danseur avec la Compagnie Igokat dans le Gala d\u2019ouverture du festival de Vignale Danza, en Italie.<\/p>\n<p><strong>En novembre et d\u00e9cembre 2012,<\/strong> il est chor\u00e9graphe et premier danseur avec la Compagnie Igokat dans \u00abUne Chance, un Sourire\u00bb \u00e0 l\u2019Espace Culturel des Terreaux \u00e0 Lausanne et au Th\u00e9\u00e2tre Marens \u00e0 Nyon.<\/p>\n<p><strong>En octobre 2013, <\/strong>il est chor\u00e9graphe et premier danseur avec la Compagnie Igokat dans \u00abGive &amp; Take\u00bb \u00e0 l\u2019Espace Culturel des Terreaux \u00e0 Lausanne.<\/p>\n<p><strong>En d\u00e9cembre 2013,<\/strong> il danse avec la Compagnie Igokat des extraits de \u00abGive &amp; Take\u00bb pour la r\u00e9ouverture du Mus\u00e9e Olympique de Lausanne.<\/p>\n<p><strong>Il devient expert pour le CFC en danse contemporaine \u00e0 Gen\u00e8ve. <\/strong><\/p>\n<p><strong>Il est membre du comit\u00e9 de la F\u00e9d\u00e9ration Suisse des \u00c9coles de Danse (FSED).<\/strong><\/p>\n<p><strong>En juin 2014 et 2015, <\/strong>il chor\u00e9graphie, pour l\u2019Acad\u00e9mie de danse Igokat, le ballet \u00abAlice au Pays des Merveilles en 2014 et 2015\u00bb.<\/p>\n<p><strong>En octobre et novembre 2014,<\/strong> il est chor\u00e9graphe et premier danseur avec la Compagnie Igokat dans \u00abVouloir c\u2019est Pouvoir\u00bb \u00e0 l\u2019Espace Culturel des Terreaux \u00e0 Lausanne.<\/p>\n<p><strong>En octobre et novembre 2015,<\/strong> il est chor\u00e9graphe et premier danseur avec la Compagnie Igokat dans \u00abdansebook\u00bb \u00e0 l\u2019Espace Culturel des Terreaux \u00e0 Lausanne.<\/p>\n<p><strong>En d\u00e9cembre 2015 et janvier 2016,<\/strong> il est engag\u00e9 comme chor\u00e9graphe pour l\u2019Op\u00e9ra de Lausanne dans \u00abMy Fair Lady\u00bb.<\/p>\n<p><strong>En janvier 2016,<\/strong> il est premier danseur avec la Compagnie Igokat dans \u00abdansebook\u00bb au Th\u00e9\u00e2tre de Colombier \u00e0 Neuch\u00e2tel.<\/p>\n<p><strong>En juin 2016 et juin 2017,<\/strong> il chor\u00e9graphie pour l\u2019Acad\u00e9mie de danse Igokat le ballet \u00abCendrillon au Grand Bal d\u2019Igokat\u00bb.<\/p>\n<p><strong>En novembre 2016,<\/strong> il est chor\u00e9graphe pour la Compagnie Igokat dans \u00abRom\u00e9o cherche Juliette\u00bb \u00e0 l\u2019Espace Culturel des Terreaux \u00e0 Lausanne.<\/p>\n<p><strong>En septembre 2017,<\/strong> il re\u00e7oit, avec sa femme Kathryn Bradney, le \u00abPrix de l\u2019\u00c9veil\u00bb du Canton de Vaud, Suisse.<\/p>\n<p><strong>En novembre 2017, <\/strong>il est chor\u00e9graphe pour la Compagnie Igokat dans \u00abPetrouchka le Clown\u00bb \u00e0 l\u2019Espace Culturel des Terreaux \u00e0 Lausanne.<\/p>\n<p><strong>En juin 2018 et juin 2019,<\/strong> il chor\u00e9graphie pour l\u2019Acad\u00e9mie de danse Igokat le ballet \u00abLe Carnaval des Animaux\u00bb.<\/p>\n<p><strong>En novembre et d\u00e9cembre 2018, <\/strong>il est chor\u00e9graphe pour la Compagnie Igokat dans \u00abIl Maestro Vivaldi\u00bb \u00e0 l\u2019Espace Culturel des Terreaux \u00e0 Lausanne.<\/p>\n<p><strong>En mars 2020, <\/strong>il est chor\u00e9graphe pour la Compagnie Igokat dans \u00abThe Wall\u00bb au Centre Culturel des Terreaux \u00e0 Lausanne.<\/p>\n<p><strong>En juin 2021,<\/strong> il chor\u00e9graphie pour l\u2019Acad\u00e9mie de danse Igokat le ballet \u00abLe Casse-Noisette\u00bb.<\/p>\n<p><strong>En octobre 2021,<\/strong> il est chor\u00e9graphe pour la Compagnie Igokat dans \u00abL&#8217;Hymne \u00e0 la Joie\u00bb au Centre Culturel des Terreaux \u00e0 Lausanne.<strong><\/p>\n<p>Il est actuellement directeur et professeur de l\u2019Acad\u00e9mie de Danse Igokat, vice-pr\u00e9sident de l\u2019ASCI, producteur du concours de danse internationale le Prix de Lausanne ainsi que chor\u00e9graphe et professeur free-lance.<\/strong><\/p>\n<\/blockquote>\n<\/div><\/div><\/div><\/div><\/div>","protected":false},"excerpt":{"rendered":"","protected":false},"author":1,"featured_media":0,"parent":0,"menu_order":0,"comment_status":"closed","ping_status":"closed","template":"100-width.php","meta":{"footnotes":""},"class_list":["post-4060","page","type-page","status-publish","hentry"],"_links":{"self":[{"href":"https:\/\/igokat.com\/site\/company\/wp-json\/wp\/v2\/pages\/4060","targetHints":{"allow":["GET"]}}],"collection":[{"href":"https:\/\/igokat.com\/site\/company\/wp-json\/wp\/v2\/pages"}],"about":[{"href":"https:\/\/igokat.com\/site\/company\/wp-json\/wp\/v2\/types\/page"}],"author":[{"embeddable":true,"href":"https:\/\/igokat.com\/site\/company\/wp-json\/wp\/v2\/users\/1"}],"replies":[{"embeddable":true,"href":"https:\/\/igokat.com\/site\/company\/wp-json\/wp\/v2\/comments?post=4060"}],"version-history":[{"count":4,"href":"https:\/\/igokat.com\/site\/company\/wp-json\/wp\/v2\/pages\/4060\/revisions"}],"predecessor-version":[{"id":4099,"href":"https:\/\/igokat.com\/site\/company\/wp-json\/wp\/v2\/pages\/4060\/revisions\/4099"}],"wp:attachment":[{"href":"https:\/\/igokat.com\/site\/company\/wp-json\/wp\/v2\/media?parent=4060"}],"curies":[{"name":"wp","href":"https:\/\/api.w.org\/{rel}","templated":true}]}}