{"id":4073,"date":"2021-12-28T18:25:11","date_gmt":"2021-12-28T17:25:11","guid":{"rendered":"https:\/\/igokat.com\/site\/company\/?page_id=4073"},"modified":"2021-12-28T18:49:50","modified_gmt":"2021-12-28T17:49:50","slug":"pauline-schopfer","status":"publish","type":"page","link":"https:\/\/igokat.com\/site\/company\/pauline-schopfer\/","title":{"rendered":"Pauline Schopfer"},"content":{"rendered":"<div class=\"fusion-fullwidth fullwidth-box fusion-builder-row-1 fusion-flex-container nonhundred-percent-fullwidth non-hundred-percent-height-scrolling\" style=\"--awb-border-radius-top-left:0px;--awb-border-radius-top-right:0px;--awb-border-radius-bottom-right:0px;--awb-border-radius-bottom-left:0px;--awb-flex-wrap:wrap;\" ><div class=\"fusion-builder-row fusion-row fusion-flex-align-items-flex-start fusion-flex-content-wrap\" style=\"max-width:1248px;margin-left: calc(-4% \/ 2 );margin-right: calc(-4% \/ 2 );\"><div class=\"fusion-layout-column fusion_builder_column fusion-builder-column-0 fusion_builder_column_1_1 1_1 fusion-flex-column\" style=\"--awb-bg-blend:overlay;--awb-bg-size:cover;--awb-width-large:100%;--awb-margin-top-large:0px;--awb-spacing-right-large:1.92%;--awb-margin-bottom-large:0px;--awb-spacing-left-large:1.92%;--awb-width-medium:100%;--awb-spacing-right-medium:1.92%;--awb-spacing-left-medium:1.92%;--awb-width-small:100%;--awb-spacing-right-small:1.92%;--awb-spacing-left-small:1.92%;\"><div class=\"fusion-column-wrapper fusion-flex-justify-content-flex-start fusion-content-layout-column\"><div class=\"fusion-text fusion-text-1 fusion-animated\" style=\"--awb-text-transform:none;\" data-animationType=\"fadeInLeft\" data-animationDuration=\"1.0\" data-animationOffset=\"top-into-view\"><p>&nbsp;<\/p>\n<\/p>\n<blockquote class=\"wp-block-quote is-layout-flow wp-block-quote-is-layout-flow\">\n<p class=\"western\"><strong>Pauline Schopfer<\/strong> est n\u00e9e en 1992 \u00e0 Lausanne, Pauline d\u00e9couvre la danse \u00e0 l\u2019\u00e2ge de 7 ans avec Brigitte Roman.<\/p>\n<p><strong>Elle continue sa formation<\/strong> \u00e0 Gen\u00e8ve avec Genevi\u00e8ve Chaussat, obtient en 2003 le dipl\u00f4me de \u00abDegree V\u00bb de la Royal Acad\u00e9mie de Danse (RAD) avec distinction puis, en 2004, le degr\u00e9 \u00abIntermediate Foundation\u00bb avec distinction.<\/p>\n<p><strong>En 2007,<\/strong> Pauline est accept\u00e9e \u00e0 l\u2019AFJD (Association pour la Formation de Jeunes Danseurs), un cursus Danse-Etudes, dans lequel elle termine sa scolarit\u00e9 obligatoire tout en dansant.<\/p>\n<p><strong>En 2008,<\/strong> elle r\u00e9ussit l\u2019audition pour entrer \u00e0 l\u2019Ecole Sup\u00e9rieure de Danse de Cannes Rosella Hightower (France), sous la direction de Monique Loudi\u00e8res puis, Paola Cantaluppo. Durant 3 ans, elle se forme avec de nombreux professeurs internationaux et se consacre aussi \u00e0 son baccalaur\u00e9at.<\/p>\n<p><strong>C\u2019est en 2011,<\/strong> qu\u2019elle obtient son E.A.T (Examen d\u2019Aptitude Technique), U.V (Unit\u00e9s de Valeur) d\u2019histoire de la danse et celui de musique. Cette m\u00eame ann\u00e9e, elle r\u00e9ussit son baccalaur\u00e9at en sciences \u00e9conomiques et sociales avec mention. Elle d\u00e9croche notamment des notes de 20\/20 dans les \u00e9preuves de sport et d\u2019option art danse.<\/p>\n<p><strong>En septembre 2011,<\/strong> elle entre comme stagiaire \u00e0 l\u2019European Ballet de Londres, sous la direction de Stanislav Tchassov. Elle participe \u00e0 de nombreux spectacles notamment dans Casse-noisette et Copp\u00e9lia.<\/p>\n<p><strong>En 2011,<\/strong> elle poursuit sa formation au Centre Igokat \u00e0 Lausanne sous la direction d\u2019Igor Piovano et Kathryn Bradney (ex-danseurs et r\u00e9p\u00e9titeurs du B\u00e9jart Ballet Lausanne) suite \u00e0 quoi elle danse comme soliste dans le spectacle \u00abChatouille\u00bb et \u00abAlice au Pays des Merveilles en 2014 et en 2015\u00bb.<\/p>\n<p><strong>En ao\u00fbt 2012,<\/strong> elle travaille avec la compagnie l\u2019Organon et danse comme soliste dans la pi\u00e8ce de th\u00e9\u00e2tre Pygmalion en interpr\u00e9tant le r\u00f4le de la statue Galath\u00e9e (mise en sc\u00e8ne Simone Audemars). Puis, elle danse en fin d\u2019ann\u00e9e, avec la Compagnie Tanztheaterpasi\u00f2n sous la direction de Noelle Kuhn. Le projet s\u2019intitule Begegnungen et est pr\u00e9sent\u00e9 durant trois semaines cons\u00e9cutives dans la ville de Coire (Grisons, Suisse).<\/p>\n<p><strong>En 2013,<\/strong> elle participe \u00e0 un Oratorio in\u00e9dit \u00abElie\u00bb, tir\u00e9 du Livre des Rois. La musique est compos\u00e9e par Olivier Rossel et m\u00eale danse, musique et chant. Pauline travaille en collaboration avec deux autres danseuses pour \u00e9laborer les chor\u00e9graphies. La troupe c\u2019est produite dans toute la Suisse Romande et en France.<\/p>\n<p><strong>Depuis 2013<\/strong>, elle est professeur de danse classique, moderne et stretching au Centre Igokat \u00e0 Lausanne.<\/p>\n<p><strong>En octobre 2013,<\/strong> elle danse comme soliste avec la Compagnie Igokat dans \u00abGive &amp; Take\u00bb \u00e0 l\u2019Espace Culturel des Terreaux \u00e0 Lausanne.<\/p>\n<p><strong>En novembre 2013,<\/strong> elle danse comme soliste avec la Compagnie Octavio de la Roza dans \u00abVoulez-vous danser Gainsbourg\u00bb \u00e0 Avignon (France).<\/p>\n<p><strong>En d\u00e9cembre 2013,<\/strong> elle danse comme soliste avec la Compagnie Igokat dans des extraits de \u00abGive &amp; Take\u00bb pour la r\u00e9ouverture du Mus\u00e9e Olympique de Lausanne.<\/p>\n<p><strong>En ao\u00fbt 2014,<\/strong> elle devient Monitrice pour \u00abJeunesse &amp; Sport\u00bb Suisse dans les disciplines gymnastique et danse.<\/p>\n<p><strong>En octobre et novembre 2014,<\/strong> elle danse comme soliste dans la Compagnie Igokat dans \u00abVouloir c\u2019est Pouvoir\u00bb \u00e0 l\u2019Espace Culturel des Terreaux \u00e0 Lausanne.<\/p>\n<p><strong>En Mars 2015,<\/strong> elle devient Monitrice pour \u00abJeunesse &amp; Sport\u00bb Suisse pour les enfants dans la disciplines gymnastique et danse.<\/p>\n<p><strong>En octobre et novembre 2015,<\/strong> elle danse comme soliste avec la Compagnie Igokat dans \u00abdansebook\u00bb \u00e0 l\u2019Espace Culturel des Terreaux \u00e0 Lausanne.<\/p>\n<p><strong>En d\u00e9cembre 2015 et janvier 2016,<\/strong> elle est engag\u00e9e comme danseuse pour l\u2019Op\u00e9ra de Lausanne dans \u00abMy Fair Lady\u00bb.<\/p>\n<p><strong>En janvier 2016,<\/strong> elle danse comme soliste avec la Compagnie Igokat dans \u00abdansebook\u00bb au Th\u00e9\u00e2tre de Colombier \u00e0 Neuch\u00e2tel.<\/p>\n<p><strong>En juillet 2016,<\/strong> elle est soliste avec la Comapgnie Octavio de la Roza dans \u00abVoulez-vous danser Gainsbourg\u00bb au Festival off d\u2019Avignon (France).<\/p>\n<p><strong>En novembre 2016,<\/strong> elle est soliste avec la Compagnie Igokat dans \u00abRom\u00e9o cherche Juliette\u00bb \u00e0 l\u2019Espace Culturel des Terreaux \u00e0 Lausanne.<\/p>\n<p><strong>En novembre 2017,<\/strong> elle est soliste avec la Compagnie Igokat dans \u00abPetrouchka\u00bb \u00e0 l\u2019Espace Culturel des Terreaux \u00e0 Lausanne.<\/p>\n<p><strong>Depuis septembre 2018,<\/strong> elle est soliste pour les spectacles Croisi\u00e8res TUI Cruises \u2013 Mein Schiff.<\/p>\n<p><strong>En septembre 2019,<\/strong> elle participe \u00e0 l\u2019\u00e9v\u00e9nement Tedx Lausanne o\u00f9 elle chor\u00e9graphie et danse son propre solo sur le th\u00e8me des limites au th\u00e9\u00e2tre de l\u2019Octogone de Lausanne.<\/p>\n<p><strong>En septembre et octobre 2019,<\/strong> elle danse avec la compagnie \u00c9tat de Corps \u00e0 Paris dans le spectacle \u00abAu fil de l\u2019eau\u00bb chor\u00e9graphi\u00e9 par Julie Magneville et produit \u00e0 l\u2019Ar\u00e9na de Gen\u00e8ve.<\/p>\n<p><strong>En mars 2020,<\/strong> elle est premi\u00e8re danseuse avec la Compagnie Igokat dans \u00abThe Wall\u00bb \u00e0 l\u2019Espace Culturel des Terreaux \u00e0 Lausanne.<\/p>\n<p><strong>En octobre 2021,<\/strong> elle est premi\u00e8re danseuse avec la Compagnie Igokat dans \u00abL&#8217;Hymne \u00e0 la Joie\u00bb \u00e0 l\u2019Espace Culturel des Terreaux \u00e0 Lausanne.<\/p>\n<p><strong>Elle est actuellement danseuse avec la Compagnie Igokat, danseuse, professeur et chor\u00e9graphe Freelance.<\/strong><\/p>\n<\/blockquote><\/p>\n<\/div><\/div><\/div><\/div><\/div>","protected":false},"excerpt":{"rendered":"","protected":false},"author":1,"featured_media":0,"parent":0,"menu_order":0,"comment_status":"closed","ping_status":"closed","template":"100-width.php","meta":{"footnotes":""},"class_list":["post-4073","page","type-page","status-publish","hentry"],"_links":{"self":[{"href":"https:\/\/igokat.com\/site\/company\/wp-json\/wp\/v2\/pages\/4073","targetHints":{"allow":["GET"]}}],"collection":[{"href":"https:\/\/igokat.com\/site\/company\/wp-json\/wp\/v2\/pages"}],"about":[{"href":"https:\/\/igokat.com\/site\/company\/wp-json\/wp\/v2\/types\/page"}],"author":[{"embeddable":true,"href":"https:\/\/igokat.com\/site\/company\/wp-json\/wp\/v2\/users\/1"}],"replies":[{"embeddable":true,"href":"https:\/\/igokat.com\/site\/company\/wp-json\/wp\/v2\/comments?post=4073"}],"version-history":[{"count":4,"href":"https:\/\/igokat.com\/site\/company\/wp-json\/wp\/v2\/pages\/4073\/revisions"}],"predecessor-version":[{"id":4085,"href":"https:\/\/igokat.com\/site\/company\/wp-json\/wp\/v2\/pages\/4073\/revisions\/4085"}],"wp:attachment":[{"href":"https:\/\/igokat.com\/site\/company\/wp-json\/wp\/v2\/media?parent=4073"}],"curies":[{"name":"wp","href":"https:\/\/api.w.org\/{rel}","templated":true}]}}