{"id":4100,"date":"2021-12-28T19:33:48","date_gmt":"2021-12-28T18:33:48","guid":{"rendered":"https:\/\/igokat.com\/site\/company\/?page_id=4100"},"modified":"2021-12-28T19:36:12","modified_gmt":"2021-12-28T18:36:12","slug":"mina-schurer","status":"publish","type":"page","link":"https:\/\/igokat.com\/site\/company\/mina-schurer\/","title":{"rendered":"Mina Sch\u00fcrer"},"content":{"rendered":"<div class=\"fusion-fullwidth fullwidth-box fusion-builder-row-1 fusion-flex-container nonhundred-percent-fullwidth non-hundred-percent-height-scrolling\" style=\"--awb-border-radius-top-left:0px;--awb-border-radius-top-right:0px;--awb-border-radius-bottom-right:0px;--awb-border-radius-bottom-left:0px;--awb-margin-top:0px;--awb-flex-wrap:wrap;\" ><div class=\"fusion-builder-row fusion-row fusion-flex-align-items-flex-start fusion-flex-content-wrap\" style=\"max-width:1248px;margin-left: calc(-4% \/ 2 );margin-right: calc(-4% \/ 2 );\"><div class=\"fusion-layout-column fusion_builder_column fusion-builder-column-0 fusion_builder_column_1_1 1_1 fusion-flex-column\" style=\"--awb-bg-size:cover;--awb-width-large:100%;--awb-margin-top-large:0px;--awb-spacing-right-large:1.92%;--awb-margin-bottom-large:0px;--awb-spacing-left-large:1.92%;--awb-width-medium:100%;--awb-spacing-right-medium:1.92%;--awb-spacing-left-medium:1.92%;--awb-width-small:100%;--awb-spacing-right-small:1.92%;--awb-spacing-left-small:1.92%;\"><div class=\"fusion-column-wrapper fusion-flex-justify-content-flex-start fusion-content-layout-column\"><div class=\"fusion-text fusion-text-1\" style=\"--awb-text-transform:none;\"><\/p>\n<\/p>\n<blockquote class=\"wp-block-quote is-layout-flow wp-block-quote-is-layout-flow\">\n<p class=\"western\"><strong>Mina Sch\u00fcrer<\/strong> est n\u00e9e en 1998 \u00e0 Bienne en Suisse.<\/p>\n<p><strong>En 2006,<\/strong> Elle commence \u00e0 prendre ses premiers cours de danse \u00e0 l\u2019\u00e9cole de danse Alma Ballerina Schumacher \u00e0 Biel-Bienne. <strong><br>\n<\/strong><\/p>\n<p><b>En 2007, <\/b>elle int\u00e8gre le CRP Bern\/Neuch\u00e2tel de la gymnastique rythmique jusqu\u2019en 2009.<strong><br>\n<\/strong><\/p>\n<p><strong>En 2007 et 2008,<\/strong> elle participe \u00e0 diff\u00e9rents championnats de Gymnastique Rythmique, tels que, le \u00abBerne Cantonal Championships\u00bb et le \u00abSwiss Championship\u00bb ou elle obtient la 1<sup>\u00e8re<\/sup> place ainsi qu\u2019aux \u00abTest AK\u00bb (\u00c2ge-Grade Test). <strong><br>\n<\/strong><\/p>\n<p><strong>Pour la saison 2008\/2009,<\/strong> elle int\u00e8gre le Cadre National Junior de Suisse en gymnastique rythmique. <strong><br>\n<\/strong><\/p>\n<p><strong>En 2009,<\/strong> Mina retourne vers sa premi\u00e8re passion qui est la danse et rentre \u00e0 l\u2019\u00e9cole de danse Barbara Bernard Grenchen\/Solothurn. <strong><br>\n<\/strong><\/p>\n<p><strong>De 2009 \u00e0 2011,<\/strong> elle int\u00e8gre, sous audition, la classe d\u2019encouragement \u00e0 Bern o\u00f9 elle suit les cours avec Genevieve Chaussat, Julie Wherlock et Armin Wild.<\/p>\n<p><strong>En 2010 et 2011,<\/strong> elle participe au Concours de Dance de Soleure et obtenant la 7<sup>\u00e8me<\/sup> et 4<sup>\u00e8me<\/sup> place. <strong><br>\n<\/strong><\/p>\n<p><strong>En 2012,<\/strong> elle int\u00e8gre la Basel Dance Academy sous la direction de Galina Gladkova Hoffmann.<\/p>\n<p><strong>En 2012,<\/strong> elle interpr\u00e8te un solo \u00abInsekt\u00bb de Dietmar Seyffert dans la cr\u00e9ation \u00abCaff\u00e8 des Artistes\u00bb. <strong><br>\n<\/strong><\/p>\n<p><strong>En 2013,<\/strong> elle interpr\u00e8te un solo \u00abLast Dance\u00bb de Sergio Bustinduy. <strong><br>\n<\/strong><\/p>\n<p><strong>De janvier \u00e0 juin 2013,<\/strong> elle est engag\u00e9e en tant que danseuse par le Th\u00e9\u00e2tre de B\u00e2le pour la production de l\u2019Op\u00e9ra \u00abMANON\u00bb d\u2019Elmar Goerden. <strong><br>\n<\/strong><\/p>\n<p><strong>En 2015,<\/strong> elle int\u00e8gre l\u2019Acad\u00e9mie de danse IGOKAT sous la direction de Kathryn Bradney et Igor Piovano.<\/p>\n<p><strong>En juillet 2015,<\/strong> elle gagne le 1<sup>er<\/sup> Prix de la cat\u00e9gorie S\u00e9niors au ConcourStage de l\u2019Acad\u00e9mie de Danse Igokat. <strong><br>\n<\/strong><\/p>\n<p><strong>De 2015 \u00e0 2017,<\/strong> elle danse dans les diff\u00e9rents spectacles de l\u2019Acad\u00e9mie de Danse Igokat, tels que, \u00abAlice au Pays des Merveilles\u00bb et \u00abCendrillon au Grand Bal d\u2019Igokat\u00bb o\u00f9 elle y danse le r\u00f4le principal.<\/p>\n<p><strong>En 2016,<\/strong> elle est finaliste au Concours International M\u00e9diterran\u00e9en de Danse Classique \u00e0 N\u00eemes. <strong><br>\n<\/strong><\/p>\n<p><strong>En juillet 2016,<\/strong> elle gagne le 1<sup>er<\/sup> Prix de la cat\u00e9gorie S\u00e9niors au ConcourStage de l\u2019Acad\u00e9mie de Danse Igokat. <strong><br>\n<\/strong><\/p>\n<p><strong>En ao\u00fbt 2016,<\/strong> apr\u00e8s audition, elle participe au Stage International d\u2019\u00abIBStage\u00bb \u00e0 Barcelone durant 3 semaines.<\/p>\n<p><strong>En 2017,<\/strong> elle gagne le 3<sup>\u00e8me<\/sup> Prix de la cat\u00e9gorie Pr\u00e9-pro Classique au Concours International de Danse du Prix Arabesque en Belgique. <strong><br>\n<\/strong><\/p>\n<p><strong>En 2017,<\/strong> elle int\u00e8gre, apr\u00e8s audition, l\u2019Atelier Rudra B\u00e9jart \u00e0 Lausanne sous la direction de Michel Gascard. <strong><br>\n<\/strong><\/p>\n<p><strong>En d\u00e9cembre 2017, <\/strong>elle participe \u00e0 la nouvelle cr\u00e9ation \u00abDIXIT\u00bb de la Compagnie du B\u00e9jart Ballet, elle y danse le \u00abSacre du Printemps\u00bb de Maurice B\u00e9jart. <strong><br>\n<\/strong><\/p>\n<p><strong>De 2017 \u00e0 2019,<\/strong> au sein de l\u2019Atelier Rudra B\u00e9jart, elle danse dans les diff\u00e9rentes chor\u00e9graphies de Val\u00e9rie Lacaze, tels que, \u00abOmnes Generationes\u00bb, \u00abMy French Valentina\u00bb et un pas de six \u00abAbstractive\u00bb ainsi que dans \u00abMozart Tango\u00bb de Maurice B\u00e9jart. <strong><br>\n<\/strong><\/p>\n<p><strong>En mars 2020, <\/strong>elle danse comme soliste dans la Compagnie Igokat dans \u00abThe Wall\u00bb au Centre Culturel des Terreaux \u00e0 Lausanne.<\/p>\n<p><strong>En octobre 2021,<\/strong> elle est premi\u00e8re danseuse avec la Compagnie Igokat dans \u00abL&#8217;Hymne \u00e0 la Joie\u00bb \u00e0 l\u2019Espace Culturel des Terreaux \u00e0 Lausanne.<\/p>\n<p><strong>Elle est actuellement professeur \u00e0 l&#8217;Acad\u00e9mie de danse Igokat, soliste avec la Compagnie Igokat, professeur et danseuse free-lance.<\/strong><\/p>\n<\/blockquote>\n<\/p>\n<\/p>\n<p class=\"is-layout-flow wp-block-quote-is-layout-flow\">\n<\/div><\/div><\/div><\/div><\/div>","protected":false},"excerpt":{"rendered":"","protected":false},"author":1,"featured_media":0,"parent":0,"menu_order":0,"comment_status":"closed","ping_status":"closed","template":"100-width.php","meta":{"footnotes":""},"class_list":["post-4100","page","type-page","status-publish","hentry"],"_links":{"self":[{"href":"https:\/\/igokat.com\/site\/company\/wp-json\/wp\/v2\/pages\/4100","targetHints":{"allow":["GET"]}}],"collection":[{"href":"https:\/\/igokat.com\/site\/company\/wp-json\/wp\/v2\/pages"}],"about":[{"href":"https:\/\/igokat.com\/site\/company\/wp-json\/wp\/v2\/types\/page"}],"author":[{"embeddable":true,"href":"https:\/\/igokat.com\/site\/company\/wp-json\/wp\/v2\/users\/1"}],"replies":[{"embeddable":true,"href":"https:\/\/igokat.com\/site\/company\/wp-json\/wp\/v2\/comments?post=4100"}],"version-history":[{"count":2,"href":"https:\/\/igokat.com\/site\/company\/wp-json\/wp\/v2\/pages\/4100\/revisions"}],"predecessor-version":[{"id":4103,"href":"https:\/\/igokat.com\/site\/company\/wp-json\/wp\/v2\/pages\/4100\/revisions\/4103"}],"wp:attachment":[{"href":"https:\/\/igokat.com\/site\/company\/wp-json\/wp\/v2\/media?parent=4100"}],"curies":[{"name":"wp","href":"https:\/\/api.w.org\/{rel}","templated":true}]}}