{"id":4105,"date":"2021-12-28T19:44:37","date_gmt":"2021-12-28T18:44:37","guid":{"rendered":"https:\/\/igokat.com\/site\/company\/?page_id=4105"},"modified":"2021-12-28T19:44:37","modified_gmt":"2021-12-28T18:44:37","slug":"giuliano-cardone","status":"publish","type":"page","link":"https:\/\/igokat.com\/site\/company\/giuliano-cardone\/","title":{"rendered":"Giuliano Cardone"},"content":{"rendered":"<div class=\"fusion-fullwidth fullwidth-box fusion-builder-row-1 fusion-flex-container nonhundred-percent-fullwidth non-hundred-percent-height-scrolling\" style=\"--awb-border-radius-top-left:0px;--awb-border-radius-top-right:0px;--awb-border-radius-bottom-right:0px;--awb-border-radius-bottom-left:0px;--awb-margin-top:0px;--awb-flex-wrap:wrap;\" ><div class=\"fusion-builder-row fusion-row fusion-flex-align-items-flex-start fusion-flex-content-wrap\" style=\"max-width:1248px;margin-left: calc(-4% \/ 2 );margin-right: calc(-4% \/ 2 );\"><div class=\"fusion-layout-column fusion_builder_column fusion-builder-column-0 fusion_builder_column_1_1 1_1 fusion-flex-column\" style=\"--awb-bg-size:cover;--awb-width-large:100%;--awb-margin-top-large:0px;--awb-spacing-right-large:1.92%;--awb-margin-bottom-large:0px;--awb-spacing-left-large:1.92%;--awb-width-medium:100%;--awb-spacing-right-medium:1.92%;--awb-spacing-left-medium:1.92%;--awb-width-small:100%;--awb-spacing-right-small:1.92%;--awb-spacing-left-small:1.92%;\"><div class=\"fusion-column-wrapper fusion-flex-justify-content-flex-start fusion-content-layout-column\"><div class=\"fusion-text fusion-text-1\" style=\"--awb-text-transform:none;\"><blockquote class=\"wp-block-quote is-layout-flow wp-block-quote-is-layout-flow\">\n<p class=\"western\"><strong>Giuliano Cardone<\/strong> est n\u00e9 \u00e0 Naples o\u00f9 il a \u00e9ffectu\u00e9 ses \u00e9tudes de danse classique au \u00abLyceum Mara Fusco\u00bb durant 6 ann\u00e9es. Il a gagn\u00e9 le premier prix du Concours Danza Si \u00e0 Rome. Le chor\u00e9graphe George Iancu a cr\u00e9\u00e9 le r\u00f4le de Tadzio (Mort \u00e0 Venise) pour Giuliano Cardone \u00e0 l\u2019Op\u00e9ra de G\u00eanes.<\/p>\n<p><strong>En 2000,<\/strong> il est accept\u00e9 \u00e0 l\u2019\u00e9cole Rudra de Maurice B\u00e9jart.<\/p>\n<p><strong>En 2002,<\/strong> il est engag\u00e9 dans la compagnie du B\u00e9jart Ballet Lausanne o\u00f9 il danse comme soliste et premier danseur dans <em>Lumi\u00e8re, Ballet for Life, Le M\u00eame et un Autre, Le Sacre du Printemps, Bol\u00e9ro, Brel et Barbara, L\u2019Amour et la Danse, La Fl\u00fbte Enchant\u00e9e, L\u2019Art d\u2019\u00eatre Grand-P\u00e8re, Les 7 Danses Grecques, Bhakti II, le Soldat Amoureux, Und so Weiter, Le Renard, etc&#8230; <\/em><\/p>\n<p><strong>En 2003,<\/strong> il interpr\u00e8te le premier r\u00f4le du ballet \u00ab<em>La Mer\u00bb <\/em>cr\u00e9\u00e9 pour lui par Maurice B\u00e9jart.<\/p>\n<p><strong>En 2007,<\/strong> il danse dans le gala en hommage \u00e0 Gianni Versace \u00e0 la Scala de Milan ainsi que dans le \u00abGala Tag Andersen\u00bb avec Johann Kobborg, Martin Vedel et le Royal Danish Ballet.<\/p>\n<p><strong>En 2008,<\/strong> il danse comme soliste et premier danseur dans les productions de l\u2019Op\u00e9ra de Lausanne <em>La Traviata <\/em>et<em> La Belle H\u00e9l\u00e8ne.<\/em><\/p>\n<p><strong>En 2009,<\/strong> il participe en tant que danseur et chor\u00e9graphe au projet \u00abSave Room\u00bb pour le Centre National de la Danse \u00e0 Paris. Il danse comme premier danseur dans \u00abLe 6<sup>\u00e8me<\/sup> El\u00e9ment\u00bb avec la Compagnie Igokat au Th\u00e9\u00e2tre du M\u00e9tropole \u00e0 Lausanne ainsi que pour la r\u00e9ouverture du Th\u00e9\u00e2tre du Jorat avec \u00abDentro\u00bb.<\/p>\n<p><strong>En novembre 2009,<\/strong> il est premier danseur avec la Compagnie Igokat pour le 2\u00e8me anniversaire de la disparition de Maurice B\u00e9jart au Teatro Nuovo de Turin.<\/p>\n<p><strong>En mars 2010,<\/strong> il danse pour l\u2019ouverture du Festival de Lugano.<\/p>\n<p><strong>En juin 2010,<\/strong> il est premier danseur dans \u00abTais-toi et Danse\u00bb au Th\u00e9\u00e2tre M\u00e9tropole \u00e0 Lausanne.<\/p>\n<p><strong>En d\u00e9cembre 2010,<\/strong> il danse comme soliste dans la production de l&#8217;Op\u00e9ra de Lausanne <em>La Fille de Madame Angot.<\/em><\/p>\n<p><strong>En mai, novembre et d\u00e9cembre 2011,<\/strong> il est premier danseur dans \u00abBD \u2013 Ballet Dessin\u00e9\u00bb au Th\u00e9\u00e2tre de l&#8217;Octogone \u00e0 Pully.<\/p>\n<p><strong>En juilet 2012,<\/strong> il est premier danseur avec la Compagnie Igokat dans le Gala d&#8217;ouverture du festival de Vignale Danza.en Italie.<\/p>\n<p><strong>En novembre et d\u00e9cembre 2012,<\/strong> il est premier danseur avec la Compagnie Igokat dans \u00abUne Chance, un Sourire\u00bb \u00e0 l&#8217;Espace Culturel des Terreaux \u00e0 Lausanne et au Th\u00e9\u00e2tre Marens \u00e0 Nyon.<\/p>\n<p><strong>En d\u00e9cembre 2012,<\/strong> il est engag\u00e9 comme danseur soliste pour l&#8217;Op\u00e9ra de Lausanne dans \u00abOrph\u00e9e aux Enfers\u00bb.<\/p>\n<p><strong>En novembre 2013, <\/strong>il danse comme premier danseur avec Julie Lamby dans \u00abTango\u00bb pour \u00abMidi-Concert\u00bb au Conservatoire de Lausanne avec les musiciens: Magali Bourquin, Felix Froschhammer et Nico Prinz.<\/p>\n<p><strong>En d\u00e9cembre 2013,<\/strong> il danse comme premier danseur dans les extraits de \u00abGive &amp; Take\u00bb pour la r\u00e9ouverture du Mus\u00e9e Olympique de Lausanne.<\/p>\n<p><strong>En 2014,<\/strong> il est premier danseur avec la Compagnie Magda Leon pour sa nouvelle cr\u00e9ation de \u00abCarmina Burana\u00bb \u00e0 la Chaux-de-Fonds.<\/p>\n<p><strong>En octobre et novembre 2014,<\/strong> il est premier danseur avec la Compagnie Igokat dans \u00abVouloir c&#8217;est Pouvoir\u00bb \u00e0 l&#8217;Espace Culturel des Terreaux \u00e0 Lausanne.<\/p>\n<p><strong>En d\u00e9cembre 2014,<\/strong> il est invit\u00e9 pour le Gala de Nestl\u00e9 \u00e0 Vevey en temps que premier danseur avec Julie Lamby.<\/p>\n<p><strong>En janvier 2015, <\/strong>il est premier danseur et chor\u00e9graphe avec Julie Lamby dans le spectacle \u00abNoche de Tango \u00bb avec Juan Etchepareborda (chanteur) et Pascal Danet (pianiste) au Caf\u00e9-th\u00e9\u00e2tre de la Voirie \u00e0 Lutry.<\/p>\n<p><strong>En octobre 2015 et novembre 2015, <\/strong>il est premier danseur avec la Compagnie Igokat dans \u00abdansebook\u00bb \u00e0 l&#8217;Espace Culturel des Terreaux \u00e0 Lausanne.<\/p>\n<p><strong>En d\u00e9cembre 2015 et janvier 2016,<\/strong> il est engag\u00e9 comme danseur pour l&#8217;Op\u00e9ra de Lausanne dans \u00abMy Fair Lady\u00bb.<\/p>\n<p><strong>Depuis 2016, <\/strong>il est Moniteur pour les Jeunes pour \u00abJeunesse et Sport\u00bb Suisse dans la section Gymnastique et Danse.<\/p>\n<p><strong>En janvier 2016,<\/strong> il est premier danseur avec la Compagnie Igokat dans \u00abdansebook\u00bb au Th\u00e9\u00e2tre de Colombier \u00e0 Neuch\u00e2tel.<\/p>\n<p><strong>En juin 2016,<\/strong> il est invit\u00e9 en tant que premier danseur au \u00abGospel Air\u00bb au Th\u00e9\u00e2tre de Beaulieu \u00e0 Lausanne.<\/p>\n<p><strong>En novembre 2016,<\/strong> il est premier danseur avec la Compagnie Igokat dans \u00abRom\u00e9o cherche Juliette\u00bb \u00e0 l&#8217;Espace Culturel des Terreaux \u00e0 Lausanne.<\/p>\n<p><strong>En 2016,<\/strong> Il entreprend des \u00e9tudes de \u00abMassoth\u00e9rapie\u00bb \u00e0 l\u2019\u00e9cole Ecovie et en septembre 2018, il re\u00e7oit son dipl\u00f4me de \u00abMassoth\u00e9rapeute\u00bb.<\/p>\n<p><strong>En novembre 2017,<\/strong> il est premier danseur avec la Compagnie Igokat dans \u00abPetrouchka le Clown\u00bb \u00e0 l&#8217;Espace Culturel des Terreaux \u00e0 Lausanne.<\/p>\n<p><strong>En novembre et d\u00e9cembre 2018,<\/strong> il est premier danseur avec la Compagnie Igokat dans \u00abIl Maestro Vivaldi\u00bb \u00e0 l&#8217;Espace Culturel des Terreaux \u00e0 Lausanne.<\/p>\n<p><strong>En mars 2020,<\/strong> il est premier danseur avec la Compagnie Igokat dans \u00abThe Wall\u00bb \u00e0 l\u2019Espace Culturel des Terreaux \u00e0 Lausanne.<\/p>\n<p><strong>Il est actuellement professeur \u00e0 l&#8217;Acad\u00e9mie de danse Igokat ainsi que dans diff\u00e9rentes \u00e9coles en Suisse, premier danseur avec la Compagnie Igokat et danseur free-lance.<\/strong><\/p><\/blockquote>\n<\/div><\/div><\/div><\/div><\/div>","protected":false},"excerpt":{"rendered":"","protected":false},"author":1,"featured_media":0,"parent":0,"menu_order":0,"comment_status":"closed","ping_status":"closed","template":"100-width.php","meta":{"footnotes":""},"class_list":["post-4105","page","type-page","status-publish","hentry"],"_links":{"self":[{"href":"https:\/\/igokat.com\/site\/company\/wp-json\/wp\/v2\/pages\/4105","targetHints":{"allow":["GET"]}}],"collection":[{"href":"https:\/\/igokat.com\/site\/company\/wp-json\/wp\/v2\/pages"}],"about":[{"href":"https:\/\/igokat.com\/site\/company\/wp-json\/wp\/v2\/types\/page"}],"author":[{"embeddable":true,"href":"https:\/\/igokat.com\/site\/company\/wp-json\/wp\/v2\/users\/1"}],"replies":[{"embeddable":true,"href":"https:\/\/igokat.com\/site\/company\/wp-json\/wp\/v2\/comments?post=4105"}],"version-history":[{"count":1,"href":"https:\/\/igokat.com\/site\/company\/wp-json\/wp\/v2\/pages\/4105\/revisions"}],"predecessor-version":[{"id":4106,"href":"https:\/\/igokat.com\/site\/company\/wp-json\/wp\/v2\/pages\/4105\/revisions\/4106"}],"wp:attachment":[{"href":"https:\/\/igokat.com\/site\/company\/wp-json\/wp\/v2\/media?parent=4105"}],"curies":[{"name":"wp","href":"https:\/\/api.w.org\/{rel}","templated":true}]}}