{"id":4114,"date":"2021-12-29T08:55:57","date_gmt":"2021-12-29T07:55:57","guid":{"rendered":"https:\/\/igokat.com\/site\/company\/?page_id=4114"},"modified":"2021-12-29T09:50:27","modified_gmt":"2021-12-29T08:50:27","slug":"clelia-mercier","status":"publish","type":"page","link":"https:\/\/igokat.com\/site\/company\/clelia-mercier\/","title":{"rendered":"Cl\u00e9lia Mercier"},"content":{"rendered":"<div class=\"fusion-fullwidth fullwidth-box fusion-builder-row-1 fusion-flex-container nonhundred-percent-fullwidth non-hundred-percent-height-scrolling\" style=\"--awb-border-radius-top-left:0px;--awb-border-radius-top-right:0px;--awb-border-radius-bottom-right:0px;--awb-border-radius-bottom-left:0px;--awb-flex-wrap:wrap;\" ><div class=\"fusion-builder-row fusion-row fusion-flex-align-items-flex-start fusion-flex-content-wrap\" style=\"max-width:1248px;margin-left: calc(-4% \/ 2 );margin-right: calc(-4% \/ 2 );\"><div class=\"fusion-layout-column fusion_builder_column fusion-builder-column-0 fusion_builder_column_1_1 1_1 fusion-flex-column\" style=\"--awb-bg-blend:overlay;--awb-bg-size:cover;--awb-width-large:100%;--awb-margin-top-large:0px;--awb-spacing-right-large:1.92%;--awb-margin-bottom-large:0px;--awb-spacing-left-large:1.92%;--awb-width-medium:100%;--awb-spacing-right-medium:1.92%;--awb-spacing-left-medium:1.92%;--awb-width-small:100%;--awb-spacing-right-small:1.92%;--awb-spacing-left-small:1.92%;\"><div class=\"fusion-column-wrapper fusion-flex-justify-content-flex-start fusion-content-layout-column\"><div class=\"fusion-text fusion-text-1 fusion-animated\" style=\"--awb-text-transform:none;\" data-animationType=\"fadeInLeft\" data-animationDuration=\"1.0\" data-animationOffset=\"top-into-view\"><blockquote class=\"wp-block-quote is-layout-flow wp-block-quote-is-layout-flow\">\n<p class=\"western\"><strong>Cl\u00e9lia Mercier <\/strong>est n\u00e9e en Belgique, elle commence la danse \u00e0 4 ans \u00e0 Bruxelles.<\/p>\n<p><strong>Elle est form\u00e9e<\/strong> au Centre de Danse Choreart, sous la direction de Colette Coenraets.<\/p>\n<p><strong>En 2012,<\/strong> elle est admise \u00e0 l\u2019\u00c9cole-Atelier Rudra-B\u00e9jart et accompagne le B\u00e9jart Ballet Lausanne lors des repr\u00e9sentations du Sacre du printemps.<\/p>\n<p><strong>En 2014,<\/strong> Elle int\u00e8gre la compagnie du B\u00e9jart Ballet, apr\u00e8s avoir particip\u00e9 au NDT Summer Intensive \u00e0 Den Haag.<\/p>\n<p><strong>Durant quatre ans,<\/strong> elle y danse le r\u00e9pertoire de Maurice B\u00e9jart dont le Presbyt\u00e8re, les Sept Danses Grecques, la 9e Symphonie, la Fl\u00fbte Enchant\u00e9e\u2026<\/p>\n<p><strong>Elle participe aux cr\u00e9ation<\/strong> de Julio Arozarena (Corps-Circuit), de Gil Roman (Impromptu, Tomb\u00e9es de la derni\u00e8re pluie, T\u2019M et Variations) et de chor\u00e9graphes invit\u00e9s.<\/p>\n<p><strong>En parall\u00e8le,<\/strong> elle participe avec d\u2019autres danseurs du Bejart ballet \u00e0 la cr\u00e9ation de \u00ab Ceci est une Rose \u00bb par Julio Arozarena et interpr\u00e8te un extrait de sa pi\u00e8ce \u00ab Des pas \u00e0 pas perdre \u00bb au perpetuum festival \u00e0 Bruxelles en ao\u00fbt 2018.<\/p>\n<p><strong>En novembre et d\u00e9cembre 2018,<\/strong> elle est danseuse soliste avec la Compagnie Igokat dans \u00abIl Maestro Vivaldi\u00bb \u00e0 l\u2019Espace Culturel des Terreaux \u00e0 Lausanne.<\/p>\n<p><strong>Elle est actuellement danseuse free-lance.<\/strong><\/p>\n<\/blockquote>\n<\/div><\/div><\/div><\/div><\/div>","protected":false},"excerpt":{"rendered":"","protected":false},"author":1,"featured_media":0,"parent":0,"menu_order":0,"comment_status":"closed","ping_status":"closed","template":"100-width.php","meta":{"footnotes":""},"class_list":["post-4114","page","type-page","status-publish","hentry"],"_links":{"self":[{"href":"https:\/\/igokat.com\/site\/company\/wp-json\/wp\/v2\/pages\/4114","targetHints":{"allow":["GET"]}}],"collection":[{"href":"https:\/\/igokat.com\/site\/company\/wp-json\/wp\/v2\/pages"}],"about":[{"href":"https:\/\/igokat.com\/site\/company\/wp-json\/wp\/v2\/types\/page"}],"author":[{"embeddable":true,"href":"https:\/\/igokat.com\/site\/company\/wp-json\/wp\/v2\/users\/1"}],"replies":[{"embeddable":true,"href":"https:\/\/igokat.com\/site\/company\/wp-json\/wp\/v2\/comments?post=4114"}],"version-history":[{"count":5,"href":"https:\/\/igokat.com\/site\/company\/wp-json\/wp\/v2\/pages\/4114\/revisions"}],"predecessor-version":[{"id":4143,"href":"https:\/\/igokat.com\/site\/company\/wp-json\/wp\/v2\/pages\/4114\/revisions\/4143"}],"wp:attachment":[{"href":"https:\/\/igokat.com\/site\/company\/wp-json\/wp\/v2\/media?parent=4114"}],"curies":[{"name":"wp","href":"https:\/\/api.w.org\/{rel}","templated":true}]}}