{"id":4118,"date":"2021-12-29T09:03:04","date_gmt":"2021-12-29T08:03:04","guid":{"rendered":"https:\/\/igokat.com\/site\/company\/?page_id=4118"},"modified":"2021-12-29T09:51:10","modified_gmt":"2021-12-29T08:51:10","slug":"margaux-dorsaz","status":"publish","type":"page","link":"https:\/\/igokat.com\/site\/company\/margaux-dorsaz\/","title":{"rendered":"Margaux Dorsaz"},"content":{"rendered":"<div class=\"fusion-fullwidth fullwidth-box fusion-builder-row-1 fusion-flex-container nonhundred-percent-fullwidth non-hundred-percent-height-scrolling\" style=\"--awb-border-radius-top-left:0px;--awb-border-radius-top-right:0px;--awb-border-radius-bottom-right:0px;--awb-border-radius-bottom-left:0px;--awb-flex-wrap:wrap;\" ><div class=\"fusion-builder-row fusion-row fusion-flex-align-items-flex-start fusion-flex-content-wrap\" style=\"max-width:1248px;margin-left: calc(-4% \/ 2 );margin-right: calc(-4% \/ 2 );\"><div class=\"fusion-layout-column fusion_builder_column fusion-builder-column-0 fusion_builder_column_1_1 1_1 fusion-flex-column\" style=\"--awb-bg-blend:overlay;--awb-bg-size:cover;--awb-width-large:100%;--awb-margin-top-large:0px;--awb-spacing-right-large:1.92%;--awb-margin-bottom-large:0px;--awb-spacing-left-large:1.92%;--awb-width-medium:100%;--awb-spacing-right-medium:1.92%;--awb-spacing-left-medium:1.92%;--awb-width-small:100%;--awb-spacing-right-small:1.92%;--awb-spacing-left-small:1.92%;\"><div class=\"fusion-column-wrapper fusion-flex-justify-content-flex-start fusion-content-layout-column\"><div class=\"fusion-text fusion-text-1 fusion-animated\" style=\"--awb-text-transform:none;\" data-animationType=\"fadeInLeft\" data-animationDuration=\"1.0\" data-animationOffset=\"top-into-view\"><p>&nbsp;<\/p>\n<blockquote class=\"wp-block-quote is-layout-flow wp-block-quote-is-layout-flow\">\n<p class=\"western\"><strong>Margaux Dorsaz<\/strong> est n\u00e9e en Suisse, elle s\u2019int\u00e9resse \u00e0 l\u2019art du mouvement d\u00e8s son plus jeune \u00e2ge.<\/p>\n<p><strong>Appel\u00e9e par la magie de la danse,<\/strong> elle d\u00e9bute le cursus pr\u00e9professionnel au Conservatoire Cantonal du Valais en Suisse. Une fois son certificat en poche, elle d\u00e9cide d\u2019approfondir ses acquis en suivant une formation d\u2019interpr\u00e8te \u00e0 l\u2019Ecole de danse contemporaine de Montr\u00e9al, Canada.<\/p>\n<p><strong>Au cours de son \u00e9ducation artistique,<\/strong> elle travaille avec de multiples chor\u00e9graphes, notamment Helder Seabra, Sita Ostheimer, Marie Chouinard, Sam Coren, Alan Lake, Parts + Labour_Danse\u2026<\/p>\n<p><strong>Avec sa carrure athl\u00e9tique,<\/strong> elle tente de d\u00e9jouer les limites de son corps. Imposante et sensible dans sa danse, elle s\u2019exprime avec fougue dans une mouvance fluide et organique.<\/p>\n<p><strong>Margaux est enrichie<\/strong> de son exp\u00e9rience outre-Altantique et d\u00e9cide de continuer sa carri\u00e8re en Europe.<\/p>\n<p><strong>Elle fait<\/strong> partie de plusieurs compagnies en Suisse, elle danse notamment pour Laure Dupont, ADN Dialect, Igokat, MLADHA.<\/p>\n<p><strong>Elle partage<\/strong> beaucoup la sc\u00e8ne germanique avec la compagnie Cocoondance et la Cooperativa Maura morales.<\/p>\n<p><strong>En novembre et d\u00e9cembre 2018,<\/strong> elle est danseuse soliste avec la Compagnie Igokat dans \u00abIl Maestro Vivaldi\u00bb \u00e0 l\u2019Espace Culturel des Terreaux \u00e0 Lausanne.<\/p>\n<p><strong>Elle est actuellement danseuse free-lance et professeur dans diff\u00e9rentes \u00e9coles.<\/strong><\/p>\n<\/blockquote>\n<p>&nbsp;<\/p>\n<\/div><\/div><\/div><\/div><\/div>","protected":false},"excerpt":{"rendered":"","protected":false},"author":1,"featured_media":0,"parent":0,"menu_order":0,"comment_status":"closed","ping_status":"closed","template":"100-width.php","meta":{"footnotes":""},"class_list":["post-4118","page","type-page","status-publish","hentry"],"_links":{"self":[{"href":"https:\/\/igokat.com\/site\/company\/wp-json\/wp\/v2\/pages\/4118","targetHints":{"allow":["GET"]}}],"collection":[{"href":"https:\/\/igokat.com\/site\/company\/wp-json\/wp\/v2\/pages"}],"about":[{"href":"https:\/\/igokat.com\/site\/company\/wp-json\/wp\/v2\/types\/page"}],"author":[{"embeddable":true,"href":"https:\/\/igokat.com\/site\/company\/wp-json\/wp\/v2\/users\/1"}],"replies":[{"embeddable":true,"href":"https:\/\/igokat.com\/site\/company\/wp-json\/wp\/v2\/comments?post=4118"}],"version-history":[{"count":4,"href":"https:\/\/igokat.com\/site\/company\/wp-json\/wp\/v2\/pages\/4118\/revisions"}],"predecessor-version":[{"id":4144,"href":"https:\/\/igokat.com\/site\/company\/wp-json\/wp\/v2\/pages\/4118\/revisions\/4144"}],"wp:attachment":[{"href":"https:\/\/igokat.com\/site\/company\/wp-json\/wp\/v2\/media?parent=4118"}],"curies":[{"name":"wp","href":"https:\/\/api.w.org\/{rel}","templated":true}]}}