{"id":4136,"date":"2021-12-29T09:34:44","date_gmt":"2021-12-29T08:34:44","guid":{"rendered":"https:\/\/igokat.com\/site\/company\/?page_id=4136"},"modified":"2021-12-29T09:57:11","modified_gmt":"2021-12-29T08:57:11","slug":"francesco-rovea","status":"publish","type":"page","link":"https:\/\/igokat.com\/site\/company\/francesco-rovea\/","title":{"rendered":"Francesco Rovea"},"content":{"rendered":"<div class=\"fusion-fullwidth fullwidth-box fusion-builder-row-1 fusion-flex-container nonhundred-percent-fullwidth non-hundred-percent-height-scrolling\" style=\"--awb-border-radius-top-left:0px;--awb-border-radius-top-right:0px;--awb-border-radius-bottom-right:0px;--awb-border-radius-bottom-left:0px;--awb-flex-wrap:wrap;\" ><div class=\"fusion-builder-row fusion-row fusion-flex-align-items-flex-start fusion-flex-content-wrap\" style=\"max-width:1248px;margin-left: calc(-4% \/ 2 );margin-right: calc(-4% \/ 2 );\"><div class=\"fusion-layout-column fusion_builder_column fusion-builder-column-0 fusion_builder_column_1_1 1_1 fusion-flex-column\" style=\"--awb-bg-blend:overlay;--awb-bg-size:cover;--awb-width-large:100%;--awb-margin-top-large:0px;--awb-spacing-right-large:1.92%;--awb-margin-bottom-large:0px;--awb-spacing-left-large:1.92%;--awb-width-medium:100%;--awb-spacing-right-medium:1.92%;--awb-spacing-left-medium:1.92%;--awb-width-small:100%;--awb-spacing-right-small:1.92%;--awb-spacing-left-small:1.92%;\"><div class=\"fusion-column-wrapper fusion-flex-justify-content-flex-start fusion-content-layout-column\"><div class=\"fusion-text fusion-text-1 fusion-animated\" style=\"--awb-text-transform:none;\" data-animationType=\"fadeInLeft\" data-animationDuration=\"1.0\" data-animationOffset=\"top-into-view\"><p>&nbsp;<\/p>\n<blockquote class=\"wp-block-quote is-layout-flow wp-block-quote-is-layout-flow\">\n<p class=\"western\"><strong>Francesco Rovea<\/strong> est n\u00e9 \u00e0 Mondovi, Italie en 1994 et commence ses \u00e9tudes de danse \u00e0 10 ans.<\/p>\n<p><strong>En 2008<\/strong>, il est accept\u00e9 dans la formation professionnelle de l\u2019\u00e9cole du Teatro Nuovo de Turin dirig\u00e9 par Germana Erba Mesturino.<\/p>\n<p><strong>En 2012<\/strong>, il gagne le concours de \u00abVignale Danza\u00bb dans la section contemporaine et en 2013 le \u00abMad for Dance\u00bb de Rome.<\/p>\n<p><strong>De 2009 \u00e0 2013<\/strong>, il danse au Teatro Nuovo de Turin diff\u00e9rentes productions y compris Copp\u00e9lia, la Fille Mal Gard\u00e9e, Carmina Burana, Harlequinade, Mandragola, Abba, L\u2019Italiana in Algeri, La Vedova Allegra, Il Barbiere di Siviglia et plusieurs op\u00e9ras.<\/p>\n<p><strong>De 2013 \u00e0 2015<\/strong>, il danse avec le Balletto del Sud en Italie ou il danse dans diff\u00e9rentes cr\u00e9ations y compris Carmen, Casse-Noisette, Les Quatre Saisons, Le Lac des Cignes, Orfeo et Euridice \u00e0 c\u00f4t\u00e9 de grands noms comme Carla Fracci, Letizia Giuliani et Katerina Petrova.<\/p>\n<p><strong>En juin 2015<\/strong>, il est engag\u00e9 pour interpr\u00e9ter le r\u00f4le principal d\u2019Hippolyte dans Ph\u00e8dre \u00e0 l\u2019Op\u00e9ra de Tirana en Albanie aux c\u00f4t\u00e9s de Enada Gerd Hoxha et Vase.<\/p>\n<p><strong>En octobre 2015,<\/strong> il est danseur soliste avec la Compagnie Igokat dans \u00abDansebook\u00bb \u00e0 l\u2019Espace Culturel des Terreaux \u00e0 Lausanne.<\/p>\n<p><strong>Il est actuellement danseur free-lance.<\/strong><\/p>\n<p><b><\/b><\/p><\/blockquote>\n<\/div><\/div><\/div><\/div><\/div>","protected":false},"excerpt":{"rendered":"","protected":false},"author":1,"featured_media":0,"parent":0,"menu_order":0,"comment_status":"closed","ping_status":"closed","template":"100-width.php","meta":{"footnotes":""},"class_list":["post-4136","page","type-page","status-publish","hentry"],"_links":{"self":[{"href":"https:\/\/igokat.com\/site\/company\/wp-json\/wp\/v2\/pages\/4136","targetHints":{"allow":["GET"]}}],"collection":[{"href":"https:\/\/igokat.com\/site\/company\/wp-json\/wp\/v2\/pages"}],"about":[{"href":"https:\/\/igokat.com\/site\/company\/wp-json\/wp\/v2\/types\/page"}],"author":[{"embeddable":true,"href":"https:\/\/igokat.com\/site\/company\/wp-json\/wp\/v2\/users\/1"}],"replies":[{"embeddable":true,"href":"https:\/\/igokat.com\/site\/company\/wp-json\/wp\/v2\/comments?post=4136"}],"version-history":[{"count":4,"href":"https:\/\/igokat.com\/site\/company\/wp-json\/wp\/v2\/pages\/4136\/revisions"}],"predecessor-version":[{"id":4148,"href":"https:\/\/igokat.com\/site\/company\/wp-json\/wp\/v2\/pages\/4136\/revisions\/4148"}],"wp:attachment":[{"href":"https:\/\/igokat.com\/site\/company\/wp-json\/wp\/v2\/media?parent=4136"}],"curies":[{"name":"wp","href":"https:\/\/api.w.org\/{rel}","templated":true}]}}