{"id":4182,"date":"2021-12-29T14:59:16","date_gmt":"2021-12-29T13:59:16","guid":{"rendered":"https:\/\/igokat.com\/site\/company\/?page_id=4182"},"modified":"2021-12-29T15:00:45","modified_gmt":"2021-12-29T14:00:45","slug":"kathryn-bradney-2","status":"publish","type":"page","link":"https:\/\/igokat.com\/site\/company\/en\/kathryn-bradney-2\/","title":{"rendered":"Kathryn Bradney"},"content":{"rendered":"<div class=\"fusion-fullwidth fullwidth-box fusion-builder-row-1 fusion-flex-container nonhundred-percent-fullwidth non-hundred-percent-height-scrolling\" style=\"--awb-border-radius-top-left:0px;--awb-border-radius-top-right:0px;--awb-border-radius-bottom-right:0px;--awb-border-radius-bottom-left:0px;--awb-flex-wrap:wrap;\" ><div class=\"fusion-builder-row fusion-row fusion-flex-align-items-flex-start fusion-flex-content-wrap\" style=\"max-width:1248px;margin-left: calc(-4% \/ 2 );margin-right: calc(-4% \/ 2 );\"><div class=\"fusion-layout-column fusion_builder_column fusion-builder-column-0 fusion_builder_column_1_1 1_1 fusion-flex-column\" style=\"--awb-bg-blend:overlay;--awb-bg-size:cover;--awb-width-large:100%;--awb-margin-top-large:0px;--awb-spacing-right-large:1.92%;--awb-margin-bottom-large:0px;--awb-spacing-left-large:1.92%;--awb-width-medium:100%;--awb-spacing-right-medium:1.92%;--awb-spacing-left-medium:1.92%;--awb-width-small:100%;--awb-spacing-right-small:1.92%;--awb-spacing-left-small:1.92%;\"><div class=\"fusion-column-wrapper fusion-flex-justify-content-flex-start fusion-content-layout-column\"><div class=\"fusion-text fusion-text-1\" style=\"--awb-text-transform:none;\"><\/p>\n<blockquote class=\"wp-block-quote is-layout-flow wp-block-quote-is-layout-flow\">\n<p class=\"western\"><strong>Kathryn Bradney<\/strong> was born in the USA and studied dance in New York.<\/p>\n<p><strong>She danced with various companies :<\/strong> Pittsburgh Ballet Theatre ( Balanchine repertoire), New York City Opera Company at Lincoln Center and in 1986 with the B\u00e9jart Ballet Lausanne, where she performed principal roles of the Bejart repertoire around the world for 20 years.<\/p>\n<p><strong>In 1990,<\/strong> she was invited to teach at the B\u00e9jart Ballet Lausanne company and the school, Stuttgart Ballet, Tokyo Ballet, Conservatoire Sup\u00e9rieur de Danse de Cergy-Pontoise in Paris, Dover Dance Academy (USA), Catskill Ballet Theatre (USA), the Dance Academy of Florence (Italy), Balletto di Parma (Italy), Ballet du Rhin (France), the Arena 225 in Zurich, Vevey Youth Ballet (Switzerland) as well as in Seoul (Korea), Beijing and Shanghai (China), Taipei (Taiwan), at the AFJD and at the Prix de Lausanne (Switzerland).<\/p>\n<p><strong>In 2001,<\/strong> she took part in the film \u00abOne Last Dance\u00bb with Patrick Swayze. In 2004, she choreographed the performance for the overture of the International Harp Symposium, ,in 2005 the Musical Soir\u00e9e, in 2006 Carte Blanche, the misfortunes of Sophie and Soir\u00e9e Investec.<\/p>\n<p><strong>From 2001 to 2005<\/strong>, she was a ballet mistress, teacher and principal dancer for B\u00e9jart Ballet Lausanne.<\/p>\n<p><strong>In January 2007,<\/strong> she was appointed as one of the video makers for the Prix de Lausanne for its artistic vision of dance.<\/p>\n<p><strong>In 2007,<\/strong> she choreographed and danced, as a quality principal dancer, for the GRAAP evening event \u00abBal de l\u2019Entraide\u00bb.<\/p>\n<p><strong>In 2008,<\/strong> she choreographed and was a principal dancer in the gala Diams pour le Panda Ball, Le Fant\u00f4me du Ch\u00e2teau and Dentro. She worked in collaboration with Igor Piovano in the Belle H\u00e9l\u00e8ne for the Opera of Lausanne. She was invited to choreograph for the Dance Festival in Olten.<\/p>\n<p><strong>Invited as a teacher in 2009<\/strong>, 2011 and 2012 at the Tanz Akademie Z\u00fcrich.<\/p>\n<p><strong>In May 2009,<\/strong> she choreographed and danced as principal dancer in \u00abLe 6\u00e8me \u00c9l\u00e9ment\u00bb at the M\u00e9tropole Theatre in Lausanne as well as choreographed and danced as a principal for the Gala \u00abGrands Br\u00fbl\u00e9s\u00bb at the Beaulieu Thetare. She danced with the Igokat company at the Teatro Nuovo de Turin for the second anniversary of the passing of Maurice B\u00e9jart, and was honourly invited for the Province of Cuneo\u2019s 150th anniversary in Italy.<\/p>\n<p><strong>From 2006 to 2017,<\/strong> every year she has been a jury member of the pre-selections for the Prix de Lausanne.<\/p>\n<p>She is a member and is registered as a professional teacher of dance in Switzerland (Danse Suisse).<\/p>\n<p><strong>In March 2010,<\/strong> she danced for the the overture dance Festival of Lugano.<\/p>\n<p><strong>In June 2010<\/strong> and May 2011, she choreographed the ballet \u00abSh\u00e9h\u00e9razade\u00bb for the Igokat school.<\/p>\n<p><strong>In 2010,<\/strong> she choreographed and danced as a principal in \u00abTais-toi et Danse\u00bb at the M\u00e9tropole Thetare in Lausanne. She was invited to dance as a principal for the Cinevox Junior Company gala.<\/p>\n<p><strong>In May 2011,<\/strong> she choreographed and danced as a principal in \u00abBD \u2013 Ballet Dessin\u00e9\u00bb at the Octogone Theatre in Pully.<\/p>\n<p><strong>From 2009 to 2011,<\/strong> she was invited to teach at the concours de danse de Soleure (Switzerland).<\/p>\n<p><strong>From 2011 to 2017,<\/strong> she was the principal teacher at the Migros dance competition in Zurich.<\/p>\n<p><strong>In October 2011,<\/strong> she was invited to dance as principal for the gala \u00ab30 ans de la Terna\u00bb in Italy.<\/p>\n<p><strong>In November and December 2011,<\/strong> she choreographed and danced as a principal in \u00abBD \u2013 Ballet Dessin\u00e9\u00bb at the Vevey Theatre and the Octogone Theatre in Pully.<\/p>\n<p><strong>From March 2012 to 2017<\/strong> she is a jury member for the \u2018Sport-\u00e9tudes\u2019 audition in D\u00e9l\u00e9mont annually.<\/p>\n<p><strong>She is a member and is registerd in the professional Swiss Federation of Dance Schools (FSED).<\/strong><\/p>\n<p><strong>In June 2012 and 2013,<\/strong> she choreographed the ballet \u00abChatouille\u00bb for the Igokat dance school .<\/p>\n<p><strong>In July 2012,<\/strong> she became an instructor and coach for \u00abJeunesse &amp; Sport\u00bb Swiss for the gymnastic and dance categories.<\/p>\n<p><strong>In July 2012,<\/strong> she danced as a principle for the Igokat Company in the Gala opening of the festival \u2018Vignale Danza\u2019 in Italy.<\/p>\n<p><strong>In November and December 2012,<\/strong> she choreographed and danced as a principal with the Igokat Company in \u00abUne Chance, un Sourire\u00bb at l\u2019Espace Culturel des Terreaux in Lausanne and at the Marens Theatre in Nyon.<\/p>\n<p><strong>In October 2013,<\/strong> she choreographed and danced as a principal with the Igokat Company in \u00abGive &amp; Take\u00bb at l\u2019Espace Culturel des Terreaux in Lausanne.<\/p>\n<p><strong>In Decembre 2013,<\/strong> she choreographed and danced as a principal with the Igokat Company in extracts of \u00abGive &amp; Take\u00bb for the re-opening of the Olympic Museum in Lausanne.<\/p>\n<p><strong>She is an Expert for the CFC in contemporary dance in Geneva.<\/strong><\/p>\n<p><strong>She was invited<\/strong> many times to teach for the \u2018Sport-\u00e9tudes\u2019 audition for the Canton of Geneva.<\/p>\n<p><strong>In June 2014 and 2015,<\/strong> she choreographed the ballet \u00abAlice au Pays des Merveilles in 2014\u00bb for the Igokat Dance Academy.<\/p>\n<p><strong>In November 2014,<\/strong> she choreographed and danced as a principal with the Igokat Company in \u00abVouloir c\u2019est Pouvoir\u00bb at l\u2019Espace Culturel des Terreaux in Lausanne.<\/p>\n<p><strong>In November 2015,<\/strong> she choreographed and danced as a principal dancer with the Igokat Company in \u00abDansebook\u00bb at the Espace Culturel des Terreaux in Lausanne.<\/p>\n<p><strong>In January 2016,<\/strong> she danced as a principal dancer with the Igokat Company in \u00abDansebook\u00bb at the Th\u00e9atre de Colombier in Neuch\u00e2tel.<\/p>\n<p><strong>In December 2015,<\/strong> she is hired as a choreographer for the Op\u00e9ra de Lausanne in \u00abMy Fair Lady\u00bb.<\/p>\n<p><strong>In June 2016,<\/strong> she choreographed the ballet \u00abCinderella au Grand Bal d\u2019Igokat\u00bb for the Igokat Dance Academy.<\/p>\n<p><strong>In October 2016,<\/strong> she is a jury member for the Prix de Lausanne at La Plata (Argentina) for the preselections of the Prix de Lausanne 2017 candidates in South America.<\/p>\n<p><strong>In November 2016,<\/strong> she choreographed \u00abRom\u00e9o cherche Juliette\u00bb for the Company Igokat at the Espace Culturel des Terreaux in Lausanne.<\/p>\n<p><strong>In September 2017,<\/strong> she is awarded, with her husband Igor Piovano, the \u2018Prix de l\u2019\u00c9veil\u2019 from the Canton de Vaud, Switzerland.<\/p>\n<p><strong>In October 2017,<\/strong> she is a jury member for the Prix de Lausanne at Montevideo (Uruguay) for the preselections of the Prix de Lausanne 2018 candidates in South America.<\/p>\n<p><strong>In November 2017,<\/strong> she choreographed \u00abPetrouchka le Clown\u00bb for the Company Igokat at the Espace Culturel des Terreaux in Lausanne.<\/p>\n<p><b>In November 2017,<\/b> she was appointed Associate Director of the Prix de Lausanne.<\/p>\n<p><b>In 2018 and 2019,<\/b> she choreographed &#8220;The Carnival of the Animals&#8221; for the Igokat Dance Academy.<\/p>\n<p><b>In November and December 2018<\/b>, she choreographed for the Compagnie Igokat in &#8220;Il Maestro Vivaldi&#8221; at the Espace Culturel des Terreaux in Lausanne.<\/p>\n<p><b>In March 2020, <\/b>she is a choreographer for the Compagnie Igokat in \u201cThe Wall\u201d at the Center Culturel des Terreaux in Lausanne.<\/p>\n<p><b>In June 2021, <\/b>she choreographed for the Igokat Dance Academy, the ballet &#8220;The Nutcracker&#8221;.<\/p>\n<p><b>She is currently co-director and teacher of the Igokat Dance Academy, managing member of ASCI, Artistic and Executive Director of the international dance competition the Prix de Lausanne as well as a freelance teacher and choreographer.<\/b><\/p>\n<\/blockquote>\n<\/p>\n<p>&nbsp;<\/p>\n<\/div><\/div><\/div><\/div><\/div>","protected":false},"excerpt":{"rendered":"","protected":false},"author":1,"featured_media":0,"parent":0,"menu_order":0,"comment_status":"closed","ping_status":"closed","template":"100-width.php","meta":{"footnotes":""},"class_list":["post-4182","page","type-page","status-publish","hentry"],"_links":{"self":[{"href":"https:\/\/igokat.com\/site\/company\/wp-json\/wp\/v2\/pages\/4182","targetHints":{"allow":["GET"]}}],"collection":[{"href":"https:\/\/igokat.com\/site\/company\/wp-json\/wp\/v2\/pages"}],"about":[{"href":"https:\/\/igokat.com\/site\/company\/wp-json\/wp\/v2\/types\/page"}],"author":[{"embeddable":true,"href":"https:\/\/igokat.com\/site\/company\/wp-json\/wp\/v2\/users\/1"}],"replies":[{"embeddable":true,"href":"https:\/\/igokat.com\/site\/company\/wp-json\/wp\/v2\/comments?post=4182"}],"version-history":[{"count":3,"href":"https:\/\/igokat.com\/site\/company\/wp-json\/wp\/v2\/pages\/4182\/revisions"}],"predecessor-version":[{"id":4185,"href":"https:\/\/igokat.com\/site\/company\/wp-json\/wp\/v2\/pages\/4182\/revisions\/4185"}],"wp:attachment":[{"href":"https:\/\/igokat.com\/site\/company\/wp-json\/wp\/v2\/media?parent=4182"}],"curies":[{"name":"wp","href":"https:\/\/api.w.org\/{rel}","templated":true}]}}