{"id":4220,"date":"2021-12-29T16:12:56","date_gmt":"2021-12-29T15:12:56","guid":{"rendered":"https:\/\/igokat.com\/site\/company\/?page_id=4220"},"modified":"2021-12-29T16:16:31","modified_gmt":"2021-12-29T15:16:31","slug":"giuliano-cardone-2","status":"publish","type":"page","link":"https:\/\/igokat.com\/site\/company\/en\/giuliano-cardone-2\/","title":{"rendered":"Giuliano Cardone"},"content":{"rendered":"<div class=\"fusion-fullwidth fullwidth-box fusion-builder-row-1 fusion-flex-container nonhundred-percent-fullwidth non-hundred-percent-height-scrolling\" style=\"--awb-border-radius-top-left:0px;--awb-border-radius-top-right:0px;--awb-border-radius-bottom-right:0px;--awb-border-radius-bottom-left:0px;--awb-margin-top:0px;--awb-flex-wrap:wrap;\" ><div class=\"fusion-builder-row fusion-row fusion-flex-align-items-flex-start fusion-flex-content-wrap\" style=\"max-width:1248px;margin-left: calc(-4% \/ 2 );margin-right: calc(-4% \/ 2 );\"><div class=\"fusion-layout-column fusion_builder_column fusion-builder-column-0 fusion_builder_column_1_1 1_1 fusion-flex-column\" style=\"--awb-bg-size:cover;--awb-width-large:100%;--awb-margin-top-large:0px;--awb-spacing-right-large:1.92%;--awb-margin-bottom-large:0px;--awb-spacing-left-large:1.92%;--awb-width-medium:100%;--awb-spacing-right-medium:1.92%;--awb-spacing-left-medium:1.92%;--awb-width-small:100%;--awb-spacing-right-small:1.92%;--awb-spacing-left-small:1.92%;\"><div class=\"fusion-column-wrapper fusion-flex-justify-content-flex-start fusion-content-layout-column\"><div class=\"fusion-text fusion-text-1\" style=\"--awb-text-transform:none;\"><\/p>\n<\/p>\n<blockquote class=\"wp-block-quote is-layout-flow wp-block-quote-is-layout-flow\">\n<p class=\"western\"><strong>Giuliano Cardone <\/strong>was born in Naples where he studied classical ballet at the school \u00abLyceum Mara Fusco\u00bb for 6 years. He won first prize at the Concours Danza Si in Rome.<\/p>\n<p><strong>The choreographer George Iancu<\/strong> created the role Tadzio (Mort \u00e0 Venise) for Giuliano Cardone with the Op\u00e9ra de G\u00eanes. <strong><br><\/strong><\/p>\n<p><strong>In 2000,<\/strong> he was accepted to join the Rudra de Maurice B\u00e9jart school. <strong><br><\/strong><\/p>\n<p><strong>In 2002,<\/strong> he was accepted into the B\u00e9jart Ballet Lausanne company where he danced soloist and principal roles in Lumi\u00e8re, Ballet for Life, Le M\u00eame et un Autre, Le Sacre du Printemps, Bol\u00e9ro, Brel et Barbara, L\u2019Amour et la Danse, La Fl\u00fbte Enchant\u00e9e, L\u2019Art d\u2019\u00eatre Grand-P\u00e8re, Les 7 Danses Grecques, Bhakti II, le Soldat Amoureux, Und so Weiter, Le Renard, etc\u2026 <br><\/p>\n<p><strong>In 2003,<\/strong> he performed the principal role in the ballet \u00abLa Mer\u00bb which was created for him by Maurice B\u00e9jart. <strong><br><\/strong><\/p>\n<p><strong>In 2007,<\/strong> he danced the gala tributed to Gianni Versace, at \u2018la Scala de Milan\u2019 as well as in the \u00abGala Tag Andersen\u00bb with Johann Kobborg, Martin Vedel and the Royal Danish Ballet. <strong><br><\/strong><\/p>\n<p><strong>In 2008,<\/strong> he danced as a soloist and principal dancer in the productions La Traviata and La Belle H\u00e9l\u00e8ne with the Lausanne Opera. <strong><br><\/strong><\/p>\n<p><strong>In 2009,<\/strong> he participated as a choreographer and dancer in the \u00abSave Room\u00bb project for the \u2018Centre National de la Danse\u2019 in Paris. <strong><br><\/strong><\/p>\n<p><strong>He danced as a principal dancer<\/strong> in \u00abLe 6\u00e8me El\u00e9ment\u00bb with the Igokat Company at the M\u00e9tropole Theatre in Lausanne, as well as for the re-opening of the Jorat Theatre in \u00abDentro\u00bb. <strong><br><\/strong><\/p>\n<p><strong>In November 2009,<\/strong> he danced as a principal dancer with the Igokat Company at the Teatro Nuovo de Turin  for the second anniversary of the passing of Maurice B\u00e9jart. <br><\/p>\n<p><strong>In March 2010,<\/strong> he danced in the opening of the Lugano Festival <strong><br><\/strong><\/p>\n<p><strong>In June 2010,<\/strong> he danced as a principal dancer with the Igokat Company in \u00abTais-toi et Danse\u00bb at the M\u00e9tropole Theatre in Lausanne. <br><\/p>\n<p><strong>In December 2010,<\/strong> he danced as a soloist in the Opera of Lausanne\u2019s production of  La Fille de Madame Angot. <strong><br><\/strong><\/p>\n<p><strong>In May, November and December 2011,<\/strong> he danced as a principal in \u00abBD \u2013 Ballet Dessin\u00e9\u00bb at the Octogone Theatre in Pully and at the Vevey Theatre. <strong><br><\/strong><\/p>\n<p><strong>In July 2012,<\/strong> he danced as a principal dancer with the Igokat Company in the Gala for the opening of theVignale Danza festival in Italy. <br><\/p>\n<p><strong>In November and December 2012,<\/strong> he danced as a principal with the Igokat Company in \u00abUne Chance, un Sourire\u00bb at l\u2019Espace Culturel des Terreaux in Lausanne and at the Marens Theatre in Nyon. <br><\/p>\n<p><strong>In December 2012,<\/strong> he was contracted as a soloist dancer for the Lausanne Opera\u2019s production of \u00abOrph\u00e9e aux Enfers\u00bb. <br><\/p>\n<p><strong>In Novemeber 2013,<\/strong> he danced as a principle dancer in \u00abTango de Piazzola\u00bb with Julie Lamby for the \u00abMidi-Concert\u00bb at the Conservatoire de Lausanne with the musicians: Magalie Bourquin, Felix Froschhammer and Nico Prinz. <br><\/p>\n<p><strong>In December 2013,<\/strong> he danced as a principal with the Igokat Company in extracts of \u00abGive &amp; Take\u00bb for the re-opening of the Olympic Museum in Lausanne. <br><\/p>\n<p><strong>In 2014,<\/strong> he danced a principal role with the Magda Leon Company for their new creation of \u00abCarmina Burana\u00bb at the Chaux-de-Fonds. <br><\/p>\n<p><strong>In November and December 2014,<\/strong> he danced as a principal with the Igokat Company in \u00abVouloir c\u2019est Pouvoir\u00bb at l\u2019Espace Culturel des Terreaux in Lausanne. <strong><br><\/strong><\/p>\n<p><strong>In December 2014,<\/strong> he was invited to dance as principle with Julie Lamby for the Nestl\u00e9 Gala in Vevey. <strong><br><\/strong><\/p>\n<p><strong>In January 2015,<\/strong> he was principal dancer and choreographer with Julie Lamby in the show \u201cNoche de Tango\u201d with Juan Etchepareborda (singer) and Pascal Danet (pianist) at the Caf\u00e9-th\u00e9\u00e2tre de la Voirie in Lutry. <br><\/p>\n<p><strong>In October 2015 and November 2015,<\/strong> he was principal dancer with the Igokat Company in \u201cdansebook\u201d at the Espace Culturel des Terreaux in Lausanne. <br><\/p>\n<p><strong>In December 2015 and January 2016,<\/strong> he was hired as a dancer for the Op\u00e9ra de Lausanne in \u201cMy Fair Lady\u201d. <br><\/p>\n<p><strong>Since 2016,<\/strong> he has been a Youth Monitor for \u201cJeunesse et Sport\u201d Switzerland in the Gymnastics and Dance section. <strong><br><\/strong><\/p>\n<p><strong>In January 2016,<\/strong> he was principal dancer with the Compagnie Igokat in \u201cdansebook\u201d at the Th\u00e9\u00e2tre de Colombier in Neuch\u00e2tel. <br><\/p>\n<p><strong>In June 2016,<\/strong> he was invited as a principal dancer at the \u201cGospel Air\u201d at the Th\u00e9\u00e2tre de Beaulieu in Lausanne. <strong><br><\/strong><\/p>\n<p><strong>In November 2016,<\/strong> he was the principal dancer with the Igokat Company in \u201cRomeo seeks Juliet\u201d at the Espace Culturel des Terreaux in Lausanne. <strong><br><\/strong><\/p>\n<p><strong>In 2016,<\/strong> he began studying &#8220;Massage Therapy&#8221; at Ecovie School and in September 2018, he received his &#8220;Massage Therapist&#8221; diploma. <br><\/p>\n<p><strong>In November 2017,<\/strong> he was principal dancer with the Igokat Company in \u201cPetrouchka le Clown\u201d at the Espace Culturel des Terreaux in Lausanne. <strong><br><\/strong><\/p>\n<p><strong>In November and December 2018,<\/strong> he was principal dancer with the Igokat Company in \u201cIl Maestro Vivaldi\u201d at the Espace Culturel des Terreaux in Lausanne. <br><\/p>\n<p><strong>In March 2020,<\/strong> he is principal dancer with the Igokat Company in &#8220;The Wall&#8221; at the Espace Culturel des Terreaux in Lausanne. <strong><br><\/strong><\/p>\n<p><strong>He is currently a teacher at the Igokat Dance Academy as well as in various schools in Switzerland, principal dancer with the Igokat Company and freelance dancer.<\/strong><\/p>\n<\/blockquote>\n<\/p>\n<\/p>\n<p class=\"is-layout-flow wp-block-quote-is-layout-flow\">\n<\/div><\/div><\/div><\/div><\/div>","protected":false},"excerpt":{"rendered":"","protected":false},"author":1,"featured_media":0,"parent":0,"menu_order":0,"comment_status":"closed","ping_status":"closed","template":"100-width.php","meta":{"footnotes":""},"class_list":["post-4220","page","type-page","status-publish","hentry"],"_links":{"self":[{"href":"https:\/\/igokat.com\/site\/company\/wp-json\/wp\/v2\/pages\/4220","targetHints":{"allow":["GET"]}}],"collection":[{"href":"https:\/\/igokat.com\/site\/company\/wp-json\/wp\/v2\/pages"}],"about":[{"href":"https:\/\/igokat.com\/site\/company\/wp-json\/wp\/v2\/types\/page"}],"author":[{"embeddable":true,"href":"https:\/\/igokat.com\/site\/company\/wp-json\/wp\/v2\/users\/1"}],"replies":[{"embeddable":true,"href":"https:\/\/igokat.com\/site\/company\/wp-json\/wp\/v2\/comments?post=4220"}],"version-history":[{"count":4,"href":"https:\/\/igokat.com\/site\/company\/wp-json\/wp\/v2\/pages\/4220\/revisions"}],"predecessor-version":[{"id":4225,"href":"https:\/\/igokat.com\/site\/company\/wp-json\/wp\/v2\/pages\/4220\/revisions\/4225"}],"wp:attachment":[{"href":"https:\/\/igokat.com\/site\/company\/wp-json\/wp\/v2\/media?parent=4220"}],"curies":[{"name":"wp","href":"https:\/\/api.w.org\/{rel}","templated":true}]}}