{"id":4231,"date":"2021-12-29T16:25:48","date_gmt":"2021-12-29T15:25:48","guid":{"rendered":"https:\/\/igokat.com\/site\/company\/?page_id=4231"},"modified":"2021-12-29T16:28:49","modified_gmt":"2021-12-29T15:28:49","slug":"clelia-mercier-2","status":"publish","type":"page","link":"https:\/\/igokat.com\/site\/company\/en\/clelia-mercier-2\/","title":{"rendered":"Cl\u00e9lia Mercier"},"content":{"rendered":"<div class=\"fusion-fullwidth fullwidth-box fusion-builder-row-1 fusion-flex-container nonhundred-percent-fullwidth non-hundred-percent-height-scrolling\" style=\"--awb-border-radius-top-left:0px;--awb-border-radius-top-right:0px;--awb-border-radius-bottom-right:0px;--awb-border-radius-bottom-left:0px;--awb-flex-wrap:wrap;\" ><div class=\"fusion-builder-row fusion-row fusion-flex-align-items-flex-start fusion-flex-content-wrap\" style=\"max-width:1248px;margin-left: calc(-4% \/ 2 );margin-right: calc(-4% \/ 2 );\"><div class=\"fusion-layout-column fusion_builder_column fusion-builder-column-0 fusion_builder_column_1_1 1_1 fusion-flex-column\" style=\"--awb-bg-blend:overlay;--awb-bg-size:cover;--awb-width-large:100%;--awb-margin-top-large:0px;--awb-spacing-right-large:1.92%;--awb-margin-bottom-large:0px;--awb-spacing-left-large:1.92%;--awb-width-medium:100%;--awb-spacing-right-medium:1.92%;--awb-spacing-left-medium:1.92%;--awb-width-small:100%;--awb-spacing-right-small:1.92%;--awb-spacing-left-small:1.92%;\"><div class=\"fusion-column-wrapper fusion-flex-justify-content-flex-start fusion-content-layout-column\"><div class=\"fusion-text fusion-text-1 fusion-animated\" style=\"--awb-text-transform:none;\" data-animationType=\"fadeInLeft\" data-animationDuration=\"1.0\" data-animationOffset=\"top-into-view\"><blockquote class=\"wp-block-quote is-layout-flow wp-block-quote-is-layout-flow\">\n<p class=\"western\"><strong>Cl\u00e9lia Mercier <\/strong><span class=\"Y2IQFc\" lang=\"en\">was born in Belgium, she started dancing at the age of 4 in Brussels. <\/span><\/p>\n<p class=\"western\"><span class=\"Y2IQFc\" lang=\"en\"><strong>She trained<\/strong> at the Center de Danse Choreart, under the direction of Colette Coenraets. <\/span><\/p>\n<p class=\"western\"><span class=\"Y2IQFc\" lang=\"en\"><strong>In 2012,<\/strong> she was admitted to the \u00c9cole-Atelier Rudra-B\u00e9jart and accompanied the B\u00e9jart Ballet Lausanne during performances of the Rite of Spring. <\/span><\/p>\n<p class=\"western\"><span class=\"Y2IQFc\" lang=\"en\"><strong>In 2014,<\/strong> she joined the B\u00e9jart Ballet company, after having participated in the NDT Summer Intensive in Den Haag. For four years, she danced there the repertoire of Maurice B\u00e9jart including the Presbytery, the Seven Greek Dances, the 9th Symphony, the Magic Flute &#8230; <\/span><\/p>\n<p class=\"western\"><span class=\"Y2IQFc\" lang=\"en\"><strong>She participates in the creations<\/strong> of Julio Arozarena (Corps-Circuit), Gil Roman (Impromptu, Tomb\u00e9es de la Derniere Rain, T\u2019M and Variations) and guest choreographers. <\/span><\/p>\n<p class=\"western\"><span class=\"Y2IQFc\" lang=\"en\"><strong>At the same time,<\/strong> she participated with other dancers from the Bejart ballet in the creation of \u201cThis is a Rose\u201d by Julio Arozarena and performs an excerpt from his piece \u201cDes pas \u00e0 pas perd\u201d at the perpetuum festival in Brussels in August 2018. <\/span><\/p>\n<p id=\"tw-target-text\" class=\"tw-data-text tw-text-large tw-ta\" dir=\"ltr\" data-placeholder=\"Traduction\"><span class=\"Y2IQFc\" lang=\"en\"><strong>In November and December 2018,<\/strong> she was a principal dancer with the Igokat Company in &#8220;Il Maestro Vivaldi&#8221; at the Espace Culturel des Terreaux in Lausanne.<\/span><\/p>\n<p class=\"western\"><strong><span class=\"Y2IQFc\" lang=\"en\">She is currently a dancer for the Igokat Company and a freelance dancer.<\/span><\/strong><\/p>\n<\/blockquote>\n<\/div><\/div><\/div><\/div><\/div>","protected":false},"excerpt":{"rendered":"","protected":false},"author":1,"featured_media":0,"parent":0,"menu_order":0,"comment_status":"closed","ping_status":"closed","template":"100-width.php","meta":{"footnotes":""},"class_list":["post-4231","page","type-page","status-publish","hentry"],"_links":{"self":[{"href":"https:\/\/igokat.com\/site\/company\/wp-json\/wp\/v2\/pages\/4231","targetHints":{"allow":["GET"]}}],"collection":[{"href":"https:\/\/igokat.com\/site\/company\/wp-json\/wp\/v2\/pages"}],"about":[{"href":"https:\/\/igokat.com\/site\/company\/wp-json\/wp\/v2\/types\/page"}],"author":[{"embeddable":true,"href":"https:\/\/igokat.com\/site\/company\/wp-json\/wp\/v2\/users\/1"}],"replies":[{"embeddable":true,"href":"https:\/\/igokat.com\/site\/company\/wp-json\/wp\/v2\/comments?post=4231"}],"version-history":[{"count":3,"href":"https:\/\/igokat.com\/site\/company\/wp-json\/wp\/v2\/pages\/4231\/revisions"}],"predecessor-version":[{"id":4234,"href":"https:\/\/igokat.com\/site\/company\/wp-json\/wp\/v2\/pages\/4231\/revisions\/4234"}],"wp:attachment":[{"href":"https:\/\/igokat.com\/site\/company\/wp-json\/wp\/v2\/media?parent=4231"}],"curies":[{"name":"wp","href":"https:\/\/api.w.org\/{rel}","templated":true}]}}