{"id":4244,"date":"2021-12-29T16:34:24","date_gmt":"2021-12-29T15:34:24","guid":{"rendered":"https:\/\/igokat.com\/site\/company\/?page_id=4244"},"modified":"2021-12-29T16:39:30","modified_gmt":"2021-12-29T15:39:30","slug":"emma-sandall-3","status":"publish","type":"page","link":"https:\/\/igokat.com\/site\/company\/en\/emma-sandall-3\/","title":{"rendered":"Emma Sandall"},"content":{"rendered":"<div class=\"fusion-fullwidth fullwidth-box fusion-builder-row-1 fusion-flex-container nonhundred-percent-fullwidth non-hundred-percent-height-scrolling\" style=\"--awb-border-radius-top-left:0px;--awb-border-radius-top-right:0px;--awb-border-radius-bottom-right:0px;--awb-border-radius-bottom-left:0px;--awb-flex-wrap:wrap;\" ><div class=\"fusion-builder-row fusion-row fusion-flex-align-items-flex-start fusion-flex-content-wrap\" style=\"max-width:1248px;margin-left: calc(-4% \/ 2 );margin-right: calc(-4% \/ 2 );\"><div class=\"fusion-layout-column fusion_builder_column fusion-builder-column-0 fusion_builder_column_1_1 1_1 fusion-flex-column\" style=\"--awb-bg-blend:overlay;--awb-bg-size:cover;--awb-width-large:100%;--awb-margin-top-large:0px;--awb-spacing-right-large:1.92%;--awb-margin-bottom-large:0px;--awb-spacing-left-large:1.92%;--awb-width-medium:100%;--awb-spacing-right-medium:1.92%;--awb-spacing-left-medium:1.92%;--awb-width-small:100%;--awb-spacing-right-small:1.92%;--awb-spacing-left-small:1.92%;\"><div class=\"fusion-column-wrapper fusion-flex-justify-content-flex-start fusion-content-layout-column\"><div class=\"fusion-text fusion-text-1 fusion-animated\" style=\"--awb-text-transform:none;\" data-animationType=\"fadeInLeft\" data-animationDuration=\"1.0\" data-animationOffset=\"top-into-view\"><p>&nbsp;<\/p>\n<blockquote class=\"wp-block-quote is-layout-flow wp-block-quote-is-layout-flow\">\n<p class=\"western\"><strong>Emma Sandall<\/strong> <span class=\"Y2IQFc\" lang=\"en\">\u00a0was born in Australia and educated at Academy Ballet Sydney. <\/span><\/p>\n<p class=\"western\"><span class=\"Y2IQFc\" lang=\"en\"><strong>She won the silver medal<\/strong> at the Adeline Gen\u00e9e Awards competition in 1993 and a Prix de Lausanne scholarship in 1994. <\/span><\/p>\n<p class=\"western\"><span class=\"Y2IQFc\" lang=\"en\"><strong>She continued her studies<\/strong> at the Royal Ballet School in London and the Australian Ballet School. <\/span><\/p>\n<p class=\"western\"><span class=\"Y2IQFc\" lang=\"en\"><strong>Thanks to her international career,<\/strong> she works with renowned teachers like Azari Plissetski, Maina Gielgud, Galina Panova, Renato Paroni di Castro, Antonia Francesci, Simon Dow, David Howard, Christine Anthony, Ivan Cavallari and Garry Trinder. <\/span><\/p>\n<p class=\"western\"><span class=\"Y2IQFc\" lang=\"en\"><strong>She discovers different techniques<\/strong> such as: the Maggie Black technique, Gaga, and various styles of contemporary dance and improvisation. <\/span><\/p>\n<p class=\"western\"><span class=\"Y2IQFc\" lang=\"en\"><strong>She has danced in many international companies<\/strong> including the B\u00e9jart Ballet Lausanne, the Royal Ballet of London, Scottish Ballet, West Australian Ballet and Ludwig (an independent dance company) where she has performed roles of soloist and principal dancer including Myrta , Queen of the Willis \u2013 Giselle (Cavallari), Choleric \u2013 Four Temperaments (Balanchine), Sugar Plum Fairy \u2013 Casse Noisette (B\u00e9jart) ;, L&#8217;Elue \u2013 Sacre du Printemps (B\u00e9jart), Alice \u2013 Alice (Dow), Swanhilda\u2013 Coppelia (Parrott), Cinderella \u2013 Cinderella (Dow), Titania \u2013 A Midsummer Night&#8217;s Dream (Parrott), Bolero (Zuska), Step Lightly (Lightfoot), Pas de Six \u2013 Taming of the Shrew (Cranko), Kalmuk (Oetinen), Artifact Forsythe), Middlesex Gorge (Petronio), Cheating Lying Stealing (Page), Danse Arabe \u2013 Casse Noisette (B\u00e9jart), Juliet \u2013 Romeo and Juliet (B\u00e9jart), Altenberg (B\u00e9jart), Mutationx (B\u00e9jart) and Clara \u2013 The Nutcracker ( Cavallari), among others.<\/span><\/p>\n<p id=\"tw-target-text\" class=\"tw-data-text tw-text-large tw-ta\" dir=\"ltr\" data-placeholder=\"Traduction\"><span class=\"Y2IQFc\" lang=\"en\"><strong>In 2009,<\/strong> she (along with Cass Mortimer-Eipper) formed an independent dance company in Perth to create and dance original choreography, including Fleck &amp; Flecker (co-created with Cass Mortimer-Eipper) which won the &#8216;Outstanding Achievement in Choreography&#8217; award. , BodySong, a solo short which was danced at the finals of the Stuttgart Solo Dance Theater Festival in March 2012 as well as Crossing Satie, a solo short which won the Bronze medal in 2011 at the Premio Roma Danza; The Young Girl and Death, (co-created with Sthan Kabar-Louet). She created several pas de deux for the candidates of the television show &#8216;So You Think You Can Dance Australia&#8217; in 2010. <\/span><\/p>\n<p class=\"tw-data-text tw-text-large tw-ta\" dir=\"ltr\" data-placeholder=\"Traduction\"><span class=\"Y2IQFc\" lang=\"en\"><strong>In October 2015,<\/strong> she was principal dancer with the Igokat Company in \u201cDansebook\u201d at the Espace Culturel des Terreaux in Lausanne. <\/span><\/p>\n<p class=\"tw-data-text tw-text-large tw-ta\" dir=\"ltr\" data-placeholder=\"Traduction\"><span class=\"Y2IQFc\" lang=\"en\"><strong>She is a guest teacher and coach<\/strong> at numerous schools and international companies including Ga\u2019aton Workshop, Kibbutz Contemporary Dance Company and the Israel Ballet (Israel); Atelier Rudra Lausanne and the Igokat Dance Academy (Switzerland); Sydney Dance Company, Brent Street Academy, Ev &amp; Bow and Academy Ballet (Sydney); Strut Dance, Ludwig, Link Dance Company and the Star Academy (Perth); Dance Creation and Dance Your Heart Out \u2013 Ausdance Victoria (Melbourne). <\/span><\/p>\n<p class=\"tw-data-text tw-text-large tw-ta\" dir=\"ltr\" data-placeholder=\"Traduction\"><strong><span class=\"Y2IQFc\" lang=\"en\">Emma is currently a journalist for Dance Australia Magazine and Dance Europe Magazine as well as a teacher, choreographer and freelance dancer.<\/span><\/strong><\/p>\n<\/blockquote>\n<p>&nbsp;<\/p>\n<\/div><\/div><\/div><\/div><\/div>","protected":false},"excerpt":{"rendered":"","protected":false},"author":1,"featured_media":0,"parent":0,"menu_order":0,"comment_status":"closed","ping_status":"closed","template":"100-width.php","meta":{"footnotes":""},"class_list":["post-4244","page","type-page","status-publish","hentry"],"_links":{"self":[{"href":"https:\/\/igokat.com\/site\/company\/wp-json\/wp\/v2\/pages\/4244","targetHints":{"allow":["GET"]}}],"collection":[{"href":"https:\/\/igokat.com\/site\/company\/wp-json\/wp\/v2\/pages"}],"about":[{"href":"https:\/\/igokat.com\/site\/company\/wp-json\/wp\/v2\/types\/page"}],"author":[{"embeddable":true,"href":"https:\/\/igokat.com\/site\/company\/wp-json\/wp\/v2\/users\/1"}],"replies":[{"embeddable":true,"href":"https:\/\/igokat.com\/site\/company\/wp-json\/wp\/v2\/comments?post=4244"}],"version-history":[{"count":2,"href":"https:\/\/igokat.com\/site\/company\/wp-json\/wp\/v2\/pages\/4244\/revisions"}],"predecessor-version":[{"id":4246,"href":"https:\/\/igokat.com\/site\/company\/wp-json\/wp\/v2\/pages\/4244\/revisions\/4246"}],"wp:attachment":[{"href":"https:\/\/igokat.com\/site\/company\/wp-json\/wp\/v2\/media?parent=4244"}],"curies":[{"name":"wp","href":"https:\/\/api.w.org\/{rel}","templated":true}]}}