{"id":4249,"date":"2021-12-29T16:40:58","date_gmt":"2021-12-29T15:40:58","guid":{"rendered":"https:\/\/igokat.com\/site\/company\/?page_id=4249"},"modified":"2021-12-29T16:45:25","modified_gmt":"2021-12-29T15:45:25","slug":"sarah-frassanito-2","status":"publish","type":"page","link":"https:\/\/igokat.com\/site\/company\/en\/sarah-frassanito-2\/","title":{"rendered":"Sarah Frassanito"},"content":{"rendered":"<div class=\"fusion-fullwidth fullwidth-box fusion-builder-row-1 fusion-flex-container nonhundred-percent-fullwidth non-hundred-percent-height-scrolling\" style=\"--awb-border-radius-top-left:0px;--awb-border-radius-top-right:0px;--awb-border-radius-bottom-right:0px;--awb-border-radius-bottom-left:0px;--awb-flex-wrap:wrap;\" ><div class=\"fusion-builder-row fusion-row fusion-flex-align-items-flex-start fusion-flex-content-wrap\" style=\"max-width:1248px;margin-left: calc(-4% \/ 2 );margin-right: calc(-4% \/ 2 );\"><div class=\"fusion-layout-column fusion_builder_column fusion-builder-column-0 fusion_builder_column_1_1 1_1 fusion-flex-column\" style=\"--awb-bg-blend:overlay;--awb-bg-size:cover;--awb-width-large:100%;--awb-margin-top-large:0px;--awb-spacing-right-large:1.92%;--awb-margin-bottom-large:0px;--awb-spacing-left-large:1.92%;--awb-width-medium:100%;--awb-spacing-right-medium:1.92%;--awb-spacing-left-medium:1.92%;--awb-width-small:100%;--awb-spacing-right-small:1.92%;--awb-spacing-left-small:1.92%;\"><div class=\"fusion-column-wrapper fusion-flex-justify-content-flex-start fusion-content-layout-column\"><div class=\"fusion-text fusion-text-1 fusion-animated\" style=\"--awb-text-transform:none;\" data-animationType=\"fadeInLeft\" data-animationDuration=\"1.0\" data-animationOffset=\"top-into-view\"><blockquote class=\"wp-block-quote is-layout-flow wp-block-quote-is-layout-flow\">\n<p class=\"western\"><span lang=\"fr-FR\"><b>Sarah Frassanito<\/b><\/span><span class=\"Y2IQFc\" lang=\"en\">\u00a0was born in 1986 in the canton of Neuch\u00e2tel, she started dancing at the age of 6 at the H\u00e9l\u00e8ne Cazes dance school in Cernier. <\/span><\/p>\n<p class=\"western\"><span class=\"Y2IQFc\" lang=\"en\"><strong>Trained with the method<\/strong> of the &#8220;Royal Academy of Dance in London&#8221;, she successfully passed the RAD exams and in 2007 received her &#8220;Certificate in Ballet Teaching Studies&#8221; for dance education. <\/span><\/p>\n<p class=\"western\"><span class=\"Y2IQFc\" lang=\"en\"><strong>From 2007 to 2009,<\/strong> she was accepted at the \u201cCinevox Junior Company\u201d in Schaffhausen, directed by Malou Fenaroli Leclerc. <\/span><span class=\"Y2IQFc\" lang=\"en\">She dances in &#8220;The Rite of Spring&#8221;, &#8220;Romeo and Juliet&#8221; and &#8220;Le Bol\u00e9ro&#8221; by Franz Brodmann. <\/span><\/p>\n<p class=\"western\"><span class=\"Y2IQFc\" lang=\"en\"><strong>From 2009<\/strong> to the present day, she resumes teaching dance in several schools, among others, at the Igokat Center. <\/span><\/p>\n<p class=\"western\"><span class=\"Y2IQFc\" lang=\"en\"><strong>Since 2010,<\/strong> she has also been a dancer with the Igokat Company. <\/span><\/p>\n<p class=\"western\"><span class=\"Y2IQFc\" lang=\"en\"><strong>In May, November and December 2011,<\/strong> she danced in the new creation of the Igokat Company &#8220;BD &#8211; Ballet Dessin\u00e9&#8221; at the Th\u00e9\u00e2tre de l&#8217;Octogone. <\/span><\/p>\n<p class=\"western\"><span class=\"Y2IQFc\" lang=\"en\"><strong>In November and December 2012,<\/strong> she danced with the Igokat Company in &#8220;Une Chance, un Sourire&#8221; at the Espace Culturel des Terreaux in Lausanne and at the Marens Theater in Nyon. <\/span><\/p>\n<p class=\"western\"><span class=\"Y2IQFc\" lang=\"en\"><strong>In December 2012,<\/strong> she was hired as a solo dancer for the Op\u00e9ra de Lausanne in &#8220;Orph\u00e9e aux Enfers&#8221;. <\/span><\/p>\n<p class=\"western\"><span class=\"Y2IQFc\" lang=\"en\"><strong>In October 2013,<\/strong> she danced as a soloist with the Igokat Company in &#8220;Give &amp; Take&#8221; at the Espace Culturel des Terreaux in Lausanne. <\/span><\/p>\n<p class=\"western\"><span class=\"Y2IQFc\" lang=\"en\"><strong>In December 2013,<\/strong> she danced as a soloist in excerpts from &#8220;Give &amp; Take&#8221; for the reopening of the Olympic Museum in Lausanne. <\/span><\/p>\n<p class=\"western\"><span class=\"Y2IQFc\" lang=\"en\"><strong>In 2014,<\/strong> she was principal dancer with the Compagnie Magda Leon for her new creation of &#8220;Carmina Burana&#8221; in La Chaux-de-Fonds. <\/span><\/p>\n<p class=\"western\"><span class=\"Y2IQFc\" lang=\"en\"><strong>In August 2014,<\/strong> she became an instructor for \u201cJeunesse &amp; Sport\u201d Switzerland in the disciplines of gymnastics and dance. <\/span><\/p>\n<p class=\"western\"><strong><span class=\"Y2IQFc\" lang=\"en\">She is currently a teacher for the Igokat Dance Academy as well as a teacher and freelance dancer.<\/span><\/strong><\/p>\n<\/blockquote>\n<\/div><\/div><\/div><\/div><\/div>","protected":false},"excerpt":{"rendered":"","protected":false},"author":1,"featured_media":0,"parent":0,"menu_order":0,"comment_status":"closed","ping_status":"closed","template":"100-width.php","meta":{"footnotes":""},"class_list":["post-4249","page","type-page","status-publish","hentry"],"_links":{"self":[{"href":"https:\/\/igokat.com\/site\/company\/wp-json\/wp\/v2\/pages\/4249","targetHints":{"allow":["GET"]}}],"collection":[{"href":"https:\/\/igokat.com\/site\/company\/wp-json\/wp\/v2\/pages"}],"about":[{"href":"https:\/\/igokat.com\/site\/company\/wp-json\/wp\/v2\/types\/page"}],"author":[{"embeddable":true,"href":"https:\/\/igokat.com\/site\/company\/wp-json\/wp\/v2\/users\/1"}],"replies":[{"embeddable":true,"href":"https:\/\/igokat.com\/site\/company\/wp-json\/wp\/v2\/comments?post=4249"}],"version-history":[{"count":4,"href":"https:\/\/igokat.com\/site\/company\/wp-json\/wp\/v2\/pages\/4249\/revisions"}],"predecessor-version":[{"id":4253,"href":"https:\/\/igokat.com\/site\/company\/wp-json\/wp\/v2\/pages\/4249\/revisions\/4253"}],"wp:attachment":[{"href":"https:\/\/igokat.com\/site\/company\/wp-json\/wp\/v2\/media?parent=4249"}],"curies":[{"name":"wp","href":"https:\/\/api.w.org\/{rel}","templated":true}]}}