{"id":5168,"date":"2022-10-27T17:25:33","date_gmt":"2022-10-27T15:25:33","guid":{"rendered":"https:\/\/igokat.com\/site\/company\/?page_id=5168"},"modified":"2023-02-08T20:48:00","modified_gmt":"2023-02-08T19:48:00","slug":"souvenirs","status":"publish","type":"page","link":"https:\/\/igokat.com\/site\/company\/souvenirs\/","title":{"rendered":"Souvenirs"},"content":{"rendered":"<p><div class=\"fusion-fullwidth fullwidth-box fusion-builder-row-1 fusion-flex-container nonhundred-percent-fullwidth non-hundred-percent-height-scrolling\" style=\"--awb-border-radius-top-left:0px;--awb-border-radius-top-right:0px;--awb-border-radius-bottom-right:0px;--awb-border-radius-bottom-left:0px;--awb-flex-wrap:wrap;\" ><div class=\"fusion-builder-row fusion-row fusion-flex-align-items-flex-start fusion-flex-content-wrap\" style=\"max-width:1248px;margin-left: calc(-4% \/ 2 );margin-right: calc(-4% \/ 2 );\"><div class=\"fusion-layout-column fusion_builder_column fusion-builder-column-0 fusion_builder_column_1_1 1_1 fusion-flex-column\" style=\"--awb-bg-blend:overlay;--awb-bg-size:cover;--awb-width-large:100%;--awb-margin-top-large:0px;--awb-spacing-right-large:1.92%;--awb-margin-bottom-large:0px;--awb-spacing-left-large:1.92%;--awb-width-medium:100%;--awb-spacing-right-medium:1.92%;--awb-spacing-left-medium:1.92%;--awb-width-small:100%;--awb-spacing-right-small:1.92%;--awb-spacing-left-small:1.92%;\"><div class=\"fusion-column-wrapper fusion-flex-justify-content-flex-start fusion-content-layout-column\"><div class=\"fusion-separator fusion-full-width-sep\" style=\"align-self: center;margin-left: auto;margin-right: auto;width:100%;\"><div class=\"fusion-separator-border sep-double\" style=\"--awb-height:20px;--awb-amount:20px;border-color:var(--awb-color3);border-top-width:1px;border-bottom-width:1px;\"><\/div><\/div><div class=\"fusion-separator fusion-full-width-sep\" style=\"align-self: center;margin-left: auto;margin-right: auto;width:100%;\"><div class=\"fusion-separator-border sep-double\" style=\"--awb-height:20px;--awb-amount:20px;border-color:var(--awb-color3);border-top-width:1px;border-bottom-width:1px;\"><\/div><\/div><div class=\"fusion-separator fusion-full-width-sep\" style=\"align-self: center;margin-left: auto;margin-right: auto;width:100%;\"><div class=\"fusion-separator-border sep-double\" style=\"--awb-height:20px;--awb-amount:20px;border-color:var(--awb-color3);border-top-width:1px;border-bottom-width:1px;\"><\/div><\/div><\/div><\/div><\/div><\/div><div class=\"fusion-fullwidth fullwidth-box fusion-builder-row-2 fusion-flex-container fusion-parallax-none nonhundred-percent-fullwidth non-hundred-percent-height-scrolling\" style=\"--awb-background-position:center top;--awb-border-sizes-top:0px;--awb-border-sizes-bottom:0px;--awb-border-sizes-left:0px;--awb-border-sizes-right:0px;--awb-border-radius-top-left:0px;--awb-border-radius-top-right:0px;--awb-border-radius-bottom-right:0px;--awb-border-radius-bottom-left:0px;--awb-background-image:url(&quot;https:\/\/igokat.com\/site\/wp-content\/uploads\/2016\/01\/home_next_level_bg.jpg&quot;);--awb-background-size:cover;--awb-flex-wrap:wrap;\" ><div class=\"fusion-builder-row fusion-row fusion-flex-align-items-stretch fusion-flex-content-wrap\" style=\"max-width:1248px;margin-left: calc(-4% \/ 2 );margin-right: calc(-4% \/ 2 );\"><div class=\"fusion-layout-column fusion_builder_column fusion-builder-column-1 fusion_builder_column_1_2 1_2 fusion-flex-column\" style=\"--awb-bg-blend:overlay;--awb-bg-size:cover;--awb-width-large:50%;--awb-margin-top-large:0px;--awb-spacing-right-large:6.72%;--awb-margin-bottom-large:40px;--awb-spacing-left-large:3.84%;--awb-width-medium:50%;--awb-spacing-right-medium:6.72%;--awb-spacing-left-medium:3.84%;--awb-width-small:100%;--awb-spacing-right-small:1.92%;--awb-spacing-left-small:1.92%;\"><div class=\"fusion-column-wrapper fusion-flex-justify-content-center fusion-content-layout-column\"><div class=\"fusion-image-element \" style=\"--awb-mask-url: url(https:\/\/igokat.com\/site\/company\/wp-content\/plugins\/fusion-builder\/\/assets\/images\/masks\/mask-17.svg);--awb-caption-title-font-family:var(--h2_typography-font-family);--awb-caption-title-font-weight:var(--h2_typography-font-weight);--awb-caption-title-font-style:var(--h2_typography-font-style);--awb-caption-title-size:var(--h2_typography-font-size);--awb-caption-title-transform:var(--h2_typography-text-transform);--awb-caption-title-line-height:var(--h2_typography-line-height);--awb-caption-title-letter-spacing:var(--h2_typography-letter-spacing);\"><div class=\"awb-image-frame awb-image-frame-1 imageframe-liftup imageframe-1 hover-with-mask\"><span class=\" fusion-imageframe imageframe-none imageframe-1 has-mask\"><a href=\"https:\/\/igokat.com\/site\/company\/wp-content\/uploads\/sites\/2\/2022\/11\/Souvenirs-2023-scaled.jpg\" class=\"fusion-lightbox\" data-rel=\"iLightbox[3bb496249e0cc4950e5]\" data-title=\"Souvenirs 2023\" title=\"Souvenirs 2023\"><img decoding=\"async\" width=\"1810\" height=\"2560\" src=\"https:\/\/igokat.com\/site\/company\/wp-content\/uploads\/sites\/2\/2022\/11\/Souvenirs-2023-scaled.jpg\" alt class=\"img-responsive wp-image-5228\" srcset=\"https:\/\/igokat.com\/site\/company\/wp-content\/uploads\/sites\/2\/2022\/11\/Souvenirs-2023-200x283.jpg 200w, https:\/\/igokat.com\/site\/company\/wp-content\/uploads\/sites\/2\/2022\/11\/Souvenirs-2023-400x566.jpg 400w, https:\/\/igokat.com\/site\/company\/wp-content\/uploads\/sites\/2\/2022\/11\/Souvenirs-2023-600x849.jpg 600w, https:\/\/igokat.com\/site\/company\/wp-content\/uploads\/sites\/2\/2022\/11\/Souvenirs-2023-800x1132.jpg 800w, https:\/\/igokat.com\/site\/company\/wp-content\/uploads\/sites\/2\/2022\/11\/Souvenirs-2023-1200x1697.jpg 1200w, https:\/\/igokat.com\/site\/company\/wp-content\/uploads\/sites\/2\/2022\/11\/Souvenirs-2023-scaled.jpg 1810w\" sizes=\"(max-width: 640px) 100vw, 600px\" \/><\/a><\/span><\/div><\/div><\/div><\/div><div class=\"fusion-layout-column fusion_builder_column fusion-builder-column-2 fusion_builder_column_1_2 1_2 fusion-flex-column\" style=\"--awb-bg-blend:overlay;--awb-bg-size:cover;--awb-width-large:50%;--awb-margin-top-large:0px;--awb-spacing-right-large:3.84%;--awb-margin-bottom-large:0px;--awb-spacing-left-large:6.72%;--awb-width-medium:50%;--awb-order-medium:0;--awb-spacing-right-medium:3.84%;--awb-spacing-left-medium:6.72%;--awb-width-small:100%;--awb-order-small:0;--awb-spacing-right-small:1.92%;--awb-spacing-left-small:1.92%;\"><div class=\"fusion-column-wrapper fusion-column-has-shadow fusion-flex-justify-content-flex-start fusion-content-layout-column\"><div class=\"fusion-separator fusion-full-width-sep\" style=\"align-self: center;margin-left: auto;margin-right: auto;margin-top:20px;width:100%;\"><\/div><div class=\"fusion-separator fusion-full-width-sep\" style=\"align-self: center;margin-left: auto;margin-right: auto;margin-top:20px;width:100%;\"><\/div><div class=\"fusion-title title fusion-title-1 fusion-sep-none fusion-title-text fusion-title-size-five\" style=\"--awb-margin-top-small:10px;--awb-margin-right-small:0px;--awb-margin-bottom-small:10px;--awb-margin-left-small:0px;\"><h5 class=\"fusion-title-heading title-heading-left\" style=\"margin:0;\">Chor\u00e9graphies<\/h5><\/div><div class=\"fusion-text fusion-text-1\" style=\"--awb-text-transform:none;\"><p> Igor Piovano et Kathryn Bradney <\/p>\n<\/div><div class=\"fusion-title title fusion-title-2 fusion-sep-none fusion-title-text fusion-title-size-five\" style=\"--awb-margin-top-small:10px;--awb-margin-right-small:0px;--awb-margin-bottom-small:10px;--awb-margin-left-small:0px;\"><h5 class=\"fusion-title-heading title-heading-left\" style=\"margin:0;\">Danseurs<\/h5><\/div><div class=\"fusion-text fusion-text-2\" style=\"--awb-text-transform:none;\"><p style=\"text-align: left;\">Pasquale Alberico, <br \/>Julie Lamby, Pauline Schopfer, <br \/>Mina Sch\u00fcrer, Ilonna Tognetti<\/p>\n<\/div><div class=\"fusion-title title fusion-title-3 fusion-sep-none fusion-title-text fusion-title-size-five\" style=\"--awb-margin-top-small:10px;--awb-margin-right-small:0px;--awb-margin-bottom-small:10px;--awb-margin-left-small:0px;\"><h5 class=\"fusion-title-heading title-heading-left\" style=\"margin:0;\"><a href=\"https:\/\/terreaux.org\/evenements\/62dfd6e79dabf77f98364d18\/terreaux-23-igokat-souvenirs\"><u>Centre Culturel des Terreaux<\/u><\/a><\/h5><\/div><div class=\"fusion-text fusion-text-3\" style=\"--awb-text-transform:none;\"><p style=\"text-align: left;\">Du 23 au 26 f\u00e9vrier 2023<\/p>\n<\/div><div style=\"text-align:left;\"><a class=\"fusion-button button-flat fusion-button-default-size button-default fusion-button-default button-1 fusion-button-default-span fusion-button-default-type fusion-animated\" data-animationType=\"fadeInLeft\" data-animationDuration=\"3.0\" data-animationOffset=\"top-into-view\" target=\"_self\" href=\"https:\/\/monbillet.ch\/events\/terreaux-23-igokat-souvenirs\"><i class=\"fa-binoculars fas awb-button__icon awb-button__icon--default button-icon-left\" aria-hidden=\"true\"><\/i><span class=\"fusion-button-text awb-button__text awb-button__text--default\">Billetterie<\/span><\/a><\/div><div class=\"fusion-separator fusion-full-width-sep\" style=\"align-self: center;margin-left: auto;margin-right: auto;margin-top:20px;width:100%;\"><\/div><div class=\"fusion-separator fusion-full-width-sep\" style=\"align-self: center;margin-left: auto;margin-right: auto;margin-top:20px;width:100%;\"><\/div><div class=\"fusion-text fusion-text-4\" style=\"--awb-text-transform:none;\"><p><strong>CR\u00c9ATION COSTUMES <\/strong> Luciana Reolon <br \/><strong>CR\u00c9ATION LUMI\u00c8RES<\/strong> Christian Yerly<br \/><b class=\"\">R\u00c9ALISATION D\u00c9COR \u00a0<\/b>EventsLab<br \/><strong>CR\u00c9ATION AFFICHE<\/strong> Diane Zanni<br \/><strong>VISUELS AFFICHE <\/strong>Rodrigo Buas, John Hottingher<br \/><strong>PHOTOS <\/strong>Gregory Batardon<br \/><b class=\"\">RESPONSABLE TECHNIQUE CCT<\/b>\u00a0Janos Horvath <br \/><strong>CR\u00c9ATION DVD<\/strong> Igokat Film Productions<\/p>\n<\/div><div class=\"fusion-separator fusion-full-width-sep\" style=\"align-self: center;margin-left: auto;margin-right: auto;margin-top:20px;width:100%;\"><\/div><\/div><\/div><\/div><\/div><div class=\"fusion-fullwidth fullwidth-box fusion-builder-row-3 fusion-flex-container nonhundred-percent-fullwidth non-hundred-percent-height-scrolling\" style=\"--awb-border-radius-top-left:0px;--awb-border-radius-top-right:0px;--awb-border-radius-bottom-right:0px;--awb-border-radius-bottom-left:0px;--awb-margin-top:0px;--awb-flex-wrap:wrap;\" ><div class=\"fusion-builder-row fusion-row fusion-flex-align-items-flex-start fusion-flex-content-wrap\" style=\"max-width:1248px;margin-left: calc(-4% \/ 2 );margin-right: calc(-4% \/ 2 );\"><div class=\"fusion-layout-column fusion_builder_column fusion-builder-column-3 fusion_builder_column_1_1 1_1 fusion-flex-column\" style=\"--awb-bg-blend:overlay;--awb-bg-size:cover;--awb-width-large:100%;--awb-margin-top-large:0px;--awb-spacing-right-large:1.92%;--awb-margin-bottom-large:0px;--awb-spacing-left-large:1.92%;--awb-width-medium:100%;--awb-spacing-right-medium:1.92%;--awb-spacing-left-medium:1.92%;--awb-width-small:100%;--awb-spacing-right-small:1.92%;--awb-spacing-left-small:1.92%;\"><div class=\"fusion-column-wrapper fusion-flex-justify-content-flex-start fusion-content-layout-column\"><div class=\"fusion-text fusion-text-5\" style=\"--awb-text-transform:none;\"><\/p>\n<p>&nbsp;<\/p>\n<\/p>\n<blockquote class=\"wp-block-quote is-layout-flow wp-block-quote-is-layout-flow\">\n<p class=\"western\"><strong>Une m\u00e9lodie<\/strong> r\u00e9sonne dans les airs, une voix s\u2019\u00e9l\u00e8ve.<\/p>\n<p><strong>Des murs amovibles<\/strong> jouent avec 5 danseurs, limitant leurs degr\u00e9s de libert\u00e9.<\/p>\n<p><strong>Des pi\u00e8ces de dimensions diff\u00e9rentes<\/strong> se succ\u00e8dent dans une \u00e9volution apparemment sans fin.<\/p>\n<p><strong>Un homme et quatre femmes :<\/strong><\/p>\n<p><strong>Souvenirs<\/strong> des quatre amours de sa vie\u2026<\/p>\n<p><strong>Nous avons tous<\/strong> connu quatre amours dans notre vie !<\/p>\n<p><strong>Premier amour <br \/><\/strong><em>Vous vous souvenez de cette fille que vous n\u2019osiez pas approcher \u00e0 l\u2019\u00e9cole primaire ou secondaire ?<br \/>Ses beaux cheveux et son sourire \u00e0 en couper le souffle !<\/em><\/p>\n<p><strong>Deuxi\u00e8me amour<br \/><\/strong><em>Et quoi dire de la premi\u00e8re fois ?<br \/>La premi\u00e8re fois que nous avons d\u00e9couvert l\u2019amour ?<br \/>Un truc de ouf !<\/em><\/p>\n<p><strong>Troisi\u00e8me amour<br \/><\/strong><em>Et\u2026 enfin la personne avec qui nous construisons notre vie.<br \/>Une maison, des plans pour le futur et peut-\u00eatre des enfants ?<\/em><\/p>\n<p><strong>Quatri\u00e8me amour<br \/><\/strong><em>Et s\u2019il y avait encore un dernier amour ?<br \/>Dont on n\u2019a pas m\u00eame le droit de r\u00eaver ?<\/em><\/p>\n<p>&nbsp;<\/p>\n<p><strong>Suivons donc le Narrateur\u2026<\/strong><\/p>\n<p>&nbsp;<\/p>\n<p><strong>Premier amour \u2013 <\/strong><em>Platonique<\/em><\/p>\n<p>Ch\u00e8re fille qui a ensorcel\u00e9 mon c\u0153ur pour la premi\u00e8re fois, c\u2019est \u00e0 toi que je m\u2019adresse !<br \/>J\u2019\u00e9tais tellement jeune, tellement fragile, tellement passionn\u00e9, saisi par ce tout nouveau sentiment, emport\u00e9 par ce que je ressentais pour toi.<br \/>J\u2019ai plong\u00e9 dans l\u2019oc\u00e9an de l\u2019amour, t\u00eate la premi\u00e8re, sans me poser de questions. <br \/>J\u2019ai plong\u00e9, parce que je savais que tu m\u2019attendais au fond.<br \/>Quand on est jeune et qu\u2019on rencontre le premier amour, on ne prot\u00e8ge pas son c\u0153ur, car on ne sait tout simplement pas comment s\u2019y prendre.<strong><br \/><\/strong><strong><em>Mais \u00e7a je ne le savais pas<\/em><\/strong><\/p>\n<p>&nbsp;<\/p>\n<p><strong>Deuxi\u00e8me amour \u2013 <\/strong><em>La premi\u00e8re fois<\/em><\/p>\n<p>J\u2019avais peur, je me disais que c\u2019\u00e9tait un truc de ouf !<br \/>De la peur au plaisir, nous avons cess\u00e9 de r\u00e9fl\u00e9chir !<br \/>Tu m\u2019as montr\u00e9 ce que c\u2019est que d\u2019aimer. <br \/>Tu m\u2019as prouv\u00e9 que, quelque part, ce sentiment existait au fond de moi.<br \/>Quand j\u2019y repense, c\u2019est comme si c\u2019\u00e9tait hier.<br \/>Nos baisers, nos paroles, nos rires, nos caresses, nos disputes, nos retrouvailles : juste des souvenirs&#8230;<br \/>Au fond je t\u2019aimais plus que je t\u2019ai d\u00e9test\u00e9e\u2026<br \/><strong><em>Mais \u00e7a je ne le savais pas<\/em><\/strong><\/p>\n<p>&nbsp;<\/p>\n<p><strong>Troisi\u00e8me amour &#8211; <\/strong><em>Pour la vie<\/em><\/p>\n<p>J\u2019en ai moi-m\u00eame dout\u00e9 pendant longtemps, en me disant que \u00e7a n\u2019existait que dans les films.<br \/>Jusqu\u2019au jour o\u00f9 je t\u2019ai rencontr\u00e9e. <br \/>Ah le grand amour ! Qui n\u2019en a jamais r\u00eav\u00e9 ?<br \/>Trouver sa moiti\u00e9 est chose tellement rare qu&#8217;elle en est d\u2019autant plus pr\u00e9cieuse. <br \/>Avec toi, nous avons v\u00e9cu en symbiose, jusqu&#8217;\u00e0 ne former plus qu&#8217;une seule entit\u00e9, \u00e9voluant main dans la main. <br \/>On s\u2019est enrichi mutuellement et j\u2019ai red\u00e9couvert le monde \u00e0 travers tes yeux. <br \/>Si je ne t&#8217;avais pas rencontr\u00e9e, je serais incomplet et infirme de ce qui me serait demeur\u00e9 cach\u00e9 \u00e0 jamais ; inculte moi aussi de cette partie des choses qui font souffrir, donnent du plaisir et posent au c\u0153ur les justes questions.<br \/><strong><em>Mais \u00e7a je ne le savais pas<\/em><\/strong><\/p>\n<p>&nbsp;<\/p>\n<p><strong>Quatri\u00e8me amour &#8211; <\/strong><em>En r\u00eave<\/em><\/p>\n<p>Pourquoi c\u2019est si bon d\u2019\u00eatre amoureux ? Aimer, c\u2019est vivre !<br \/>Un <em>dernier<\/em> amour au-del\u00e0 des tribulations, des d\u00e9sillusions\u2026 je savoure cela en connaissance de cause.<br \/>Je te parle, \u00e0 toi ! Tu as r\u00e9veill\u00e9 en moi ce <em>terrible d\u00e9sir de revivre<\/em><em>.<\/em><br \/>Tu seras pour moi la derni\u00e8re.<br \/>Nous n\u2019allons pas <em>g\u00e2cher<\/em> cette chance, n\u2019est-ce pas ? <br \/>Je ferai comme si je n\u2019\u00e9tais pas amoureux, comme si tu pouvais partir demain.<br \/>Toi et moi, finissons donc en beaut\u00e9 !<br \/><strong><em>\u00c7a maintenant, je le sais !<\/em><\/strong><\/p>\n<\/blockquote><\/p>\n<\/div><\/div><\/div><\/div><\/div><div class=\"fusion-fullwidth fullwidth-box fusion-builder-row-4 fusion-flex-container fusion-parallax-none nonhundred-percent-fullwidth non-hundred-percent-height-scrolling\" style=\"--awb-background-position:center top;--awb-border-sizes-top:0px;--awb-border-sizes-bottom:0px;--awb-border-sizes-left:0px;--awb-border-sizes-right:0px;--awb-border-radius-top-left:0px;--awb-border-radius-top-right:0px;--awb-border-radius-bottom-right:0px;--awb-border-radius-bottom-left:0px;--awb-padding-top:12%;--awb-padding-bottom:12%;--awb-background-color:#1a1a1a;--awb-background-image:url(&quot;https:\/\/igokat.com\/site\/company\/wp-content\/uploads\/sites\/2\/2022\/08\/Dentro-Igokat-inversee-scaled.jpg&quot;);--awb-background-size:cover;--awb-flex-wrap:wrap;\" ><div class=\"fusion-builder-row fusion-row fusion-flex-align-items-flex-start fusion-flex-content-wrap\" style=\"max-width:calc( 1200px + 0px );margin-left: calc(-0px \/ 2 );margin-right: calc(-0px \/ 2 );\"><div class=\"fusion-layout-column fusion_builder_column fusion-builder-column-4 fusion_builder_column_1_1 1_1 fusion-flex-column fusion-animated\" style=\"--awb-padding-top:4%;--awb-padding-right:11%;--awb-padding-bottom:5%;--awb-padding-left:11%;--awb-bg-blend:overlay;--awb-bg-size:cover;--awb-border-color:#ffffff;--awb-border-top:10px;--awb-border-right:10px;--awb-border-bottom:10px;--awb-border-left:10px;--awb-border-style:solid;--awb-width-large:100%;--awb-margin-top-large:0px;--awb-spacing-right-large:0px;--awb-margin-bottom-large:0px;--awb-spacing-left-large:0px;--awb-width-medium:100%;--awb-spacing-right-medium:0px;--awb-spacing-left-medium:0px;--awb-width-small:100%;--awb-spacing-right-small:0px;--awb-spacing-left-small:0px;\" data-animationType=\"fadeInUp\" data-animationDuration=\"0.8\" data-animationOffset=\"top-into-view\"><div class=\"fusion-column-wrapper fusion-flex-justify-content-flex-start fusion-content-layout-column\"><div class=\"fusion-title title fusion-title-4 fusion-sep-none fusion-title-center fusion-title-text fusion-title-size-two\" style=\"--awb-text-color:#ffffff;--awb-margin-bottom:20px;--awb-margin-top-small:10px;--awb-margin-right-small:0px;--awb-margin-bottom-small:10px;--awb-margin-left-small:0px;\"><h2 class=\"fusion-title-heading title-heading-center\" style=\"margin:0;\"><h3><span style=\"color: #ffffff;\">Plus d&#8217;informations ? <\/span><\/h3><\/h2><\/div><div class=\"fusion-text fusion-text-6\" style=\"--awb-text-transform:none;\"><p style=\"text-align: center;\"><span style=\"color: #ffffff;\">Pour plus d\u2019informations sur nos cr\u00e9ations, les prochains spectacles, d\u00e9couvrir quelques-unes de nos critiques <\/span> <span style=\"color: #ffffff;\">ou soutenir la Compagnie Igokat<\/span><\/p>\n<p style=\"text-align: center;\"><span style=\"color: #ffffff;\">nous vous invitons \u00e0 cliquer sur les liens en haut de la page.<\/span><\/p>\n<\/div><\/div><\/div><\/div><\/div><\/p>","protected":false},"excerpt":{"rendered":"","protected":false},"author":1,"featured_media":0,"parent":0,"menu_order":0,"comment_status":"closed","ping_status":"closed","template":"100-width.php","meta":{"footnotes":""},"class_list":["post-5168","page","type-page","status-publish","hentry"],"_links":{"self":[{"href":"https:\/\/igokat.com\/site\/company\/wp-json\/wp\/v2\/pages\/5168","targetHints":{"allow":["GET"]}}],"collection":[{"href":"https:\/\/igokat.com\/site\/company\/wp-json\/wp\/v2\/pages"}],"about":[{"href":"https:\/\/igokat.com\/site\/company\/wp-json\/wp\/v2\/types\/page"}],"author":[{"embeddable":true,"href":"https:\/\/igokat.com\/site\/company\/wp-json\/wp\/v2\/users\/1"}],"replies":[{"embeddable":true,"href":"https:\/\/igokat.com\/site\/company\/wp-json\/wp\/v2\/comments?post=5168"}],"version-history":[{"count":28,"href":"https:\/\/igokat.com\/site\/company\/wp-json\/wp\/v2\/pages\/5168\/revisions"}],"predecessor-version":[{"id":5243,"href":"https:\/\/igokat.com\/site\/company\/wp-json\/wp\/v2\/pages\/5168\/revisions\/5243"}],"wp:attachment":[{"href":"https:\/\/igokat.com\/site\/company\/wp-json\/wp\/v2\/media?parent=5168"}],"curies":[{"name":"wp","href":"https:\/\/api.w.org\/{rel}","templated":true}]}}