{"id":10049,"date":"2025-12-28T18:29:48","date_gmt":"2025-12-28T17:29:48","guid":{"rendered":"https:\/\/igokat.com\/site\/?page_id=10049"},"modified":"2026-03-30T17:37:45","modified_gmt":"2026-03-30T15:37:45","slug":"peter-pan-en-2026","status":"publish","type":"page","link":"https:\/\/igokat.com\/site\/peter-pan-en-2026\/","title":{"rendered":"Peter Pan en 2026"},"content":{"rendered":"<div class=\"fusion-fullwidth fullwidth-box fusion-builder-row-1 fusion-flex-container fusion-parallax-none nonhundred-percent-fullwidth non-hundred-percent-height-scrolling\" style=\"--awb-background-blend-mode:overlay;--awb-border-sizes-top:0px;--awb-border-sizes-bottom:0px;--awb-border-sizes-left:0px;--awb-border-sizes-right:0px;--awb-border-radius-top-left:0px;--awb-border-radius-top-right:0px;--awb-border-radius-bottom-right:0px;--awb-border-radius-bottom-left:0px;--awb-padding-top:72px;--awb-padding-bottom:0px;--awb-margin-bottom:20px;--awb-background-color:rgba(10,19,35,0.15);--awb-background-image:url(&quot;https:\/\/igokat.com\/site\/wp-content\/uploads\/2025\/12\/Spectacles-Peter-en-2026-1024x478.jpg&quot;);--awb-background-size:cover;--awb-flex-wrap:wrap;\" ><div class=\"fusion-builder-row fusion-row fusion-flex-align-items-flex-start fusion-flex-content-wrap\" style=\"max-width:1248px;margin-left: calc(-4% \/ 2 );margin-right: calc(-4% \/ 2 );\"><div class=\"fusion-layout-column fusion_builder_column fusion-builder-column-0 fusion_builder_column_1_1 1_1 fusion-flex-column fusion-flex-align-self-flex-start fusion-column-no-min-height\" style=\"--awb-bg-blend:overlay;--awb-bg-size:cover;--awb-width-large:100%;--awb-margin-top-large:0px;--awb-spacing-right-large:1.92%;--awb-margin-bottom-large:0px;--awb-spacing-left-large:1.92%;--awb-width-medium:100%;--awb-spacing-right-medium:1.92%;--awb-spacing-left-medium:1.92%;--awb-width-small:100%;--awb-spacing-right-small:1.92%;--awb-spacing-left-small:1.92%;\"><div class=\"fusion-column-wrapper fusion-flex-justify-content-flex-start fusion-content-layout-column\"><div class=\"fusion-separator fusion-no-small-visibility fusion-no-medium-visibility fusion-full-width-sep\" style=\"align-self: center;margin-left: auto;margin-right: auto;margin-top:120px;width:100%;\"><\/div><div class=\"fusion-separator fusion-full-width-sep\" style=\"align-self: center;margin-left: auto;margin-right: auto;margin-top:15px;width:100%;\"><\/div><div class=\"fusion-title title fusion-title-1 fusion-sep-none fusion-title-center fusion-title-text fusion-title-size-one\" style=\"--awb-text-color:#ffffff;--awb-margin-top-small:10px;--awb-margin-right-small:0px;--awb-margin-bottom-small:10px;--awb-margin-left-small:0px;\"><h1 class=\"fusion-title-heading title-heading-center\" style=\"margin:0;\">PETER PAN en 2026<\/h1><\/div><div class=\"fusion-separator fusion-no-medium-visibility fusion-no-large-visibility fusion-full-width-sep\" style=\"align-self: center;margin-left: auto;margin-right: auto;margin-top:40px;width:100%;\"><\/div><div class=\"fusion-section-separator section-separator waves-opacity fusion-section-separator-1\" style=\"--awb-spacer-padding-top:21.09375%;--awb-svg-margin-left:1.92%;--awb-svg-margin-right:1.92%;--awb-svg-margin-left-medium:1.92%;--awb-svg-margin-right-medium:1.92%;--awb-svg-margin-left-small:1.92%;--awb-svg-margin-right-small:1.92%;--awb-sep-font-size:0;--awb-sep-line-height:0;\"><div class=\"fusion-section-separator-svg\"><svg class=\"fusion-waves-opacity-candy\" xmlns=\"http:\/\/www.w3.org\/2000\/svg\" version=\"1.1\" width=\"100%\" viewBox=\"0 0 1024 216\" preserveAspectRatio=\"none\" fill=\"rgba(255,255,255,1)\"><path class=\"st0\" d=\"M0 216.068h1024l.1-105.2c-14.6-3.2-30.2-5.8-47.1-7.6-178.6-19.6-279.5 56.8-464.3 41.3-206.5-17.2-248.4-128.8-455-143.8-19-1.3-38.3-.2-57.7.3v215z\"\/>\n\t\t\t\t\t\t\t\t\t\t<path class=\"st1\" d=\"M0 20.068v196.144h1024v-79.744c-22.7-6.4-47.9-11.4-76.2-14.6-178.6-19.8-272.2 53.9-457.1 38.4-206.6-17.2-197.3-124.7-403.9-139.8-27.2-2-56.6-2-86.8-.4z\"\/>\n\t\t\t\t\t\t\t\t\t\t<path class=\"st2\" d=\"M0 216.212h1024v-35.744c-45.1-15.4-95.2-27.7-150-33.7-178.6-19.8-220.6 46.8-405.4 31.3-206.6-17.2-197.8-114.7-404.4-129.7-20.4-1.5-42-2-64.2-1.7v169.544z\"\/>\n\t\t\t\t\t\t\t\t\t\t<path class=\"st3\" d=\"M0 216.312h1024v-3.044c-50.8-17.1-108.7-30.7-172.7-37.9-178.6-19.8-220 36.8-404.9 21.3-206.6-17.2-228-126.5-434.5-141.6-3.9-.3-7.9-.5-11.9-.7v161.944z\"\/>\n\t\t\t\t\t\t\t\t\t<\/svg><\/div><div class=\"fusion-section-separator-spacer\"><div class=\"fusion-section-separator-spacer-height\"><\/div><\/div><\/div><\/div><\/div><\/div><\/div><div class=\"fusion-fullwidth fullwidth-box fusion-builder-row-2 fusion-flex-container nonhundred-percent-fullwidth non-hundred-percent-height-scrolling\" style=\"--awb-border-radius-top-left:0px;--awb-border-radius-top-right:0px;--awb-border-radius-bottom-right:0px;--awb-border-radius-bottom-left:0px;--awb-padding-bottom:40px;--awb-flex-wrap:wrap;\" ><div class=\"fusion-builder-row fusion-row fusion-flex-align-items-flex-start fusion-flex-content-wrap\" style=\"max-width:1248px;margin-left: calc(-4% \/ 2 );margin-right: calc(-4% \/ 2 );\"><div class=\"fusion-layout-column fusion_builder_column fusion-builder-column-1 fusion_builder_column_1_1 1_1 fusion-flex-column\" style=\"--awb-bg-blend:overlay;--awb-bg-size:cover;--awb-width-large:100%;--awb-margin-top-large:0px;--awb-spacing-right-large:1.92%;--awb-margin-bottom-large:3px;--awb-spacing-left-large:1.92%;--awb-width-medium:100%;--awb-spacing-right-medium:1.92%;--awb-spacing-left-medium:1.92%;--awb-width-small:100%;--awb-spacing-right-small:1.92%;--awb-spacing-left-small:1.92%;\"><div class=\"fusion-column-wrapper fusion-flex-justify-content-flex-start fusion-content-layout-column\"><div class=\"fusion-title title fusion-title-2 fusion-sep-none fusion-title-center fusion-title-text fusion-title-size-two\" style=\"--awb-margin-top-small:10px;--awb-margin-right-small:0px;--awb-margin-bottom-small:10px;--awb-margin-left-small:0px;\"><h2 class=\"fusion-title-heading title-heading-center\" style=\"margin:0;\">Chor\u00e9graphies<\/h2><\/div><div class=\"fusion-text fusion-text-1\"><p style=\"text-align: center;\">Igor Piovano, Kathryn Bradney<\/p>\n<p style=\"text-align: center;\"><strong>au Centre Culturel des Terreaux \u00e0 Lausanne<\/strong><\/p>\n<p lang=\"fr-CH\" style=\"text-align: center;\"><strong>Le 12, 13, 14, 19, 20 et 21 juin 2026<\/strong><\/p>\n<\/div><\/div><\/div><\/div><\/div><div class=\"fusion-fullwidth fullwidth-box fusion-builder-row-3 fusion-flex-container nonhundred-percent-fullwidth non-hundred-percent-height-scrolling\" style=\"--awb-border-radius-top-left:0px;--awb-border-radius-top-right:0px;--awb-border-radius-bottom-right:0px;--awb-border-radius-bottom-left:0px;--awb-padding-top:0px;--awb-padding-bottom:60px;--awb-flex-wrap:wrap;\" ><div class=\"fusion-builder-row fusion-row fusion-flex-align-items-flex-start fusion-flex-content-wrap\" style=\"max-width:1248px;margin-left: calc(-4% \/ 2 );margin-right: calc(-4% \/ 2 );\"><div class=\"fusion-layout-column fusion_builder_column fusion-builder-column-2 fusion_builder_column_1_1 1_1 fusion-flex-column\" style=\"--awb-bg-size:cover;--awb-width-large:100%;--awb-margin-top-large:0px;--awb-spacing-right-large:1.92%;--awb-margin-bottom-large:20px;--awb-spacing-left-large:1.92%;--awb-width-medium:100%;--awb-order-medium:0;--awb-spacing-right-medium:1.92%;--awb-spacing-left-medium:1.92%;--awb-width-small:100%;--awb-order-small:0;--awb-spacing-right-small:1.92%;--awb-spacing-left-small:1.92%;\"><div class=\"fusion-column-wrapper fusion-column-has-shadow fusion-flex-justify-content-flex-start fusion-content-layout-column\"><div class=\"fusion-flip-boxes flip-boxes row fusion-columns-3 flip-effect-3d equal-heights\" style=\"--awb-flip-duration:0.8s;\"><div class=\"fusion-flip-box-wrapper fusion-column col-lg-4 col-md-4 col-sm-4\"><div class=\"fusion-flip-box flip-up\" tabindex=\"0\"><div class=\"flip-box-inner-wrapper\"><div class=\"flip-box-front\" style=\"--awb-circle-color:#65bd7d;--awb-circle-border-color:rgba(51,51,51,0);--awb-background-color-front:#f9f9f9;--awb-text-front-color:#65bd7d;\"><div class=\"flip-box-front-inner\"><div class=\"flip-box-grafix flip-box-circle\"><i aria-hidden=\"true\" class=\"fa-glasses fas fa-spin\"><\/i><\/div><h2 class=\"flip-box-heading\">Distributions<\/h2>Distributions<\/div><\/div><div class=\"flip-box-back\" style=\"--awb-circle-color:#65bd7d;--awb-circle-border-color:rgba(51,51,51,0);\"><div class=\"flip-box-back-inner\">\r\n<p style=\"text-align: center;\">Distributions &#8220;Peter Pan en 2026&#8221;<div ><a class=\"fusion-button button-flat fusion-button-default-size button-default fusion-button-default button-1 fusion-button-default-span fusion-button-default-type\" target=\"_self\" href=\"https:\/\/igokat.com\/site\/wp-content\/uploads\/2026\/03\/Distributions-Peter-Pan_2026_V.16.03.pdf\"><span class=\"fusion-button-text awb-button__text awb-button__text--default\">Cliquez ici<\/span><\/a><\/div>\r\n<\/div><\/div><\/div><\/div><\/div><div class=\"fusion-flip-box-wrapper fusion-column col-lg-4 col-md-4 col-sm-4\"><div class=\"fusion-flip-box flip-up\" tabindex=\"0\"><div class=\"flip-box-inner-wrapper\"><div class=\"flip-box-front\" style=\"--awb-circle-color:#65bd7d;--awb-circle-border-color:rgba(51,51,51,0);--awb-background-color-front:#f9f9f9;--awb-text-front-color:#65bd7d;\"><div class=\"flip-box-front-inner\"><div class=\"flip-box-grafix flip-box-circle\"><i aria-hidden=\"true\" class=\"fa-money-bill-wave fas fa-spin\"><\/i><\/div><h2 class=\"flip-box-heading\">R\u00e9p\u00e9titions<\/h2>R\u00e9p\u00e9titions<\/div><\/div><div class=\"flip-box-back\" style=\"--awb-circle-color:#65bd7d;--awb-circle-border-color:rgba(51,51,51,0);\"><div class=\"flip-box-back-inner\">\r\nProchaine r\u00e9p\u00e9tition le 25 avril<div ><a class=\"fusion-button button-flat fusion-button-default-size button-default fusion-button-default button-2 fusion-button-default-span fusion-button-default-type\" target=\"_self\"><span class=\"fusion-button-text awb-button__text awb-button__text--default\">Bient\u00f4t en ligne<\/span><\/a><\/div>\r\n\r\n<\/div><\/div><\/div><\/div><\/div><div class=\"fusion-flip-box-wrapper fusion-column col-lg-4 col-md-4 col-sm-4\"><div class=\"fusion-flip-box flip-up\" tabindex=\"0\"><div class=\"flip-box-inner-wrapper\"><div class=\"flip-box-front\" style=\"--awb-circle-color:#65bd7d;--awb-circle-border-color:rgba(51,51,51,0);--awb-background-color-front:#f9f9f9;--awb-text-front-color:#65bd7d;\"><div class=\"flip-box-front-inner\"><div class=\"flip-box-grafix flip-box-circle\"><i aria-hidden=\"true\" class=\"fa-glasses fas fa-spin\"><\/i><\/div><h2 class=\"flip-box-heading\">Fiche<\/h2>Fiche d'inscription<\/div><\/div><div class=\"flip-box-back\" style=\"--awb-circle-color:#65bd7d;--awb-circle-border-color:rgba(51,51,51,0);\"><div class=\"flip-box-back-inner\">\r\n<p style=\"text-align: center;\">Fiche d&#8217;inscription &#8220;Peter Pan en 2026&#8221;<div ><a class=\"fusion-button button-flat fusion-button-default-size button-default fusion-button-default button-3 fusion-button-default-span fusion-button-default-type\" target=\"_self\" href=\"https:\/\/igokat.com\/site\/wp-content\/uploads\/2025\/12\/Inscription-Peter-Pan-2026.pdf\"><span class=\"fusion-button-text awb-button__text awb-button__text--default\">Cliquez ici<\/span><\/a><\/div>\r\n<\/div><\/div><\/div><\/div><\/div><\/div><\/div><\/div><\/div><\/div><div class=\"fusion-fullwidth fullwidth-box fusion-builder-row-4 fusion-flex-container has-pattern-background has-mask-background nonhundred-percent-fullwidth non-hundred-percent-height-scrolling\" style=\"--awb-border-radius-top-left:0px;--awb-border-radius-top-right:0px;--awb-border-radius-bottom-right:0px;--awb-border-radius-bottom-left:0px;--awb-flex-wrap:wrap;\" ><div class=\"fusion-builder-row fusion-row fusion-flex-align-items-flex-start fusion-flex-content-wrap\" style=\"max-width:1248px;margin-left: calc(-4% \/ 2 );margin-right: calc(-4% \/ 2 );\"><div class=\"fusion-layout-column fusion_builder_column fusion-builder-column-3 fusion_builder_column_1_1 1_1 fusion-flex-column\" style=\"--awb-bg-size:cover;--awb-width-large:100%;--awb-margin-top-large:0px;--awb-spacing-right-large:1.92%;--awb-margin-bottom-large:20px;--awb-spacing-left-large:1.92%;--awb-width-medium:100%;--awb-order-medium:0;--awb-spacing-right-medium:1.92%;--awb-spacing-left-medium:1.92%;--awb-width-small:100%;--awb-order-small:0;--awb-spacing-right-small:1.92%;--awb-spacing-left-small:1.92%;\"><div class=\"fusion-column-wrapper fusion-column-has-shadow fusion-flex-justify-content-flex-start fusion-content-layout-column\"><div class=\"fusion-text fusion-text-2\"><div class=\"fusion-text fusion-text-3\">\n<p><strong>Il est des soirs<\/strong> o\u00f9 le monde ordinaire s\u2019efface doucement, laissant place \u00e0 l\u2019imaginaire.<\/p>\n<p><strong>Ce vendredi l\u00e0<\/strong>, Peter Pan revient l\u00e0 o\u00f9 tout a commenc\u00e9, dans la chambre des enfants Darling, \u00e0 la recherche de son ombre, fragment perdu de lui-m\u00eame, symbole de l\u2019identit\u00e9 qu\u2019il refuse d\u2019ancrer dans le r\u00e9el.<\/p>\n<p><strong>Les parents sont absents<\/strong>, confiants, laissant leurs enfants entre les pattes tendres de Nana, une chienne au regard maternel. Wendy, John et Michael, encore innocents, observent ce visiteur \u00e9trange qui surgit entre lumi\u00e8re et silence, suivi d\u2019un cort\u00e8ge d\u2019ombres rebelles.<\/p>\n<p><strong>C\u2019est l\u2019instant o\u00f9 l\u2019enfance rencontre l\u2019\u00e9tranget\u00e9<\/strong>, le moment suspendu entre r\u00eave et \u00e9veil.<\/p>\n<p><strong>Peter Pan n\u2019est pas seul. <\/strong><\/p>\n<p><strong>\u00c0 ses c\u00f4t\u00e9s<\/strong>, la F\u00e9e Clochette, incarnation de l\u2019instantan\u00e9, de l\u2019\u00e9motion vive, de la jalousie fragile, l\u2019invite \u00e0 retourner au Pays Imaginaire, ce territoire sans fronti\u00e8res, hors du temps, o\u00f9 l\u2019on ne grandit jamais.<\/p>\n<p><strong>Wendy<\/strong>, guid\u00e9e par son d\u00e9sir d\u2019histoires, de d\u00e9couvertes et d\u2019aventures, choisit de le suivre, emportant ses fr\u00e8res dans ce monde parall\u00e8le o\u00f9 l\u2019on apprend autrement : non pas par le\u00e7on, mais par exp\u00e9rience.<\/p>\n<p><strong>L\u00e0-bas, les Enfants Perdus cherchent une m\u00e8re<\/strong>, les sir\u00e8nes chantent une beaut\u00e9 dangereuse, et les Indiens dansent avec la nature.<\/p>\n<p><strong>Mais surtout<\/strong>, plane la menace du Capitaine Crochet, figure du temps vengeur, du pass\u00e9 bless\u00e9, de l\u2019adulte fig\u00e9.<\/p>\n<p><strong>Il poursuit Peter<\/strong>, non pour le vaincre, mais pour comprendre ce qu\u2019il a perdu en grandissant.<\/p>\n<p><strong> Et puis, il y a le crocodile.<\/strong><\/p>\n<p><strong>Il suit le Capitaine Crochet<\/strong> avec la lenteur d\u2019une v\u00e9rit\u00e9 qu\u2019on a tent\u00e9 d\u2019\u00e9viter trop longtemps.<\/p>\n<p><strong>Il est ce que l\u2019on repousse<\/strong>, ce que l\u2019on fuit, ce qui finit toujours par nous rattraper.<\/p>\n<p><strong>Il lui a d\u00e9rob\u00e9 la main autrefois<\/strong>, et depuis, il incarne cette chose en nous qui ne cicatrise jamais tout \u00e0 fait la perte, la peur, la trace du pass\u00e9.<\/p>\n<p><strong>Le crocodile ne chasse pas.<\/strong><\/p>\n<p><strong>Il attend. <\/strong><\/p>\n<p><strong>Il persiste. <\/strong><\/p>\n<p><strong>Il sait<\/strong><\/p>\n<p><strong>Et dans son silence<\/strong>, il rappelle \u00e0 chacun que rien ne peut \u00eatre effac\u00e9, seulement travers\u00e9.<\/p>\n<p><strong>Lorsque le Capitaine Crochet<\/strong> capture Lily la Tigresse, Peter doit choisir : fuir ou affronter.<\/p>\n<p><strong>Et c\u2019est au c\u0153ur du Jolly Roger<\/strong>, le navire des m\u00e9moires et des peurs, que se joue l\u2019affrontement final.<\/p>\n<p><strong>Peter triomphe<\/strong>, bien s\u00fbr.<\/p>\n<p><strong>Mais dans un geste de sagesse inattendu<\/strong>, il tend la main \u00e0 Crochet.<\/p>\n<p><strong>Non par piti\u00e9<\/strong>, mais parce qu\u2019au fond, Peter sait le vrai courage n\u2019est pas de refuser de grandir, mais de garder, en grandissant, la lumi\u00e8re de l\u2019enfance intacte.<\/p>\n<\/div>\n<\/div><\/div><\/div><\/div><\/div>","protected":false},"excerpt":{"rendered":"","protected":false},"author":1,"featured_media":0,"parent":0,"menu_order":0,"comment_status":"closed","ping_status":"closed","template":"100-width.php","meta":{"footnotes":""},"class_list":["post-10049","page","type-page","status-publish","hentry"],"_links":{"self":[{"href":"https:\/\/igokat.com\/site\/wp-json\/wp\/v2\/pages\/10049","targetHints":{"allow":["GET"]}}],"collection":[{"href":"https:\/\/igokat.com\/site\/wp-json\/wp\/v2\/pages"}],"about":[{"href":"https:\/\/igokat.com\/site\/wp-json\/wp\/v2\/types\/page"}],"author":[{"embeddable":true,"href":"https:\/\/igokat.com\/site\/wp-json\/wp\/v2\/users\/1"}],"replies":[{"embeddable":true,"href":"https:\/\/igokat.com\/site\/wp-json\/wp\/v2\/comments?post=10049"}],"version-history":[{"count":21,"href":"https:\/\/igokat.com\/site\/wp-json\/wp\/v2\/pages\/10049\/revisions"}],"predecessor-version":[{"id":10383,"href":"https:\/\/igokat.com\/site\/wp-json\/wp\/v2\/pages\/10049\/revisions\/10383"}],"wp:attachment":[{"href":"https:\/\/igokat.com\/site\/wp-json\/wp\/v2\/media?parent=10049"}],"curies":[{"name":"wp","href":"https:\/\/api.w.org\/{rel}","templated":true}]}}