{"id":3569,"date":"2020-10-17T15:45:16","date_gmt":"2020-10-17T13:45:16","guid":{"rendered":"https:\/\/igokat.com\/site\/?page_id=3569"},"modified":"2022-07-30T17:41:15","modified_gmt":"2022-07-30T15:41:15","slug":"nos-cours","status":"publish","type":"page","link":"https:\/\/igokat.com\/site\/nos-cours\/","title":{"rendered":"Cours"},"content":{"rendered":"<div class=\"fusion-fullwidth fullwidth-box fusion-builder-row-1 fusion-flex-container nonhundred-percent-fullwidth non-hundred-percent-height-scrolling\" style=\"--awb-background-position:left top;--awb-border-sizes-top:0px;--awb-border-sizes-bottom:0px;--awb-border-sizes-left:0px;--awb-border-sizes-right:0px;--awb-border-radius-top-left:0px;--awb-border-radius-top-right:0px;--awb-border-radius-bottom-right:0px;--awb-border-radius-bottom-left:0px;--awb-padding-top:50px;--awb-padding-bottom:70px;--awb-flex-wrap:wrap;\" ><div class=\"fusion-builder-row fusion-row fusion-flex-align-items-flex-start fusion-flex-content-wrap\" style=\"max-width:calc( 1200px + 0px );margin-left: calc(-0px \/ 2 );margin-right: calc(-0px \/ 2 );\"><div class=\"fusion-layout-column fusion_builder_column fusion-builder-column-0 fusion_builder_column_1_1 1_1 fusion-flex-column fusion-flex-align-self-flex-start fusion-column-no-min-height\" style=\"--awb-bg-size:cover;--awb-width-large:100%;--awb-margin-top-large:0px;--awb-spacing-right-large:0px;--awb-margin-bottom-large:0px;--awb-spacing-left-large:0px;--awb-width-medium:100%;--awb-order-medium:0;--awb-spacing-right-medium:0px;--awb-spacing-left-medium:0px;--awb-width-small:100%;--awb-order-small:0;--awb-spacing-right-small:0px;--awb-spacing-left-small:0px;\"><div class=\"fusion-column-wrapper fusion-column-has-shadow fusion-flex-justify-content-flex-start fusion-content-layout-column\"><div class=\"fusion-title title fusion-title-1 fusion-sep-none fusion-title-center fusion-title-text fusion-title-size-two\" style=\"--awb-margin-top-small:10px;--awb-margin-right-small:0px;--awb-margin-bottom-small:10px;--awb-margin-left-small:0px;\"><h2 class=\"fusion-title-heading title-heading-center\" style=\"margin:0;\">Faites votre choix<\/h2><\/div><div class=\"fusion-text fusion-text-1\"><p style=\"text-align: center;\">Professionnelle et entreprenante, l\u2019\u00c9cole de Danse Igokat a su se distinguer par la qualit\u00e9 de son enseignement\ngr\u00e2ce aux parcours professionnels de ses professeurs ainsi qu&#8217;\u00e0 leur recherche p\u00e9dagogique.\n<strong>Ils abordent l\u2019enseignement comme une aventure humaine et un partage.\n<\/strong>Pour Igokat, c\u2019est une fa\u00e7on d\u2019approcher les jeunes et de leur faire d\u00e9couvrir le monde de la danse.\n<strong>Le Centre Igokat offre plusieurs programmes de danse.\n<\/strong>Selon votre \u00e2ge et votre int\u00e9r\u00eat, vous pouvez vous inscrire dans un programme d\u2019initiation, de formation ou de d\u00e9veloppement personnel.\nTous les cours s\u2019adressent aussi bien aux hommes qu\u2019aux femmes.\nPour d\u00e9couvrir les cours donn\u00e9s au Centre Igokat, nous vous invitons \u00e0 cliquer, ci-dessous, sur le cours de votre choix.\n<strong>Vous y trouverez toutes les informations n\u00e9cessaires pour r\u00e9pondre \u00e0 vos questions:<\/strong><\/p>\n<\/div><\/div><\/div><\/div><\/div><div class=\"fusion-fullwidth fullwidth-box fusion-builder-row-2 fusion-flex-container hundred-percent-fullwidth non-hundred-percent-height-scrolling\" style=\"--awb-border-radius-top-left:0px;--awb-border-radius-top-right:0px;--awb-border-radius-bottom-right:0px;--awb-border-radius-bottom-left:0px;--awb-padding-right:0px;--awb-padding-left:0px;--awb-flex-wrap:wrap;--awb-filter:brightness(65%);--awb-filter-transition:filter 0.3s ease;--awb-filter-hover:brightness(100%);\" ><div class=\"fusion-builder-row fusion-row fusion-flex-align-items-stretch fusion-flex-content-wrap\" style=\"width:104% !important;max-width:104% !important;margin-left: calc(-4% \/ 2 );margin-right: calc(-4% \/ 2 );\"><div class=\"fusion-layout-column fusion_builder_column fusion-builder-column-1 fusion_builder_column_1_2 1_2 fusion-flex-column\" style=\"--awb-padding-top:100px;--awb-padding-right:89px;--awb-padding-bottom:70px;--awb-padding-left:93px;--awb-bg-color:rgba(255,255,255,0.88);--awb-bg-color-hover:rgba(255,255,255,0.88);--awb-bg-image:url(&#039;https:\/\/igokat.com\/site\/wp-content\/uploads\/2016\/03\/blog_news_title_bg.jpg&#039;);--awb-bg-blend:overlay;--awb-bg-size:cover;--awb-width-large:50%;--awb-margin-top-large:0px;--awb-spacing-right-large:0px;--awb-margin-bottom-large:0px;--awb-spacing-left-large:3.84%;--awb-width-medium:50%;--awb-spacing-right-medium:0px;--awb-spacing-left-medium:3.84%;--awb-width-small:100%;--awb-spacing-right-small:1.92%;--awb-spacing-left-small:1.92%;\"><div class=\"fusion-column-wrapper fusion-flex-justify-content-flex-start fusion-content-layout-column fusion-column-has-bg-image\" data-bg-url=\"https:\/\/igokat.com\/site\/wp-content\/uploads\/2016\/03\/blog_news_title_bg.jpg\"><div class=\"fusion-content-boxes content-boxes columns row fusion-columns-1 fusion-columns-total-7 fusion-content-boxes-1 content-boxes-timeline-vertical content-left content-boxes-timeline-layout content-boxes-icon-with-title fusion-delayed-animation\" style=\"--awb-margin-top:0px;--awb-margin-bottom:0px;--awb-hover-accent-color:#444444;--awb-circle-hover-accent-color:#444444;--awb-item-margin-bottom:40px;\" data-animation-delay=\"350\" data-animationOffset=\"top-into-view\"><div style=\"--awb-backgroundcolor:rgba(255,255,255,0);--awb-content-padding-left:82px;\" class=\"fusion-column content-box-column content-box-column content-box-column-1 col-lg-12 col-md-12 col-sm-12 fusion-content-box-hover content-box-column-last-in-row\"><div class=\"col content-box-wrapper content-wrapper link-area-link-icon link-type-text content-icon-wrapper-yes icon-hover-animation-fade fusion-animated\" data-animationType=\"fadeIn\" data-animationDuration=\"0.25\" data-animationOffset=\"top-into-view\"><div class=\"heading heading-with-icon icon-left\" style=\"margin-top:20px;\"><a class=\"heading-link\" href=\"https:\/\/igokat.com\/site\/programme-pre-professionnel\/\" target=\"_self\"><div class=\"icon\" style=\"margin-top:-20px;margin-bottom:-20px;-webkit-animation-duration: 350ms;animation-duration: 350ms;\"><span style=\"height:54px;width:54px;line-height:28px;border-color:#a0ce4e;border-width:4px;border-style:solid;background-color:var(--awb-color8);margin-right:20px;box-sizing:content-box;border-radius:50%;\"><i style=\"border-color:var(--awb-color8);border-width:1px;background-color:var(--awb-color7);box-sizing:content-box;height:52px;width:52px;line-height:52px;border-radius:50%;position:relative;top:auto;left:auto;margin:0;border-radius:50%;font-size:26px;\" aria-hidden=\"true\" class=\"fontawesome-icon fa-arrow-alt-circle-right fas circle-yes\"><\/i><\/span><\/div><h2 class=\"content-box-heading\" style=\"--h2_typography-font-size:22px;line-height:27px;\">Classique Professionnel<\/h2><\/a><\/div><div class=\"content-box-shortcode-timeline-vertical\" style=\"border-color:#a0ce4e;left:46px;top:31px;-webkit-transition-duration: 350ms;animation-duration: 350ms;\"><\/div><\/div><\/div><div style=\"--awb-backgroundcolor:rgba(255,255,255,0);--awb-content-padding-left:82px;\" class=\"fusion-column content-box-column content-box-column content-box-column-2 col-lg-12 col-md-12 col-sm-12 fusion-content-box-hover content-box-column-last-in-row\"><div class=\"col content-box-wrapper content-wrapper link-area-link-icon link-type-text content-icon-wrapper-yes icon-hover-animation-fade fusion-animated\" data-animationType=\"fadeIn\" data-animationDuration=\"0.25\" data-animationOffset=\"top-into-view\"><div class=\"heading heading-with-icon icon-left\" style=\"margin-top:20px;\"><a class=\"heading-link\" href=\"https:\/\/igokat.com\/site\/programme-pre-professionnel-2\/\" target=\"_self\"><div class=\"icon\" style=\"margin-top:-20px;margin-bottom:-20px;-webkit-animation-duration: 350ms;animation-duration: 350ms;\"><span style=\"height:54px;width:54px;line-height:28px;border-color:#a0ce4e;border-width:4px;border-style:solid;background-color:var(--awb-color8);margin-right:20px;box-sizing:content-box;border-radius:50%;\"><i style=\"border-color:var(--awb-color8);border-width:1px;background-color:var(--awb-color7);box-sizing:content-box;height:52px;width:52px;line-height:52px;border-radius:50%;position:relative;top:auto;left:auto;margin:0;border-radius:50%;font-size:26px;\" aria-hidden=\"true\" class=\"fontawesome-icon fa-arrow-alt-circle-right fas circle-yes\"><\/i><\/span><\/div><h2 class=\"content-box-heading\" style=\"--h2_typography-font-size:22px;line-height:27px;\">Classique Pr\u00e9-professionnel<\/h2><\/a><\/div><div class=\"content-box-shortcode-timeline-vertical\" style=\"border-color:#a0ce4e;left:46px;top:31px;-webkit-transition-duration: 350ms;animation-duration: 350ms;\"><\/div><\/div><\/div><div style=\"--awb-backgroundcolor:rgba(255,255,255,0);--awb-content-padding-left:82px;\" class=\"fusion-column content-box-column content-box-column content-box-column-3 col-lg-12 col-md-12 col-sm-12 fusion-content-box-hover content-box-column-last-in-row\"><div class=\"col content-box-wrapper content-wrapper link-area-link-icon link-type-text content-icon-wrapper-yes icon-hover-animation-fade fusion-animated\" data-animationType=\"fadeIn\" data-animationDuration=\"0.25\" data-animationOffset=\"top-into-view\"><div class=\"heading heading-with-icon icon-left\" style=\"margin-top:20px;\"><a class=\"heading-link\" href=\"https:\/\/igokat.com\/site\/classique-adultes\/\" target=\"_self\"><div class=\"icon\" style=\"margin-top:-20px;margin-bottom:-20px;-webkit-animation-duration: 350ms;animation-duration: 350ms;\"><span style=\"height:54px;width:54px;line-height:28px;border-color:#a0ce4e;border-width:4px;border-style:solid;background-color:var(--awb-color8);margin-right:20px;box-sizing:content-box;border-radius:50%;\"><i style=\"border-color:var(--awb-color8);border-width:1px;background-color:var(--awb-color7);box-sizing:content-box;height:52px;width:52px;line-height:52px;border-radius:50%;position:relative;top:auto;left:auto;margin:0;border-radius:50%;font-size:26px;\" aria-hidden=\"true\" class=\"fontawesome-icon fa-arrow-alt-circle-right fas circle-yes\"><\/i><\/span><\/div><h2 class=\"content-box-heading\" style=\"--h2_typography-font-size:22px;line-height:27px;\">Classique Adultes<\/h2><\/a><\/div><div class=\"content-box-shortcode-timeline-vertical\" style=\"border-color:#a0ce4e;left:46px;top:31px;-webkit-transition-duration: 350ms;animation-duration: 350ms;\"><\/div><\/div><\/div><div style=\"--awb-backgroundcolor:rgba(255,255,255,0);--awb-content-padding-left:82px;\" class=\"fusion-column content-box-column content-box-column content-box-column-4 col-lg-12 col-md-12 col-sm-12 fusion-content-box-hover content-box-column-last-in-row\"><div class=\"col content-box-wrapper content-wrapper link-area-link-icon link-type-text content-icon-wrapper-yes icon-hover-animation-fade fusion-animated\" data-animationType=\"fadeIn\" data-animationDuration=\"0.25\" data-animationOffset=\"top-into-view\"><div class=\"heading heading-with-icon icon-left\" style=\"margin-top:20px;\"><a class=\"heading-link\" href=\"https:\/\/igokat.com\/site\/classique-enfants\/\" target=\"_self\"><div class=\"icon\" style=\"margin-top:-20px;margin-bottom:-20px;-webkit-animation-duration: 350ms;animation-duration: 350ms;\"><span style=\"height:54px;width:54px;line-height:28px;border-color:#a0ce4e;border-width:4px;border-style:solid;background-color:var(--awb-color8);margin-right:20px;box-sizing:content-box;border-radius:50%;\"><i style=\"border-color:var(--awb-color8);border-width:1px;background-color:var(--awb-color7);box-sizing:content-box;height:52px;width:52px;line-height:52px;border-radius:50%;position:relative;top:auto;left:auto;margin:0;border-radius:50%;font-size:26px;\" aria-hidden=\"true\" class=\"fontawesome-icon fa-arrow-alt-circle-right fas circle-yes\"><\/i><\/span><\/div><h2 class=\"content-box-heading\" style=\"--h2_typography-font-size:22px;line-height:27px;\">Classique Enfants<\/h2><\/a><\/div><div class=\"content-box-shortcode-timeline-vertical\" style=\"border-color:#a0ce4e;left:46px;top:31px;-webkit-transition-duration: 350ms;animation-duration: 350ms;\"><\/div><\/div><\/div><div style=\"--awb-backgroundcolor:rgba(255,255,255,0);--awb-content-padding-left:82px;\" class=\"fusion-column content-box-column content-box-column content-box-column-5 col-lg-12 col-md-12 col-sm-12 fusion-content-box-hover content-box-column-last-in-row\"><div class=\"col content-box-wrapper content-wrapper link-area-link-icon link-type-text content-icon-wrapper-yes icon-hover-animation-fade fusion-animated\" data-animationType=\"fadeIn\" data-animationDuration=\"0.25\" data-animationOffset=\"top-into-view\"><div class=\"heading heading-with-icon icon-left\" style=\"margin-top:20px;\"><a class=\"heading-link\" href=\"https:\/\/igokat.com\/site\/barre-a-terre\/\" target=\"_self\"><div class=\"icon\" style=\"margin-top:-20px;margin-bottom:-20px;-webkit-animation-duration: 350ms;animation-duration: 350ms;\"><span style=\"height:54px;width:54px;line-height:28px;border-color:#a0ce4e;border-width:4px;border-style:solid;background-color:var(--awb-color8);margin-right:20px;box-sizing:content-box;border-radius:50%;\"><i style=\"border-color:var(--awb-color8);border-width:1px;background-color:var(--awb-color7);box-sizing:content-box;height:52px;width:52px;line-height:52px;border-radius:50%;position:relative;top:auto;left:auto;margin:0;border-radius:50%;font-size:26px;\" aria-hidden=\"true\" class=\"fontawesome-icon fa-arrow-alt-circle-right fas circle-yes\"><\/i><\/span><\/div><h2 class=\"content-box-heading\" style=\"--h2_typography-font-size:22px;line-height:27px;\">Barre \u00e0 Terre<\/h2><\/a><\/div><div class=\"content-box-shortcode-timeline-vertical\" style=\"border-color:#a0ce4e;left:46px;top:31px;-webkit-transition-duration: 350ms;animation-duration: 350ms;\"><\/div><\/div><\/div><div style=\"--awb-backgroundcolor:rgba(255,255,255,0);--awb-content-padding-left:82px;\" class=\"fusion-column content-box-column content-box-column content-box-column-6 col-lg-12 col-md-12 col-sm-12 fusion-content-box-hover content-box-column-last-in-row\"><div class=\"col content-box-wrapper content-wrapper link-area-link-icon link-type-text content-icon-wrapper-yes icon-hover-animation-fade fusion-animated\" data-animationType=\"fadeIn\" data-animationDuration=\"0.25\" data-animationOffset=\"top-into-view\"><div class=\"heading heading-with-icon icon-left\" style=\"margin-top:20px;\"><a class=\"heading-link\" href=\"https:\/\/igokat.com\/site\/moderne-contemporain\/\" target=\"_self\"><div class=\"icon\" style=\"margin-top:-20px;margin-bottom:-20px;-webkit-animation-duration: 350ms;animation-duration: 350ms;\"><span style=\"height:54px;width:54px;line-height:28px;border-color:#a0ce4e;border-width:4px;border-style:solid;background-color:var(--awb-color8);margin-right:20px;box-sizing:content-box;border-radius:50%;\"><i style=\"border-color:var(--awb-color8);border-width:1px;background-color:var(--awb-color7);box-sizing:content-box;height:52px;width:52px;line-height:52px;border-radius:50%;position:relative;top:auto;left:auto;margin:0;border-radius:50%;font-size:26px;\" aria-hidden=\"true\" class=\"fontawesome-icon fa-arrow-alt-circle-right fas circle-yes\"><\/i><\/span><\/div><h2 class=\"content-box-heading\" style=\"--h2_typography-font-size:22px;line-height:27px;\">Moderne\/Contemporain<\/h2><\/a><\/div><div class=\"content-box-shortcode-timeline-vertical\" style=\"border-color:#a0ce4e;left:46px;top:31px;-webkit-transition-duration: 350ms;animation-duration: 350ms;\"><\/div><\/div><\/div><div style=\"--awb-backgroundcolor:rgba(255,255,255,0);--awb-content-padding-left:82px;\" class=\"fusion-column content-box-column content-box-column content-box-column-7 col-lg-12 col-md-12 col-sm-12 fusion-content-box-hover content-box-column-last content-box-column-last-in-row\"><div class=\"col content-box-wrapper content-wrapper link-area-link-icon link-type-text content-icon-wrapper-yes icon-hover-animation-fade fusion-animated\" data-animationType=\"fadeIn\" data-animationDuration=\"0.25\" data-animationOffset=\"top-into-view\"><div class=\"heading heading-with-icon icon-left\" style=\"margin-top:20px;\"><a class=\"heading-link\" href=\"https:\/\/igokat.com\/site\/stretching\/\" target=\"_self\"><div class=\"icon\" style=\"margin-top:-20px;margin-bottom:-20px;-webkit-animation-duration: 350ms;animation-duration: 350ms;\"><span style=\"height:54px;width:54px;line-height:28px;border-color:#a0ce4e;border-width:4px;border-style:solid;background-color:var(--awb-color8);margin-right:20px;box-sizing:content-box;border-radius:50%;\"><i style=\"border-color:var(--awb-color8);border-width:1px;background-color:var(--awb-color7);box-sizing:content-box;height:52px;width:52px;line-height:52px;border-radius:50%;position:relative;top:auto;left:auto;margin:0;border-radius:50%;font-size:26px;\" aria-hidden=\"true\" class=\"fontawesome-icon fa-arrow-alt-circle-right fas circle-yes\"><\/i><\/span><\/div><h2 class=\"content-box-heading\" style=\"--h2_typography-font-size:22px;line-height:27px;\">Stretching<\/h2><\/a><\/div><div class=\"content-box-shortcode-timeline-vertical\" style=\"border-color:#a0ce4e;left:46px;top:31px;-webkit-transition-duration: 350ms;animation-duration: 350ms;\"><\/div><\/div><\/div><div class=\"fusion-clearfix\"><\/div><\/div><\/div><\/div><div class=\"fusion-layout-column fusion_builder_column fusion-builder-column-2 fusion_builder_column_1_2 1_2 fusion-flex-column\" style=\"--awb-bg-image:url(&#039;https:\/\/igokat.com\/site\/wp-content\/uploads\/2020\/08\/Page-news-scaled.jpg&#039;);--awb-bg-position:center center;--awb-bg-size:cover;--awb-width-large:50%;--awb-margin-top-large:0px;--awb-spacing-right-large:3.84%;--awb-margin-bottom-large:0px;--awb-spacing-left-large:0px;--awb-width-medium:50%;--awb-spacing-right-medium:3.84%;--awb-spacing-left-medium:0px;--awb-width-small:100%;--awb-spacing-right-small:1.92%;--awb-spacing-left-small:1.92%;\"><div class=\"fusion-column-wrapper fusion-flex-justify-content-flex-start fusion-content-layout-column fusion-empty-column-bg-image fusion-column-has-bg-image\" data-bg-url=\"https:\/\/igokat.com\/site\/wp-content\/uploads\/2020\/08\/Page-news-scaled.jpg\"><img decoding=\"async\" class=\"fusion-empty-dims-img-placeholder fusion-no-large-visibility fusion-no-medium-visibility\" aria-label=\"Page news\" src=\"data:image\/svg+xml,%3Csvg%20xmlns%3D%27http%3A%2F%2Fwww.w3.org%2F2000%2Fsvg%27%20width%3D%272560%27%20height%3D%271700%27%20viewBox%3D%270%200%202560%201700%27%3E%3Crect%20width%3D%272560%27%20height%3D%271700%27%20fill-opacity%3D%220%22%2F%3E%3C%2Fsvg%3E\"><\/div><\/div><\/div><\/div><div class=\"fusion-fullwidth fullwidth-box fusion-builder-row-3 fusion-flex-container fusion-parallax-none nonhundred-percent-fullwidth non-hundred-percent-height-scrolling\" style=\"--awb-background-position:center top;--awb-border-sizes-top:0px;--awb-border-sizes-bottom:0px;--awb-border-sizes-left:0px;--awb-border-sizes-right:0px;--awb-border-radius-top-left:0px;--awb-border-radius-top-right:0px;--awb-border-radius-bottom-right:0px;--awb-border-radius-bottom-left:0px;--awb-padding-top:80px;--awb-padding-bottom:80px;--awb-background-image:linear-gradient(180deg, #707070 0%,rgba(255,255,255,0) 100%),url(https:\/\/igokat.com\/site\/wp-content\/uploads\/2016\/01\/home_cta_bottom_bg.jpg);;--awb-background-size:cover;--awb-flex-wrap:wrap;\" ><div class=\"fusion-builder-row fusion-row fusion-flex-align-items-flex-start fusion-flex-content-wrap\" style=\"max-width:calc( 1200px + 0px );margin-left: calc(-0px \/ 2 );margin-right: calc(-0px \/ 2 );\"><div class=\"fusion-layout-column fusion_builder_column fusion-builder-column-3 fusion_builder_column_1_1 1_1 fusion-flex-column fusion-flex-align-self-flex-start fusion-column-no-min-height\" style=\"--awb-bg-size:cover;--awb-width-large:100%;--awb-margin-top-large:0px;--awb-spacing-right-large:0px;--awb-margin-bottom-large:0px;--awb-spacing-left-large:0px;--awb-width-medium:100%;--awb-order-medium:0;--awb-spacing-right-medium:0px;--awb-spacing-left-medium:0px;--awb-width-small:100%;--awb-order-small:0;--awb-spacing-right-small:0px;--awb-spacing-left-small:0px;\"><div class=\"fusion-column-wrapper fusion-column-has-shadow fusion-flex-justify-content-flex-start fusion-content-layout-column\"><div class=\"fusion-title title fusion-title-2 fusion-sep-none fusion-title-center fusion-title-text fusion-title-size-five\" style=\"--awb-text-color:#ffffff;--awb-margin-bottom:0px;--awb-margin-top-small:10px;--awb-margin-right-small:0px;--awb-margin-bottom-small:10px;--awb-margin-left-small:0px;\"><h5 class=\"fusion-title-heading title-heading-center\" style=\"margin:0;\">Pour plus d\u2019informations (professeurs, \u00e9l\u00e8ves, horaires, prix, spectacle etc\u2026)\r\nnous vous invitons \u00e0 cliquer sur le lien du cours de votre choix en haut de la page.<\/h5><\/div><\/div><\/div><\/div><\/div>","protected":false},"excerpt":{"rendered":"","protected":false},"author":1,"featured_media":0,"parent":0,"menu_order":0,"comment_status":"closed","ping_status":"closed","template":"100-width.php","meta":{"footnotes":""},"class_list":["post-3569","page","type-page","status-publish","hentry"],"_links":{"self":[{"href":"https:\/\/igokat.com\/site\/wp-json\/wp\/v2\/pages\/3569","targetHints":{"allow":["GET"]}}],"collection":[{"href":"https:\/\/igokat.com\/site\/wp-json\/wp\/v2\/pages"}],"about":[{"href":"https:\/\/igokat.com\/site\/wp-json\/wp\/v2\/types\/page"}],"author":[{"embeddable":true,"href":"https:\/\/igokat.com\/site\/wp-json\/wp\/v2\/users\/1"}],"replies":[{"embeddable":true,"href":"https:\/\/igokat.com\/site\/wp-json\/wp\/v2\/comments?post=3569"}],"version-history":[{"count":24,"href":"https:\/\/igokat.com\/site\/wp-json\/wp\/v2\/pages\/3569\/revisions"}],"predecessor-version":[{"id":5580,"href":"https:\/\/igokat.com\/site\/wp-json\/wp\/v2\/pages\/3569\/revisions\/5580"}],"wp:attachment":[{"href":"https:\/\/igokat.com\/site\/wp-json\/wp\/v2\/media?parent=3569"}],"curies":[{"name":"wp","href":"https:\/\/api.w.org\/{rel}","templated":true}]}}