{"id":3638,"date":"2020-10-18T19:52:19","date_gmt":"2020-10-18T17:52:19","guid":{"rendered":"https:\/\/igokat.com\/site\/?page_id=3638"},"modified":"2025-05-31T08:05:05","modified_gmt":"2025-05-31T06:05:05","slug":"nos-prix","status":"publish","type":"page","link":"https:\/\/igokat.com\/site\/nos-prix\/","title":{"rendered":"Nos prix"},"content":{"rendered":"<p><div class=\"fusion-fullwidth fullwidth-box fusion-builder-row-1 fusion-flex-container fusion-parallax-none nonhundred-percent-fullwidth non-hundred-percent-height-scrolling\" style=\"--awb-background-blend-mode:overlay;--awb-border-sizes-top:0px;--awb-border-sizes-bottom:0px;--awb-border-sizes-left:0px;--awb-border-sizes-right:0px;--awb-border-radius-top-left:0px;--awb-border-radius-top-right:0px;--awb-border-radius-bottom-right:0px;--awb-border-radius-bottom-left:0px;--awb-padding-top:72px;--awb-padding-bottom:0px;--awb-margin-bottom:20px;--awb-background-color:rgba(10,19,35,0.15);--awb-background-image:url(&quot;https:\/\/igokat.com\/site\/wp-content\/uploads\/2020\/10\/Nos-prix-dark.jpg&quot;);--awb-background-size:cover;--awb-flex-wrap:wrap;\" ><div class=\"fusion-builder-row fusion-row fusion-flex-align-items-flex-start fusion-flex-content-wrap\" style=\"max-width:calc( 1200px + 0px );margin-left: calc(-0px \/ 2 );margin-right: calc(-0px \/ 2 );\"><div class=\"fusion-layout-column fusion_builder_column fusion-builder-column-0 fusion_builder_column_1_1 1_1 fusion-flex-column fusion-flex-align-self-flex-start fusion-column-no-min-height\" style=\"--awb-bg-blend:overlay;--awb-bg-size:cover;--awb-width-large:100%;--awb-margin-top-large:0px;--awb-spacing-right-large:0px;--awb-margin-bottom-large:0px;--awb-spacing-left-large:0px;--awb-width-medium:100%;--awb-spacing-right-medium:0px;--awb-spacing-left-medium:0px;--awb-width-small:100%;--awb-spacing-right-small:0px;--awb-spacing-left-small:0px;\"><div class=\"fusion-column-wrapper fusion-flex-justify-content-flex-start fusion-content-layout-column\"><div class=\"fusion-separator fusion-no-small-visibility fusion-no-medium-visibility fusion-full-width-sep\" style=\"align-self: center;margin-left: auto;margin-right: auto;margin-top:120px;width:100%;\"><\/div><div class=\"fusion-title title fusion-title-1 fusion-sep-none fusion-title-center fusion-title-text fusion-title-size-one\" style=\"--awb-text-color:#ffffff;--awb-margin-top-small:10px;--awb-margin-right-small:0px;--awb-margin-bottom-small:10px;--awb-margin-left-small:0px;\"><h1 class=\"fusion-title-heading title-heading-center\" style=\"margin:0;\">NOS PRIX<\/h1><\/div><div class=\"fusion-separator fusion-full-width-sep\" style=\"align-self: center;margin-left: auto;margin-right: auto;margin-top:15px;width:100%;\"><\/div><div class=\"fusion-separator fusion-no-medium-visibility fusion-no-large-visibility fusion-full-width-sep\" style=\"align-self: center;margin-left: auto;margin-right: auto;margin-top:40px;width:100%;\"><\/div><div class=\"fusion-section-separator section-separator waves-opacity fusion-section-separator-1\" style=\"--awb-spacer-padding-top:21.09375%;--awb-svg-margin-left:0px;--awb-svg-margin-right:0px;--awb-svg-margin-left-medium:0px;--awb-svg-margin-right-medium:0px;--awb-svg-margin-left-small:0px;--awb-svg-margin-right-small:0px;--awb-sep-font-size:0;--awb-sep-line-height:0;\"><div class=\"fusion-section-separator-svg\"><svg class=\"fusion-waves-opacity-candy\" xmlns=\"http:\/\/www.w3.org\/2000\/svg\" version=\"1.1\" width=\"100%\" viewBox=\"0 0 1024 216\" preserveAspectRatio=\"none\" fill=\"rgba(255,255,255,1)\"><path class=\"st0\" d=\"M0 216.068h1024l.1-105.2c-14.6-3.2-30.2-5.8-47.1-7.6-178.6-19.6-279.5 56.8-464.3 41.3-206.5-17.2-248.4-128.8-455-143.8-19-1.3-38.3-.2-57.7.3v215z\"\/>\n\t\t\t\t\t\t\t\t\t\t<path class=\"st1\" d=\"M0 20.068v196.144h1024v-79.744c-22.7-6.4-47.9-11.4-76.2-14.6-178.6-19.8-272.2 53.9-457.1 38.4-206.6-17.2-197.3-124.7-403.9-139.8-27.2-2-56.6-2-86.8-.4z\"\/>\n\t\t\t\t\t\t\t\t\t\t<path class=\"st2\" d=\"M0 216.212h1024v-35.744c-45.1-15.4-95.2-27.7-150-33.7-178.6-19.8-220.6 46.8-405.4 31.3-206.6-17.2-197.8-114.7-404.4-129.7-20.4-1.5-42-2-64.2-1.7v169.544z\"\/>\n\t\t\t\t\t\t\t\t\t\t<path class=\"st3\" d=\"M0 216.312h1024v-3.044c-50.8-17.1-108.7-30.7-172.7-37.9-178.6-19.8-220 36.8-404.9 21.3-206.6-17.2-228-126.5-434.5-141.6-3.9-.3-7.9-.5-11.9-.7v161.944z\"\/>\n\t\t\t\t\t\t\t\t\t<\/svg><\/div><div class=\"fusion-section-separator-spacer\"><div class=\"fusion-section-separator-spacer-height\"><\/div><\/div><\/div><\/div><\/div><\/div><\/div><div class=\"fusion-fullwidth fullwidth-box fusion-builder-row-2 fusion-flex-container nonhundred-percent-fullwidth non-hundred-percent-height-scrolling\" style=\"--awb-border-radius-top-left:0px;--awb-border-radius-top-right:0px;--awb-border-radius-bottom-right:0px;--awb-border-radius-bottom-left:0px;--awb-flex-wrap:wrap;\" ><div class=\"fusion-builder-row fusion-row fusion-flex-align-items-flex-start fusion-flex-content-wrap\" style=\"max-width:calc( 1200px + 0px );margin-left: calc(-0px \/ 2 );margin-right: calc(-0px \/ 2 );\"><div class=\"fusion-layout-column fusion_builder_column fusion-builder-column-1 fusion_builder_column_1_1 1_1 fusion-flex-column\" style=\"--awb-bg-blend:overlay;--awb-bg-size:cover;--awb-width-large:100%;--awb-margin-top-large:0px;--awb-spacing-right-large:0px;--awb-margin-bottom-large:0px;--awb-spacing-left-large:0px;--awb-width-medium:100%;--awb-spacing-right-medium:0px;--awb-spacing-left-medium:0px;--awb-width-small:100%;--awb-spacing-right-small:0px;--awb-spacing-left-small:0px;\"><div class=\"fusion-column-wrapper fusion-flex-justify-content-flex-start fusion-content-layout-column\"><div class=\"fusion-text fusion-text-1\"><\/p>\n<blockquote class=\"wp-block-quote is-layout-flow wp-block-quote-is-layout-flow\">\n<p><strong>PRIX DES COURS ADULTES PAR DISCIPLINE<br \/><\/strong><\/p>\n<p><strong>PAIEMENT PAR MOIS :<\/strong> <br \/>cours \u00e0 l\u2019unit\u00e9 = 30.- fr.<\/p>\n<p><strong>Forfaits :<\/strong> 1 cours par semaine = 95.- fr. par mois (4 cours)<br \/>2 cours par semaine = 170.- fr. par mois (8 cours)<br \/>3 cours par semaine = 220.- fr. par mois (12 cours)<br \/>4 cours par semaine = 270.- fr. par mois (16 cours)<br \/>5 cours par semaine = 310.- fr. par mois (20 cours)<\/p>\n<p>Les mois qui contiennent 5 semaines: le 5\u00e8me cours est offert par la direction mais celui-ci ne pourra pas \u00eatre rattrap\u00e9 si vous n\u2019\u00eates pas venus au cours.<\/p>\n<p><strong>FORFAIT \u00c9TOILE :<\/strong> 310.- fr. par mois<br \/>Tous les cours adultes \u00e0 volont\u00e9 et engagement \u00e0 l\u2019ann\u00e9e. <br \/>Paiement 3 fois la premi\u00e8re semaine des mois de septembre, d\u00e9cembre et mars. <br \/>Possibilit\u00e9 de paiement \u00e9chelonn\u00e9.<\/p>\n<p><strong>PRIX DES COURS ENFANTS PAR DISCIPLINE<br \/>Suite au premier paiement du mois de septembre, les cours se paient trimestriellement.<\/strong><\/p>\n<p>Cours \u00e0 l\u2019unit\u00e9 = 20.- fr. (Baby dance &amp; Pr\u00e9-Ballet), 25.- fr. (Niveau I \u00e0 V) et 30.-fr. (Moderne &amp; Parent\/Enfant)<\/p>\n<p><strong>Forfaits Classique : <\/strong><\/p>\n<p><strong>Parent\/Enfant (45 min.) :<\/strong><br \/>1 cours par semaine = 95.- fr. par mois<\/p>\n<p><strong>Baby Dance (45 min.) :<\/strong><br \/>1 cours par semaine = 70.- fr. par mois<br \/>2 cours par semaine = 130.- fr. par mois<br \/>3 cours par semaine = 180.- fr. par mois<br \/>Baby Dance: les enfants ne doivent plus porter de couches-culottes<\/p>\n<p><strong>Pr\u00e9-Ballet (60 min.) :<\/strong><br \/>1 cours par semaine = 75.- fr. par mois<br \/>2 cours par semaine = 140.- fr. par mois<br \/>3 cours par semaine = 190.- fr. par mois<\/p>\n<p><strong>Niveau I, II (60 min.) :<\/strong><br \/>1 cours par semaine = 80.- fr. par mois<br \/>2 cours par semaine = 145.- fr. par mois<br \/>3 cours par semaine = 195.- fr. par mois<br \/>4 cours par semaine = 245.- fr. par mois<br \/>* \u00e0 partir de 5 cours par semaine se r\u00e9f\u00e9rer au Programme Pr\u00e9-professionnel<\/p>\n<p><strong>Niveau III, IV, V (90 min.) :<\/strong><br \/>1 cours par semaine = 85.- fr. par mois<br \/>2 cours par semaine = 155.- fr. par mois<br \/>3 cours par semaine = 205.- fr. par mois<br \/>4 cours par semaine = 255.- fr. par mois<br \/>* \u00e0 partir de 5 cours par semaine se r\u00e9f\u00e9rer au Programme Pr\u00e9-professionnel<\/p>\n<p><strong>Forfaits Moderne Enfants\/Jeunes :<\/strong><br \/>1 cours par semaine = 90.- fr. par mois<br \/>2 cours par semaine = 160.- fr. par mois<br \/>3 cours par semaine = 210.- fr. par mois<\/p>\n<p><strong>FRAIS D\u2019INSCRIPTION ANNUELS :<\/strong> Chaque ann\u00e9e scolaire (septembre \u00e0 juin) une cotisation de 20.- fr. est per\u00e7ue au moment de l\u2019inscription.<\/p>\n<p><strong>PROGRAMME PR\u00c9-PROFESSIONNEL :<\/strong> * \u00e0 partir de 310.- fr. par mois<br \/>Paiement en 3 fois, la premi\u00e8re semaine des mois de septembre, d\u00e9cembre et mars. Les cours choisis sont fix\u00e9s par la direction.<br \/>Le Centre Igokat offre la possibilit\u00e9 de suivre une formation pr\u00e9-professionnelle. Le programme de danse pr\u00e9-professionnel est destin\u00e9 aux adolescents qui d\u00e9sirent perfectionner leur technique classique, moderne, contemporaine et d\u00e9velopper un \u00e9veil artistique.\u00a0<br \/>10% DE RABAIS : Pour les Adultes et Enfants, membres de la m\u00eame famille qui habitent dans le m\u00eame foyer et pour un cours d\u2019une autre discipline. Le rabais de 10% n\u2019est pas valable sur le forfait Pr\u00e9-professionnel et le forfait \u00c9toile.<\/p>\n<\/blockquote>\n<p>&nbsp;<\/p>\n<\/div><\/div><\/div><\/div><\/div><\/p>","protected":false},"excerpt":{"rendered":"","protected":false},"author":1,"featured_media":0,"parent":0,"menu_order":0,"comment_status":"closed","ping_status":"closed","template":"100-width.php","meta":{"footnotes":""},"class_list":["post-3638","page","type-page","status-publish","hentry"],"_links":{"self":[{"href":"https:\/\/igokat.com\/site\/wp-json\/wp\/v2\/pages\/3638","targetHints":{"allow":["GET"]}}],"collection":[{"href":"https:\/\/igokat.com\/site\/wp-json\/wp\/v2\/pages"}],"about":[{"href":"https:\/\/igokat.com\/site\/wp-json\/wp\/v2\/types\/page"}],"author":[{"embeddable":true,"href":"https:\/\/igokat.com\/site\/wp-json\/wp\/v2\/users\/1"}],"replies":[{"embeddable":true,"href":"https:\/\/igokat.com\/site\/wp-json\/wp\/v2\/comments?post=3638"}],"version-history":[{"count":24,"href":"https:\/\/igokat.com\/site\/wp-json\/wp\/v2\/pages\/3638\/revisions"}],"predecessor-version":[{"id":9340,"href":"https:\/\/igokat.com\/site\/wp-json\/wp\/v2\/pages\/3638\/revisions\/9340"}],"wp:attachment":[{"href":"https:\/\/igokat.com\/site\/wp-json\/wp\/v2\/media?parent=3638"}],"curies":[{"name":"wp","href":"https:\/\/api.w.org\/{rel}","templated":true}]}}