{"id":3736,"date":"2021-08-09T17:55:02","date_gmt":"2021-08-09T15:55:02","guid":{"rendered":"https:\/\/igokat.com\/site\/?page_id=3736"},"modified":"2021-12-29T16:09:20","modified_gmt":"2021-12-29T15:09:20","slug":"pasquale-alberico","status":"publish","type":"page","link":"https:\/\/igokat.com\/site\/pasquale-alberico\/","title":{"rendered":"Pasquale Alberico"},"content":{"rendered":"<div class=\"fusion-fullwidth fullwidth-box fusion-builder-row-1 fusion-flex-container nonhundred-percent-fullwidth non-hundred-percent-height-scrolling\" style=\"--awb-border-radius-top-left:0px;--awb-border-radius-top-right:0px;--awb-border-radius-bottom-right:0px;--awb-border-radius-bottom-left:0px;--awb-margin-top:0px;--awb-flex-wrap:wrap;\" ><div class=\"fusion-builder-row fusion-row fusion-flex-align-items-flex-start fusion-flex-content-wrap\" style=\"max-width:calc( 1200px + 0px );margin-left: calc(-0px \/ 2 );margin-right: calc(-0px \/ 2 );\"><div class=\"fusion-layout-column fusion_builder_column fusion-builder-column-0 fusion_builder_column_1_1 1_1 fusion-flex-column\" style=\"--awb-bg-size:cover;--awb-width-large:100%;--awb-margin-top-large:0px;--awb-spacing-right-large:0px;--awb-margin-bottom-large:0px;--awb-spacing-left-large:0px;--awb-width-medium:100%;--awb-spacing-right-medium:0px;--awb-spacing-left-medium:0px;--awb-width-small:100%;--awb-spacing-right-small:0px;--awb-spacing-left-small:0px;\"><div class=\"fusion-column-wrapper fusion-flex-justify-content-flex-start fusion-content-layout-column\"><div class=\"fusion-text fusion-text-1\"><\/p>\n<\/p>\n<blockquote class=\"wp-block-quote is-layout-flow wp-block-quote-is-layout-flow\">\n<p class=\"western\"><strong>Pasquale Alberico<\/strong> est n\u00e9 \u00e0 Marcianise en Italie en 1979. Il \u00e9tudie et re\u00e7oit le dipl\u00f4me \u00e0 l\u2019Acad\u00e9mie de Danse de Mara Fusco et il interpr\u00e8te des r\u00f4les de solistes dans la Compagnia del Balletto di Napoli.<\/p>\n<p><strong>En septembre 1998,<\/strong> il est pris dans l\u2019\u00e9cole Rudra B\u00e9jart \u00e0 Lausanne et, l\u2019ann\u00e9e suivante, il est engag\u00e9 dans la compagnie B\u00e9jart Ballet Lausanne o\u00f9 il interpr\u00e8tedes r\u00f4les principaux comme la fille dans le \u00abMandarin Merveilleux\u00bb, Federico Fellini dans \u00abCiao Federico\u00bb, et le Millionaire Waltz dans \u00abBallet For Life\u00bb.<\/p>\n<p><strong>En 2006,<\/strong> il danse comme premier danseur avec la Compagnie Igokat \u00abStars of Christmas\u00bb \u00e0 Mondov\u00ec. Il est premier danseur pour le festival de Saint-Prex en 2007 et en 2008 ainsi que pour le Gala \u00abOro di Napoli\u00bb en Italie.<\/p>\n<p><strong>En avril 2008,<\/strong> il travaille en collaboration avec un choeur de chant \u00abElle en C\u00bb en tant que chor\u00e9graphe et premi\u00e8re danseur.<\/p>\n<p><strong>En mai 2008,<\/strong> il danse comme premier danseur avec la Compagnie Igokat dans \u00abDentro\u00bb. En d\u00e9cembre 2008, il danse comme premier danseur dans la production de l\u2019Op\u00e9ra de Lausanne \u00abLa Belle H\u00e9l\u00e8ne\u00bb.<\/p>\n<p><strong>En 2009,<\/strong> Il danse comme premier danseur dans \u00abLe 6\u00e8me El\u00e9ment\u00bb avec la Compagnie Igokat au Th\u00e9\u00e2tre du M\u00e9tropole \u00e0 Lausanne ainsi que pour la r\u00e9ouverture du Th\u00e9\u00e2tre du Jorat avec \u00abDentro\u00bb.<\/p>\n<p><strong>En 2007 et 2009,<\/strong> il est membre de jury pour les pr\u00e9-s\u00e9lections du Prix de Lausanne.<\/p>\n<p><strong>En novembre 2009,<\/strong> il est premier danseur avec la Compagnie Igokat pour le 2\u00e8me anniversaire de la disparition de Maurice B\u00e9jart au Teatro Nuovo de Turin.<\/p>\n<p><strong>En mars 2010,<\/strong> il danse pour l\u2019ouverture du Festival de la danse de Lugano avec la Compagnie Igokat dans \u00abLe 6\u00e8me El\u00e9ment\u00bb.<\/p>\n<p><strong>En juin 2010,<\/strong> il est premi\u00e8re danseur avec la Compagnie Igokat dans \u00abTais-toi et Danse\u00bb au Th\u00e9\u00e2tre M\u00e9tropole \u00e0 Lausanne.<\/p>\n<p><strong>En mai, novembre et d\u00e9cembre 2011,<\/strong> il est premier danseur dans \u00abBD \u2013 Ballet Dessin\u00e9\u00bb au Th\u00e9\u00e2tre de l&#8217;Octogone \u00e0 Pully et au Th\u00e9\u00e2tre de Vevey.<\/p>\n<p><strong>Depuis 2011,<\/strong> il donne des stages de danse classique et de r\u00e9pertoire dans plusieurs \u00e9coles, notamment dans le camp d&#8217;\u00e9t\u00e9 de patinage de Villars.<\/p>\n<p><strong>En juillet 2012,<\/strong> il est premier danseur avec la Compagnie Igokat dans le Gala d&#8217;ouverture du festival de Vignale Danza en Italie<\/p>\n<p><strong>En novembre et d\u00e9cembre 2012,<\/strong> il est premier danseur avec la Compagnie Igokat dans \u00abUne Chance, un Sourire\u00bb \u00e0 l&#8217;Espace Culturel des Terreaux \u00e0 Lausanne et au Th\u00e9\u00e2tre Marens \u00e0 Nyon. Avec la Participation de Sara Frassanito, ils chor\u00e9graphient \u00abLe Bon Vieux Temps\u00bb pr\u00e9sent\u00e9 dans le canton de Neuch\u00e2tel (Suisse).<\/p>\n<p><strong>En octobre 2013, <\/strong>il est premier danseur avec la Compagnie Igokat dans \u00abGive &amp; Take\u00bb \u00e0 l&#8217;Espace Culturel des Terreaux \u00e0 Lausanne.<\/p>\n<p><strong>En d\u00e9cembre 2013,<\/strong> il est premier danseurs dans des extraits de \u00abGive &amp; Take\u00bb pour la r\u00e9ouverture du Mus\u00e9e Olympique de Lausanne ainsi que danseur invit\u00e9 avec Julie Lamby pour le gala de \u00abVillars On Ice\u00bb aupr\u00e8s de St\u00e9phane Lambiel \u00e0 Villars.<\/p>\n<p><strong>En 2014, <\/strong>il est premier danseur avec la Compagnie Magda Leon pour sa nouvele cr\u00e9ation de \u00abCarmina Burana\u00bb \u00e0 la Chaux-de-Fonds.<\/p>\n<p><strong>En octobre et novembre 2014,<\/strong> il premier danseur avec la Compagnie Igokat dans \u00abVouloir c&#8217;est Pouvoir\u00bb \u00e0 l&#8217;Espace Culturel des Terreaux \u00e0 Lausanne.<\/p>\n<p><strong>En novembre 2014,<\/strong> il est invit\u00e9 comme premier danseur pour un gala \u00e0 l&#8217;h\u00f4tel Kempinski \u00e0 Gen\u00e8ve avec Julie Lamby.<\/p>\n<p><strong>En octobre et novembre 2015,<\/strong> il est premier danseur avec la Compagnie Igokat dans \u00abdansebook\u00bb \u00e0 l&#8217;Espace Culturel des Terreaux \u00e0 Lausanne.<\/p>\n<p><strong>Depuis 2016,<\/strong> il est Moniteur les Jeunes pour \u00abJeunesse et Sport\u00bb Suisse dans la section Gymnastique et Danse.<\/p>\n<p><strong>En janvier 2016,<\/strong> il est premier danseur avec la Compagnie Igokat dans \u00abdansebook\u00bb au Th\u00e9\u00e2tre de Colombier \u00e0 Neuch\u00e2tel.<\/p>\n<p><strong>En novembre 2016,<\/strong> il est premier danseur avec la Compagnie Igokat dans \u00abRom\u00e9o cherche Juliette\u00bb \u00e0 l&#8217;Espace Culturel des Terreaux \u00e0 Lausanne.<\/p>\n<p><strong>En novembre 2017,<\/strong> il est premier danseur avec la Compagnie Igokat dans \u00abPetrouchka le Clown\u00bb \u00e0 l&#8217;Espace Culturel des Terreaux \u00e0 Lausanne.<\/p>\n<p><strong>En novembre et d\u00e9cembre 2018,<\/strong> il est premier danseur avec la Compagnie Igokat dans \u00abIl Maestro Vivaldi\u00bb \u00e0 l&#8217;Espace Culturel des Terreaux \u00e0 Lausanne.<\/p>\n<p><strong>En mars 2020,<\/strong> il est premier danseur avec la Compagnie Igokat dans \u00abThe Wall\u00bb \u00e0 l\u2019Espace Culturel des Terreaux \u00e0 Lausanne.<\/p>\n<p><b>En octobre 2021,<\/b> il est premier danseur avec la Compagnie Igokat dans \u00abL\u2019Hymne \u00e0 la Joie\u00bb \u00e0 l\u2019Espace Culturel des Terreaux \u00e0 Lausanne.<\/p>\n<p><strong>Il est actuellement professeur \u00e0 l&#8217;Acad\u00e9mie de danse Igokat ainsi que dans diff\u00e9rentes \u00e9coles en Suisse, premier danseur avec la Compagnie Igokat et danseur free-lance.<\/strong><\/p>\n<\/blockquote>\n<\/p>\n<\/p>\n<p class=\"is-layout-flow wp-block-quote-is-layout-flow\">\n<\/div><\/div><\/div><\/div><\/div>","protected":false},"excerpt":{"rendered":"","protected":false},"author":1,"featured_media":0,"parent":0,"menu_order":0,"comment_status":"closed","ping_status":"closed","template":"","meta":{"footnotes":""},"class_list":["post-3736","page","type-page","status-publish","hentry"],"_links":{"self":[{"href":"https:\/\/igokat.com\/site\/wp-json\/wp\/v2\/pages\/3736","targetHints":{"allow":["GET"]}}],"collection":[{"href":"https:\/\/igokat.com\/site\/wp-json\/wp\/v2\/pages"}],"about":[{"href":"https:\/\/igokat.com\/site\/wp-json\/wp\/v2\/types\/page"}],"author":[{"embeddable":true,"href":"https:\/\/igokat.com\/site\/wp-json\/wp\/v2\/users\/1"}],"replies":[{"embeddable":true,"href":"https:\/\/igokat.com\/site\/wp-json\/wp\/v2\/comments?post=3736"}],"version-history":[{"count":9,"href":"https:\/\/igokat.com\/site\/wp-json\/wp\/v2\/pages\/3736\/revisions"}],"predecessor-version":[{"id":5319,"href":"https:\/\/igokat.com\/site\/wp-json\/wp\/v2\/pages\/3736\/revisions\/5319"}],"wp:attachment":[{"href":"https:\/\/igokat.com\/site\/wp-json\/wp\/v2\/media?parent=3736"}],"curies":[{"name":"wp","href":"https:\/\/api.w.org\/{rel}","templated":true}]}}