{"id":3763,"date":"2021-08-10T19:31:38","date_gmt":"2021-08-10T17:31:38","guid":{"rendered":"https:\/\/igokat.com\/site\/?page_id=3763"},"modified":"2025-07-19T11:13:15","modified_gmt":"2025-07-19T09:13:15","slug":"ilonna-tognetti","status":"publish","type":"page","link":"https:\/\/igokat.com\/site\/ilonna-tognetti\/","title":{"rendered":"Ilonna Tognetti"},"content":{"rendered":"<div class=\"fusion-fullwidth fullwidth-box fusion-builder-row-1 fusion-flex-container nonhundred-percent-fullwidth non-hundred-percent-height-scrolling\" style=\"--awb-border-radius-top-left:0px;--awb-border-radius-top-right:0px;--awb-border-radius-bottom-right:0px;--awb-border-radius-bottom-left:0px;--awb-margin-top:0px;--awb-flex-wrap:wrap;\" ><div class=\"fusion-builder-row fusion-row fusion-flex-align-items-flex-start fusion-flex-content-wrap\" style=\"max-width:1248px;margin-left: calc(-4% \/ 2 );margin-right: calc(-4% \/ 2 );\"><div class=\"fusion-layout-column fusion_builder_column fusion-builder-column-0 fusion_builder_column_1_1 1_1 fusion-flex-column\" style=\"--awb-bg-size:cover;--awb-width-large:100%;--awb-margin-top-large:0px;--awb-spacing-right-large:1.92%;--awb-margin-bottom-large:0px;--awb-spacing-left-large:1.92%;--awb-width-medium:100%;--awb-spacing-right-medium:1.92%;--awb-spacing-left-medium:1.92%;--awb-width-small:100%;--awb-spacing-right-small:1.92%;--awb-spacing-left-small:1.92%;\"><div class=\"fusion-column-wrapper fusion-flex-justify-content-flex-start fusion-content-layout-column\"><div class=\"fusion-text fusion-text-1\"><\/p>\n<\/p>\n<blockquote class=\"wp-block-quote is-layout-flow wp-block-quote-is-layout-flow\">\n<p><strong>Ilonna Tognetti<\/strong><br \/>N\u00e9e \u00e0 Cannes en France, elle d\u00e9couvre la danse \u00e0 l\u2019\u00e2ge de 8 ans, c\u2019est vers ses 14 ans qu\u2019elle d\u00e9butera r\u00e9ellement avec assiduit\u00e9 et s\u00e9rieux son apprentissage de la danse classique.<\/p>\n<p><strong>\u00c0 son entr\u00e9e au lyc\u00e9e,<\/strong> elle int\u00e8gre la classe \u00e0 horaires am\u00e9nag\u00e9s, section danse-\u00e9tudes \u00e0 l\u2019\u00e9cole de danse Master Class Danse de Villeneuve \u2013Loubet et suivra une formation intensive, avec des cours de classique, pointes, modern\/jazz, contemporain, barre \u00e0 terre etc&#8230;<\/p>\n<p><strong>D\u00e8s lors<\/strong> on la pr\u00e9pare aux concours internationaux o\u00f9 elle obtient tr\u00e8s vite d\u2019excellents r\u00e9sultats tel que la m\u00e9daille d\u2019or au Concours International de Grasse, de Florence, de Montpellier et encore bien d\u2019autres.<\/p>\n<p><strong>Lors de ces concours,<\/strong> des stages lui sont offerts, elle a ainsi obtenu un stage \u00e0 Montpellier, Marseille, l\u2019Isle sur la Sorgue, G\u00e8nes, Agen, Vichy, Firenze, un stage de trois semaines au Mexique et s\u00e9lectionn\u00e9e au stage international de Dresd en \u00ab Ballet Summer School \u00bb.<\/p>\n<p><strong>En 2017,<\/strong> elle se fera remarqu\u00e9e \u00e0 l\u2019\u00e9mission Prodiges o\u00f9 elle finira quatri\u00e8me sur plus de 2500 Participants et aura la chance de danser devantPatrick Dupond sur France 2.<\/p>\n<p><strong>En 2019,<\/strong> elle obtient son Baccalaur\u00e9at en \u00e9conomie et social et int\u00e8gre, apr\u00e8s audition, l\u2019\u00e9cole \u00abAtelier Rudra B\u00e9jart Lausanne\u00bb sous la direction de Michel Gascard.<\/p>\n<p><strong>Elle dansera<\/strong> diff\u00e9rentes pi\u00e8ces de Val\u00e9rie Lacaze et de Maurice B\u00e9jart, tels que Concerto en R\u00e9, le Sacre du Printemps etc.<\/p>\n<p><strong>Depuis 2023,<\/strong>\u00a0elle est monitrice pour les Kids et les Jeunes pour \u00abJeunesse &amp; Sport\u00bb Suisse dans la section gymnastique et danse.<\/p>\n<p><strong>Elle est actuellement<\/strong> professeur \u00e0 l\u2019Acad\u00e9mie de danse Igokat ainsi que professeur et danseuse free-lance.<b><\/b><\/p>\n<\/blockquote>\n<\/p>\n<\/p>\n<p class=\"is-layout-flow wp-block-quote-is-layout-flow\">\n<\/div><\/div><\/div><\/div><\/div>","protected":false},"excerpt":{"rendered":"","protected":false},"author":1,"featured_media":0,"parent":0,"menu_order":0,"comment_status":"closed","ping_status":"closed","template":"","meta":{"footnotes":""},"class_list":["post-3763","page","type-page","status-publish","hentry"],"_links":{"self":[{"href":"https:\/\/igokat.com\/site\/wp-json\/wp\/v2\/pages\/3763","targetHints":{"allow":["GET"]}}],"collection":[{"href":"https:\/\/igokat.com\/site\/wp-json\/wp\/v2\/pages"}],"about":[{"href":"https:\/\/igokat.com\/site\/wp-json\/wp\/v2\/types\/page"}],"author":[{"embeddable":true,"href":"https:\/\/igokat.com\/site\/wp-json\/wp\/v2\/users\/1"}],"replies":[{"embeddable":true,"href":"https:\/\/igokat.com\/site\/wp-json\/wp\/v2\/comments?post=3763"}],"version-history":[{"count":9,"href":"https:\/\/igokat.com\/site\/wp-json\/wp\/v2\/pages\/3763\/revisions"}],"predecessor-version":[{"id":8207,"href":"https:\/\/igokat.com\/site\/wp-json\/wp\/v2\/pages\/3763\/revisions\/8207"}],"wp:attachment":[{"href":"https:\/\/igokat.com\/site\/wp-json\/wp\/v2\/media?parent=3763"}],"curies":[{"name":"wp","href":"https:\/\/api.w.org\/{rel}","templated":true}]}}