{"id":3770,"date":"2021-08-10T19:42:58","date_gmt":"2021-08-10T17:42:58","guid":{"rendered":"https:\/\/igokat.com\/site\/?page_id=3770"},"modified":"2021-11-13T16:11:10","modified_gmt":"2021-11-13T15:11:10","slug":"sarah-frassanito","status":"publish","type":"page","link":"https:\/\/igokat.com\/site\/sarah-frassanito\/","title":{"rendered":"Sarah Frassanito"},"content":{"rendered":"<div class=\"fusion-fullwidth fullwidth-box fusion-builder-row-1 fusion-flex-container nonhundred-percent-fullwidth non-hundred-percent-height-scrolling\" style=\"--awb-border-radius-top-left:0px;--awb-border-radius-top-right:0px;--awb-border-radius-bottom-right:0px;--awb-border-radius-bottom-left:0px;--awb-margin-top:0px;--awb-flex-wrap:wrap;\" ><div class=\"fusion-builder-row fusion-row fusion-flex-align-items-flex-start fusion-flex-content-wrap\" style=\"max-width:1248px;margin-left: calc(-4% \/ 2 );margin-right: calc(-4% \/ 2 );\"><div class=\"fusion-layout-column fusion_builder_column fusion-builder-column-0 fusion_builder_column_1_1 1_1 fusion-flex-column\" style=\"--awb-bg-size:cover;--awb-width-large:100%;--awb-margin-top-large:0px;--awb-spacing-right-large:1.92%;--awb-margin-bottom-large:0px;--awb-spacing-left-large:1.92%;--awb-width-medium:100%;--awb-spacing-right-medium:1.92%;--awb-spacing-left-medium:1.92%;--awb-width-small:100%;--awb-spacing-right-small:1.92%;--awb-spacing-left-small:1.92%;\"><div class=\"fusion-column-wrapper fusion-flex-justify-content-flex-start fusion-content-layout-column\"><div class=\"fusion-text fusion-text-1\"><\/p>\n<\/p>\n<blockquote class=\"wp-block-quote is-layout-flow wp-block-quote-is-layout-flow\">\n<p><strong>Sarah Frassanito<\/strong> est n\u00e9e en 1986 dans le canton de Neuch\u00e2tel. Elle commence la danse \u00e0 l\u2019\u00e2ge de 6 ans \u00e0 l\u2019\u00e9cole de danse H\u00e9l\u00e8ne Cazes \u00e0 Cernier. Form\u00e9e avec la m\u00e9thode de la \u00ab<em>Royal Academy of Dance<\/em> de Londres\u00bb, elle passe avec succ\u00e8s les examens du RAD et re\u00e7oit en 2007 son \u00ab<em>Certificate in Ballet Teaching Studies\u00bb<\/em> pour l\u2019enseignement de la danse.<\/p>\n<p><strong>De 2007 \u00e0 2009,<\/strong> elle est accept\u00e9e \u00e0 la \u00ab<em>Cinevox Junior Company\u00bb<\/em> \u00e0 Schaffhouse, dirig\u00e9e par Malou Fenaroli Leclerc. Elle danse dans \u00abLe Sacre du Printemps\u00bb, \u00abRom\u00e9o et Juliette\u00bb et \u00abLe Bol\u00e9ro\u00bb de Franz Brodmann.<\/p>\n<p><strong>Depuis 2009 \u00e0 nos jours,<\/strong> elle reprend l\u2019enseignement de la danse \u00e0 l\u2019Acad\u00e9mie de Danse Igokat.<\/p>\n<p><strong>Depuis 2010,<\/strong> elle est \u00e9galement danseuse soliste avec la Compagnie Igokat. <strong><br \/><\/strong><\/p>\n<p><strong>En mai , novembre et d\u00e9cembre 2011,<\/strong> elle danse dans la nouvelle cr\u00e9ation de la Compagnie Igokat \u00abBD \u2013 Ballet Dessin\u00e9\u00bb au Th\u00e9\u00e2tre de l\u2019Octogone. <strong><br \/><\/strong><\/p>\n<p><strong>En novembre et d\u00e9cembre 2012, <\/strong>elle danse avec la Compagnie Igokat dans \u00abUne Chance, un Sourire\u00bb \u00e0 l\u2019Espace Culturel des Terreaux \u00e0 Lausanne et au Th\u00e9\u00e2tre Marens \u00e0 Nyon. <strong><br \/><\/strong><\/p>\n<p><strong>En d\u00e9cembre 2012, <\/strong>elle est engag\u00e9e comme danseuse soliste pour l\u2019Op\u00e9ra de Lausanne dans \u00abOrph\u00e9e aux Enfers\u00bb. <strong><br \/><\/strong><\/p>\n<p><strong>En octobre 2013,<\/strong> elle danse comme soliste avec la Compagnie Igokat dans \u00abGive &amp; Take\u00bb \u00e0 l\u2019Espace Culturel des Terreaux \u00e0 Lausanne. <strong><br \/><\/strong><\/p>\n<p><strong>En d\u00e9cembre 2013, <\/strong>elle danse comme soliste dans des extraits de \u00abGive &amp; Take\u00bb pour la r\u00e9ouverture du Mus\u00e9e Olympique de Lausanne. <strong><br \/><\/strong><\/p>\n<p><strong>En 2014,<\/strong> elle est premi\u00e8re danseuse avec la Compagnie Magda Leon pour sa nouvelle cr\u00e9ation de \u00abCarmina Burana\u00bb \u00e0 la Chaux-de-Fonds.<\/p>\n<p><strong>Depuis 2014,<\/strong> elle est monitrice pour les Kids et les Jeunes pour \u00abJeunesse &amp; Sport\u00bb Suisse dans la section gymnastique et danse. <strong><br \/><\/strong><\/p>\n<p><strong>Elle est actuellement professeur pour l\u2019Acad\u00e9mie de Danse Igokat ainsi que dans diff\u00e9rentes \u00e9coles en Suisse. Elle est professeur et chor\u00e9graphe free-lance.<\/strong><\/p>\n<\/blockquote>\n<\/p>\n<\/p>\n<p class=\"is-layout-flow wp-block-quote-is-layout-flow\">\n<\/div><\/div><\/div><\/div><\/div>","protected":false},"excerpt":{"rendered":"","protected":false},"author":1,"featured_media":0,"parent":0,"menu_order":0,"comment_status":"closed","ping_status":"closed","template":"","meta":{"footnotes":""},"class_list":["post-3770","page","type-page","status-publish","hentry"],"_links":{"self":[{"href":"https:\/\/igokat.com\/site\/wp-json\/wp\/v2\/pages\/3770","targetHints":{"allow":["GET"]}}],"collection":[{"href":"https:\/\/igokat.com\/site\/wp-json\/wp\/v2\/pages"}],"about":[{"href":"https:\/\/igokat.com\/site\/wp-json\/wp\/v2\/types\/page"}],"author":[{"embeddable":true,"href":"https:\/\/igokat.com\/site\/wp-json\/wp\/v2\/users\/1"}],"replies":[{"embeddable":true,"href":"https:\/\/igokat.com\/site\/wp-json\/wp\/v2\/comments?post=3770"}],"version-history":[{"count":5,"href":"https:\/\/igokat.com\/site\/wp-json\/wp\/v2\/pages\/3770\/revisions"}],"predecessor-version":[{"id":4344,"href":"https:\/\/igokat.com\/site\/wp-json\/wp\/v2\/pages\/3770\/revisions\/4344"}],"wp:attachment":[{"href":"https:\/\/igokat.com\/site\/wp-json\/wp\/v2\/media?parent=3770"}],"curies":[{"name":"wp","href":"https:\/\/api.w.org\/{rel}","templated":true}]}}