{"id":3776,"date":"2021-08-10T19:49:47","date_gmt":"2021-08-10T17:49:47","guid":{"rendered":"https:\/\/igokat.com\/site\/?page_id=3776"},"modified":"2022-08-12T09:37:50","modified_gmt":"2022-08-12T07:37:50","slug":"laura-smeak","status":"publish","type":"page","link":"https:\/\/igokat.com\/site\/laura-smeak\/","title":{"rendered":"Laura Smeak"},"content":{"rendered":"<div class=\"fusion-fullwidth fullwidth-box fusion-builder-row-1 fusion-flex-container nonhundred-percent-fullwidth non-hundred-percent-height-scrolling\" style=\"--awb-border-radius-top-left:0px;--awb-border-radius-top-right:0px;--awb-border-radius-bottom-right:0px;--awb-border-radius-bottom-left:0px;--awb-margin-top:0px;--awb-flex-wrap:wrap;\" ><div class=\"fusion-builder-row fusion-row fusion-flex-align-items-flex-start fusion-flex-content-wrap\" style=\"max-width:calc( 1200px + 0px );margin-left: calc(-0px \/ 2 );margin-right: calc(-0px \/ 2 );\"><div class=\"fusion-layout-column fusion_builder_column fusion-builder-column-0 fusion_builder_column_1_1 1_1 fusion-flex-column\" style=\"--awb-bg-size:cover;--awb-width-large:100%;--awb-margin-top-large:0px;--awb-spacing-right-large:0px;--awb-margin-bottom-large:0px;--awb-spacing-left-large:0px;--awb-width-medium:100%;--awb-spacing-right-medium:0px;--awb-spacing-left-medium:0px;--awb-width-small:100%;--awb-spacing-right-small:0px;--awb-spacing-left-small:0px;\"><div class=\"fusion-column-wrapper fusion-flex-justify-content-flex-start fusion-content-layout-column\"><div class=\"fusion-text fusion-text-1\"><\/p>\n<\/p>\n<blockquote class=\"wp-block-quote is-layout-flow wp-block-quote-is-layout-flow\">\n<p class=\"western\"><strong>Laura Smeak<\/strong> a \u00e9tudi\u00e9 la danse \u00e0 la Washington Academy of Ballet, School of American Ballet et \u00e0 la Harkness House for Ballet Arts sous la direction de David Howard \u00e0 New York. Elle est ensuite engag\u00e9e au Ballet du Grand Th\u00e9\u00e2tre de Gen\u00e8ve sous la direction artistique de Patricia Neary et George Balanchine et devient rapidement soliste. Elle poursuit sa carri\u00e8re au Ballet de l\u2019Opernhaus de Zurich. Elle a dans\u00e9 en tant que soliste dans de nombreux ballets du r\u00e9pertoire de Balanchine, tels qu\u2019Apollon, Concerto Barocco, Western Symphony, Symphonie en Ut, Rubies, Agon, Les Quatre Temp\u00e9raments, Songe d\u2019une Nuit d\u2019\u00c9t\u00e9 et le Fils Prodigue o\u00f9 elle fut la partenaire de Baryschnikov lors d\u2019un gala \u00e0 Gen\u00e8ve. Elle a aussi interpr\u00e9t\u00e9 des r\u00f4les en tant que soliste dans des chor\u00e9graphies d\u2019Alvin Ailey, Todd Bolender, John Cranko, Birgit Culberg, Mats Ek, Ben Stevenson, et Rudolf Nureyev. De retour au ballet du Grand Th\u00e9\u00e2tre de Gen\u00e8ve sous la direction d\u2019Oscar Araiz, elle a particip\u00e9 \u00e0 toutes ses cr\u00e9ations. <strong><br><\/strong><\/p>\n<p><strong>En 1993<\/strong>, elle est d\u00e9sign\u00e9e doyenne des classes de danse du Conservatoire Populaire de Musique de Gen\u00e8ve et quelques ann\u00e9es plus tard, au Conservatoire de Musique de Gen\u00e8ve. <strong><br><\/strong><\/p>\n<p><strong>Elle dirige pendant 10 ans <\/strong>l\u2019Acad\u00e9mie de Danse de Gen\u00e8ve. Depuis, elle s\u2019est consacr\u00e9e enti\u00e8rement \u00e0 l\u2019enseignement. En plus de ces activit\u00e9s au Conservatoire Populaire de Musique, Danse et Th\u00e9\u00e2tre, elle a enseign\u00e9 la danse classique au Conservatoire de Sion, comme professeure invit\u00e9e pour la formation du Dipl\u00f4me d\u2019\u00c9tat au CEFEDEM de Normandie, et au Ballet Junior de Gen\u00e8ve. <strong><br><\/strong><\/p>\n<p><strong>Depuis l\u2019\u00e9t\u00e9 2013<\/strong>, elle est professeure certifi\u00e9e du Zena Rommett Floor-Barre\u00ae. <strong><br><\/strong><\/p>\n<p><strong>Depuis 2016<\/strong>, dans le cadre de la formation continue pour les professeurs de danse du Conservatoire Populaire, elle enseigne r\u00e9guli\u00e8rement cette m\u00e9thode. Elle a r\u00e9cemment \u00e9t\u00e9 nomm\u00e9e \u00abMentor\u00bb du Zena Rommett Floor-Barre\u00ae<strong>.<br><\/strong><\/p>\n<p><strong>D\u2019avril 201<\/strong><strong>7 \u00e0 d\u00e9cembre 2020, <\/strong>elle \u00e9tait pr\u00e9sidente de la F\u00e9d\u00e9ration Suisse des \u00c9coles de Danse. <strong><br><\/strong><\/p>\n<p><strong>Depuis septembre 2020,<\/strong> elle est professeur invit\u00e9e dans de nombreuses \u00e9coles, stages, examens et concours en Suisse et \u00e0 l\u2019\u00e9tranger.<\/p>\n<p><strong>Elle est actuellement professeur pour l\u2019Acad\u00e9mie de Danse Igokat, ainsi que professeur free-lance.<\/strong><\/p>\n<\/p>\n<\/blockquote>\n<\/p>\n<\/p>\n<p class=\"is-layout-flow wp-block-quote-is-layout-flow\">\n<\/div><\/div><\/div><\/div><\/div>","protected":false},"excerpt":{"rendered":"","protected":false},"author":1,"featured_media":0,"parent":0,"menu_order":0,"comment_status":"closed","ping_status":"closed","template":"","meta":{"footnotes":""},"class_list":["post-3776","page","type-page","status-publish","hentry"],"_links":{"self":[{"href":"https:\/\/igokat.com\/site\/wp-json\/wp\/v2\/pages\/3776","targetHints":{"allow":["GET"]}}],"collection":[{"href":"https:\/\/igokat.com\/site\/wp-json\/wp\/v2\/pages"}],"about":[{"href":"https:\/\/igokat.com\/site\/wp-json\/wp\/v2\/types\/page"}],"author":[{"embeddable":true,"href":"https:\/\/igokat.com\/site\/wp-json\/wp\/v2\/users\/1"}],"replies":[{"embeddable":true,"href":"https:\/\/igokat.com\/site\/wp-json\/wp\/v2\/comments?post=3776"}],"version-history":[{"count":8,"href":"https:\/\/igokat.com\/site\/wp-json\/wp\/v2\/pages\/3776\/revisions"}],"predecessor-version":[{"id":5611,"href":"https:\/\/igokat.com\/site\/wp-json\/wp\/v2\/pages\/3776\/revisions\/5611"}],"wp:attachment":[{"href":"https:\/\/igokat.com\/site\/wp-json\/wp\/v2\/media?parent=3776"}],"curies":[{"name":"wp","href":"https:\/\/api.w.org\/{rel}","templated":true}]}}