{"id":3791,"date":"2021-08-11T17:01:18","date_gmt":"2021-08-11T15:01:18","guid":{"rendered":"https:\/\/igokat.com\/site\/?page_id=3791"},"modified":"2024-08-16T17:57:51","modified_gmt":"2024-08-16T15:57:51","slug":"melina-bres","status":"publish","type":"page","link":"https:\/\/igokat.com\/site\/melina-bres\/","title":{"rendered":"M\u00e9lina Br\u00e8s"},"content":{"rendered":"<div class=\"fusion-fullwidth fullwidth-box fusion-builder-row-1 fusion-flex-container nonhundred-percent-fullwidth non-hundred-percent-height-scrolling\" style=\"--awb-border-radius-top-left:0px;--awb-border-radius-top-right:0px;--awb-border-radius-bottom-right:0px;--awb-border-radius-bottom-left:0px;--awb-margin-top:0px;--awb-flex-wrap:wrap;\" ><div class=\"fusion-builder-row fusion-row fusion-flex-align-items-flex-start fusion-flex-content-wrap\" style=\"max-width:1248px;margin-left: calc(-4% \/ 2 );margin-right: calc(-4% \/ 2 );\"><div class=\"fusion-layout-column fusion_builder_column fusion-builder-column-0 fusion_builder_column_1_1 1_1 fusion-flex-column\" style=\"--awb-bg-blend:overlay;--awb-bg-size:cover;--awb-width-large:100%;--awb-margin-top-large:0px;--awb-spacing-right-large:1.92%;--awb-margin-bottom-large:0px;--awb-spacing-left-large:1.92%;--awb-width-medium:100%;--awb-spacing-right-medium:1.92%;--awb-spacing-left-medium:1.92%;--awb-width-small:100%;--awb-spacing-right-small:1.92%;--awb-spacing-left-small:1.92%;\"><div class=\"fusion-column-wrapper fusion-flex-justify-content-flex-start fusion-content-layout-column\"><div class=\"fusion-text fusion-text-1\"><\/p>\n<\/p>\n<blockquote class=\"wp-block-quote is-layout-flow wp-block-quote-is-layout-flow\">\n<p><strong>M\u00e9lina Br\u00e8s<\/strong><br \/>N\u00e9e \u00e0 Carpentras en France, \u00e0 l\u2019\u00e2ge de 4 ans, elle d\u00e9couvre la danse dans son \u00e9cole de village \u00e0 Beaumes de Venise nomm\u00e9e Aca Danse.<\/p>\n<p><strong>D\u00e8s l&#8217;\u00e2ge de 8 ans,<\/strong> on lui propose de suivre une formation pr\u00e9-professionnelle en Classique et Modern\/Jazz avec la possibilit\u00e9 de faire des concours o\u00f9 elle s&#8217;illustrera comme \u00e0 Amiens o\u00f9 elle obtiendra le 1erprix \u00e0 l&#8217;unanimit\u00e9.<\/p>\n<p><strong>En 2012, <\/strong>elle int\u00e9grera l&#8217;\u00e9cole Temps de Fl\u00e8che \u00e0 Carpentras o\u00f9 elle suivra un cursus sp\u00e9cifiquement classique.<\/p>\n<p><strong>Suivront<\/strong> alors une formation pr\u00e9-professionnelle et la participation \u00e0 de nombreux stages, b\u00e9n\u00e9ficiant ainsi des pr\u00e9cieux conseils de professeurs de grands renoms comme Fran\u00e7oise Legr\u00e9e, Monique Arabian, Isabelle Ciaravola, Carole Arbo danseuses \u00e9toiles de l&#8217;Op\u00e9ra de Paris, et Ma\u00eetre Antonio Alvarado grand Chor\u00e9graphe.<\/p>\n<p><strong>En 2014, <\/strong>elle r\u00e9ussira son audition \u00e0 l&#8217;\u00c9cole Nationale Sup\u00e9rieure de Danse de Marseille (ENSDM) o\u00f9 elle y restera pendant 2 ans notamment aupr\u00e8s de son professeur, \u00e9toile de l&#8217;Op\u00e9ra de Paris Ghislaine Franchetti (qui lui apprendra la rigueur du travail, l&#8217;endurance et la m\u00e9morisation).<\/p>\n<p><strong>En parall\u00e8le,<\/strong> elle suivra des cours avec Alain Gr\u00e9co, directeur artistique, Chor\u00e9graphe et Metteur en sc\u00e8ne du centre de Com\u00e9die Musicale et de Danse de Marseille.<\/p>\n<p><strong>En 2016, <\/strong>elle r\u00e9ussira son audition d&#8217;entr\u00e9e \u00e0 l&#8217;\u00e9cole du VM Ballet de Toulouse o\u00f9 elle y suivra une formation de 3 ans et sera engag\u00e9e dans leur junior compagnie.<\/p>\n<p><strong>En 2019, <\/strong>elle rejoint l&#8217;Acad\u00e9mie de danse Igokat o\u00f9 elle int\u00e8gre la formation pr\u00e9-professionnelle.<\/p>\n<p><strong>De 2020 \u00e0 2022,<\/strong> elle danse dans les diff\u00e9rents spectacles de l\u2019Acad\u00e9mie de Danse Igokat, tels que, \u00abLe Casse-Noisette\u00bb o\u00f9 elle y danse le r\u00f4le principal.<\/p>\n<p><strong>Depuis 2023,<\/strong>\u00a0elle est monitrice pour les Kids et les Jeunes pour \u00abJeunesse &amp; Sport\u00bb Suisse dans la section gymnastique et danse.<\/p>\n<p><strong>Elle est actuellement<\/strong> professeur de danse classique pour les enfants et les adultes \u00e0 l\u2019Acad\u00e9mie de Danse Igokat.<\/p>\n<\/blockquote>\n<\/p>\n<\/p>\n<p class=\"is-layout-flow wp-block-quote-is-layout-flow\">\n<\/div><\/div><\/div><\/div><\/div>","protected":false},"excerpt":{"rendered":"","protected":false},"author":1,"featured_media":0,"parent":0,"menu_order":0,"comment_status":"closed","ping_status":"closed","template":"","meta":{"footnotes":""},"class_list":["post-3791","page","type-page","status-publish","hentry"],"_links":{"self":[{"href":"https:\/\/igokat.com\/site\/wp-json\/wp\/v2\/pages\/3791","targetHints":{"allow":["GET"]}}],"collection":[{"href":"https:\/\/igokat.com\/site\/wp-json\/wp\/v2\/pages"}],"about":[{"href":"https:\/\/igokat.com\/site\/wp-json\/wp\/v2\/types\/page"}],"author":[{"embeddable":true,"href":"https:\/\/igokat.com\/site\/wp-json\/wp\/v2\/users\/1"}],"replies":[{"embeddable":true,"href":"https:\/\/igokat.com\/site\/wp-json\/wp\/v2\/comments?post=3791"}],"version-history":[{"count":10,"href":"https:\/\/igokat.com\/site\/wp-json\/wp\/v2\/pages\/3791\/revisions"}],"predecessor-version":[{"id":8209,"href":"https:\/\/igokat.com\/site\/wp-json\/wp\/v2\/pages\/3791\/revisions\/8209"}],"wp:attachment":[{"href":"https:\/\/igokat.com\/site\/wp-json\/wp\/v2\/media?parent=3791"}],"curies":[{"name":"wp","href":"https:\/\/api.w.org\/{rel}","templated":true}]}}