{"id":3907,"date":"2021-08-25T17:22:01","date_gmt":"2021-08-25T15:22:01","guid":{"rendered":"https:\/\/igokat.com\/site\/?page_id=3907"},"modified":"2021-11-27T18:10:14","modified_gmt":"2021-11-27T17:10:14","slug":"cours-online","status":"publish","type":"page","link":"https:\/\/igokat.com\/site\/cours-online\/","title":{"rendered":"Cours Online"},"content":{"rendered":"<div class=\"fusion-fullwidth fullwidth-box fusion-builder-row-1 fusion-flex-container nonhundred-percent-fullwidth non-hundred-percent-height-scrolling\" style=\"--awb-border-radius-top-left:0px;--awb-border-radius-top-right:0px;--awb-border-radius-bottom-right:0px;--awb-border-radius-bottom-left:0px;--awb-flex-wrap:wrap;\" ><div class=\"fusion-builder-row fusion-row fusion-flex-align-items-flex-start fusion-flex-content-wrap\" style=\"max-width:calc( 1200px + 0px );margin-left: calc(-0px \/ 2 );margin-right: calc(-0px \/ 2 );\"><div class=\"fusion-layout-column fusion_builder_column fusion-builder-column-0 fusion_builder_column_1_1 1_1 fusion-flex-column\" style=\"--awb-bg-size:cover;--awb-width-large:100%;--awb-margin-top-large:0px;--awb-spacing-right-large:0px;--awb-margin-bottom-large:0px;--awb-spacing-left-large:0px;--awb-width-medium:100%;--awb-spacing-right-medium:0px;--awb-spacing-left-medium:0px;--awb-width-small:100%;--awb-spacing-right-small:0px;--awb-spacing-left-small:0px;\"><div class=\"fusion-column-wrapper fusion-flex-justify-content-flex-start fusion-content-layout-column\"><div class=\"fusion-text fusion-text-1\" style=\"--awb-text-transform:none;\"><\/p>\n<blockquote class=\"wp-block-quote is-layout-flow wp-block-quote-is-layout-flow\">\n<p><strong>#DanceAtHome :<br \/><\/strong><strong>Cours Igokat \u201cONLINE\u201d<\/strong><\/p>\n<p>Nous vous proposons tous nos cours<br \/>\u201c<strong>ONLINE\u201d<\/strong> si vous d\u00e9sirez continuer \u00e0 garder la forme o\u00f9 que vous soyez !<\/p>\n<p>Pour toute personne \u00e0 jour avec son abonnement et qui d\u00e9sire soutenir l\u2019Acad\u00e9mie Igokat, les cours de danse peuvent \u00eatre suivis en ligne.<\/p>\n<p>Vous pouvez louer le cours de votre choix et celui-ci sera valable pendant une semaine !<\/p>\n<p>Baby dance (cours \u00e0 faire avec un parent)<br \/>Pr\u00e9-ballet (nous conseillons qu\u2019un adulte soit pr\u00e9sent lors du cours)<br \/>Niveau I<br \/>Niveau II<br \/>Niveau III<br \/>Niveau IV<br \/>Niveau V<br \/>Initiation classique<br \/>Classique adultes<br \/>Classique moyen<br \/>Moderne enfants<br \/>Moderne jeunes<br \/>Moderne adultes<br \/>Barre \u00e0 terre<br \/>Pilates<br \/>Stretching<\/p>\n<p><strong>\u00c0 QUEL MOMENT DE LA JOURN\u00c9E FAIRE SON COURS ?<br \/><\/strong>Quand vous voulez !<br \/>Nous allons vous envoyer un lien personnalis\u00e9 avec un mot de passe et voil\u00e0,<br \/>le tour est jou\u00e9.<br \/>Vous pouvez vous connecter au cours de votre choix \u00e0 l\u2019heure que vous d\u00e9sirez.<br \/>Le lien sera valable durant plusieurs jours et vous pourrez donc en profiter plusieurs fois, si vous d\u00e9sirez.<\/p>\n<p><strong>QUI PEUT FAIRE NOS COURS ONLINE ?<\/strong><br \/>Toute personne ayant un abonnement valable et \u00e0 jour avec son paiement,<br \/>recevra un lien pour chaque cours qu\u2019elle suit, normalement, chez Igokat.<\/p>\n<p><strong>Exemple :<\/strong> <br \/>\u2013 Vous avez un abonnement pour un cours de classique et un cours de moderne par mois, vous allez recevoir chaque semaine un lien de classique et un de moderne.<br \/>\u2013 Vous avez un abonnement pour quatre cours de classique par semaine, vous allez recevoir chaque semaine quatre liens de cours de classique.<br \/>Vous avez un forfait \u00c9toile, vous allez recevoir tous les liens.<\/p>\n<p>Toute personne sans abonnement chez nous peut en prendre un ou choisir de prendre juste un cours \u00e0 l\u2019unit\u00e9. Vous recevrez un lien pour un cours qui est valable pour plusieurs jours.<br \/>Pour les cours <strong>ONLINE<\/strong>, il n\u2019y a pas d\u2019engagement aupr\u00e8s du Centre Igokat.<br \/>Pas d\u2019inscription n\u00e9cessaire !<\/p>\n<p><strong>LES PRIX ?<u><br \/><\/u><\/strong>Les prix sont les m\u00eames que vous trouverez sur notre site internet <b><u><a href=\"https:\/\/igokat.com\/site\/nos-prix\/?fb-edit=1\">cliquez-ici<\/a><\/u><\/b>,<br \/>mais votre lien restera valable une semaine, vous pouvez donc profiter plusieurs fois du m\u00eame cours, si vous le d\u00e9sirez.<\/p>\n<p><strong>POURQUOI LES COURS ONLINE ?<\/strong><br \/>Comment permettre \u00e0 tous de ne pas arr\u00eater la danse ?<br \/>Seuls les passionn\u00e9s de danse et les danseurs peuvent comprendre que la danse est un besoin vital !<\/p>\n<p><strong>COMMENT PAYER CES COURS ?<\/strong><br \/>Toute personne qui n\u2019a pas arr\u00eat\u00e9 son abonnement va recevoir un lien, sans besoin de nous le demander.<\/p>\n<p>Tous les autres clients peuvent choisir un forfait et trouvent ensuite nos coordonn\u00e9es bancaires <u><b><a href=\"https:\/\/igokat.com\/site\/coordonnees-bancaires\/?fb-edit=1\">cliquez-ici<\/a><\/b><\/u><br \/>Vous recevrez le(s) lien(s) d\u00e8s r\u00e9ception de votre paiement.<br \/>V\u00e9rifiez bien votre bo\u00eete mail et, si vous ne recevez rien, vos spams!<\/p>\n<p><strong>VOUS AVEZ BESOIN DE PLUS DE RENSEIGNEMENTS ?<\/strong><br \/>Contactez-nous par mail : igokat@outlook.com<br \/>Par t\u00e9l\u00e9phone au : +41 (0)76 476 43 89<\/p>\n<p>Il n\u2019est pas toujours \u00e9vident de trouver le moment id\u00e9al pour prendre des cours de danse ! <br \/>La plupart des pratiquants n\u2019ont d\u2019ailleurs pas vraiment le luxe de choisir ce moment\u2026 ils font plut\u00f4t en fonction de leurs disponibilit\u00e9s face \u00e0 leurs emplois du temps charg\u00e9s, entre famille, travail et loisir.<br \/>Voil\u00e0! <br \/>Profitez de nos forfaits pour r\u00e9pondre \u00e0 votre envie de danser !<\/p>\n<p>Avec nos remerciements,<\/p>\n<p><strong>Toute l\u2019\u00e9quipe Igokat<\/strong><\/p>\n<\/blockquote><\/p>\n<\/div><\/div><\/div><\/div><\/div>","protected":false},"excerpt":{"rendered":"","protected":false},"author":1,"featured_media":0,"parent":0,"menu_order":0,"comment_status":"closed","ping_status":"closed","template":"100-width.php","meta":{"footnotes":""},"class_list":["post-3907","page","type-page","status-publish","hentry"],"_links":{"self":[{"href":"https:\/\/igokat.com\/site\/wp-json\/wp\/v2\/pages\/3907","targetHints":{"allow":["GET"]}}],"collection":[{"href":"https:\/\/igokat.com\/site\/wp-json\/wp\/v2\/pages"}],"about":[{"href":"https:\/\/igokat.com\/site\/wp-json\/wp\/v2\/types\/page"}],"author":[{"embeddable":true,"href":"https:\/\/igokat.com\/site\/wp-json\/wp\/v2\/users\/1"}],"replies":[{"embeddable":true,"href":"https:\/\/igokat.com\/site\/wp-json\/wp\/v2\/comments?post=3907"}],"version-history":[{"count":17,"href":"https:\/\/igokat.com\/site\/wp-json\/wp\/v2\/pages\/3907\/revisions"}],"predecessor-version":[{"id":5010,"href":"https:\/\/igokat.com\/site\/wp-json\/wp\/v2\/pages\/3907\/revisions\/5010"}],"wp:attachment":[{"href":"https:\/\/igokat.com\/site\/wp-json\/wp\/v2\/media?parent=3907"}],"curies":[{"name":"wp","href":"https:\/\/api.w.org\/{rel}","templated":true}]}}