{"id":3919,"date":"2021-08-25T17:41:38","date_gmt":"2021-08-25T15:41:38","guid":{"rendered":"https:\/\/igokat.com\/site\/?page_id=3919"},"modified":"2025-12-28T16:48:30","modified_gmt":"2025-12-28T15:48:30","slug":"reglement","status":"publish","type":"page","link":"https:\/\/igokat.com\/site\/reglement\/","title":{"rendered":"R\u00e8glement"},"content":{"rendered":"<div class=\"fusion-fullwidth fullwidth-box fusion-builder-row-1 fusion-flex-container nonhundred-percent-fullwidth non-hundred-percent-height-scrolling\" style=\"--awb-border-radius-top-left:0px;--awb-border-radius-top-right:0px;--awb-border-radius-bottom-right:0px;--awb-border-radius-bottom-left:0px;--awb-flex-wrap:wrap;\" ><div class=\"fusion-builder-row fusion-row fusion-flex-align-items-flex-start fusion-flex-content-wrap\" style=\"max-width:1248px;margin-left: calc(-4% \/ 2 );margin-right: calc(-4% \/ 2 );\"><div class=\"fusion-layout-column fusion_builder_column fusion-builder-column-0 fusion_builder_column_1_1 1_1 fusion-flex-column\" style=\"--awb-bg-blend:overlay;--awb-bg-size:cover;--awb-width-large:100%;--awb-margin-top-large:0px;--awb-spacing-right-large:1.92%;--awb-margin-bottom-large:0px;--awb-spacing-left-large:1.92%;--awb-width-medium:100%;--awb-spacing-right-medium:1.92%;--awb-spacing-left-medium:1.92%;--awb-width-small:100%;--awb-spacing-right-small:1.92%;--awb-spacing-left-small:1.92%;\"><div class=\"fusion-column-wrapper fusion-flex-justify-content-flex-start fusion-content-layout-column\"><div class=\"fusion-text fusion-text-1\"><\/p>\n<blockquote class=\"wp-block-quote is-layout-flow wp-block-quote-is-layout-flow\">\n<p class=\"western\"><strong>\u2013 \u00c9COLAGES<\/strong> : Les \u00e9colages sont fix\u00e9s sur une base annuelle de 10 mois (septembre \u00e0 juin)<\/p>\n<p><strong>Cours Adultes :<\/strong> Les \u00e9colages sont payables mensuellement en d\u00e9but de chaque mois et tiennent compte des vacances officielles et jours f\u00e9ri\u00e9s du Centre Igokat durant lesquels l\u2019\u00e9cole est ferm\u00e9e (ceux-ci seront affich\u00e9s en temps utile sur notre site et panneaux d\u2019affichage).<br \/>Les \u00e9colages sont valables du 1<sup>er<\/sup> au dernier jour du mois.<\/p>\n<p>D\u00e8s la prise des pr\u00e9sences par le professeur, ce cours est comptabilis\u00e9.<br \/>Il sera non remboursable et celui-ci ne sera pas rattrapable.<\/p>\n<p><strong>Cours Enfants :<\/strong> Les \u00e9colages sont trimestriels et payables au d\u00e9but de chaque trimestre.<b><br \/><\/b><br \/>Les \u00e9colages se paient directement \u00e0 nos bureaux ou par virement bancaire.<\/p>\n<p><strong>NOUS N\u2019ENVOYONS PAS DE FACTURE \u00c0 LA MAISON.<\/strong><b><br \/><\/b>Des frais de rappel de 10.- fr. seront per\u00e7us pour chaque retard de paiement.<\/p>\n<p>\u2013<strong><span style=\"text-decoration: underline;\"> <a href=\"https:\/\/www.igokat.com\/academy\/fr\/cours-dessai\/\">COURS D\u2019ESSAI<\/a><\/span> <\/strong>: Cours Enfants et Adultes (de septembre \u00e0 juin)<br \/>Le Centre Igokat offre la possibilit\u00e9 de faire un<span style=\"text-decoration: underline;\"><strong> <a href=\"https:\/\/www.igokat.com\/academy\/fr\/cours-dessai\/\">cours d\u2019essai<\/a><\/strong><\/span> dans chaque discipline propos\u00e9e par le Centre Igokat: Classique, Barre \u00e0 Terre, Stretching, Pilates, Moderne\/Contemporain et Modern\/Jazz.<\/p>\n<p>Si vous d\u00e9sirez faire un deuxi\u00e8me cours d\u2019essai dans la m\u00eame discipline mais avec un professeur diff\u00e9rent, ce cours sera payant (selon les prix du Centre Igokat).<br \/>Suite \u00e0 un deuxi\u00e8me cours pris dans la m\u00eame discipline dans notre \u00e9cole, vous \u00eates consid\u00e9r\u00e9 comme inscrit dans notre \u00e9cole.<\/p>\n<p>Si vous ne d\u00e9sirez pas vous inscrire suite \u00e0 votre cours d\u2019essai, nous vous demandons de nous avertir <u>\u201cobligatoirement\u201d par mail ou par courrier<\/u> et celui-ci ne vous sera pas factur\u00e9, sinon ce cours vous sera factur\u00e9 selon les tarifs du Centre Igokat.<br \/>Vous avez <u>une semaine<\/u> pour nous communiquer votre choix.<\/p>\n<p><strong>\u2013 ANNULATION DE L\u2019INSCRIPTION :<\/strong><u><br \/><\/u><strong>Cours Adultes : <\/strong>L\u2019\u00e9l\u00e8ve a la possibilit\u00e9 d\u2019annuler son inscription \u00e0 la fin de chaque mois en nous informant par mail ou par lettre recommand\u00e9e adress\u00e9e \u00e0 la direction.<br \/><b><u><br \/><\/u><\/b><strong>Cours Enfants : <\/strong>Les parents peuvent annuler l\u2019inscription en cours d\u2019ann\u00e9e scolaire \u00e0 la fin de chaque trimestre, par mail ou par lettre recommand\u00e9e adress\u00e9e \u00e0 la direction. Aucune d\u00e9mission, sauf en cas de force majeure, ne sera accept\u00e9e avant la fin du trimestre et les \u00e9colages devront \u00eatre enti\u00e8rement r\u00e9gl\u00e9s jusqu\u2019\u00e0 la fin du trimestre.<\/p>\n<p>Forfait \u00c9toile et Forfait Pr\u00e9-professionnel : La direction se r\u00e9serve le droit d\u2019annuler un contrat <a name=\"_Hlk40853789\"><\/a>\u201cForfait \u00c9toile ou Pr\u00e9-professionnel\u201d pour non-respect de celui-ci.<\/p>\n<p><strong>\u2013 ANNULATION DES COURS :<\/strong><u><br \/><\/u>Les cours peuvent \u00eatre annul\u00e9s s\u2019il n\u2019y a pas assez de participants (min. 5 personnes).<\/p>\n<p class=\"moz-quote-pre\">Dans le cas o\u00f9 le cours ne peut pas \u00eatre donn\u00e9 dans une salle de classe en raison d\u2019un espace de danse insuffisant pour une raison quelconque, y compris des restrictions f\u00e9d\u00e9rales et\/ou cantonales, les cours se poursuivront via un fournisseur de vid\u00e9oconf\u00e9rence en ligne tel que Zoom, Skype, Vimeo, ou une plateforme similaire. L\u2019\u00e9cole se r\u00e9serve le droit de faire appliquer son r\u00e8glement interne.<\/p>\n<p><strong>\u2013 ABSENCES :<\/strong><u><br \/><\/u><strong>Cours Adultes :<\/strong> L\u2019\u00e9cole ne remboursera pas les cours manqu\u00e9s mais ils peuvent \u00eatre rattrap\u00e9s dans la mesure du possible dans le mois en cours.<br \/>Cependant, apr\u00e8s un mois d\u2019absence pour cause de maladie ou d\u2019accident, une demande d\u2019arrangement pourra \u00eatre formul\u00e9e par \u00e9crit aupr\u00e8s de la direction, sur pr\u00e9sentation d\u2019un Certificat M\u00e9dical.<br \/>Pour les vacances des mois de d\u00e9cembre et janvier (vacances de No\u00ebl), les cours ne sont pas rattrapables.<br \/>Vous pouvez payer par cours ou par forfait mais si vous choisissez le forfait, vous devez rattraper le ou les cours dans la semaine avant les vacances.<\/p>\n<p><strong>Cours Enfants :<\/strong> L\u2019\u00e9cole ne remboursera pas les cours manqu\u00e9s. Cependant, apr\u00e8s un mois d\u2019absence pour cause de maladie ou d\u2019accident, une demande d\u2019arrangement pourra \u00eatre formul\u00e9e par \u00e9crit aupr\u00e8s de la direction, sur pr\u00e9sentation d\u2019un Certificat M\u00e9dical.<\/p>\n<p><strong>\u2013 INSCRIPTION :<\/strong><br \/><b>Cours Enfants et Adultes : <\/b>Lors de votre inscription au Centre, celle-ci sera valable de septembre \u00e0 juin de l\u2019ann\u00e9e scolaire en cours.<br \/>L\u2019\u00e9l\u00e8ve ou les parents de l\u2019\u00e9l\u00e8ve doivent se r\u00e9inscrire \u00e0 chaque nouvelle ann\u00e9e scolaire car les inscriptions ne se renouvellent pas automatiquement.<\/p>\n<p><b>Pr\u00e9-inscription Cours enfants :<\/b> Vers la fin de l\u2019ann\u00e9e scolaire en cours (mai\/juin), les parents auront la possibilit\u00e9 d\u2019inscrire leurs enfants pour la nouvelle ann\u00e9e scolaire.<\/p>\n<p><strong>\u2013 FRAIS D\u2019INSCRIPTION :<\/strong><b><u><br \/><\/u><\/b>Les frais d\u2019inscription annuels de 20.- fr. per\u00e7us au moment de l\u2019inscription sont destin\u00e9s \u00e0 couvrir les frais administratifs.<\/p>\n<p><strong>\u2013 RABAIS DE 10% :<\/strong><br \/>Pour un membre de la m\u00eame famille habitant dans le m\u00eame foyer ainsi que pour un cours dans une autre discipline.<br \/>Le rabais de 10% n\u2019est pas valable sur les cours \u00e0 l\u2019unit\u00e9, la section DANSE-\u00c9TUDES (Pr\u00e9-professionnel) et le forfait \u00c9TOILE.<b><\/b><\/p>\n<p><strong>\u2013 ASSURANCES :<\/strong><br \/>L\u2019\u00e9l\u00e8ve d\u00e9clare \u00eatre apte \u00e0 toute activit\u00e9 physique. L\u2019\u00e9cole ne couvre pas les risques de maladie, d\u2019accident, de vols, d\u2019oublis ou d\u2019\u00e9changes d\u2019objets. Les \u00e9l\u00e8ves devront par cons\u00e9quent s\u2019assurer eux-m\u00eames contre ces risques.<br \/>Sacs et objets de valeur sont \u00e0 prendre dans la salle de cours.<\/p>\n<p><strong>\u2013 UNIFORME de l\u2019Acad\u00e9mie de danse Igokat pour les cours d\u2019Enfants :\u00a0<\/strong> <br \/>Tous les enfants qui suivent les cours \u00e0 l\u2019Acad\u00e9mie doivent obligatoirement porter l\u2019uniforme Igokat<br \/>Baby Dance, Pr\u00e9-Ballet, Niveau I \u00e0 V, Moderne Enfants, Moderne Jeunes, Moderne Pr\u00e9-professionnel et Contemporain Pr\u00e9-professionnel.<br \/>L\u2019uniforme est disponible \u00e0 l\u2019 <b><u><a href=\"https:\/\/igokat.com\/site\/shop\/\">IGOKATSHOP<\/a><\/u><\/b><\/p>\n<p><strong>\u2013 DROIT D\u2019IMAGE :<\/strong> <br \/>Toutes photos et vid\u00e9os prises dans le cadre du Centre IGOKAT ou durant les spectacles peuvent \u00eatre utilis\u00e9es comme publicit\u00e9 pour le Centre IGOKAT.<\/p>\n<p><strong>\u2013 \u00c9TIQUE DANS LE SPORT SUISSE &amp; RESPECT DU STANDARD DE LA BRANCHE\u00a0:<br \/><\/strong>Le club s\u2019engage \u00e0 respecter les principes de l\u2019\u00e9thique dans le sport suisse et \u00e0 se conformer au Standard de la branche \u00e9dict\u00e9 par Swiss Olympic, ainsi qu\u2019aux directives de Jeunesse+Sport.<strong><br \/><\/strong><\/p>\n<div class=\"fusion-alignleft\"><a class=\"fusion-button button-flat fusion-button-default-size button-default fusion-button-default button-1 fusion-button-default-span fusion-button-default-type\" target=\"_self\" href=\"https:\/\/igokat.com\/site\/wp-content\/uploads\/2025\/12\/Charte-dEthique-.pdf\"><span class=\"fusion-button-text awb-button__text awb-button__text--default\">Charte d&#8217;\u00c9tique Igokat<\/span><\/a><\/div>\n<p>&nbsp;<\/p>\n<div class=\"fusion-alignleft\"><a class=\"fusion-button button-flat fusion-button-default-size button-default fusion-button-default button-2 fusion-button-default-span fusion-button-default-type\" target=\"_self\" href=\"https:\/\/www.nlt.admin.ch\/f\/link.aspx?1CD1D74652ECBFC855231C91D866736B815896337CC1F309D53F\"><span class=\"fusion-button-text awb-button__text awb-button__text--default\">Responsabilit\u00e9 \u00e9thique des organisations J+S<\/span><\/a><\/div>\n<p>&nbsp;<\/p>\n<div class=\"fusion-alignleft\"><a class=\"fusion-button button-flat fusion-button-default-size button-default fusion-button-default button-3 fusion-button-default-span fusion-button-default-type\" target=\"_self\" href=\"https:\/\/www.swissolympic.ch\/dam\/jcr:9f18cf51-379b-4f1d-bf42-858a59753a23\/1.5%20Vorlagen%20Statuten%20%C3%84nderungen_Branchenstandard_FR_Finale.pdf\"><span class=\"fusion-button-text awb-button__text awb-button__text--default\">Standard de la branche pour le sport suisse<\/span><\/a><\/div>\n<p>&nbsp;<\/p>\n<p>&nbsp;<\/p>\n<p>Seul le r\u00e8glement en langue fran\u00e7aise fait foi.<\/p>\n<p>R\u00e8glement fait le 02.04.2020 \u2013 Directeur : Piovano Igor<\/p>\n<\/blockquote>\n<\/div><\/div><\/div><\/div><\/div>","protected":false},"excerpt":{"rendered":"","protected":false},"author":1,"featured_media":0,"parent":0,"menu_order":0,"comment_status":"closed","ping_status":"closed","template":"100-width.php","meta":{"footnotes":""},"class_list":["post-3919","page","type-page","status-publish","hentry"],"_links":{"self":[{"href":"https:\/\/igokat.com\/site\/wp-json\/wp\/v2\/pages\/3919","targetHints":{"allow":["GET"]}}],"collection":[{"href":"https:\/\/igokat.com\/site\/wp-json\/wp\/v2\/pages"}],"about":[{"href":"https:\/\/igokat.com\/site\/wp-json\/wp\/v2\/types\/page"}],"author":[{"embeddable":true,"href":"https:\/\/igokat.com\/site\/wp-json\/wp\/v2\/users\/1"}],"replies":[{"embeddable":true,"href":"https:\/\/igokat.com\/site\/wp-json\/wp\/v2\/comments?post=3919"}],"version-history":[{"count":29,"href":"https:\/\/igokat.com\/site\/wp-json\/wp\/v2\/pages\/3919\/revisions"}],"predecessor-version":[{"id":10029,"href":"https:\/\/igokat.com\/site\/wp-json\/wp\/v2\/pages\/3919\/revisions\/10029"}],"wp:attachment":[{"href":"https:\/\/igokat.com\/site\/wp-json\/wp\/v2\/media?parent=3919"}],"curies":[{"name":"wp","href":"https:\/\/api.w.org\/{rel}","templated":true}]}}