{"id":3928,"date":"2021-08-25T19:07:22","date_gmt":"2021-08-25T17:07:22","guid":{"rendered":"https:\/\/igokat.com\/site\/?page_id=3928"},"modified":"2024-08-21T16:26:06","modified_gmt":"2024-08-21T14:26:06","slug":"uniforme","status":"publish","type":"page","link":"https:\/\/igokat.com\/site\/uniforme\/","title":{"rendered":"Uniforme"},"content":{"rendered":"<div class=\"fusion-fullwidth fullwidth-box fusion-builder-row-1 fusion-flex-container nonhundred-percent-fullwidth non-hundred-percent-height-scrolling\" style=\"--awb-border-radius-top-left:0px;--awb-border-radius-top-right:0px;--awb-border-radius-bottom-right:0px;--awb-border-radius-bottom-left:0px;--awb-flex-wrap:wrap;\" ><div class=\"fusion-builder-row fusion-row fusion-flex-align-items-flex-start fusion-flex-content-wrap\" style=\"max-width:calc( 1200px + 0px );margin-left: calc(-0px \/ 2 );margin-right: calc(-0px \/ 2 );\"><div class=\"fusion-layout-column fusion_builder_column fusion-builder-column-0 fusion_builder_column_1_1 1_1 fusion-flex-column\" style=\"--awb-bg-blend:overlay;--awb-bg-size:cover;--awb-width-large:100%;--awb-margin-top-large:0px;--awb-spacing-right-large:0px;--awb-margin-bottom-large:0px;--awb-spacing-left-large:0px;--awb-width-medium:100%;--awb-spacing-right-medium:0px;--awb-spacing-left-medium:0px;--awb-width-small:100%;--awb-spacing-right-small:0px;--awb-spacing-left-small:0px;\"><div class=\"fusion-column-wrapper fusion-flex-justify-content-flex-start fusion-content-layout-column\"><div class=\"fusion-text fusion-text-1\"><\/p>\n<blockquote class=\"wp-block-quote is-layout-flow wp-block-quote-is-layout-flow\">\n<p class=\"western\"><strong>L\u2019UNIFORME du Centre Igokat<\/strong> pour les cours d\u2019ENFANTS : <u><br \/><\/u>Baby Dance, Pr\u00e9-Ballet et Niveau I \u00e0 V<\/p>\n<p>Tous les enfants qui suivent les cours au Centre Igokat doivent obligatoirement porter l\u2019uniforme Igokat.<\/p>\n<p>Durant les cours de danse : Les cheveux doivent \u00eatre attach\u00e9s en chignon.<br \/>Les bijoux et montres ne sont pas accept\u00e9s.<br \/>Les chewing-gums se jettent avant de rentrer dans le cours.<\/p>\n<p><strong>Baby Dance et Pr\u00e9-ballet<\/strong> \u2013 body Igokat rose avec ou sans jupette, collants roses et chaussons de danse roses (\u00bd pointes).<\/p>\n<p><strong>Niveau I<\/strong> \u2013 body Igokat rose sans jupette, collants roses et chaussons de danse roses<br \/>(\u00bd pointes).<\/p>\n<p><strong>Niveau II, III, IV et V<\/strong> \u2013 body Igokat noir, collants roses (sans jupette ou short), chaussons de danse (\u00bd pointes) et pointes roses (\u00e0 partir de 11 ans).<\/p>\n<p><strong>Guide de mes pointes <\/strong><div class=\"fusion-button-wrapper fusion-alignleft\"><a class=\"fusion-button button-flat fusion-button-default-size button-default fusion-button-default button-1 fusion-button-default-span fusion-button-default-type fusion-animated\" data-animationType=\"fadeInLeft\" data-animationDuration=\"3.0\" data-animationOffset=\"top-into-view\" target=\"_self\" href=\"https:\/\/igokat.com\/site\/wp-content\/uploads\/2024\/08\/Guide-Pointes-2024-2025.pdf\"><i class=\"fa-binoculars fas awb-button__icon awb-button__icon--default button-icon-left\" aria-hidden=\"true\"><\/i><span class=\"fusion-button-text awb-button__text awb-button__text--default\">Cliquez ici<\/span><\/a><\/div><\/p>\n<p>&nbsp;<\/p>\n<p>&nbsp;<\/p>\n<p><strong>Moderne Enfants, Jeunes, Pr\u00e9-professionnel et Contemporain Pr\u00e9-professionnel<\/strong> \u2013 les cheveux doivent \u00eatre attach\u00e9s (queue, tresse ou chignon). Les bijoux et montre ne sont pas accept\u00e9s. Body libre ou t-shirt pr\u00e8s du corps, pantalon noir, short, jupette ou collants noirs.<\/p>\n<p>L\u2019uniforme est disponible \u00e0 l\u2019 <b><u><a href=\"https:\/\/igokat.com\/site\/shop\/\">IGOKATSHOP<\/a><\/u><\/b><\/p>\n<\/blockquote>\n<\/p>\n<p>&nbsp;<\/p>\n<\/div><\/div><\/div><\/div><\/div>","protected":false},"excerpt":{"rendered":"","protected":false},"author":1,"featured_media":0,"parent":0,"menu_order":0,"comment_status":"closed","ping_status":"closed","template":"100-width.php","meta":{"footnotes":""},"class_list":["post-3928","page","type-page","status-publish","hentry"],"_links":{"self":[{"href":"https:\/\/igokat.com\/site\/wp-json\/wp\/v2\/pages\/3928","targetHints":{"allow":["GET"]}}],"collection":[{"href":"https:\/\/igokat.com\/site\/wp-json\/wp\/v2\/pages"}],"about":[{"href":"https:\/\/igokat.com\/site\/wp-json\/wp\/v2\/types\/page"}],"author":[{"embeddable":true,"href":"https:\/\/igokat.com\/site\/wp-json\/wp\/v2\/users\/1"}],"replies":[{"embeddable":true,"href":"https:\/\/igokat.com\/site\/wp-json\/wp\/v2\/comments?post=3928"}],"version-history":[{"count":9,"href":"https:\/\/igokat.com\/site\/wp-json\/wp\/v2\/pages\/3928\/revisions"}],"predecessor-version":[{"id":8300,"href":"https:\/\/igokat.com\/site\/wp-json\/wp\/v2\/pages\/3928\/revisions\/8300"}],"wp:attachment":[{"href":"https:\/\/igokat.com\/site\/wp-json\/wp\/v2\/media?parent=3928"}],"curies":[{"name":"wp","href":"https:\/\/api.w.org\/{rel}","templated":true}]}}