{"id":3935,"date":"2021-08-25T19:25:46","date_gmt":"2021-08-25T17:25:46","guid":{"rendered":"https:\/\/igokat.com\/site\/?page_id=3935"},"modified":"2021-11-13T16:22:57","modified_gmt":"2021-11-13T15:22:57","slug":"cours-dessai","status":"publish","type":"page","link":"https:\/\/igokat.com\/site\/cours-dessai\/","title":{"rendered":"Cours d&#8217;essai"},"content":{"rendered":"<div class=\"fusion-fullwidth fullwidth-box fusion-builder-row-1 fusion-flex-container nonhundred-percent-fullwidth non-hundred-percent-height-scrolling\" style=\"--awb-border-radius-top-left:0px;--awb-border-radius-top-right:0px;--awb-border-radius-bottom-right:0px;--awb-border-radius-bottom-left:0px;--awb-flex-wrap:wrap;\" ><div class=\"fusion-builder-row fusion-row fusion-flex-align-items-flex-start fusion-flex-content-wrap\" style=\"max-width:1248px;margin-left: calc(-4% \/ 2 );margin-right: calc(-4% \/ 2 );\"><div class=\"fusion-layout-column fusion_builder_column fusion-builder-column-0 fusion_builder_column_1_1 1_1 fusion-flex-column\" style=\"--awb-bg-size:cover;--awb-width-large:100%;--awb-margin-top-large:0px;--awb-spacing-right-large:1.92%;--awb-margin-bottom-large:0px;--awb-spacing-left-large:1.92%;--awb-width-medium:100%;--awb-spacing-right-medium:1.92%;--awb-spacing-left-medium:1.92%;--awb-width-small:100%;--awb-spacing-right-small:1.92%;--awb-spacing-left-small:1.92%;\"><div class=\"fusion-column-wrapper fusion-flex-justify-content-flex-start fusion-content-layout-column\"><div class=\"fusion-text fusion-text-1\"><\/p>\n<blockquote class=\"wp-block-quote is-layout-flow wp-block-quote-is-layout-flow\">\n<p class=\"western\"><strong>Pourquoi un cours d\u2019essai ?<\/strong><\/p>\n<p><strong>Pour l\u2019\u00e9l\u00e8ve :<\/strong> cela vous permet de vous rendre compte si le cours vous pla\u00eet, et si vous appr\u00e9ciez la discipline.<\/p>\n<p><strong>Pour le professeur<\/strong> cela lui permet d\u2019\u00e9valuer votre niveau ou celui de votre enfant,et de vous conseiller sur le cours le mieux adapt\u00e9.<\/p>\n<p><strong>Est-ce-que je peux regarder un cours avant de faire mon cours d\u2019essai?<br \/><\/strong>Non, car c\u2019est en le pratiquant que l\u2019on d\u00e9couvre un cours, et il n\u2019est jamais agr\u00e9able d\u2019\u00eatre regard\u00e9 par des spectateurs alors que l\u2019on fait soit m\u00eame son cours d\u2019essai ou si on est d\u00e9butant dans le cours.<\/p>\n<p><strong>Est-ce que je peux faire plusieurs cours d\u2019essai?<br \/><\/strong>Oui, vous pouvez faire un cours d\u2019essai dans chaque discipline diff\u00e9rente.<br \/>Non, vous ne pouvez pas faire plusieurs cours d\u2019essais dans la m\u00eame discipline.<\/p>\n<p><strong>Comment faire un cours d\u2019essai?<br \/><\/strong>Contactez-nous, le secr\u00e9tariat de l\u2019\u00e9cole vous proposera un horaire pour faire le cours d\u2019essai.<br \/>\u00c0 la fin du cours, allez voir le professeur pour lui demander son avis.<br \/>Vous devez remplir une fiche de renseignement avant votre cours d\u2019essai, un adulte doit la remplir pour vous si vous \u00eates mineur.<\/p>\n<p><strong>Combien \u00e7a co\u00fbte?<br \/><\/strong>Le cours d\u2019essai n\u2019est pas gratuit.<br \/>Simplement si vous ne souhaitez pas vous inscrire, nous ne vous demanderons pas de le r\u00e9gler, mais vous devez imp\u00e9rativement nous \u00e9crire un e-mail pour nous en informer sinon le cours sera factur\u00e9.<\/p>\n<p><strong>Quand faire un cours d\u2019essai?<br \/><\/strong>Quand vous le souhaitez de septembre \u00e0 juin, mais pas durant les stages d\u2019\u00e9t\u00e9.<br \/>Le cours d\u2019essai se fait avant l\u2019inscription.<br \/>Si vous d\u00e9cidez de vous inscrire, vous r\u00e9glerez simplement votre cotisation mensuelle pour les adultes ou trimestrielle pour les enfants.<br \/>Si vous ne souhaitez pas vous inscrire, vous n\u2019aurez rien \u00e0 r\u00e9gler, mais vous devez imp\u00e9rativement nous \u00e9crire un e-mail pour nous en informer sinon le cours sera factur\u00e9.<\/p>\n<p><strong>Plus de questions?<br \/><\/strong>Chaque cas est particulier.<br \/>Contactez le secr\u00e9tariat.<\/p>\n<\/blockquote><\/p>\n<\/div><\/div><\/div><\/div><\/div>","protected":false},"excerpt":{"rendered":"","protected":false},"author":1,"featured_media":0,"parent":0,"menu_order":0,"comment_status":"closed","ping_status":"closed","template":"100-width.php","meta":{"footnotes":""},"class_list":["post-3935","page","type-page","status-publish","hentry"],"_links":{"self":[{"href":"https:\/\/igokat.com\/site\/wp-json\/wp\/v2\/pages\/3935","targetHints":{"allow":["GET"]}}],"collection":[{"href":"https:\/\/igokat.com\/site\/wp-json\/wp\/v2\/pages"}],"about":[{"href":"https:\/\/igokat.com\/site\/wp-json\/wp\/v2\/types\/page"}],"author":[{"embeddable":true,"href":"https:\/\/igokat.com\/site\/wp-json\/wp\/v2\/users\/1"}],"replies":[{"embeddable":true,"href":"https:\/\/igokat.com\/site\/wp-json\/wp\/v2\/comments?post=3935"}],"version-history":[{"count":3,"href":"https:\/\/igokat.com\/site\/wp-json\/wp\/v2\/pages\/3935\/revisions"}],"predecessor-version":[{"id":4366,"href":"https:\/\/igokat.com\/site\/wp-json\/wp\/v2\/pages\/3935\/revisions\/4366"}],"wp:attachment":[{"href":"https:\/\/igokat.com\/site\/wp-json\/wp\/v2\/media?parent=3935"}],"curies":[{"name":"wp","href":"https:\/\/api.w.org\/{rel}","templated":true}]}}