{"id":3958,"date":"2021-08-26T19:52:45","date_gmt":"2021-08-26T17:52:45","guid":{"rendered":"https:\/\/igokat.com\/site\/?page_id=3958"},"modified":"2022-10-13T16:08:25","modified_gmt":"2022-10-13T14:08:25","slug":"casse-noisette-2021","status":"publish","type":"page","link":"https:\/\/igokat.com\/site\/casse-noisette-2021\/","title":{"rendered":"Le Casse-noisette 2021"},"content":{"rendered":"<div class=\"fusion-fullwidth fullwidth-box fusion-builder-row-1 fusion-flex-container fusion-parallax-none nonhundred-percent-fullwidth non-hundred-percent-height-scrolling\" style=\"--awb-background-blend-mode:overlay;--awb-border-sizes-top:0px;--awb-border-sizes-bottom:0px;--awb-border-sizes-left:0px;--awb-border-sizes-right:0px;--awb-border-radius-top-left:0px;--awb-border-radius-top-right:0px;--awb-border-radius-bottom-right:0px;--awb-border-radius-bottom-left:0px;--awb-padding-top:72px;--awb-padding-bottom:0px;--awb-margin-bottom:20px;--awb-background-color:rgba(10,19,35,0.15);--awb-background-image:url(&quot;https:\/\/igokat.com\/site\/wp-content\/uploads\/2021\/11\/Casse-Noisette-2021-banniere-scaled.jpg&quot;);--awb-background-size:cover;--awb-flex-wrap:wrap;\" ><div class=\"fusion-builder-row fusion-row fusion-flex-align-items-flex-start fusion-flex-content-wrap\" style=\"max-width:1248px;margin-left: calc(-4% \/ 2 );margin-right: calc(-4% \/ 2 );\"><div class=\"fusion-layout-column fusion_builder_column fusion-builder-column-0 fusion_builder_column_1_1 1_1 fusion-flex-column fusion-flex-align-self-flex-start fusion-column-no-min-height\" style=\"--awb-bg-blend:overlay;--awb-bg-size:cover;--awb-width-large:100%;--awb-margin-top-large:0px;--awb-spacing-right-large:1.92%;--awb-margin-bottom-large:0px;--awb-spacing-left-large:1.92%;--awb-width-medium:100%;--awb-spacing-right-medium:1.92%;--awb-spacing-left-medium:1.92%;--awb-width-small:100%;--awb-spacing-right-small:1.92%;--awb-spacing-left-small:1.92%;\"><div class=\"fusion-column-wrapper fusion-flex-justify-content-flex-start fusion-content-layout-column\"><div class=\"fusion-separator fusion-no-small-visibility fusion-no-medium-visibility fusion-full-width-sep\" style=\"align-self: center;margin-left: auto;margin-right: auto;margin-top:120px;width:100%;\"><\/div><div class=\"fusion-separator fusion-full-width-sep\" style=\"align-self: center;margin-left: auto;margin-right: auto;margin-top:15px;width:100%;\"><\/div><div class=\"fusion-title title fusion-title-1 fusion-sep-none fusion-title-center fusion-title-text fusion-title-size-one\" style=\"--awb-text-color:#ffffff;--awb-margin-top-small:10px;--awb-margin-right-small:0px;--awb-margin-bottom-small:10px;--awb-margin-left-small:0px;\"><h1 class=\"fusion-title-heading title-heading-center\" style=\"margin:0;\">CASSE-NOISETTE 2021<\/h1><\/div><div class=\"fusion-separator fusion-no-medium-visibility fusion-no-large-visibility fusion-full-width-sep\" style=\"align-self: center;margin-left: auto;margin-right: auto;margin-top:40px;width:100%;\"><\/div><div class=\"fusion-section-separator section-separator waves-opacity fusion-section-separator-1\" style=\"--awb-spacer-padding-top:21.09375%;--awb-svg-margin-left:1.92%;--awb-svg-margin-right:1.92%;--awb-svg-margin-left-medium:1.92%;--awb-svg-margin-right-medium:1.92%;--awb-svg-margin-left-small:1.92%;--awb-svg-margin-right-small:1.92%;--awb-sep-font-size:0;--awb-sep-line-height:0;\"><div class=\"fusion-section-separator-svg\"><svg class=\"fusion-waves-opacity-candy\" xmlns=\"http:\/\/www.w3.org\/2000\/svg\" version=\"1.1\" width=\"100%\" viewBox=\"0 0 1024 216\" preserveAspectRatio=\"none\" fill=\"rgba(255,255,255,1)\"><path class=\"st0\" d=\"M0 216.068h1024l.1-105.2c-14.6-3.2-30.2-5.8-47.1-7.6-178.6-19.6-279.5 56.8-464.3 41.3-206.5-17.2-248.4-128.8-455-143.8-19-1.3-38.3-.2-57.7.3v215z\"\/>\n\t\t\t\t\t\t\t\t\t\t<path class=\"st1\" d=\"M0 20.068v196.144h1024v-79.744c-22.7-6.4-47.9-11.4-76.2-14.6-178.6-19.8-272.2 53.9-457.1 38.4-206.6-17.2-197.3-124.7-403.9-139.8-27.2-2-56.6-2-86.8-.4z\"\/>\n\t\t\t\t\t\t\t\t\t\t<path class=\"st2\" d=\"M0 216.212h1024v-35.744c-45.1-15.4-95.2-27.7-150-33.7-178.6-19.8-220.6 46.8-405.4 31.3-206.6-17.2-197.8-114.7-404.4-129.7-20.4-1.5-42-2-64.2-1.7v169.544z\"\/>\n\t\t\t\t\t\t\t\t\t\t<path class=\"st3\" d=\"M0 216.312h1024v-3.044c-50.8-17.1-108.7-30.7-172.7-37.9-178.6-19.8-220 36.8-404.9 21.3-206.6-17.2-228-126.5-434.5-141.6-3.9-.3-7.9-.5-11.9-.7v161.944z\"\/>\n\t\t\t\t\t\t\t\t\t<\/svg><\/div><div class=\"fusion-section-separator-spacer\"><div class=\"fusion-section-separator-spacer-height\"><\/div><\/div><\/div><\/div><\/div><\/div><\/div><div class=\"fusion-fullwidth fullwidth-box fusion-builder-row-2 fusion-flex-container nonhundred-percent-fullwidth non-hundred-percent-height-scrolling\" style=\"--awb-border-radius-top-left:0px;--awb-border-radius-top-right:0px;--awb-border-radius-bottom-right:0px;--awb-border-radius-bottom-left:0px;--awb-padding-bottom:40px;--awb-flex-wrap:wrap;\" ><div class=\"fusion-builder-row fusion-row fusion-flex-align-items-flex-start fusion-flex-content-wrap\" style=\"max-width:1248px;margin-left: calc(-4% \/ 2 );margin-right: calc(-4% \/ 2 );\"><div class=\"fusion-layout-column fusion_builder_column fusion-builder-column-1 fusion_builder_column_1_1 1_1 fusion-flex-column\" style=\"--awb-bg-size:cover;--awb-width-large:100%;--awb-margin-top-large:0px;--awb-spacing-right-large:1.92%;--awb-margin-bottom-large:3px;--awb-spacing-left-large:1.92%;--awb-width-medium:100%;--awb-spacing-right-medium:1.92%;--awb-spacing-left-medium:1.92%;--awb-width-small:100%;--awb-spacing-right-small:1.92%;--awb-spacing-left-small:1.92%;\"><div class=\"fusion-column-wrapper fusion-flex-justify-content-flex-start fusion-content-layout-column\"><div class=\"fusion-title title fusion-title-2 fusion-sep-none fusion-title-center fusion-title-text fusion-title-size-two\" style=\"--awb-margin-top-small:10px;--awb-margin-right-small:0px;--awb-margin-bottom-small:10px;--awb-margin-left-small:0px;\"><h2 class=\"fusion-title-heading title-heading-center\" style=\"margin:0;\">Chor\u00e9graphies<\/h2><\/div><div class=\"fusion-text fusion-text-1\"><p style=\"text-align: center;\">Igor Piovano, Kathryn Bradney, Julie Lamby<\/p>\n<\/div><\/div><\/div><\/div><\/div><div class=\"fusion-fullwidth fullwidth-box fusion-builder-row-3 fusion-flex-container fusion-parallax-none nonhundred-percent-fullwidth non-hundred-percent-height-scrolling\" style=\"--awb-background-position:center top;--awb-border-sizes-top:0px;--awb-border-sizes-bottom:0px;--awb-border-sizes-left:0px;--awb-border-sizes-right:0px;--awb-border-radius-top-left:0px;--awb-border-radius-top-right:0px;--awb-border-radius-bottom-right:0px;--awb-border-radius-bottom-left:0px;--awb-background-image:url(&quot;https:\/\/igokat.com\/site\/wp-content\/uploads\/2016\/01\/home_next_level_bg.jpg&quot;);--awb-background-size:cover;--awb-flex-wrap:wrap;\" ><div class=\"fusion-builder-row fusion-row fusion-flex-align-items-stretch fusion-flex-content-wrap\" style=\"max-width:1248px;margin-left: calc(-4% \/ 2 );margin-right: calc(-4% \/ 2 );\"><div class=\"fusion-layout-column fusion_builder_column fusion-builder-column-2 fusion_builder_column_1_2 1_2 fusion-flex-column\" style=\"--awb-bg-size:cover;--awb-width-large:50%;--awb-margin-top-large:0px;--awb-spacing-right-large:6.72%;--awb-margin-bottom-large:40px;--awb-spacing-left-large:3.84%;--awb-width-medium:50%;--awb-spacing-right-medium:6.72%;--awb-spacing-left-medium:3.84%;--awb-width-small:100%;--awb-spacing-right-small:1.92%;--awb-spacing-left-small:1.92%;\"><div class=\"fusion-column-wrapper fusion-flex-justify-content-center fusion-content-layout-column\"><div class=\"fusion-image-element \" style=\"--awb-liftup-border-radius:20px;--awb-caption-title-font-family:var(--h2_typography-font-family);--awb-caption-title-font-weight:var(--h2_typography-font-weight);--awb-caption-title-font-style:var(--h2_typography-font-style);--awb-caption-title-size:var(--h2_typography-font-size);--awb-caption-title-transform:var(--h2_typography-text-transform);--awb-caption-title-line-height:var(--h2_typography-line-height);--awb-caption-title-letter-spacing:var(--h2_typography-letter-spacing);\"><div class=\"awb-image-frame awb-image-frame-1 imageframe-liftup imageframe-1\"><span class=\" fusion-imageframe imageframe-dropshadow imageframe-1\" style=\"border:10px solid #ffffff;border-radius:20px;-webkit-box-shadow: 26px 26px 30px var(--awb-color7);box-shadow: 26px 26px 30px var(--awb-color7);\"><img decoding=\"async\" width=\"1810\" height=\"2560\" title=\"Casse-Noisette 2021-A3\" src=\"https:\/\/igokat.com\/site\/wp-content\/uploads\/2022\/10\/Casse-Noisette-2021-A3-scaled.jpg\" alt class=\"img-responsive wp-image-5959\" srcset=\"https:\/\/igokat.com\/site\/wp-content\/uploads\/2022\/10\/Casse-Noisette-2021-A3-200x283.jpg 200w, https:\/\/igokat.com\/site\/wp-content\/uploads\/2022\/10\/Casse-Noisette-2021-A3-400x566.jpg 400w, https:\/\/igokat.com\/site\/wp-content\/uploads\/2022\/10\/Casse-Noisette-2021-A3-600x849.jpg 600w, https:\/\/igokat.com\/site\/wp-content\/uploads\/2022\/10\/Casse-Noisette-2021-A3-800x1131.jpg 800w, https:\/\/igokat.com\/site\/wp-content\/uploads\/2022\/10\/Casse-Noisette-2021-A3-1200x1697.jpg 1200w, https:\/\/igokat.com\/site\/wp-content\/uploads\/2022\/10\/Casse-Noisette-2021-A3-scaled.jpg 1810w\" sizes=\"(max-width: 640px) 100vw, 600px\" \/><\/span><\/div><\/div><\/div><\/div><div class=\"fusion-layout-column fusion_builder_column fusion-builder-column-3 fusion_builder_column_1_2 1_2 fusion-flex-column\" style=\"--awb-bg-size:cover;--awb-width-large:50%;--awb-margin-top-large:0px;--awb-spacing-right-large:3.84%;--awb-margin-bottom-large:0px;--awb-spacing-left-large:6.72%;--awb-width-medium:50%;--awb-spacing-right-medium:3.84%;--awb-spacing-left-medium:6.72%;--awb-width-small:100%;--awb-spacing-right-small:1.92%;--awb-spacing-left-small:1.92%;\"><div class=\"fusion-column-wrapper fusion-flex-justify-content-center fusion-content-layout-column\"><div class=\"fusion-title title fusion-title-3 fusion-sep-none fusion-title-text fusion-title-size-three\" style=\"--awb-text-color:#747474;--awb-margin-top-small:10px;--awb-margin-right-small:0px;--awb-margin-bottom-small:10px;--awb-margin-left-small:0px;--awb-font-size:16px;\"><h3 class=\"fusion-title-heading title-heading-left\" style=\"margin:0;font-size:1em;\"><h6>Le vendredi <strong>11 juin 2021\u00a0<\/strong> \u00e0 19h<br \/>\r\nLe samedi <strong>12 juin 2021<\/strong>\u00a0 \u00e0 19h<br \/>\r\nLe dimanche <strong>13 juin 2021<\/strong> \u00e0 15h<br \/>\r\nLe vendredi <strong>18 juin 2021<\/strong> \u00e0 19h<br \/>\r\nLe samedi <strong>19 juin 2021<\/strong> \u00e0 19h<br \/>\r\nLe dimanche <strong>20 juin 2021<\/strong> \u00e0 15h<\/h6><\/h3><\/div><div class=\"fusion-text fusion-text-2\"><p><strong>au Centre Culturel des Terreaux Lausanne<\/strong><\/p>\n<p><strong>Distribution des r\u00f4les<br \/>\n<\/strong><div class=\"fusion-button-wrapper\"><a class=\"fusion-button button-3d button-small button-default fusion-button-default button-1 fusion-button-default-span \" target=\"_self\" href=\"https:\/\/igokat.com\/site\/wp-content\/uploads\/2021\/11\/Distribution-Casse-Noisette-2021.pdf\"><i class=\"fa-arrow-circle-right fas awb-button__icon awb-button__icon--default button-icon-left\" aria-hidden=\"true\"><\/i><span class=\"fusion-button-text awb-button__text awb-button__text--default\">Cliquez ici<\/span><\/a><\/div><\/p>\n<\/div><div class=\"fusion-separator fusion-full-width-sep\" style=\"align-self: center;margin-left: auto;margin-right: auto;margin-top:20px;width:100%;\"><\/div><\/div><\/div><\/div><\/div><div class=\"fusion-fullwidth fullwidth-box fusion-builder-row-4 fusion-flex-container nonhundred-percent-fullwidth non-hundred-percent-height-scrolling\" style=\"--awb-border-radius-top-left:0px;--awb-border-radius-top-right:0px;--awb-border-radius-bottom-right:0px;--awb-border-radius-bottom-left:0px;--awb-flex-wrap:wrap;\" ><div class=\"fusion-builder-row fusion-row fusion-flex-align-items-flex-start fusion-flex-content-wrap\" style=\"max-width:1248px;margin-left: calc(-4% \/ 2 );margin-right: calc(-4% \/ 2 );\"><div class=\"fusion-layout-column fusion_builder_column fusion-builder-column-4 fusion_builder_column_1_1 1_1 fusion-flex-column\" style=\"--awb-bg-size:cover;--awb-width-large:100%;--awb-margin-top-large:0px;--awb-spacing-right-large:1.92%;--awb-margin-bottom-large:20px;--awb-spacing-left-large:1.92%;--awb-width-medium:100%;--awb-order-medium:0;--awb-spacing-right-medium:1.92%;--awb-spacing-left-medium:1.92%;--awb-width-small:100%;--awb-order-small:0;--awb-spacing-right-small:1.92%;--awb-spacing-left-small:1.92%;\"><div class=\"fusion-column-wrapper fusion-column-has-shadow fusion-flex-justify-content-flex-start fusion-content-layout-column\"><div class=\"fusion-separator fusion-no-small-visibility fusion-no-medium-visibility fusion-full-width-sep\" style=\"align-self: center;margin-left: auto;margin-right: auto;margin-top:50px;width:100%;\"><\/div><div class=\"fusion-text fusion-text-3\"><p style=\"text-align: left;\"><strong>Casse-Noisette<\/strong>, ballet pr\u00e9sent\u00e9 en deux actes, raconte l\u2019histoire de Clara, une jeune fille qui, la veille de No\u00ebl, re\u00e7oit comme cadeau un casse-noisette en bois. Lequel se transforme en prince apr\u00e8s avoir combattu le roi des souris et emm\u00e8ne Clara dans un royaume fantastique.<\/p>\n<p style=\"text-align: left;\"><strong>La veille de No\u00ebl<\/strong>, Clara, son fr\u00e8re Fritz, sa maman et sa tante se pr\u00e9parent pour recevoir leur famille et leurs amis pour la grande f\u00eate du r\u00e9veillon.<br \/>\nParmi les invit\u00e9s se trouve la magicienne Drosselmeyer.<br \/>\nC\u2019est un personnage assez myst\u00e9rieux et important dans la soir\u00e9e car sans elle il n\u2019y aurait pas de cadeaux \u00e0 mettre aux pieds du majestueux arbre de No\u00ebl!<\/p>\n<p style=\"text-align: left;\"><strong>La f\u00eate<\/strong> se d\u00e9roule bien, les enfants dansent et les parents aussi.<br \/>\nLe moment de distribuer les cadeaux arrive enfin et Drosselmeyer pr\u00e9sente des tours de magie pour attirer l\u2019attention des invit\u00e9s.<br \/>\nElle donne alors \u00e0 Clara un casse-noisette en bois! Heureuse, la jeune fille danse avec lui, sauf que son fr\u00e8re Fritz est jaloux et cherche \u00e0 lui voler le merveilleux cadeau.<\/p>\n<p style=\"text-align: left;\"><strong>La f\u00eate du r\u00e9veillon<\/strong> tire \u00e0 sa fin et les invit\u00e9s partent un \u00e0 un.<br \/>\nClara est fatigu\u00e9e et va se coucher, son casse-noisette dans les bras.<br \/>\nTout \u00e0 coup elle voit de m\u00e9chantes souris et prend peur.<br \/>\nL\u2019arbre de No\u00ebl grandit et son casse-noisette prend vie\u00a0: les souris l\u2019attaquent, mais il fait appara\u00eetre des soldats qui vont les combattre, ainsi que leur roi.<br \/>\nFinalement le casse-noisette tue le roi des souris et la bataille prend fin.<\/p>\n<p style=\"text-align: left;\"><strong>A la fin du premier acte, <\/strong>Clara, sa maman et sa tante se retrouvent entour\u00e9es d\u2019un tourbillon de flocons de neige.<\/p>\n<p style=\"text-align: left;\"><strong>Dans le deuxi\u00e8me acte,<\/strong> Clara se r\u00e9veille, comme si de rien n\u2019\u00e9tait, avec son casse-noisette dans les mains\u2026<br \/>\nIllusion ou fantastique?<br \/>\nOptons pour le fantastique, comme Clara l\u2019a fait, car on risque sinon de ne jamais conna\u00eetre le merveilleux royaume des friandises!<\/p>\n<p style=\"text-align: left;\"><strong>Clara d\u00e9couvre en effet le royaume des friandises<\/strong> et y rencontre plusieurs personnages.<br \/>\nElle est invit\u00e9e \u00e0 d\u00e9guster un festin de saveurs, de danses et de cultures.<\/p>\n<p style=\"text-align: left;\"><strong>Les festivit\u00e9s commencent<\/strong> avec la danse espagnole, puis la danse arabe, la danse chinoise, la danse russe, la danse de mirlitons, la danse de la M\u00e8re Cigogne, la valse des fleurs et la danse des bouffons.<br \/>\nLe prince r\u00e9appara\u00eet pour le grand pas de deux.<\/p>\n<p style=\"text-align: left;\"><strong>Et le voyage de Clara se termine avec une grande f\u00eate.<\/strong><\/p>\n<p style=\"text-align: left;\">Bien s\u00fbr, toute bonne chose a une fin\u2026<\/p>\n<p style=\"text-align: left;\"><strong>Le ballet Casse-Noisette<\/strong> est une ode \u00e0 l\u2019imagination, \u00e0 la magie et \u00e0 la fantaisie, dans une atmosph\u00e8re d\u2019amour et de rassemblement pour petits et grands.<\/p>\n<p style=\"text-align: left;\">Cette \u0153uvre nous invite \u00e0 admirer les flocons de neige, \u00e0 danser avec Clara et son casse-noisette, et \u00e0 faire partie du royaume des friandises\u2026 nous aussi!<\/p>\n<\/div><\/div><\/div><\/div><\/div>","protected":false},"excerpt":{"rendered":"","protected":false},"author":1,"featured_media":0,"parent":0,"menu_order":0,"comment_status":"closed","ping_status":"closed","template":"100-width.php","meta":{"footnotes":""},"class_list":["post-3958","page","type-page","status-publish","hentry"],"_links":{"self":[{"href":"https:\/\/igokat.com\/site\/wp-json\/wp\/v2\/pages\/3958","targetHints":{"allow":["GET"]}}],"collection":[{"href":"https:\/\/igokat.com\/site\/wp-json\/wp\/v2\/pages"}],"about":[{"href":"https:\/\/igokat.com\/site\/wp-json\/wp\/v2\/types\/page"}],"author":[{"embeddable":true,"href":"https:\/\/igokat.com\/site\/wp-json\/wp\/v2\/users\/1"}],"replies":[{"embeddable":true,"href":"https:\/\/igokat.com\/site\/wp-json\/wp\/v2\/comments?post=3958"}],"version-history":[{"count":37,"href":"https:\/\/igokat.com\/site\/wp-json\/wp\/v2\/pages\/3958\/revisions"}],"predecessor-version":[{"id":5960,"href":"https:\/\/igokat.com\/site\/wp-json\/wp\/v2\/pages\/3958\/revisions\/5960"}],"wp:attachment":[{"href":"https:\/\/igokat.com\/site\/wp-json\/wp\/v2\/media?parent=3958"}],"curies":[{"name":"wp","href":"https:\/\/api.w.org\/{rel}","templated":true}]}}