{"id":4005,"date":"2021-10-27T18:42:51","date_gmt":"2021-10-27T16:42:51","guid":{"rendered":"https:\/\/igokat.com\/site\/?page_id=4005"},"modified":"2025-07-20T22:31:54","modified_gmt":"2025-07-20T20:31:54","slug":"classique-professionnel","status":"publish","type":"page","link":"https:\/\/igokat.com\/site\/classique-professionnel\/","title":{"rendered":"Classique Professionnel"},"content":{"rendered":"<div class=\"fusion-fullwidth fullwidth-box fusion-builder-row-1 fusion-flex-container nonhundred-percent-fullwidth non-hundred-percent-height-scrolling\" style=\"--awb-border-radius-top-left:0px;--awb-border-radius-top-right:0px;--awb-border-radius-bottom-right:0px;--awb-border-radius-bottom-left:0px;--awb-margin-top:0px;--awb-flex-wrap:wrap;\" ><div class=\"fusion-builder-row fusion-row fusion-flex-align-items-flex-start fusion-flex-content-wrap\" style=\"max-width:calc( 1200px + 0px );margin-left: calc(-0px \/ 2 );margin-right: calc(-0px \/ 2 );\"><div class=\"fusion-layout-column fusion_builder_column fusion-builder-column-0 fusion_builder_column_1_1 1_1 fusion-flex-column\" style=\"--awb-bg-blend:overlay;--awb-bg-size:cover;--awb-width-large:100%;--awb-margin-top-large:0px;--awb-spacing-right-large:0px;--awb-margin-bottom-large:0px;--awb-spacing-left-large:0px;--awb-width-medium:100%;--awb-spacing-right-medium:0px;--awb-spacing-left-medium:0px;--awb-width-small:100%;--awb-spacing-right-small:0px;--awb-spacing-left-small:0px;\"><div class=\"fusion-column-wrapper fusion-flex-justify-content-flex-start fusion-content-layout-column\"><div class=\"fusion-text fusion-text-1\"><\/p>\n<blockquote class=\"wp-block-quote is-layout-flow wp-block-quote-is-layout-flow\">\n<p>Tous les jours, nous vous proposons des cours \u201couverts\u201d.<\/p>\n<p>Un entra\u00eenement journalier pour tous danseurs professionnels et ex-professionnels.<\/p>\n<p><a href=\"https:\/\/igokat.com\/site\/horaires\/?fb-edit=1\"><b>HORAIRES<\/b><\/a><\/p>\n<p><b>Lundi <\/b>11h00-12h30 (Rue Caroline) studio Kniaseff avec<b> <a href=\"https:\/\/igokat.com\/site\/laura-smeak\/\"><u>Laura Smeak<\/u><\/a><\/b> <br \/><b>Mardi <\/b>10h45-12h15 (Rue Caroline) studio Kniaseff avec <a href=\"https:\/\/igokat.com\/site\/pasquale-alberico\/?fb-edit=1\"><u><b>Pasquale Alberico<\/b><\/u><\/a> <br \/><b>Mercredi <\/b>10h45-12h15 (Rue Caroline) studio Kniaseff avec <a href=\"https:\/\/igokat.com\/site\/igor-piovano\/?fb-edit=1\"><u><b>Igor Piovano<\/b><\/u><\/a> <br \/><b>Jeudi <\/b>12h15-13h45 (Rue Caroline) studio Kniaseff avec <span style=\"text-decoration: underline;\"><a href=\"https:\/\/igokat.com\/site\/juan-jimenez\/\"><b>Juan Jimenez<\/b><\/a><\/span><br \/><b>Vendredi <\/b> 10h45-12h15 (Rue Caroline) studio Kniaseff avec <a href=\"https:\/\/igokat.com\/site\/kathryn-bradney\/?fb-edit=1\"><u><b>Kathryn Bradney<\/b><\/u><\/a> <br \/><b>Samedi <\/b> 10h30-12h00 (Rue Caroline) studio Kniaseff avec <u><a href=\"https:\/\/igokat.com\/site\/pasquale-alberico\/?fb-edit=1\"><b>Pasquale Alberico<\/b><\/a><b> <\/b><\/u><\/p>\n<p><a href=\"https:\/\/igokat.com\/site\/nos-prix\/?fb-edit=1\"><b>NOS PRIX<\/b><\/a><\/p>\n<p>&nbsp;<\/p>\n<div class=\"fusion-button-wrapper fusion-alignleft\"><a class=\"fusion-button button-flat fusion-button-default-size button-default fusion-button-default button-1 fusion-button-default-span fusion-button-default-type fusion-animated\" data-animationType=\"fadeInLeft\" data-animationDuration=\"3.0\" data-animationOffset=\"top-into-view\" target=\"_self\" href=\"https:\/\/igokat.com\/site\/nos-prix\/\"><i class=\"fa-binoculars fas awb-button__icon awb-button__icon--default button-icon-left\" aria-hidden=\"true\"><\/i><span class=\"fusion-button-text awb-button__text awb-button__text--default\">Cliquez ici<\/span><\/a><\/div>\n<p>&nbsp;<\/p>\n<p>&nbsp;<\/p>\n<p>&nbsp;<\/p>\n<p>Un <a href=\"https:\/\/igokat.com\/site\/cours-dessai\/?fb-edit=1\"><u><b>cours d\u2019essai<\/b><\/u><\/a> est propos\u00e9.<\/p>\n<p><span style=\"color: var(--body_typography-color); font-family: var(--body_typography-font-family); font-size: var(--body_typography-font-size); font-weight: var(--body_typography-font-weight); letter-spacing: var(--body_typography-letter-spacing); text-align: var(--awb-content-alignment); text-transform: var(--awb-text-transform); background-color: var(--testimonial_bg_color);\">Notre <\/span><b style=\"color: var(--body_typography-color); font-family: var(--body_typography-font-family); font-size: var(--body_typography-font-size); letter-spacing: var(--body_typography-letter-spacing); text-align: var(--awb-content-alignment); text-transform: var(--awb-text-transform); background-color: var(--testimonial_bg_color);\">\u201cFORFAIT ETOILE\u201d<\/b><span style=\"color: var(--body_typography-color); font-family: var(--body_typography-font-family); font-size: var(--body_typography-font-size); font-weight: var(--body_typography-font-weight); letter-spacing: var(--body_typography-letter-spacing); text-align: var(--awb-content-alignment); text-transform: var(--awb-text-transform); background-color: var(--testimonial_bg_color);\"> : tous nos cours (Classique, Barre \u00e0 terre, Moderne, Pilates et Stretching) \u00e0 volont\u00e9 pendant 1 ann\u00e9e scolaire, 310.- fr par mois.<\/span><\/p>\n<\/blockquote>\n<\/div><\/div><\/div><\/div><\/div>","protected":false},"excerpt":{"rendered":"","protected":false},"author":1,"featured_media":0,"parent":0,"menu_order":0,"comment_status":"closed","ping_status":"closed","template":"100-width.php","meta":{"footnotes":""},"class_list":["post-4005","page","type-page","status-publish","hentry"],"_links":{"self":[{"href":"https:\/\/igokat.com\/site\/wp-json\/wp\/v2\/pages\/4005","targetHints":{"allow":["GET"]}}],"collection":[{"href":"https:\/\/igokat.com\/site\/wp-json\/wp\/v2\/pages"}],"about":[{"href":"https:\/\/igokat.com\/site\/wp-json\/wp\/v2\/types\/page"}],"author":[{"embeddable":true,"href":"https:\/\/igokat.com\/site\/wp-json\/wp\/v2\/users\/1"}],"replies":[{"embeddable":true,"href":"https:\/\/igokat.com\/site\/wp-json\/wp\/v2\/comments?post=4005"}],"version-history":[{"count":31,"href":"https:\/\/igokat.com\/site\/wp-json\/wp\/v2\/pages\/4005\/revisions"}],"predecessor-version":[{"id":9593,"href":"https:\/\/igokat.com\/site\/wp-json\/wp\/v2\/pages\/4005\/revisions\/9593"}],"wp:attachment":[{"href":"https:\/\/igokat.com\/site\/wp-json\/wp\/v2\/media?parent=4005"}],"curies":[{"name":"wp","href":"https:\/\/api.w.org\/{rel}","templated":true}]}}