{"id":4021,"date":"2021-10-27T19:31:34","date_gmt":"2021-10-27T17:31:34","guid":{"rendered":"https:\/\/igokat.com\/site\/?page_id=4021"},"modified":"2025-07-20T22:35:31","modified_gmt":"2025-07-20T20:35:31","slug":"programme-pre-professionnel-2","status":"publish","type":"page","link":"https:\/\/igokat.com\/site\/programme-pre-professionnel-2\/","title":{"rendered":"Programme Pr\u00e9-professionnel"},"content":{"rendered":"<div class=\"fusion-fullwidth fullwidth-box fusion-builder-row-1 fusion-flex-container nonhundred-percent-fullwidth non-hundred-percent-height-scrolling\" style=\"--awb-border-radius-top-left:0px;--awb-border-radius-top-right:0px;--awb-border-radius-bottom-right:0px;--awb-border-radius-bottom-left:0px;--awb-margin-top:0px;--awb-flex-wrap:wrap;\" ><div class=\"fusion-builder-row fusion-row fusion-flex-align-items-flex-start fusion-flex-content-wrap\" style=\"max-width:1248px;margin-left: calc(-4% \/ 2 );margin-right: calc(-4% \/ 2 );\"><div class=\"fusion-layout-column fusion_builder_column fusion-builder-column-0 fusion_builder_column_1_1 1_1 fusion-flex-column\" style=\"--awb-bg-blend:overlay;--awb-bg-size:cover;--awb-width-large:100%;--awb-margin-top-large:0px;--awb-spacing-right-large:1.92%;--awb-margin-bottom-large:0px;--awb-spacing-left-large:1.92%;--awb-width-medium:100%;--awb-spacing-right-medium:1.92%;--awb-spacing-left-medium:1.92%;--awb-width-small:100%;--awb-spacing-right-small:1.92%;--awb-spacing-left-small:1.92%;\"><div class=\"fusion-column-wrapper fusion-flex-justify-content-flex-start fusion-content-layout-column\"><div class=\"fusion-text fusion-text-1\"><\/p>\n<blockquote class=\"wp-block-quote is-layout-flow wp-block-quote-is-layout-flow\">\n<p><b>PROGRAMME PRE-PROFESSIONNEL<\/b><\/p>\n<p>Un programme de danse destin\u00e9 aux adolescents qui ont un niveau avanc\u00e9, afin de perfectionner leur technique Classique, Moderne et Contemporaine avec un \u00e9veil artistique donn\u00e9 par <a href=\"https:\/\/igokat.com\/site\/nos-professeurs\/\"><b><u>Igor Piovano, Kathryn Bradney, Pasquale Alberico, Giuliano Cardone, Marie-H\u00e9l\u00e8ne Rey Lescure, Sarah Frassanito, Laura Smeak, Yann Dorsaz, Ilonna Tognetti, M\u00e9lina Br\u00e8<\/u><\/b><b><u>s, Margaux Mercier et Rachel Moore.<\/u><\/b><\/a><\/p>\n<p>Un <a href=\"https:\/\/igokat.com\/site\/cours-dessai\/?fb-edit=1\"><b><u>cours d\u2019essai<\/u><\/b><\/a> est propos\u00e9 pour d\u00e9terminer le niveau.<\/p>\n<p><b>Prix<\/b><br \/>Total heures par semaine : 10 \u00e0 23 heures + r\u00e9p\u00e9titions<br \/>Forfait \u00e0 partir de 310.-fr. par mois (paiement trimestriel)<\/p>\n<\/blockquote>\n<\/div><\/div><\/div><\/div><\/div>","protected":false},"excerpt":{"rendered":"","protected":false},"author":1,"featured_media":0,"parent":0,"menu_order":0,"comment_status":"closed","ping_status":"closed","template":"100-width.php","meta":{"footnotes":""},"class_list":["post-4021","page","type-page","status-publish","hentry"],"_links":{"self":[{"href":"https:\/\/igokat.com\/site\/wp-json\/wp\/v2\/pages\/4021","targetHints":{"allow":["GET"]}}],"collection":[{"href":"https:\/\/igokat.com\/site\/wp-json\/wp\/v2\/pages"}],"about":[{"href":"https:\/\/igokat.com\/site\/wp-json\/wp\/v2\/types\/page"}],"author":[{"embeddable":true,"href":"https:\/\/igokat.com\/site\/wp-json\/wp\/v2\/users\/1"}],"replies":[{"embeddable":true,"href":"https:\/\/igokat.com\/site\/wp-json\/wp\/v2\/comments?post=4021"}],"version-history":[{"count":16,"href":"https:\/\/igokat.com\/site\/wp-json\/wp\/v2\/pages\/4021\/revisions"}],"predecessor-version":[{"id":9595,"href":"https:\/\/igokat.com\/site\/wp-json\/wp\/v2\/pages\/4021\/revisions\/9595"}],"wp:attachment":[{"href":"https:\/\/igokat.com\/site\/wp-json\/wp\/v2\/media?parent=4021"}],"curies":[{"name":"wp","href":"https:\/\/api.w.org\/{rel}","templated":true}]}}