{"id":4026,"date":"2021-10-27T19:41:56","date_gmt":"2021-10-27T17:41:56","guid":{"rendered":"https:\/\/igokat.com\/site\/?page_id=4026"},"modified":"2025-07-20T22:40:15","modified_gmt":"2025-07-20T20:40:15","slug":"classique-adultes","status":"publish","type":"page","link":"https:\/\/igokat.com\/site\/classique-adultes\/","title":{"rendered":"Classique adultes"},"content":{"rendered":"<div class=\"fusion-fullwidth fullwidth-box fusion-builder-row-1 fusion-flex-container nonhundred-percent-fullwidth non-hundred-percent-height-scrolling\" style=\"--awb-border-radius-top-left:0px;--awb-border-radius-top-right:0px;--awb-border-radius-bottom-right:0px;--awb-border-radius-bottom-left:0px;--awb-margin-top:0px;--awb-flex-wrap:wrap;\" ><div class=\"fusion-builder-row fusion-row fusion-flex-align-items-flex-start fusion-flex-content-wrap\" style=\"max-width:1248px;margin-left: calc(-4% \/ 2 );margin-right: calc(-4% \/ 2 );\"><div class=\"fusion-layout-column fusion_builder_column fusion-builder-column-0 fusion_builder_column_1_1 1_1 fusion-flex-column\" style=\"--awb-bg-blend:overlay;--awb-bg-size:cover;--awb-width-large:100%;--awb-margin-top-large:0px;--awb-spacing-right-large:1.92%;--awb-margin-bottom-large:0px;--awb-spacing-left-large:1.92%;--awb-width-medium:100%;--awb-spacing-right-medium:1.92%;--awb-spacing-left-medium:1.92%;--awb-width-small:100%;--awb-spacing-right-small:1.92%;--awb-spacing-left-small:1.92%;\"><div class=\"fusion-column-wrapper fusion-flex-justify-content-flex-start fusion-content-layout-column\"><div class=\"fusion-text fusion-text-1\"><\/p>\n<blockquote class=\"wp-block-quote is-layout-flow wp-block-quote-is-layout-flow\">\n<p>Avec 20 ans d\u2019exp\u00e9rience dans les compagnies et \u00e9coles du monde entier, nous vous offrons une large palette de cours classique donn\u00e9s par<\/p>\n<p><b><a href=\"https:\/\/igokat.com\/site\/nos-professeurs\/\"><u>Igor Piovano, Kathryn Bradney, Pasquale Alberico, Giuliano Cardone, Ilonna Tognetti, Marie-H\u00e9l\u00e8ne Rey Lescure, Sarah Frassanito, Laura Smeak, M\u00e9lina Br\u00e8s, Javier Casado, Juan Jimenez<\/u><\/a><\/b>:<\/p>\n<p>Initiation Classique Adultes<br \/>Classique Adultes D\u00e9butant<br \/>Classique Adultes Moyen<br \/>Classique Adultes Avanc\u00e9\/Professionnel<br \/>Pointes Adultes<\/p>\n<p><strong>Guide de mes pointes <\/strong><\/p>\n<div class=\"fusion-button-wrapper fusion-alignleft\"><a class=\"fusion-button button-flat fusion-button-default-size button-default fusion-button-default button-1 fusion-button-default-span fusion-button-default-type fusion-animated\" data-animationType=\"fadeInLeft\" data-animationDuration=\"3.0\" data-animationOffset=\"top-into-view\" target=\"_self\" href=\"https:\/\/igokat.com\/site\/wp-content\/uploads\/2024\/08\/Guide-Pointes-2024-2025.pdf\"><i class=\"fa-binoculars fas awb-button__icon awb-button__icon--default button-icon-left\" aria-hidden=\"true\"><\/i><span class=\"fusion-button-text awb-button__text awb-button__text--default\">Cliquez ici<\/span><\/a><\/div>\n<p>&nbsp;<\/p>\n<p><u><b><a href=\"https:\/\/igokat.com\/site\/horaires\/?fb-edit=1\">HORAIRES<\/a><\/b><\/u><\/p>\n<p><b>Lundi<\/b><br \/>11h00-12h30 Moyen\/Avanc\u00e9 (Rue Caroline) studio Kniaseff avec <a href=\"https:\/\/igokat.com\/site\/laura-smeak\/?fb-edit=1\"><u><b>Laura Smeak<\/b><\/u><\/a><br \/>18h00-19h30 Moyen (Rue Centrale) studio B\u00e9jart avec <u><b><a href=\"https:\/\/igokat.com\/site\/pasquale-alberico\/?fb-edit=1\">Pasquale Alberico<\/a><\/b><\/u><br \/>19h30-21h00 Initiation Classique Adultes (Rue Centrale) studio B\u00e9jart avec <a href=\"https:\/\/igokat.com\/site\/sarah-frassanito\/?fb-edit=1\"><u><b>Sarah Frassanito<\/b><\/u><\/a><\/p>\n<p><b>Mardi<\/b><br \/>8h00-9h00 Stretching (Rue Caroline) studio Kniaseff avec <a href=\"https:\/\/igokat.com\/site\/ilonna-tognetti\/\"><u><b>Ilonna Tognetti<\/b><\/u><\/a><br \/>10h45-12h15 Moyen\/Avanc\u00e9 (Rue Caroline) studio Kniaseff avec <a href=\"https:\/\/igokat.com\/site\/pasquale-alberico\/?fb-edit=1\"><u><b>Pasquale Alberico<\/b><\/u><\/a><br \/>19h30-21h00 Moyen\/Avanc\u00e9 (Rue Caroline) studio Kniaseff avec <a href=\"https:\/\/igokat.com\/site\/pasquale-alberico\/?fb-edit=1\"><u><b>Pasquale Alberico<\/b><\/u><\/a><br \/>20h00-21h30 Adultes (Rue Centrale) studio B\u00e9jart avec <b><u><a href=\"https:\/\/igokat.com\/site\/francisco-javier-casado-suarez\/\">Javier Casado<\/a><\/u><\/b><\/p>\n<p><b>Mercredi<\/b><br \/>8h00-9h00 BB &#8211; Ballet Barre (Rue Caroline) studio Kniaseff avec <a href=\"https:\/\/igokat.com\/site\/ilonna-tognetti\/\"><u><b>Ilonna Tognetti<\/b><\/u><\/a><br \/>10h45-12h15 Moyen\/Avanc\u00e9 (Rue Caroline) studio Kniaseff avec <a href=\"https:\/\/igokat.com\/site\/igor-piovano\/?fb-edit=1\"><u><b>Igor Piovano<\/b><\/u><\/a><br \/>18h00-19h30 Moyen (Rue Centrale) studio B\u00e9jart avec <a href=\"https:\/\/igokat.com\/site\/pasquale-alberico\/?fb-edit=1\"><u><b>Pasquale Alberico<\/b><\/u><\/a><br \/>20h00-21h30 Adultes (Rue Caroline) studio Kniaseff avec <u><b><a href=\"https:\/\/igokat.com\/site\/rachel-moore\/\">Rachel Moore<\/a><\/b><\/u><\/p>\n<p><b>Jeudi<\/b><br \/>12h15-13h45 Moyen\/Avanc\u00e9 (Rue Caroline) studio Kniaseff avec<span style=\"text-decoration: underline;\"> <a href=\"https:\/\/igokat.com\/site\/juan-jimenez\/\"><b>Juan Jimenez<\/b><\/a><\/span><br \/>19h00-20h30 Adultes (Rue Caroline) studio Kniaseff avec <u><b><a href=\"https:\/\/igokat.com\/site\/laura-smeak\/?fb-edit=1\">Laura Smeak<\/a><\/b><\/u><\/p>\n<p><b>Vendredi<\/b><br \/>10h45-12h15 Moyen\/Avanc\u00e9 (Rue Caroline) studio Kniaseff avec <a href=\"https:\/\/igokat.com\/site\/kathryn-bradney\/?fb-edit=1\"><u><b>Kathryn Bradney<\/b><\/u><\/a><br \/>12h15-13h45 Initiation Classique Adultes (Rue Centrale) studio B\u00e9jart avec <b><u><a href=\"https:\/\/igokat.com\/site\/ilonna-tognetti\/\">Ilonna Tognetti<\/a><\/u><\/b><br \/>19h00-20h30 Adultes (Rue Centrale) studio B\u00e9jart avec <b><u><a href=\"https:\/\/igokat.com\/site\/margaux-mercier\/\">Margaux Mercier<\/a><\/u><\/b><\/p>\n<p><b>Samedi<\/b><br \/>10h30-12h00 Moyen\/Avanc\u00e9 (Rue Caroline) studio Kniaseff avec <a href=\"https:\/\/igokat.com\/site\/pasquale-alberico\/?fb-edit=1\"><u><b>Pasquale Alberico<\/b><\/u><\/a><br \/>12h15-13h15 Pointes Adultes (Rue Centrale) studio B\u00e9jart avec <a href=\"https:\/\/igokat.com\/site\/melina-bres\/\"><u><b>M\u00e9lina Br\u00e8s<\/b><\/u><\/a><\/p>\n<p><u><b><a href=\"https:\/\/igokat.com\/site\/nos-prix\/\">NOS PRIX<\/a> <\/b><\/u><\/p>\n<div class=\"fusion-button-wrapper fusion-alignleft\"><a class=\"fusion-button button-flat fusion-button-default-size button-default fusion-button-default button-2 fusion-button-default-span fusion-button-default-type fusion-animated\" data-animationType=\"fadeInLeft\" data-animationDuration=\"3.0\" data-animationOffset=\"top-into-view\" target=\"_self\" href=\"https:\/\/igokat.com\/site\/nos-prix\/\"><i class=\"fa-binoculars fas awb-button__icon awb-button__icon--default button-icon-left\" aria-hidden=\"true\"><\/i><span class=\"fusion-button-text awb-button__text awb-button__text--default\">Cliquez ici<\/span><\/a><\/div>\n<p>&nbsp;<\/p>\n<p>Un <u><b><a href=\"https:\/\/igokat.com\/site\/cours-dessai\/?fb-edit=1\">cours d\u2019essai<\/a><\/b><\/u> est propos\u00e9 pour vous aider \u00e0 choisir votre niveau.<\/p>\n<p>Notre <b>\u201cFORFAIT ETOILE\u201d<\/b> : tous nos cours (Classique, Barre \u00e0 terre, Moderne, Pilates, et Stretching) \u00e0 volont\u00e9 pendant 1 ann\u00e9e scolaire, 310.- fr par mois.<\/p>\n<\/blockquote>\n<\/div><\/div><\/div><\/div><\/div>","protected":false},"excerpt":{"rendered":"","protected":false},"author":1,"featured_media":0,"parent":0,"menu_order":0,"comment_status":"closed","ping_status":"closed","template":"100-width.php","meta":{"footnotes":""},"class_list":["post-4026","page","type-page","status-publish","hentry"],"_links":{"self":[{"href":"https:\/\/igokat.com\/site\/wp-json\/wp\/v2\/pages\/4026","targetHints":{"allow":["GET"]}}],"collection":[{"href":"https:\/\/igokat.com\/site\/wp-json\/wp\/v2\/pages"}],"about":[{"href":"https:\/\/igokat.com\/site\/wp-json\/wp\/v2\/types\/page"}],"author":[{"embeddable":true,"href":"https:\/\/igokat.com\/site\/wp-json\/wp\/v2\/users\/1"}],"replies":[{"embeddable":true,"href":"https:\/\/igokat.com\/site\/wp-json\/wp\/v2\/comments?post=4026"}],"version-history":[{"count":33,"href":"https:\/\/igokat.com\/site\/wp-json\/wp\/v2\/pages\/4026\/revisions"}],"predecessor-version":[{"id":9598,"href":"https:\/\/igokat.com\/site\/wp-json\/wp\/v2\/pages\/4026\/revisions\/9598"}],"wp:attachment":[{"href":"https:\/\/igokat.com\/site\/wp-json\/wp\/v2\/media?parent=4026"}],"curies":[{"name":"wp","href":"https:\/\/api.w.org\/{rel}","templated":true}]}}