{"id":4045,"date":"2021-10-27T20:13:20","date_gmt":"2021-10-27T18:13:20","guid":{"rendered":"https:\/\/igokat.com\/site\/?page_id=4045"},"modified":"2026-02-13T14:32:58","modified_gmt":"2026-02-13T13:32:58","slug":"barre-a-terre","status":"publish","type":"page","link":"https:\/\/igokat.com\/site\/barre-a-terre\/","title":{"rendered":"Barre \u00e0 Terre"},"content":{"rendered":"<div class=\"fusion-fullwidth fullwidth-box fusion-builder-row-1 fusion-flex-container nonhundred-percent-fullwidth non-hundred-percent-height-scrolling\" style=\"--awb-border-radius-top-left:0px;--awb-border-radius-top-right:0px;--awb-border-radius-bottom-right:0px;--awb-border-radius-bottom-left:0px;--awb-margin-top:0px;--awb-flex-wrap:wrap;\" ><div class=\"fusion-builder-row fusion-row fusion-flex-align-items-flex-start fusion-flex-content-wrap\" style=\"max-width:1248px;margin-left: calc(-4% \/ 2 );margin-right: calc(-4% \/ 2 );\"><div class=\"fusion-layout-column fusion_builder_column fusion-builder-column-0 fusion_builder_column_1_1 1_1 fusion-flex-column\" style=\"--awb-bg-blend:overlay;--awb-bg-size:cover;--awb-width-large:100%;--awb-margin-top-large:0px;--awb-spacing-right-large:1.92%;--awb-margin-bottom-large:0px;--awb-spacing-left-large:1.92%;--awb-width-medium:100%;--awb-spacing-right-medium:1.92%;--awb-spacing-left-medium:1.92%;--awb-width-small:100%;--awb-spacing-right-small:1.92%;--awb-spacing-left-small:1.92%;\"><div class=\"fusion-column-wrapper fusion-flex-justify-content-flex-start fusion-content-layout-column\"><div class=\"fusion-text fusion-text-1\"><\/p>\n<blockquote class=\"wp-block-quote is-layout-flow wp-block-quote-is-layout-flow\">\n<p>Un cours physique et musical cr\u00e9\u00e9 par:<\/p>\n<p><a href=\"https:\/\/igokat.com\/site\/nos-professeurs\/\"><u><b>Igor Piovano, Kathryn Bradney, Pasquale Alberico et Giuliano Cardone<\/b><\/u><\/a> pour am\u00e9liorer votre souplesse, ceinture abdominale, et force musculaire. <br \/>Nous vous proposons un cours pour tous les niveaux.<\/p>\n<p><a href=\"https:\/\/igokat.com\/site\/horaires\/\"><u><b>HORAIRES<\/b><\/u><\/a><\/p>\n<p><b>Mardi<\/b><br \/>18h30-19h30 Barre \u00e0 terre avec <a href=\"https:\/\/igokat.com\/site\/pasquale-alberico\/\"><u><b>Pasquale Alberico<\/b><\/u><\/a><\/p>\n<p><b>Mercredi<\/b><br \/>12h30-13h30 Barre \u00e0 terre avec <a href=\"https:\/\/igokat.com\/site\/giuliano-cardone\/\"><u><b>Giuliano Cardone<\/b><\/u><\/a><\/p>\n<p><b>Vendredi<\/b><br \/>09h45-10h45 Barre \u00e0 terre avec <a href=\"https:\/\/igokat.com\/site\/giuliano-cardone\/\"><u><b>Giuliano Cardone<\/b><\/u><\/a><\/p>\n<p><a href=\"https:\/\/igokat.com\/site\/nos-prix\/\"><u><b>NOS PRIX<\/b><\/u><\/a><\/p>\n<div class=\"fusion-button-wrapper fusion-alignleft\"><a class=\"fusion-button button-flat fusion-button-default-size button-default fusion-button-default button-1 fusion-button-default-span fusion-button-default-type fusion-animated\" data-animationType=\"fadeInLeft\" data-animationDuration=\"3.0\" data-animationOffset=\"top-into-view\" target=\"_self\" href=\"https:\/\/igokat.com\/site\/nos-prix\/\"><i class=\"fa-binoculars fas awb-button__icon awb-button__icon--default button-icon-left\" aria-hidden=\"true\"><\/i><span class=\"fusion-button-text awb-button__text awb-button__text--default\">Cliquez ici<\/span><\/a><\/div>\n<p>&nbsp;<\/p>\n<p>&nbsp;<\/p>\n<p>Un <a href=\"https:\/\/igokat.com\/site\/cours-dessai\/\"><u><b>cours d\u2019essai<\/b><\/u><\/a> est propos\u00e9.<\/p>\n<p>Notre\u00a0<b>\u201cFORFAIT \u00c9TOILE\u201d<\/b>\u00a0: tous nos cours (Classique, Barre \u00e0 Terre, Moderne\/Contemporain, Pilates, Stretching) \u00e0 volont\u00e9 pendant 1 ann\u00e9e scolaire, 310.- fr par mois.<\/p>\n<\/blockquote>\n<\/div><\/div><\/div><\/div><\/div>","protected":false},"excerpt":{"rendered":"","protected":false},"author":1,"featured_media":0,"parent":0,"menu_order":0,"comment_status":"closed","ping_status":"closed","template":"100-width.php","meta":{"footnotes":""},"class_list":["post-4045","page","type-page","status-publish","hentry"],"_links":{"self":[{"href":"https:\/\/igokat.com\/site\/wp-json\/wp\/v2\/pages\/4045","targetHints":{"allow":["GET"]}}],"collection":[{"href":"https:\/\/igokat.com\/site\/wp-json\/wp\/v2\/pages"}],"about":[{"href":"https:\/\/igokat.com\/site\/wp-json\/wp\/v2\/types\/page"}],"author":[{"embeddable":true,"href":"https:\/\/igokat.com\/site\/wp-json\/wp\/v2\/users\/1"}],"replies":[{"embeddable":true,"href":"https:\/\/igokat.com\/site\/wp-json\/wp\/v2\/comments?post=4045"}],"version-history":[{"count":14,"href":"https:\/\/igokat.com\/site\/wp-json\/wp\/v2\/pages\/4045\/revisions"}],"predecessor-version":[{"id":10247,"href":"https:\/\/igokat.com\/site\/wp-json\/wp\/v2\/pages\/4045\/revisions\/10247"}],"wp:attachment":[{"href":"https:\/\/igokat.com\/site\/wp-json\/wp\/v2\/media?parent=4045"}],"curies":[{"name":"wp","href":"https:\/\/api.w.org\/{rel}","templated":true}]}}