{"id":4051,"date":"2021-10-27T20:18:32","date_gmt":"2021-10-27T18:18:32","guid":{"rendered":"https:\/\/igokat.com\/site\/?page_id=4051"},"modified":"2025-08-31T17:57:53","modified_gmt":"2025-08-31T15:57:53","slug":"moderne-contemporain","status":"publish","type":"page","link":"https:\/\/igokat.com\/site\/moderne-contemporain\/","title":{"rendered":"Moderne\/Contemporain"},"content":{"rendered":"<div class=\"fusion-fullwidth fullwidth-box fusion-builder-row-1 fusion-flex-container nonhundred-percent-fullwidth non-hundred-percent-height-scrolling\" style=\"--awb-border-radius-top-left:0px;--awb-border-radius-top-right:0px;--awb-border-radius-bottom-right:0px;--awb-border-radius-bottom-left:0px;--awb-margin-top:0px;--awb-flex-wrap:wrap;\" ><div class=\"fusion-builder-row fusion-row fusion-flex-align-items-flex-start fusion-flex-content-wrap\" style=\"max-width:1248px;margin-left: calc(-4% \/ 2 );margin-right: calc(-4% \/ 2 );\"><div class=\"fusion-layout-column fusion_builder_column fusion-builder-column-0 fusion_builder_column_1_1 1_1 fusion-flex-column\" style=\"--awb-bg-blend:overlay;--awb-bg-size:cover;--awb-width-large:100%;--awb-margin-top-large:0px;--awb-spacing-right-large:1.92%;--awb-margin-bottom-large:0px;--awb-spacing-left-large:1.92%;--awb-width-medium:100%;--awb-spacing-right-medium:1.92%;--awb-spacing-left-medium:1.92%;--awb-width-small:100%;--awb-spacing-right-small:1.92%;--awb-spacing-left-small:1.92%;\"><div class=\"fusion-column-wrapper fusion-flex-justify-content-flex-start fusion-content-layout-column\"><div class=\"fusion-text fusion-text-1\"><\/p>\n<blockquote class=\"wp-block-quote is-layout-flow wp-block-quote-is-layout-flow\">\n<p>Cours technique, donn\u00e9 par <a href=\"https:\/\/igokat.com\/site\/nos-professeurs\/\"><u><b>Igor Piovano, Pasquale Alberico, Giuliano Cardone, Yann Dorsaz, Ilonna Tognetti, Margaux Mercier<\/b><\/u><\/a><u><b> <\/b><\/u>reposant notamment sur le \u201ccontract-release\u201d. <br \/>Phrases dans\u00e9es au sol et debout. <br \/>Travail bas\u00e9 sur la force et la tenue du centre, sur la prise de conscience du ressenti suscit\u00e9 par la forme, sur la ligne et sa courbe, sur la suspension et la chute.<\/p>\n<p>Inspir\u00e9s des m\u00e9thodes Martha Graham et Jos\u00e9 Limon jusqu\u2019\u00e0 Wayne McGregor, les cours sont divis\u00e9s en deux parties avec un \u00e9chauffement dans la premi\u00e8re et un travail chor\u00e9graphique dans la deuxi\u00e8me.<\/p>\n<p><a href=\"https:\/\/igokat.com\/site\/horaires\/?fb-edit=1\"><u><b>HORAIRES<\/b><\/u><\/a><\/p>\n<p><b>Lundi<\/b><br \/>20h00-21h00 Moderne\/Contemporain (Rue Caroline) avec <a href=\"https:\/\/igokat.com\/site\/ilonna-tognetti\/\"><u><b>Ilonna Tognetti<\/b><\/u><\/a><\/p>\n<p><b>Mardi<\/b><br \/>17h30-18h30 Moderne Enfants (Rue Caroline) avec <a href=\"https:\/\/igokat.com\/site\/pasquale-alberico\/?fb-edit=1\"><u><b>Pasquale Alberico<\/b><\/u><\/a><br \/>18h00-19h00 Moderne Jeunes (Rue Centrale) avec <a href=\"https:\/\/igokat.com\/site\/giuliano-cardone\/?fb-edit=1\"><u><b>Giuliano Cardone<\/b><\/u><\/a><br \/>19h00-20h00 Moderne\/Contemporain (Rue Centrale) avec <a href=\"https:\/\/igokat.com\/site\/giuliano-cardone\/?fb-edit=1\"><u><b>Giuliano Cardone<\/b><\/u><\/a><\/p>\n<p><b>Mercredi<\/b><br \/>15h30-16h30 Moderne Jeunes (Rue Caroline) avec <a href=\"https:\/\/igokat.com\/site\/ilonna-tognetti\/\"><u><b>Ilonna Tognetti<\/b><\/u><\/a><br \/>17h30-18h30 Moderne Enfants (Rue Caroline) avec <a href=\"https:\/\/igokat.com\/site\/margaux-mercier\/\"><u><b>Margaux Mercier<\/b><\/u><\/a><\/p>\n<p><b>Jeudi<\/b><br \/>16h30-17h30 Moderne Enfants (Rue Centrale) avec <a href=\"https:\/\/igokat.com\/site\/giuliano-cardone\/?fb-edit=1\"><u><b>Giuliano Cardone<\/b><\/u><\/a><br \/>18h00-19h00 Moderne Jeunes (Rue Caroline) avec <a href=\"https:\/\/igokat.com\/site\/giuliano-cardone\/?fb-edit=1\"><u><b>Giuliano Cardone<\/b><\/u><\/a><br \/>19h00-20h00 Moderne\/Contemporain Pr\u00e9-professionnels (Rue Centrale) avec <a href=\"https:\/\/igokat.com\/site\/igor-piovano\/?fb-edit=1\"><u><b>Igor Piovano<\/b><\/u><\/a><br \/>20h00-21h00 Moderne\/Contemporain (Rue Centrale) avec <a href=\"https:\/\/igokat.com\/site\/margaux-mercier\/\"><u><b>Margaux Mercier<\/b><\/u><\/a><\/p>\n<p><b>Vendredi<\/b><br \/>19h00-20h30 Contemporain \u2013 Formation Pr\u00e9-professionnelle (Rue Caroline) avec <a href=\"https:\/\/igokat.com\/site\/yann-dorsaz\/\"><u><b>Yann Dorsaz<\/b><\/u><\/a><\/p>\n<p><b>Samedi<\/b><\/p>\n<p>12h15-13h15 Moderne\/Contemporain (Rue Caroline) avec <a href=\"https:\/\/igokat.com\/site\/pasquale-alberico\/?fb-edit=1\"><u><b>Pasquale Alberico<\/b><\/u><\/a><\/p>\n<p>&nbsp;<\/p>\n<p><a href=\"https:\/\/igokat.com\/site\/nos-prix\/\"><u><b>NOS PRIX<\/b><\/u><\/a><\/p>\n<p>&nbsp;<\/p>\n<div class=\"fusion-alignleft\"><a class=\"fusion-button button-flat fusion-button-default-size button-default fusion-button-default button-1 fusion-button-default-span fusion-button-default-type fusion-animated\" data-animationType=\"fadeInLeft\" data-animationDuration=\"3.0\" data-animationOffset=\"top-into-view\" target=\"_self\" href=\"https:\/\/igokat.com\/site\/nos-prix\/\"><i class=\"fa-binoculars fas awb-button__icon awb-button__icon--default button-icon-left\" aria-hidden=\"true\"><\/i><span class=\"fusion-button-text awb-button__text awb-button__text--default\">Cliquez ici<\/span><\/a><\/div>\n<p>&nbsp;<\/p>\n<p>&nbsp;<\/p>\n<p>&nbsp;<\/p>\n<p>Un <a href=\"https:\/\/igokat.com\/site\/cours-dessai\/?fb-edit=1\"><u><b>cours d\u2019essai<\/b><\/u><\/a> est propos\u00e9.<\/p>\n<p>Notre <b>\u201cFORFAIT \u00c9TOILE\u201d<\/b> : tous nos cours (Classique, Barre \u00e0 Terre, Moderne\/Contemporain, Pilates, Stretching) \u00e0 volont\u00e9 pendant 1 ann\u00e9e scolaire, 310.- fr par mois.<\/p>\n<\/blockquote>\n<\/div><\/div><\/div><\/div><\/div>","protected":false},"excerpt":{"rendered":"","protected":false},"author":1,"featured_media":0,"parent":0,"menu_order":0,"comment_status":"closed","ping_status":"closed","template":"100-width.php","meta":{"footnotes":""},"class_list":["post-4051","page","type-page","status-publish","hentry"],"_links":{"self":[{"href":"https:\/\/igokat.com\/site\/wp-json\/wp\/v2\/pages\/4051","targetHints":{"allow":["GET"]}}],"collection":[{"href":"https:\/\/igokat.com\/site\/wp-json\/wp\/v2\/pages"}],"about":[{"href":"https:\/\/igokat.com\/site\/wp-json\/wp\/v2\/types\/page"}],"author":[{"embeddable":true,"href":"https:\/\/igokat.com\/site\/wp-json\/wp\/v2\/users\/1"}],"replies":[{"embeddable":true,"href":"https:\/\/igokat.com\/site\/wp-json\/wp\/v2\/comments?post=4051"}],"version-history":[{"count":18,"href":"https:\/\/igokat.com\/site\/wp-json\/wp\/v2\/pages\/4051\/revisions"}],"predecessor-version":[{"id":9757,"href":"https:\/\/igokat.com\/site\/wp-json\/wp\/v2\/pages\/4051\/revisions\/9757"}],"wp:attachment":[{"href":"https:\/\/igokat.com\/site\/wp-json\/wp\/v2\/media?parent=4051"}],"curies":[{"name":"wp","href":"https:\/\/api.w.org\/{rel}","templated":true}]}}