{"id":4056,"date":"2021-10-27T20:38:00","date_gmt":"2021-10-27T18:38:00","guid":{"rendered":"https:\/\/igokat.com\/site\/?page_id=4056"},"modified":"2024-07-16T13:15:39","modified_gmt":"2024-07-16T11:15:39","slug":"pilates","status":"publish","type":"page","link":"https:\/\/igokat.com\/site\/pilates\/","title":{"rendered":"Pilates\/Stretch"},"content":{"rendered":"<div class=\"fusion-fullwidth fullwidth-box fusion-builder-row-1 fusion-flex-container nonhundred-percent-fullwidth non-hundred-percent-height-scrolling\" style=\"--awb-border-radius-top-left:0px;--awb-border-radius-top-right:0px;--awb-border-radius-bottom-right:0px;--awb-border-radius-bottom-left:0px;--awb-margin-top:0px;--awb-flex-wrap:wrap;\" ><div class=\"fusion-builder-row fusion-row fusion-flex-align-items-flex-start fusion-flex-content-wrap\" style=\"max-width:1248px;margin-left: calc(-4% \/ 2 );margin-right: calc(-4% \/ 2 );\"><div class=\"fusion-layout-column fusion_builder_column fusion-builder-column-0 fusion_builder_column_1_1 1_1 fusion-flex-column\" style=\"--awb-bg-blend:overlay;--awb-bg-size:cover;--awb-width-large:100%;--awb-margin-top-large:0px;--awb-spacing-right-large:1.92%;--awb-margin-bottom-large:0px;--awb-spacing-left-large:1.92%;--awb-width-medium:100%;--awb-spacing-right-medium:1.92%;--awb-spacing-left-medium:1.92%;--awb-width-small:100%;--awb-spacing-right-small:1.92%;--awb-spacing-left-small:1.92%;\"><div class=\"fusion-column-wrapper fusion-flex-justify-content-flex-start fusion-content-layout-column\"><div class=\"fusion-text fusion-text-1\"><\/p>\n<blockquote class=\"wp-block-quote is-layout-flow wp-block-quote-is-layout-flow\">\n<p>Le Pilates\/Stretch fusionne la m\u00e9thode Pilates et les techniques de Stretching en vous apportant les bienfaits de ces deux disciplines compl\u00e9mentaires, \u00e7a n\u2019exige aucune aptitude physique particuli\u00e8re et le manque de souplesse n\u2019est pas un obstacle. <br>Donn\u00e9 par <a href=\"https:\/\/igokat.com\/site\/pasquale-alberico\/\"><strong><span style=\"text-decoration: underline;\">Pasquale Alberico<\/span><\/strong><\/a>. <br>Pour tous les niveaux.<\/p>\n<p><a href=\"https:\/\/igokat.com\/site\/horaires\/?fb-edit=1\"><u><b>HORAIRES<\/b><\/u><\/a><\/p>\n<p><b>Mercredi<\/b><br>19h30-20h30 Pilates (Rue Centrale) avec <a href=\"https:\/\/igokat.com\/site\/pasquale-alberico\/\"><u><b>Pasquale Alberico <\/b><\/u><\/a><\/p>\n<p><a href=\"https:\/\/igokat.com\/site\/nos-prix\/?fb-edit=1\"><u><b>NOS PRIX<\/b><\/u><\/a><\/p>\n<div class=\"fusion-button-wrapper fusion-alignleft\"><a class=\"fusion-button button-flat fusion-button-default-size button-default fusion-button-default button-1 fusion-button-default-span fusion-button-default-type fusion-animated\" data-animationType=\"fadeInLeft\" data-animationDuration=\"3.0\" data-animationOffset=\"top-into-view\" target=\"_self\" href=\"https:\/\/igokat.com\/site\/nos-prix\/\"><i class=\"fa-binoculars fas awb-button__icon awb-button__icon--default button-icon-left\" aria-hidden=\"true\"><\/i><span class=\"fusion-button-text awb-button__text awb-button__text--default\">Cliquez ici<\/span><\/a><\/div>\n<p>&nbsp;<\/p>\n<p>&nbsp;<\/p>\n<p>Un <a href=\"https:\/\/igokat.com\/site\/cours-dessai\/?fb-edit=1\"><u><b>cours d\u2019essai<\/b><\/u><\/a> est propos\u00e9.<\/p>\n<p>Notre&nbsp;<b>\u201cFORFAIT ETOILE\u201d<\/b>&nbsp;: tous nos cours (Classique, Barre \u00e0 terre, Moderne, Pilates et Stretching) \u00e0 volont\u00e9 pendant 1 ann\u00e9e scolaire, 310.- fr par mois.<\/p>\n<\/blockquote>\n<\/div><\/div><\/div><\/div><\/div>","protected":false},"excerpt":{"rendered":"","protected":false},"author":1,"featured_media":0,"parent":0,"menu_order":0,"comment_status":"closed","ping_status":"closed","template":"100-width.php","meta":{"footnotes":""},"class_list":["post-4056","page","type-page","status-publish","hentry"],"_links":{"self":[{"href":"https:\/\/igokat.com\/site\/wp-json\/wp\/v2\/pages\/4056","targetHints":{"allow":["GET"]}}],"collection":[{"href":"https:\/\/igokat.com\/site\/wp-json\/wp\/v2\/pages"}],"about":[{"href":"https:\/\/igokat.com\/site\/wp-json\/wp\/v2\/types\/page"}],"author":[{"embeddable":true,"href":"https:\/\/igokat.com\/site\/wp-json\/wp\/v2\/users\/1"}],"replies":[{"embeddable":true,"href":"https:\/\/igokat.com\/site\/wp-json\/wp\/v2\/comments?post=4056"}],"version-history":[{"count":13,"href":"https:\/\/igokat.com\/site\/wp-json\/wp\/v2\/pages\/4056\/revisions"}],"predecessor-version":[{"id":8097,"href":"https:\/\/igokat.com\/site\/wp-json\/wp\/v2\/pages\/4056\/revisions\/8097"}],"wp:attachment":[{"href":"https:\/\/igokat.com\/site\/wp-json\/wp\/v2\/media?parent=4056"}],"curies":[{"name":"wp","href":"https:\/\/api.w.org\/{rel}","templated":true}]}}