{"id":4061,"date":"2021-10-27T20:47:45","date_gmt":"2021-10-27T18:47:45","guid":{"rendered":"https:\/\/igokat.com\/site\/?page_id=4061"},"modified":"2025-07-22T10:11:47","modified_gmt":"2025-07-22T08:11:47","slug":"stretching","status":"publish","type":"page","link":"https:\/\/igokat.com\/site\/stretching\/","title":{"rendered":"Stretching"},"content":{"rendered":"<div class=\"fusion-fullwidth fullwidth-box fusion-builder-row-1 fusion-flex-container nonhundred-percent-fullwidth non-hundred-percent-height-scrolling\" style=\"--awb-border-radius-top-left:0px;--awb-border-radius-top-right:0px;--awb-border-radius-bottom-right:0px;--awb-border-radius-bottom-left:0px;--awb-margin-top:0px;--awb-flex-wrap:wrap;\" ><div class=\"fusion-builder-row fusion-row fusion-flex-align-items-flex-start fusion-flex-content-wrap\" style=\"max-width:calc( 1200px + 0px );margin-left: calc(-0px \/ 2 );margin-right: calc(-0px \/ 2 );\"><div class=\"fusion-layout-column fusion_builder_column fusion-builder-column-0 fusion_builder_column_1_1 1_1 fusion-flex-column\" style=\"--awb-bg-size:cover;--awb-width-large:100%;--awb-margin-top-large:0px;--awb-spacing-right-large:0px;--awb-margin-bottom-large:0px;--awb-spacing-left-large:0px;--awb-width-medium:100%;--awb-spacing-right-medium:0px;--awb-spacing-left-medium:0px;--awb-width-small:100%;--awb-spacing-right-small:0px;--awb-spacing-left-small:0px;\"><div class=\"fusion-column-wrapper fusion-flex-justify-content-flex-start fusion-content-layout-column\"><div class=\"fusion-text fusion-text-1\"><\/p>\n<blockquote class=\"wp-block-quote is-layout-flow wp-block-quote-is-layout-flow\">\n<p>Un cours amusant et musical donn\u00e9 par <a href=\"https:\/\/igokat.com\/site\/nos-professeurs\/\"><u><b>Ilonna Tognetti <\/b><\/u><\/a>pour am\u00e9liorer la souplesse et fortifier les abdominaux pour tous les niveaux.<\/p>\n<p><a href=\"https:\/\/igokat.com\/site\/horaires\/?fb-edit=1\"><u><b>HORAIRES<\/b><\/u><\/a><\/p>\n<p><b>Lundi<\/b><br>19h00-20h00 Stretching (Rue Caroline) avec <a href=\"https:\/\/igokat.com\/site\/ilonna-tognetti\/\" style=\"text-decoration-line: underline;\"><b>Ilonna Tognetti<\/b><\/a><\/p>\n<p><b>Mardi<\/b><br>8h00-9h00 Stretching (Rue Caroline) avec <u><b><a href=\"https:\/\/igokat.com\/site\/ilonna-tognetti\/\">Ilonna Tognetti<\/a><\/b><\/u><\/p>\n<p><b>Mercredi<\/b><br>19h00-20h00 Stretching Pr\u00e9-professionnel (Rue Caroline) avec <b><u><a href=\"Ilonna Tognetti\">Ilonna Tognetti<\/a><\/u><\/b><\/p>\n<p><b>Vendredi<\/b><br>18h00-19h00 Stretching (Rue Centrale) avec <a href=\"https:\/\/igokat.com\/site\/ilonna-tognetti\/\"><u><b>Ilonna Tognetti<\/b><\/u><\/a><\/p>\n<p><a href=\"https:\/\/igokat.com\/site\/nos-prix\/?fb-edit=1\"><u><b>NOS PRIX<\/b><\/u><\/a><\/p>\n<\/p>\n<div class=\"fusion-button-wrapper fusion-alignleft\"><a class=\"fusion-button button-flat fusion-button-default-size button-default fusion-button-default button-1 fusion-button-default-span fusion-button-default-type fusion-animated\" data-animationType=\"fadeInLeft\" data-animationDuration=\"3.0\" data-animationOffset=\"top-into-view\" target=\"_self\" href=\"https:\/\/igokat.com\/site\/nos-prix\/\"><i class=\"fa-binoculars fas awb-button__icon awb-button__icon--default button-icon-left\" aria-hidden=\"true\"><\/i><span class=\"fusion-button-text awb-button__text awb-button__text--default\">Cliquez ici<\/span><\/a><\/div>\n<\/p>\n<p>Un <a href=\"https:\/\/igokat.com\/site\/cours-dessai\/?fb-edit=1\"><u><b>cours d\u2019essai <\/b><\/u><\/a>est propos\u00e9.<\/p>\n<p>Notre <b>\u201cFORFAIT ETOILE\u201d<\/b> : tous nos cours (Classique, Barre \u00e0 terre, Moderne, Pilates et Stretching) \u00e0 volont\u00e9 pendant 1 ann\u00e9e scolaire, 310.- fr par mois.<\/p>\n<\/blockquote>\n<\/div><\/div><\/div><\/div><\/div>","protected":false},"excerpt":{"rendered":"","protected":false},"author":1,"featured_media":0,"parent":0,"menu_order":0,"comment_status":"closed","ping_status":"closed","template":"100-width.php","meta":{"footnotes":""},"class_list":["post-4061","page","type-page","status-publish","hentry"],"_links":{"self":[{"href":"https:\/\/igokat.com\/site\/wp-json\/wp\/v2\/pages\/4061","targetHints":{"allow":["GET"]}}],"collection":[{"href":"https:\/\/igokat.com\/site\/wp-json\/wp\/v2\/pages"}],"about":[{"href":"https:\/\/igokat.com\/site\/wp-json\/wp\/v2\/types\/page"}],"author":[{"embeddable":true,"href":"https:\/\/igokat.com\/site\/wp-json\/wp\/v2\/users\/1"}],"replies":[{"embeddable":true,"href":"https:\/\/igokat.com\/site\/wp-json\/wp\/v2\/comments?post=4061"}],"version-history":[{"count":13,"href":"https:\/\/igokat.com\/site\/wp-json\/wp\/v2\/pages\/4061\/revisions"}],"predecessor-version":[{"id":9608,"href":"https:\/\/igokat.com\/site\/wp-json\/wp\/v2\/pages\/4061\/revisions\/9608"}],"wp:attachment":[{"href":"https:\/\/igokat.com\/site\/wp-json\/wp\/v2\/media?parent=4061"}],"curies":[{"name":"wp","href":"https:\/\/api.w.org\/{rel}","templated":true}]}}