{"id":4090,"date":"2021-10-28T14:54:53","date_gmt":"2021-10-28T12:54:53","guid":{"rendered":"https:\/\/igokat.com\/site\/?page_id=4090"},"modified":"2021-11-27T11:42:06","modified_gmt":"2021-11-27T10:42:06","slug":"patou","status":"publish","type":"page","link":"https:\/\/igokat.com\/site\/patou\/","title":{"rendered":"Patou"},"content":{"rendered":"<div class=\"fusion-fullwidth fullwidth-box fusion-builder-row-1 fusion-flex-container nonhundred-percent-fullwidth non-hundred-percent-height-scrolling\" style=\"--awb-border-radius-top-left:0px;--awb-border-radius-top-right:0px;--awb-border-radius-bottom-right:0px;--awb-border-radius-bottom-left:0px;--awb-margin-top:0px;--awb-flex-wrap:wrap;\" ><div class=\"fusion-builder-row fusion-row fusion-flex-align-items-flex-start fusion-flex-content-wrap\" style=\"max-width:1248px;margin-left: calc(-4% \/ 2 );margin-right: calc(-4% \/ 2 );\"><div class=\"fusion-layout-column fusion_builder_column fusion-builder-column-0 fusion_builder_column_1_1 1_1 fusion-flex-column\" style=\"--awb-bg-size:cover;--awb-width-large:100%;--awb-margin-top-large:0px;--awb-spacing-right-large:1.92%;--awb-margin-bottom-large:0px;--awb-spacing-left-large:1.92%;--awb-width-medium:100%;--awb-spacing-right-medium:1.92%;--awb-spacing-left-medium:1.92%;--awb-width-small:100%;--awb-spacing-right-small:1.92%;--awb-spacing-left-small:1.92%;\"><div class=\"fusion-column-wrapper fusion-flex-justify-content-flex-start fusion-content-layout-column\"><div class=\"fusion-text fusion-text-1\" style=\"--awb-text-transform:none;\"><\/p>\n<\/p>\n<blockquote class=\"wp-block-quote is-layout-flow wp-block-quote-is-layout-flow\">\n<p><b>Patricia,<\/b> n\u00e9e le 28 ao\u00fbt 1961, commence la danse classique \u00e0 6 ans. Le jazz \u00e0 16 ans, fait 3 ans de claquettes, de la danse de caract\u00e8re, du moderne et du pilates.<\/p>\n<p><strong>Durant 10 ans,<\/strong> danse dans divers spectacles d\u2019\u00e9cole, puis 4 ans dans le cadre du festival de la cit\u00e9. Patricia donne des cours de danse classique au Monthey Dance Center \u00e0 Monthey et du jazz-cabaret au centre Iokat de Lausanne.<\/p>\n<p><strong>Elle fait aussi partie<\/strong> de la Troupe Musiqu\u2019all, avec son spectacle chant\u00e9 et dans\u00e9.<\/p>\n<p><strong>A particip\u00e9 comme actrice<\/strong> \u00e0 un film \u00ab Derniers recours \u00bb et aussi comme figurante pour diverses productions.<\/p>\n<p><strong>Elle anime r\u00e9guli\u00e8rement<\/strong> un karaoke \u00e0 Lausanne.<\/p>\n<p><strong>Patricia fait du th\u00e9\u00e2tre comme com\u00e9dienne<\/strong>, depuis 5 ans, en premier lieu avec la troupe du Pav\u00e9 de Villeneuve (1 an), puis \u00e0 int\u00e9gr\u00e9 la troupe du Moment de Lausanne.<\/p>\n<p><strong>A fait en 2012,<\/strong> sa premi\u00e8re mise en sc\u00e8ne pour \u00ab Qui vient au Gala \u00bb.R\u00e9p\u00e8te pour septembre-octobre 2013 \u00ab 8 Femmes ou presque \u00bb<\/p>\n<\/blockquote>\n<\/div><\/div><\/div><\/div><\/div>","protected":false},"excerpt":{"rendered":"","protected":false},"author":1,"featured_media":0,"parent":0,"menu_order":0,"comment_status":"closed","ping_status":"closed","template":"","meta":{"footnotes":""},"class_list":["post-4090","page","type-page","status-publish","hentry"],"_links":{"self":[{"href":"https:\/\/igokat.com\/site\/wp-json\/wp\/v2\/pages\/4090","targetHints":{"allow":["GET"]}}],"collection":[{"href":"https:\/\/igokat.com\/site\/wp-json\/wp\/v2\/pages"}],"about":[{"href":"https:\/\/igokat.com\/site\/wp-json\/wp\/v2\/types\/page"}],"author":[{"embeddable":true,"href":"https:\/\/igokat.com\/site\/wp-json\/wp\/v2\/users\/1"}],"replies":[{"embeddable":true,"href":"https:\/\/igokat.com\/site\/wp-json\/wp\/v2\/comments?post=4090"}],"version-history":[{"count":9,"href":"https:\/\/igokat.com\/site\/wp-json\/wp\/v2\/pages\/4090\/revisions"}],"predecessor-version":[{"id":4942,"href":"https:\/\/igokat.com\/site\/wp-json\/wp\/v2\/pages\/4090\/revisions\/4942"}],"wp:attachment":[{"href":"https:\/\/igokat.com\/site\/wp-json\/wp\/v2\/media?parent=4090"}],"curies":[{"name":"wp","href":"https:\/\/api.w.org\/{rel}","templated":true}]}}