{"id":4104,"date":"2021-10-28T17:50:34","date_gmt":"2021-10-28T15:50:34","guid":{"rendered":"https:\/\/igokat.com\/site\/?page_id=4104"},"modified":"2021-11-22T18:23:19","modified_gmt":"2021-11-22T17:23:19","slug":"methode-margaret-morris","status":"publish","type":"page","link":"https:\/\/igokat.com\/site\/methode-margaret-morris\/","title":{"rendered":"M\u00e9thode Margaret Morris"},"content":{"rendered":"<div class=\"fusion-fullwidth fullwidth-box fusion-builder-row-1 fusion-flex-container nonhundred-percent-fullwidth non-hundred-percent-height-scrolling\" style=\"--awb-border-radius-top-left:0px;--awb-border-radius-top-right:0px;--awb-border-radius-bottom-right:0px;--awb-border-radius-bottom-left:0px;--awb-margin-top:0px;--awb-flex-wrap:wrap;\" ><div class=\"fusion-builder-row fusion-row fusion-flex-align-items-flex-start fusion-flex-content-wrap\" style=\"max-width:calc( 1200px + 0px );margin-left: calc(-0px \/ 2 );margin-right: calc(-0px \/ 2 );\"><div class=\"fusion-layout-column fusion_builder_column fusion-builder-column-0 fusion_builder_column_1_1 1_1 fusion-flex-column\" style=\"--awb-bg-size:cover;--awb-width-large:100%;--awb-margin-top-large:0px;--awb-spacing-right-large:0px;--awb-margin-bottom-large:0px;--awb-spacing-left-large:0px;--awb-width-medium:100%;--awb-spacing-right-medium:0px;--awb-spacing-left-medium:0px;--awb-width-small:100%;--awb-spacing-right-small:0px;--awb-spacing-left-small:0px;\"><div class=\"fusion-column-wrapper fusion-flex-justify-content-flex-start fusion-content-layout-column\"><div class=\"fusion-text fusion-text-1\"><\/p>\n<blockquote class=\"wp-block-quote is-layout-flow wp-block-quote-is-layout-flow\">\n<p>M\u00e9thode de danse contemporaine,<\/p>\n<p>la M\u00e9thode Margaret Morris permet une approche positive de son corps en mouvement; elle procure plaisir et bien-\u00eatre physique.<\/p>\n<p>Elle s\u2019adresse \u00e0 tous, sans exception, aux hommes comme aux femmes.<\/p>\n<p>Les exercices proposent des mouvements gymniques, des encha\u00eenements libres et cr\u00e9atifs, des s\u00e9quences de danse allant parfois jusqu\u2019\u00e0 la chor\u00e9graphie.<\/p>\n<p>Alli\u00e9s \u00e0 une prise de conscience corporelle, ces mouvements permettent d\u2019acqu\u00e9rir souplesse, musculature, \u00e9quilibre, coordination, endurance et entra\u00eenement de la m\u00e9moire, le tout sur une musique sp\u00e9cialement choisie et avec un travail respiratoire adapt\u00e9 \u00e0 chaque exercice.<\/p>\n<p>La m\u00e9thode a f\u00eat\u00e9 son centi\u00e8me anniversaire.<\/p>\n<p><a href=\"https:\/\/igokat.com\/site\/horaires\/?fb-edit=1\"><u><b>HORAIRES<\/b><\/u><\/a><\/p>\n<p><b>Jeudi <\/b><br>9h15-10h15 Betty Jayet (studio Kniaseff)<\/p>\n<p><b>PRIX <\/b>du cours<br>Fr. 16.00 \/ cours.<\/p>\n<p>Le premier cours est offert.<\/p>\n<p><b>Pour plus d\u2019informations:<\/b><br>Betty Jayet 079\/412.70.24<br>betty.jayet@gmail.com<br>www.methodemargaretmorris.ch<\/p>\n<\/blockquote>\n<\/div><\/div><\/div><\/div><\/div>","protected":false},"excerpt":{"rendered":"","protected":false},"author":1,"featured_media":0,"parent":0,"menu_order":0,"comment_status":"closed","ping_status":"closed","template":"100-width.php","meta":{"footnotes":""},"class_list":["post-4104","page","type-page","status-publish","hentry"],"_links":{"self":[{"href":"https:\/\/igokat.com\/site\/wp-json\/wp\/v2\/pages\/4104","targetHints":{"allow":["GET"]}}],"collection":[{"href":"https:\/\/igokat.com\/site\/wp-json\/wp\/v2\/pages"}],"about":[{"href":"https:\/\/igokat.com\/site\/wp-json\/wp\/v2\/types\/page"}],"author":[{"embeddable":true,"href":"https:\/\/igokat.com\/site\/wp-json\/wp\/v2\/users\/1"}],"replies":[{"embeddable":true,"href":"https:\/\/igokat.com\/site\/wp-json\/wp\/v2\/comments?post=4104"}],"version-history":[{"count":4,"href":"https:\/\/igokat.com\/site\/wp-json\/wp\/v2\/pages\/4104\/revisions"}],"predecessor-version":[{"id":4713,"href":"https:\/\/igokat.com\/site\/wp-json\/wp\/v2\/pages\/4104\/revisions\/4713"}],"wp:attachment":[{"href":"https:\/\/igokat.com\/site\/wp-json\/wp\/v2\/media?parent=4104"}],"curies":[{"name":"wp","href":"https:\/\/api.w.org\/{rel}","templated":true}]}}