{"id":4119,"date":"2021-10-29T10:06:12","date_gmt":"2021-10-29T08:06:12","guid":{"rendered":"https:\/\/igokat.com\/site\/?page_id=4119"},"modified":"2022-07-25T16:13:48","modified_gmt":"2022-07-25T14:13:48","slug":"yann-dorsaz","status":"publish","type":"page","link":"https:\/\/igokat.com\/site\/yann-dorsaz\/","title":{"rendered":"Yann Dorsaz"},"content":{"rendered":"<div class=\"fusion-fullwidth fullwidth-box fusion-builder-row-1 fusion-flex-container nonhundred-percent-fullwidth non-hundred-percent-height-scrolling\" style=\"--awb-border-radius-top-left:0px;--awb-border-radius-top-right:0px;--awb-border-radius-bottom-right:0px;--awb-border-radius-bottom-left:0px;--awb-margin-top:0px;--awb-flex-wrap:wrap;\" ><div class=\"fusion-builder-row fusion-row fusion-flex-align-items-flex-start fusion-flex-content-wrap\" style=\"max-width:calc( 1200px + 0px );margin-left: calc(-0px \/ 2 );margin-right: calc(-0px \/ 2 );\"><div class=\"fusion-layout-column fusion_builder_column fusion-builder-column-0 fusion_builder_column_1_1 1_1 fusion-flex-column\" style=\"--awb-bg-size:cover;--awb-width-large:100%;--awb-margin-top-large:0px;--awb-spacing-right-large:0px;--awb-margin-bottom-large:0px;--awb-spacing-left-large:0px;--awb-width-medium:100%;--awb-spacing-right-medium:0px;--awb-spacing-left-medium:0px;--awb-width-small:100%;--awb-spacing-right-small:0px;--awb-spacing-left-small:0px;\"><div class=\"fusion-column-wrapper fusion-flex-justify-content-flex-start fusion-content-layout-column\"><div class=\"fusion-text fusion-text-1\"><\/p>\n<\/p>\n<blockquote class=\"wp-block-quote is-layout-flow wp-block-quote-is-layout-flow\">\n<p><strong>Yann Dorsaz<\/strong> est n\u00e9 \u00e0 Martigny (Canton du Valais) le 18 avril 1994, <br \/>il d\u00e9bute la danse \u00e0 l&#8217;\u00e2ge de 6 ans \u00e0 Fully, puis au conservatoire cantonal de Sion.<\/p>\n<p><strong>Ayant sa maturit\u00e9 gymnasiale<\/strong> de la royale Abbaye de Saint-Maurice et son dipl\u00f4me du conservatoire, il poursuivit ses \u00e9tudes en art \u00e0 Codarts, Rotterdam, pendant trois ans. <\/p>\n<p><strong>Pour sa derni\u00e8re ann\u00e9e de formation<\/strong>, il a suivit un stage d\u2019une saison au sein de la compagnie Norrdans en Su\u00e8de o\u00f9 il eut un premier contact avec le monde professionnel artistique.<\/p>\n<p><strong>En parall\u00e8le de la danse<\/strong>, Yann a d\u00e9velopp\u00e9 un int\u00e9r\u00eat particulier pour le Yoga.<br \/>C\u2019est la raison pour laquelle il d\u00e9cida de partir pendant un mois \u00e0 Goa en Inde pour approfondir ses connaissances dans ce domaine et obtenu un dipl\u00f4me en tant que professeur.<\/p>\n<p><strong>En novembre et d\u00e9cembre 2018,<\/strong> il est danseur soliste avec la Compagnie Igokat dans \u00abIl Maestro Vivaldi\u00bb \u00e0 l&#8217;Espace Culturel des Terreaux \u00e0 Lausanne.<\/p>\n<p><strong>En octobre 2021,<\/strong> il est danseur soliste avec la Compagnie Igokat dans \u00abL\u2019Hymne \u00e0 la Joie\u00bb au Centre Culturel des Terreaux.<\/p>\n<p><strong>Il suit actuellement une formation<\/strong> \u00e0 l\u2019EPSN pour obtenir le dipl\u00f4me f\u00e9d\u00e9ral en tant que naturopathe.<\/p>\n<p><strong>Il est \u00e9galement danseur free-lance<\/strong> sur des projets artistiques avec des compagnies,tels que la compagnie Utilit\u00e9 Publique, le Marchepied, Tiziana Arnaboldi et Cobalt.<\/p>\n<p><strong>Il aime par ailleurs<\/strong> transmettre sa passion et son art et a enseign\u00e9 la danse contemporaine pour des \u00e9l\u00e8ves dans diverses \u00e9coles.<\/p>\n<p><strong>Il est actuellement<\/strong> professeur \u00e0 l\u2019Acad\u00e9mie Igokat, professeur, danseur et chor\u00e9graphe free-lance.<\/p>\n<\/blockquote>\n<p><!-- \/wp:post-content --><\/p>\n<\/div><\/div><\/div><\/div><\/div>","protected":false},"excerpt":{"rendered":"","protected":false},"author":1,"featured_media":0,"parent":0,"menu_order":0,"comment_status":"closed","ping_status":"closed","template":"","meta":{"footnotes":""},"class_list":["post-4119","page","type-page","status-publish","hentry"],"_links":{"self":[{"href":"https:\/\/igokat.com\/site\/wp-json\/wp\/v2\/pages\/4119","targetHints":{"allow":["GET"]}}],"collection":[{"href":"https:\/\/igokat.com\/site\/wp-json\/wp\/v2\/pages"}],"about":[{"href":"https:\/\/igokat.com\/site\/wp-json\/wp\/v2\/types\/page"}],"author":[{"embeddable":true,"href":"https:\/\/igokat.com\/site\/wp-json\/wp\/v2\/users\/1"}],"replies":[{"embeddable":true,"href":"https:\/\/igokat.com\/site\/wp-json\/wp\/v2\/comments?post=4119"}],"version-history":[{"count":10,"href":"https:\/\/igokat.com\/site\/wp-json\/wp\/v2\/pages\/4119\/revisions"}],"predecessor-version":[{"id":5555,"href":"https:\/\/igokat.com\/site\/wp-json\/wp\/v2\/pages\/4119\/revisions\/5555"}],"wp:attachment":[{"href":"https:\/\/igokat.com\/site\/wp-json\/wp\/v2\/media?parent=4119"}],"curies":[{"name":"wp","href":"https:\/\/api.w.org\/{rel}","templated":true}]}}