{"id":4205,"date":"2021-11-08T17:55:05","date_gmt":"2021-11-08T16:55:05","guid":{"rendered":"https:\/\/igokat.com\/site\/?page_id=4205"},"modified":"2021-11-21T18:04:13","modified_gmt":"2021-11-21T17:04:13","slug":"laetycia-vumuka","status":"publish","type":"page","link":"https:\/\/igokat.com\/site\/laetycia-vumuka\/","title":{"rendered":"La\u00ebtycia Vumuka"},"content":{"rendered":"<div class=\"fusion-fullwidth fullwidth-box fusion-builder-row-1 fusion-flex-container nonhundred-percent-fullwidth non-hundred-percent-height-scrolling\" style=\"--awb-border-radius-top-left:0px;--awb-border-radius-top-right:0px;--awb-border-radius-bottom-right:0px;--awb-border-radius-bottom-left:0px;--awb-margin-top:0px;--awb-flex-wrap:wrap;\" ><div class=\"fusion-builder-row fusion-row fusion-flex-align-items-flex-start fusion-flex-content-wrap\" style=\"max-width:calc( 1200px + 0px );margin-left: calc(-0px \/ 2 );margin-right: calc(-0px \/ 2 );\"><div class=\"fusion-layout-column fusion_builder_column fusion-builder-column-0 fusion_builder_column_1_1 1_1 fusion-flex-column\" style=\"--awb-bg-size:cover;--awb-width-large:100%;--awb-margin-top-large:0px;--awb-spacing-right-large:0px;--awb-margin-bottom-large:0px;--awb-spacing-left-large:0px;--awb-width-medium:100%;--awb-spacing-right-medium:0px;--awb-spacing-left-medium:0px;--awb-width-small:100%;--awb-spacing-right-small:0px;--awb-spacing-left-small:0px;\"><div class=\"fusion-column-wrapper fusion-flex-justify-content-flex-start fusion-content-layout-column\"><div class=\"fusion-text fusion-text-1\"><\/p>\n<blockquote class=\"wp-block-quote is-layout-flow wp-block-quote-is-layout-flow\">\n<p><em><strong>La\u00ebtycia Vumuka <\/strong>est d\u2019originie congolaise, la danse fait partie de sa vie depuis son enfance.<\/em> <em><strong><br><\/strong><\/em><\/p>\n<p><em><strong>D\u00e9butant par<\/strong> la danse classique, moderne et le jazz, elle s\u2019est ensuite int\u00e9ress\u00e9e aux disciplines du hip-hop, et plus particuli\u00e8rement au break dance.<\/em> <br><\/p>\n<p><em><strong>Dipl\u00f4m\u00e9e de<\/strong> l\u2019\u00e9cole R\u00e9sodanse-Station o\u00f9 elle a suivi une formation pr\u00e9-professionnelle de danse; La\u00ebtycia Vumuka a suivi de nombreux stages et workshops internationaux, lui permettant d\u2019affiner son style et d\u2019\u00e9voluer dans diff\u00e9rents registres.<\/em> <em><strong><br><\/strong><\/em><\/p>\n<p><em><strong>Elle a dans\u00e9<\/strong> pour Jaime Rogers (chor\u00e9graphe am\u00e9ricain de la s\u00e9rie Fame, et acteur dans West Side Story) lorsque ce dernier est venu travailler avec Le Ballet-Th\u00e9\u00e2tre ManuAccard), puis elle s\u2019est aussi produite dans le cadre de diverses manifestations pour la compagnie Deeva Dance, aux c\u00f4t\u00e9s des artistes suisses Lik and Dak (Motion Festival, Street Parade, Rock\u2019Oz) pour lesquels elle a \u00e9galement \u00e9t\u00e9 chor\u00e9graphe.<\/em><br><\/p>\n<p> <em><strong>Laetycia Vumuka a particip\u00e9<\/strong> \u00e0 la R\u2019vue genevoise 2013 et sera \u00e0 l\u2019affiche de l\u2019\u00e9dition 2014.<\/em> <br><\/p>\n<p><em><strong>Elle travaille<\/strong> \u00e9galement avec le \u00ab Cabaret Rocha \u00bb et la Compagnie \u00ab Dancefloor \u00bb au sein de laquelle elle danse et participe \u00e0 la cr\u00e9ation des chor\u00e9graphies.<\/em><\/p>\n<p class=\"western\">\n<\/blockquote><\/p>\n<\/div><\/div><\/div><\/div><\/div>","protected":false},"excerpt":{"rendered":"","protected":false},"author":1,"featured_media":0,"parent":0,"menu_order":0,"comment_status":"closed","ping_status":"closed","template":"","meta":{"footnotes":""},"class_list":["post-4205","page","type-page","status-publish","hentry"],"_links":{"self":[{"href":"https:\/\/igokat.com\/site\/wp-json\/wp\/v2\/pages\/4205","targetHints":{"allow":["GET"]}}],"collection":[{"href":"https:\/\/igokat.com\/site\/wp-json\/wp\/v2\/pages"}],"about":[{"href":"https:\/\/igokat.com\/site\/wp-json\/wp\/v2\/types\/page"}],"author":[{"embeddable":true,"href":"https:\/\/igokat.com\/site\/wp-json\/wp\/v2\/users\/1"}],"replies":[{"embeddable":true,"href":"https:\/\/igokat.com\/site\/wp-json\/wp\/v2\/comments?post=4205"}],"version-history":[{"count":8,"href":"https:\/\/igokat.com\/site\/wp-json\/wp\/v2\/pages\/4205\/revisions"}],"predecessor-version":[{"id":4509,"href":"https:\/\/igokat.com\/site\/wp-json\/wp\/v2\/pages\/4205\/revisions\/4509"}],"wp:attachment":[{"href":"https:\/\/igokat.com\/site\/wp-json\/wp\/v2\/media?parent=4205"}],"curies":[{"name":"wp","href":"https:\/\/api.w.org\/{rel}","templated":true}]}}