{"id":4488,"date":"2021-11-15T17:07:59","date_gmt":"2021-11-15T16:07:59","guid":{"rendered":"https:\/\/igokat.com\/site\/?page_id=4488"},"modified":"2023-11-20T17:39:48","modified_gmt":"2023-11-20T16:39:48","slug":"le-carnaval-des-animaux-2018","status":"publish","type":"page","link":"https:\/\/igokat.com\/site\/le-carnaval-des-animaux-2018\/","title":{"rendered":"Le Carnaval des Animaux 2018"},"content":{"rendered":"<div class=\"fusion-fullwidth fullwidth-box fusion-builder-row-1 fusion-flex-container fusion-parallax-none nonhundred-percent-fullwidth non-hundred-percent-height-scrolling\" style=\"--awb-background-blend-mode:overlay;--awb-border-sizes-top:0px;--awb-border-sizes-bottom:0px;--awb-border-sizes-left:0px;--awb-border-sizes-right:0px;--awb-border-radius-top-left:0px;--awb-border-radius-top-right:0px;--awb-border-radius-bottom-right:0px;--awb-border-radius-bottom-left:0px;--awb-padding-top:72px;--awb-padding-bottom:0px;--awb-margin-bottom:20px;--awb-background-color:rgba(10,19,35,0.15);--awb-background-image:url(&quot;https:\/\/igokat.com\/site\/wp-content\/uploads\/2021\/11\/Carnaval-2018-banniere-scaled.jpg&quot;);--awb-background-size:cover;--awb-flex-wrap:wrap;\" ><div class=\"fusion-builder-row fusion-row fusion-flex-align-items-flex-start fusion-flex-content-wrap\" style=\"max-width:calc( 1200px + 0px );margin-left: calc(-0px \/ 2 );margin-right: calc(-0px \/ 2 );\"><div class=\"fusion-layout-column fusion_builder_column fusion-builder-column-0 fusion_builder_column_1_1 1_1 fusion-flex-column fusion-flex-align-self-flex-start fusion-column-no-min-height\" style=\"--awb-bg-blend:overlay;--awb-bg-size:cover;--awb-width-large:100%;--awb-margin-top-large:0px;--awb-spacing-right-large:0px;--awb-margin-bottom-large:0px;--awb-spacing-left-large:0px;--awb-width-medium:100%;--awb-spacing-right-medium:0px;--awb-spacing-left-medium:0px;--awb-width-small:100%;--awb-spacing-right-small:0px;--awb-spacing-left-small:0px;\"><div class=\"fusion-column-wrapper fusion-flex-justify-content-flex-start fusion-content-layout-column\"><div class=\"fusion-separator fusion-no-small-visibility fusion-no-medium-visibility fusion-full-width-sep\" style=\"align-self: center;margin-left: auto;margin-right: auto;margin-top:120px;width:100%;\"><\/div><div class=\"fusion-separator fusion-full-width-sep\" style=\"align-self: center;margin-left: auto;margin-right: auto;margin-top:15px;width:100%;\"><\/div><div class=\"fusion-separator fusion-no-medium-visibility fusion-no-large-visibility fusion-full-width-sep\" style=\"align-self: center;margin-left: auto;margin-right: auto;margin-top:40px;width:100%;\"><\/div><div class=\"fusion-section-separator section-separator waves-opacity fusion-section-separator-1\" style=\"--awb-spacer-padding-top:21.09375%;--awb-svg-margin-left:0px;--awb-svg-margin-right:0px;--awb-svg-margin-left-medium:0px;--awb-svg-margin-right-medium:0px;--awb-svg-margin-left-small:0px;--awb-svg-margin-right-small:0px;--awb-sep-font-size:0;--awb-sep-line-height:0;\"><div class=\"fusion-section-separator-svg\"><svg class=\"fusion-waves-opacity-candy\" xmlns=\"http:\/\/www.w3.org\/2000\/svg\" version=\"1.1\" width=\"100%\" viewBox=\"0 0 1024 216\" preserveAspectRatio=\"none\" fill=\"rgba(255,255,255,1)\"><path class=\"st0\" d=\"M0 216.068h1024l.1-105.2c-14.6-3.2-30.2-5.8-47.1-7.6-178.6-19.6-279.5 56.8-464.3 41.3-206.5-17.2-248.4-128.8-455-143.8-19-1.3-38.3-.2-57.7.3v215z\"\/>\n\t\t\t\t\t\t\t\t\t\t<path class=\"st1\" d=\"M0 20.068v196.144h1024v-79.744c-22.7-6.4-47.9-11.4-76.2-14.6-178.6-19.8-272.2 53.9-457.1 38.4-206.6-17.2-197.3-124.7-403.9-139.8-27.2-2-56.6-2-86.8-.4z\"\/>\n\t\t\t\t\t\t\t\t\t\t<path class=\"st2\" d=\"M0 216.212h1024v-35.744c-45.1-15.4-95.2-27.7-150-33.7-178.6-19.8-220.6 46.8-405.4 31.3-206.6-17.2-197.8-114.7-404.4-129.7-20.4-1.5-42-2-64.2-1.7v169.544z\"\/>\n\t\t\t\t\t\t\t\t\t\t<path class=\"st3\" d=\"M0 216.312h1024v-3.044c-50.8-17.1-108.7-30.7-172.7-37.9-178.6-19.8-220 36.8-404.9 21.3-206.6-17.2-228-126.5-434.5-141.6-3.9-.3-7.9-.5-11.9-.7v161.944z\"\/>\n\t\t\t\t\t\t\t\t\t<\/svg><\/div><div class=\"fusion-section-separator-spacer\"><div class=\"fusion-section-separator-spacer-height\"><\/div><\/div><\/div><\/div><\/div><\/div><\/div><div class=\"fusion-fullwidth fullwidth-box fusion-builder-row-2 fusion-flex-container nonhundred-percent-fullwidth non-hundred-percent-height-scrolling\" style=\"--awb-border-radius-top-left:0px;--awb-border-radius-top-right:0px;--awb-border-radius-bottom-right:0px;--awb-border-radius-bottom-left:0px;--awb-padding-bottom:40px;--awb-flex-wrap:wrap;\" ><div class=\"fusion-builder-row fusion-row fusion-flex-align-items-flex-start fusion-flex-content-wrap\" style=\"max-width:calc( 1200px + 0px );margin-left: calc(-0px \/ 2 );margin-right: calc(-0px \/ 2 );\"><div class=\"fusion-layout-column fusion_builder_column fusion-builder-column-1 fusion_builder_column_1_1 1_1 fusion-flex-column\" style=\"--awb-bg-size:cover;--awb-width-large:100%;--awb-margin-top-large:0px;--awb-spacing-right-large:0px;--awb-margin-bottom-large:3px;--awb-spacing-left-large:0px;--awb-width-medium:100%;--awb-spacing-right-medium:0px;--awb-spacing-left-medium:0px;--awb-width-small:100%;--awb-spacing-right-small:0px;--awb-spacing-left-small:0px;\"><div class=\"fusion-column-wrapper fusion-flex-justify-content-flex-start fusion-content-layout-column\"><div class=\"fusion-title title fusion-title-1 fusion-sep-none fusion-title-center fusion-title-text fusion-title-size-two\" style=\"--awb-margin-top-small:10px;--awb-margin-right-small:0px;--awb-margin-bottom-small:10px;--awb-margin-left-small:0px;\"><h2 class=\"fusion-title-heading title-heading-center\" style=\"margin:0;\">Chor\u00e9graphies<\/h2><\/div><div class=\"fusion-text fusion-text-1\"><p style=\"text-align: center;\">Igor Piovano, Kathryn Bradney, Julie Lamby<\/p>\n<\/div><\/div><\/div><\/div><\/div><div class=\"fusion-fullwidth fullwidth-box fusion-builder-row-3 fusion-flex-container fusion-parallax-none nonhundred-percent-fullwidth non-hundred-percent-height-scrolling\" style=\"--awb-background-position:center top;--awb-border-sizes-top:0px;--awb-border-sizes-bottom:0px;--awb-border-sizes-left:0px;--awb-border-sizes-right:0px;--awb-border-radius-top-left:0px;--awb-border-radius-top-right:0px;--awb-border-radius-bottom-right:0px;--awb-border-radius-bottom-left:0px;--awb-background-image:url(&quot;https:\/\/igokat.com\/site\/wp-content\/uploads\/2016\/01\/home_next_level_bg.jpg&quot;);--awb-background-size:cover;--awb-flex-wrap:wrap;\" ><div class=\"fusion-builder-row fusion-row fusion-flex-align-items-stretch fusion-flex-content-wrap\" style=\"max-width:1248px;margin-left: calc(-4% \/ 2 );margin-right: calc(-4% \/ 2 );\"><div class=\"fusion-layout-column fusion_builder_column fusion-builder-column-2 fusion_builder_column_1_2 1_2 fusion-flex-column\" style=\"--awb-bg-size:cover;--awb-width-large:50%;--awb-margin-top-large:0px;--awb-spacing-right-large:6.72%;--awb-margin-bottom-large:40px;--awb-spacing-left-large:3.84%;--awb-width-medium:50%;--awb-spacing-right-medium:6.72%;--awb-spacing-left-medium:3.84%;--awb-width-small:100%;--awb-spacing-right-small:1.92%;--awb-spacing-left-small:1.92%;\"><div class=\"fusion-column-wrapper fusion-flex-justify-content-center fusion-content-layout-column\"><div class=\"fusion-image-element \" style=\"--awb-liftup-border-radius:20px;--awb-caption-title-font-family:var(--h2_typography-font-family);--awb-caption-title-font-weight:var(--h2_typography-font-weight);--awb-caption-title-font-style:var(--h2_typography-font-style);--awb-caption-title-size:var(--h2_typography-font-size);--awb-caption-title-transform:var(--h2_typography-text-transform);--awb-caption-title-line-height:var(--h2_typography-line-height);--awb-caption-title-letter-spacing:var(--h2_typography-letter-spacing);\"><div class=\"awb-image-frame awb-image-frame-1 imageframe-liftup imageframe-1\"><span class=\" fusion-imageframe imageframe-dropshadow imageframe-1\" style=\"border:10px solid #ffffff;border-radius:20px;-webkit-box-shadow: 26px 26px 30px var(--awb-color7);box-shadow: 26px 26px 30px var(--awb-color7);\"><img decoding=\"async\" width=\"1748\" height=\"2480\" title=\"Carnaval Animaux 2018\" src=\"https:\/\/igokat.com\/site\/wp-content\/uploads\/2021\/11\/Carnaval-Animaux-2018.jpg\" alt class=\"img-responsive wp-image-4493\" srcset=\"https:\/\/igokat.com\/site\/wp-content\/uploads\/2021\/11\/Carnaval-Animaux-2018-200x284.jpg 200w, https:\/\/igokat.com\/site\/wp-content\/uploads\/2021\/11\/Carnaval-Animaux-2018-400x568.jpg 400w, https:\/\/igokat.com\/site\/wp-content\/uploads\/2021\/11\/Carnaval-Animaux-2018-600x851.jpg 600w, https:\/\/igokat.com\/site\/wp-content\/uploads\/2021\/11\/Carnaval-Animaux-2018-800x1135.jpg 800w, https:\/\/igokat.com\/site\/wp-content\/uploads\/2021\/11\/Carnaval-Animaux-2018-1200x1703.jpg 1200w, https:\/\/igokat.com\/site\/wp-content\/uploads\/2021\/11\/Carnaval-Animaux-2018.jpg 1748w\" sizes=\"(max-width: 640px) 100vw, 600px\" \/><\/span><\/div><\/div><\/div><\/div><div class=\"fusion-layout-column fusion_builder_column fusion-builder-column-3 fusion_builder_column_1_2 1_2 fusion-flex-column\" style=\"--awb-bg-size:cover;--awb-width-large:50%;--awb-margin-top-large:0px;--awb-spacing-right-large:3.84%;--awb-margin-bottom-large:0px;--awb-spacing-left-large:6.72%;--awb-width-medium:50%;--awb-spacing-right-medium:3.84%;--awb-spacing-left-medium:6.72%;--awb-width-small:100%;--awb-spacing-right-small:1.92%;--awb-spacing-left-small:1.92%;\"><div class=\"fusion-column-wrapper fusion-flex-justify-content-center fusion-content-layout-column\"><div class=\"fusion-title title fusion-title-2 fusion-sep-none fusion-title-text fusion-title-size-three\" style=\"--awb-text-color:#747474;--awb-margin-top-small:10px;--awb-margin-right-small:0px;--awb-margin-bottom-small:10px;--awb-margin-left-small:0px;--awb-font-size:16px;\"><h3 class=\"fusion-title-heading title-heading-left\" style=\"margin:0;font-size:1em;\"><h6 lang=\"fr-CH\">Le samedi <b>02 juin 2018<\/b>&nbsp; \u00e0 19h<br>Le dimanche <b>03 juin 2018<\/b> \u00e0 15h<br>Le vendredi <strong>08 juin 2018<\/strong> \u00e0 19h<br>Le samedi <b>09 juin 2018<\/b> \u00e0 19h<br>Le dimanche <b>10 juin 2018<\/b> \u00e0 15h<\/h6><h6><strong>&nbsp;<\/strong><\/h6><\/h3><\/div><div class=\"fusion-text fusion-text-2\"><p><strong>au Centre Culturel des Terreaux Lausanne<\/strong><\/p>\n<p><strong>Distribution des r\u00f4les<br \/>\n<\/strong><div class=\"fusion-button-wrapper\"><a class=\"fusion-button button-3d button-small button-default fusion-button-default button-1 fusion-button-default-span \" target=\"_self\" href=\"https:\/\/igokat.com\/site\/wp-content\/uploads\/2021\/11\/Le-Carnaval-des-animaux-2018-distributions.pdf\"><i class=\"fa-arrow-circle-right fas awb-button__icon awb-button__icon--default button-icon-left\" aria-hidden=\"true\"><\/i><span class=\"fusion-button-text awb-button__text awb-button__text--default\">Cliquez ici<\/span><\/a><\/div><\/p>\n<\/div><div class=\"fusion-separator fusion-full-width-sep\" style=\"align-self: center;margin-left: auto;margin-right: auto;margin-top:20px;width:100%;\"><\/div><\/div><\/div><\/div><\/div><div class=\"fusion-fullwidth fullwidth-box fusion-builder-row-4 fusion-flex-container nonhundred-percent-fullwidth non-hundred-percent-height-scrolling\" style=\"--awb-border-radius-top-left:0px;--awb-border-radius-top-right:0px;--awb-border-radius-bottom-right:0px;--awb-border-radius-bottom-left:0px;--awb-flex-wrap:wrap;\" ><div class=\"fusion-builder-row fusion-row fusion-flex-align-items-flex-start fusion-flex-content-wrap\" style=\"max-width:1248px;margin-left: calc(-4% \/ 2 );margin-right: calc(-4% \/ 2 );\"><div class=\"fusion-layout-column fusion_builder_column fusion-builder-column-4 fusion_builder_column_1_1 1_1 fusion-flex-column\" style=\"--awb-bg-size:cover;--awb-width-large:100%;--awb-margin-top-large:0px;--awb-spacing-right-large:1.92%;--awb-margin-bottom-large:20px;--awb-spacing-left-large:1.92%;--awb-width-medium:100%;--awb-order-medium:0;--awb-spacing-right-medium:1.92%;--awb-spacing-left-medium:1.92%;--awb-width-small:100%;--awb-order-small:0;--awb-spacing-right-small:1.92%;--awb-spacing-left-small:1.92%;\"><div class=\"fusion-column-wrapper fusion-column-has-shadow fusion-flex-justify-content-flex-start fusion-content-layout-column\"><div class=\"fusion-separator fusion-no-small-visibility fusion-no-medium-visibility fusion-full-width-sep\" style=\"align-self: center;margin-left: auto;margin-right: auto;margin-top:50px;width:100%;\"><\/div><div class=\"fusion-text fusion-text-3\"><p><b>Odette et Odile<\/b> sont deux s\u0153urs, princesses du royaume de Dragaice, qui ont respectivement cinq et six ans. Elles sont les filles du roi et de la reine de Dragaice.<\/p>\n<p><b>Odette, la grande s\u0153ur,<\/b> poss\u00e8de le pouvoir de soigner les animaux.<br \/>\nEnsemble, elles s\u2019amusent de cette magie dans les jardins du ch\u00e2teau.<br \/>\nMais un jour Odile, qui ne poss\u00e8de aucun pouvoir magique, s\u2019aper\u00e7oit que sa jalousie est grandissante envers sa soeur.<\/p>\n<p><b>Les deux s\u0153urs<\/b> s\u2019\u00e9loignent de plus en plus. D\u00e9sormais elles ne jouent plus ensemble.<\/p>\n<p><b>Plusieurs ann\u00e9es plus tard<\/b>, les deux s\u0153urs, Odette et Odile, sont adolescentes.<br \/>\nOdette est devenue la reine des animaux et Odile est devenue la reine de la nuit.<\/p>\n<p><b>Les animaux jouent<\/b> entre eux en parfaite harmonie, les poussins avec le renard, les poissons avec le chat, les kangourous avec le python etc\u2026<\/p>\n<p align=\"LEFT\"><b>Odette remarque<\/b> que son royaume devient de plus en plus noir et s\u2019en inqui\u00e8te.<br \/>\nElle demande de l\u2019aide aux lions qui ne lui pr\u00eatent pas grande attention.<\/p>\n<p align=\"LEFT\"><b>Plusieurs animaux<\/b> commencent \u00e0 dispara\u00eetre et Odette comprend que tout cela est la faute de sa s\u0153ur Odile et elle tente en vain de sauver ses amis animaux.<br \/>\n<b>D\u00e9sormais <\/b>tout son royaume est couvert par une grande ombre noire, ses amis ne la reconnaissent plus.<\/p>\n<p align=\"LEFT\"><b>La musique de Tcha\u00efkovski<\/b> r\u00e9sonne dans tout le royaume jusqu\u2019\u00e0 devenir un refrain diabolique.<\/p>\n<p align=\"LEFT\"><b>Odette est \u00e9puis\u00e9e<\/b> et se croit perdue, mais au moment o\u00f9 tout semble perdu elle se rappelle de ses amis et elle d\u00e9couvre un autre pouvoir bien plus fort en elle.<\/p>\n<p align=\"LEFT\"><b>Odile<\/b> ne peut plus rien y faire, elle est battue !<\/p>\n<p align=\"LEFT\"><b>Le soleil refait son apparition<\/b> les animaux retrouvent leur royaume et Odette retrouve sa s\u0153ur.<br \/>\nLa jalousie a disparu pour laisser la place \u00e0 l\u2019amour !<\/p>\n<\/div><\/div><\/div><\/div><\/div>","protected":false},"excerpt":{"rendered":"","protected":false},"author":1,"featured_media":0,"parent":0,"menu_order":0,"comment_status":"closed","ping_status":"closed","template":"100-width.php","meta":{"footnotes":""},"class_list":["post-4488","page","type-page","status-publish","hentry"],"_links":{"self":[{"href":"https:\/\/igokat.com\/site\/wp-json\/wp\/v2\/pages\/4488","targetHints":{"allow":["GET"]}}],"collection":[{"href":"https:\/\/igokat.com\/site\/wp-json\/wp\/v2\/pages"}],"about":[{"href":"https:\/\/igokat.com\/site\/wp-json\/wp\/v2\/types\/page"}],"author":[{"embeddable":true,"href":"https:\/\/igokat.com\/site\/wp-json\/wp\/v2\/users\/1"}],"replies":[{"embeddable":true,"href":"https:\/\/igokat.com\/site\/wp-json\/wp\/v2\/comments?post=4488"}],"version-history":[{"count":8,"href":"https:\/\/igokat.com\/site\/wp-json\/wp\/v2\/pages\/4488\/revisions"}],"predecessor-version":[{"id":7409,"href":"https:\/\/igokat.com\/site\/wp-json\/wp\/v2\/pages\/4488\/revisions\/7409"}],"wp:attachment":[{"href":"https:\/\/igokat.com\/site\/wp-json\/wp\/v2\/media?parent=4488"}],"curies":[{"name":"wp","href":"https:\/\/api.w.org\/{rel}","templated":true}]}}