{"id":4917,"date":"2021-11-27T11:04:40","date_gmt":"2021-11-27T10:04:40","guid":{"rendered":"https:\/\/igokat.com\/site\/?page_id=4917"},"modified":"2022-11-06T18:40:27","modified_gmt":"2022-11-06T17:40:27","slug":"marie-helene-rey-lescure-2","status":"publish","type":"page","link":"https:\/\/igokat.com\/site\/en\/marie-helene-rey-lescure-2\/","title":{"rendered":"Marie-H\u00e9l\u00e8ne Rey Lescure"},"content":{"rendered":"<div class=\"fusion-fullwidth fullwidth-box fusion-builder-row-1 fusion-flex-container nonhundred-percent-fullwidth non-hundred-percent-height-scrolling\" style=\"--awb-border-radius-top-left:0px;--awb-border-radius-top-right:0px;--awb-border-radius-bottom-right:0px;--awb-border-radius-bottom-left:0px;--awb-margin-top:0px;--awb-flex-wrap:wrap;\" ><div class=\"fusion-builder-row fusion-row fusion-flex-align-items-flex-start fusion-flex-content-wrap\" style=\"max-width:1248px;margin-left: calc(-4% \/ 2 );margin-right: calc(-4% \/ 2 );\"><div class=\"fusion-layout-column fusion_builder_column fusion-builder-column-0 fusion_builder_column_1_1 1_1 fusion-flex-column\" style=\"--awb-bg-blend:overlay;--awb-bg-size:cover;--awb-width-large:100%;--awb-margin-top-large:0px;--awb-spacing-right-large:1.92%;--awb-margin-bottom-large:0px;--awb-spacing-left-large:1.92%;--awb-width-medium:100%;--awb-spacing-right-medium:1.92%;--awb-spacing-left-medium:1.92%;--awb-width-small:100%;--awb-spacing-right-small:1.92%;--awb-spacing-left-small:1.92%;\"><div class=\"fusion-column-wrapper fusion-flex-justify-content-flex-start fusion-content-layout-column\"><div class=\"fusion-text fusion-text-1\" style=\"--awb-text-transform:none;\"><\/p>\n<\/p>\n<blockquote class=\"wp-block-quote is-layout-flow wp-block-quote-is-layout-flow\">\n<p class=\"western\"><strong><\/strong><b>Marie-H\u00e9l\u00e8ne Rey Lescure<\/b> was born in Belley in France. She began her dance training at the age of 6 and studied with Claudine Barragu\u00e9 until she was 18.<\/p>\n<p><b>In 1985<\/b>, while continuing her training as a dancer, she obtained her Baccalaureate with honors in mathematics and natural sciences.<\/p>\n<p><b>In 1987, <\/b>she continued her studies as a senior aesthetics-cosmetics technician and graduated top of her class as well as the Exit Competition of the \u00c9cole Sup\u00e9rieure des Carri\u00e8res F\u00e9minines de Vichy.<\/p>\n<p><b>From 1989 to 1993, <\/b>she worked as an information officer for Laboratoires Servier (France). <\/p>\n<p><b>While working,<\/b> her passion for \u201cLa Danse\u201d stayed with her and she continued to take lessons to perfect her technique.<\/p>\n<p><b>In 1994, <\/b>she moved to Switzerland to follow her family and work as an independent secretary in an osteopathy practice while later opening her \u201cCentre Epildef\u201d in Montreux.<\/p>\n<p><b>In the move, <\/b>she did not forget to take her dancing shoes with her, and she continued to take dance lessons in different schools in Switzerland (Centre Igokat Lausanne, Les Sylphides Montreux, etc\u2026).<\/p>\n<p><b>Between 1995 and 2013, <\/b>she danced in numerous performances at the Vevey Theater as part of \u201cAnimai\u201d as well as for shows at the \u201cLes Sylphides\u201d school in Montreux.<\/p>\n<p><b>Before coming to teach in 2015 <\/b>at the Igokat Dance Academy, she taught in various schools in Switzerland.<\/p>\n<p><b>Since 2015,<\/b> she has been a Dance Instructor for Kids and Young People for \u201cJeunesse + Sport\u201d in Switzerland.<\/p>\n<p><b>She is currently a teacher at the Igokat Dance Academy as well as a freelance teacher.<\/b><\/p>\n<\/blockquote>\n<\/p>\n<p class=\"is-layout-flow wp-block-quote-is-layout-flow\">\n<\/div><\/div><\/div><\/div><\/div>","protected":false},"excerpt":{"rendered":"","protected":false},"author":1,"featured_media":0,"parent":0,"menu_order":0,"comment_status":"closed","ping_status":"closed","template":"","meta":{"footnotes":""},"class_list":["post-4917","page","type-page","status-publish","hentry"],"_links":{"self":[{"href":"https:\/\/igokat.com\/site\/wp-json\/wp\/v2\/pages\/4917","targetHints":{"allow":["GET"]}}],"collection":[{"href":"https:\/\/igokat.com\/site\/wp-json\/wp\/v2\/pages"}],"about":[{"href":"https:\/\/igokat.com\/site\/wp-json\/wp\/v2\/types\/page"}],"author":[{"embeddable":true,"href":"https:\/\/igokat.com\/site\/wp-json\/wp\/v2\/users\/1"}],"replies":[{"embeddable":true,"href":"https:\/\/igokat.com\/site\/wp-json\/wp\/v2\/comments?post=4917"}],"version-history":[{"count":4,"href":"https:\/\/igokat.com\/site\/wp-json\/wp\/v2\/pages\/4917\/revisions"}],"predecessor-version":[{"id":6031,"href":"https:\/\/igokat.com\/site\/wp-json\/wp\/v2\/pages\/4917\/revisions\/6031"}],"wp:attachment":[{"href":"https:\/\/igokat.com\/site\/wp-json\/wp\/v2\/media?parent=4917"}],"curies":[{"name":"wp","href":"https:\/\/api.w.org\/{rel}","templated":true}]}}