{"id":4927,"date":"2021-11-27T11:20:15","date_gmt":"2021-11-27T10:20:15","guid":{"rendered":"https:\/\/igokat.com\/site\/?page_id=4927"},"modified":"2025-07-19T11:14:22","modified_gmt":"2025-07-19T09:14:22","slug":"ilonna-tognetti-2","status":"publish","type":"page","link":"https:\/\/igokat.com\/site\/en\/ilonna-tognetti-2\/","title":{"rendered":"Ilonna Tognetti"},"content":{"rendered":"<div class=\"fusion-fullwidth fullwidth-box fusion-builder-row-1 fusion-flex-container nonhundred-percent-fullwidth non-hundred-percent-height-scrolling\" style=\"--awb-border-radius-top-left:0px;--awb-border-radius-top-right:0px;--awb-border-radius-bottom-right:0px;--awb-border-radius-bottom-left:0px;--awb-margin-top:0px;--awb-flex-wrap:wrap;\" ><div class=\"fusion-builder-row fusion-row fusion-flex-align-items-flex-start fusion-flex-content-wrap\" style=\"max-width:calc( 1200px + 0px );margin-left: calc(-0px \/ 2 );margin-right: calc(-0px \/ 2 );\"><div class=\"fusion-layout-column fusion_builder_column fusion-builder-column-0 fusion_builder_column_1_1 1_1 fusion-flex-column\" style=\"--awb-bg-blend:overlay;--awb-bg-size:cover;--awb-width-large:100%;--awb-margin-top-large:0px;--awb-spacing-right-large:0px;--awb-margin-bottom-large:0px;--awb-spacing-left-large:0px;--awb-width-medium:100%;--awb-spacing-right-medium:0px;--awb-spacing-left-medium:0px;--awb-width-small:100%;--awb-spacing-right-small:0px;--awb-spacing-left-small:0px;\"><div class=\"fusion-column-wrapper fusion-flex-justify-content-flex-start fusion-content-layout-column\"><div class=\"fusion-text fusion-text-1\" style=\"--awb-text-transform:none;\"><\/p>\n<\/p>\n<blockquote class=\"wp-block-quote is-layout-flow wp-block-quote-is-layout-flow\">\n<p><strong>Ilonna Tognetti <\/strong>Born in Cannes in France, Illona discovered dance at the age of 8, and at 14 began regular and serious classical ballet training.<\/p>\n<p><b>Upon entering academic high school, <\/b>she joined the dance-study section at the Master Class Dance School in Villeneuve-Loubet and followed an intensive training program. Reduced school hours allowed her to participate in classical, pointe, modern\/jazz, contemporary and floor-barre classes on a daily basis.<\/p>\n<p><b>She went on to compete in international competitions<\/b> where she quickly obtained excellent results including the gold medal at the International Competition of Grasse, Florence, Montpellier and many others.<\/p>\n<p><b>During these competitions,<\/b> she won internships, obtaining an internship in Montpellier, Marseille, Isle sur la Sorgue, Genoa, Agen, Vichy, Firenze, and a three-week internship in Mexico as well as being selected for the international internship of Dresd in \u201cBallet Summer School\u201d.<\/p>\n<p><b>In 2017,<\/b> she appeared on the France 2 television program \u201cProdiges\u201d where she finished fourth out of more than 2500 participants and had the chance to dance for famed dancer and jury member Patrick Dupond.<\/p>\n<p><b>In 2019,<\/b> she obtained her Baccalaureate in economics and social studies and was chosen for, after audition, the school \u201cAtelier Rudra B\u00e9jart Lausanne\u201d under the direction of Michel Gascard.<\/p>\n<p><b>She danced<\/b> in various choreographies by Val\u00e9rie Lacaze and Maurice B\u00e9jart, such as Concerto en R\u00e9, le Sacre du Printemps, etc.<\/p>\n<p><b>In August 2023,<\/b>\u00a0she became a ballet mistress for \u00abJeunesse &amp; Sport\u00bb Suisse for the students in the gymnastic and dance categories.<\/p>\n<p><b>She is currently<\/b> a teacher at the Igokat Dance Academy as well as a freelance teacher and dancer.<\/p>\n<p>&nbsp;<\/p>\n<\/blockquote>\n<\/p>\n<\/p>\n<p class=\"is-layout-flow wp-block-quote-is-layout-flow\">\n<\/div><\/div><\/div><\/div><\/div>","protected":false},"excerpt":{"rendered":"","protected":false},"author":1,"featured_media":0,"parent":0,"menu_order":0,"comment_status":"closed","ping_status":"closed","template":"","meta":{"footnotes":""},"class_list":["post-4927","page","type-page","status-publish","hentry"],"_links":{"self":[{"href":"https:\/\/igokat.com\/site\/wp-json\/wp\/v2\/pages\/4927","targetHints":{"allow":["GET"]}}],"collection":[{"href":"https:\/\/igokat.com\/site\/wp-json\/wp\/v2\/pages"}],"about":[{"href":"https:\/\/igokat.com\/site\/wp-json\/wp\/v2\/types\/page"}],"author":[{"embeddable":true,"href":"https:\/\/igokat.com\/site\/wp-json\/wp\/v2\/users\/1"}],"replies":[{"embeddable":true,"href":"https:\/\/igokat.com\/site\/wp-json\/wp\/v2\/comments?post=4927"}],"version-history":[{"count":7,"href":"https:\/\/igokat.com\/site\/wp-json\/wp\/v2\/pages\/4927\/revisions"}],"predecessor-version":[{"id":8211,"href":"https:\/\/igokat.com\/site\/wp-json\/wp\/v2\/pages\/4927\/revisions\/8211"}],"wp:attachment":[{"href":"https:\/\/igokat.com\/site\/wp-json\/wp\/v2\/media?parent=4927"}],"curies":[{"name":"wp","href":"https:\/\/api.w.org\/{rel}","templated":true}]}}