{"id":5062,"date":"2021-11-28T16:30:08","date_gmt":"2021-11-28T15:30:08","guid":{"rendered":"https:\/\/igokat.com\/site\/?page_id=5062"},"modified":"2025-07-17T23:01:38","modified_gmt":"2025-07-17T21:01:38","slug":"pre-professional-program","status":"publish","type":"page","link":"https:\/\/igokat.com\/site\/en\/pre-professional-program\/","title":{"rendered":"Pre-Professional program"},"content":{"rendered":"<div class=\"fusion-fullwidth fullwidth-box fusion-builder-row-1 fusion-flex-container nonhundred-percent-fullwidth non-hundred-percent-height-scrolling\" style=\"--awb-border-radius-top-left:0px;--awb-border-radius-top-right:0px;--awb-border-radius-bottom-right:0px;--awb-border-radius-bottom-left:0px;--awb-margin-top:0px;--awb-flex-wrap:wrap;\" ><div class=\"fusion-builder-row fusion-row fusion-flex-align-items-flex-start fusion-flex-content-wrap\" style=\"max-width:1248px;margin-left: calc(-4% \/ 2 );margin-right: calc(-4% \/ 2 );\"><div class=\"fusion-layout-column fusion_builder_column fusion-builder-column-0 fusion_builder_column_1_1 1_1 fusion-flex-column\" style=\"--awb-bg-blend:overlay;--awb-bg-size:cover;--awb-width-large:100%;--awb-margin-top-large:0px;--awb-spacing-right-large:1.92%;--awb-margin-bottom-large:0px;--awb-spacing-left-large:1.92%;--awb-width-medium:100%;--awb-spacing-right-medium:1.92%;--awb-spacing-left-medium:1.92%;--awb-width-small:100%;--awb-spacing-right-small:1.92%;--awb-spacing-left-small:1.92%;\"><div class=\"fusion-column-wrapper fusion-flex-justify-content-flex-start fusion-content-layout-column\"><div class=\"fusion-text fusion-text-1\" style=\"--awb-text-transform:none;\"><\/p>\n<\/p>\n<blockquote class=\"wp-block-quote is-layout-flow wp-block-quote-is-layout-flow\">\n<p><strong>PRE-PROFESSIONAL PROGRAM<\/strong><\/p>\n<p>A specifically designed program for adolescent dancers who are already at an advanced level that allows them to master Classic, Modern and Contemporary dance technique with a professional team of instructors made up of <strong><\/strong><strong><\/strong><strong><\/strong><strong><\/strong><a href=\"https:\/\/igokat.com\/site\/en\/teachers\/\"><strong><span style=\"text-decoration-line: underline;\">Igor Piovano, Kathryn Bradney, Pasquale Alberico, Giuliano Cardone, Laura Smeak, Marie-H\u00e9l\u00e8ne Rey Lescure, Sarah Frassanito, Laura Smeak, Yann Dorsaz, Ilonna Tognetti, M\u00e9lina Br\u00e8<\/span><\/strong><b><u>s, Margaux Mercier et Rachel Moore<\/u><\/b>.<\/a><\/p>\n<p>A <a href=\"https:\/\/igokat.com\/site\/en\/trial-class\/\"><strong><span style=\"text-decoration: underline;\">trial class<\/span><\/strong><\/a> is available to all new students to evaluate their level for class placement. <strong><br><\/strong><\/p>\n<p><strong>Price<br><\/strong>Total hours per week: 10 to 23 hours + repetitions<br>Package deal from CHF 310 per month (trimester payments)<\/p>\n<\/blockquote><\/p>\n<\/div><\/div><\/div><\/div><\/div>","protected":false},"excerpt":{"rendered":"","protected":false},"author":1,"featured_media":0,"parent":0,"menu_order":0,"comment_status":"closed","ping_status":"closed","template":"100-width.php","meta":{"footnotes":""},"class_list":["post-5062","page","type-page","status-publish","hentry"],"_links":{"self":[{"href":"https:\/\/igokat.com\/site\/wp-json\/wp\/v2\/pages\/5062","targetHints":{"allow":["GET"]}}],"collection":[{"href":"https:\/\/igokat.com\/site\/wp-json\/wp\/v2\/pages"}],"about":[{"href":"https:\/\/igokat.com\/site\/wp-json\/wp\/v2\/types\/page"}],"author":[{"embeddable":true,"href":"https:\/\/igokat.com\/site\/wp-json\/wp\/v2\/users\/1"}],"replies":[{"embeddable":true,"href":"https:\/\/igokat.com\/site\/wp-json\/wp\/v2\/comments?post=5062"}],"version-history":[{"count":10,"href":"https:\/\/igokat.com\/site\/wp-json\/wp\/v2\/pages\/5062\/revisions"}],"predecessor-version":[{"id":9536,"href":"https:\/\/igokat.com\/site\/wp-json\/wp\/v2\/pages\/5062\/revisions\/9536"}],"wp:attachment":[{"href":"https:\/\/igokat.com\/site\/wp-json\/wp\/v2\/media?parent=5062"}],"curies":[{"name":"wp","href":"https:\/\/api.w.org\/{rel}","templated":true}]}}