{"id":5066,"date":"2021-11-28T16:38:29","date_gmt":"2021-11-28T15:38:29","guid":{"rendered":"https:\/\/igokat.com\/site\/?page_id=5066"},"modified":"2025-07-20T22:43:08","modified_gmt":"2025-07-20T20:43:08","slug":"classical-for-adults","status":"publish","type":"page","link":"https:\/\/igokat.com\/site\/en\/classical-for-adults\/","title":{"rendered":"Classical for Adults"},"content":{"rendered":"<div class=\"fusion-fullwidth fullwidth-box fusion-builder-row-1 fusion-flex-container nonhundred-percent-fullwidth non-hundred-percent-height-scrolling\" style=\"--awb-border-radius-top-left:0px;--awb-border-radius-top-right:0px;--awb-border-radius-bottom-right:0px;--awb-border-radius-bottom-left:0px;--awb-margin-top:0px;--awb-flex-wrap:wrap;\" ><div class=\"fusion-builder-row fusion-row fusion-flex-align-items-flex-start fusion-flex-content-wrap\" style=\"max-width:1248px;margin-left: calc(-4% \/ 2 );margin-right: calc(-4% \/ 2 );\"><div class=\"fusion-layout-column fusion_builder_column fusion-builder-column-0 fusion_builder_column_1_1 1_1 fusion-flex-column\" style=\"--awb-bg-blend:overlay;--awb-bg-size:cover;--awb-width-large:100%;--awb-margin-top-large:0px;--awb-spacing-right-large:1.92%;--awb-margin-bottom-large:0px;--awb-spacing-left-large:1.92%;--awb-width-medium:100%;--awb-spacing-right-medium:1.92%;--awb-spacing-left-medium:1.92%;--awb-width-small:100%;--awb-spacing-right-small:1.92%;--awb-spacing-left-small:1.92%;\"><div class=\"fusion-column-wrapper fusion-flex-justify-content-flex-start fusion-content-layout-column\"><div class=\"fusion-text fusion-text-1\"><\/p>\n<blockquote class=\"wp-block-quote is-layout-flow wp-block-quote-is-layout-flow\">\n<p>With 20 years of experience in world-wide dance companies and schools, we offer you a large palette of classical classes with a professional team of instructors made up of <u><\/u><a href=\"https:\/\/igokat.com\/site\/en\/teachers\/\"><u><b>Igor Piovano, Kathryn Bradney, Pasquale Alberico, Ilonna Tognetti, Marie-H\u00e9l\u00e8ne Rey Lescure, Sarah Frassanito, Laura SmeaK, M\u00e9lina Br\u00e8<\/b><\/u><b><u>s, Javier Casado, Juan Jimenez<\/u><\/b>:<\/a><\/p>\n<p><b>Initiation Classical for Adults<\/b><\/p>\n<p>Classical for Beginner<br \/>Adults Classical for Intermediate<br \/>Adults Classical for Advanced<br \/>Adults and Professionals<br \/>Adults Pointe<\/p>\n<p><strong>Guide to my pointe shoes <\/strong><\/p>\n<p>&nbsp;<\/p>\n<div class=\"fusion-alignleft\"><a class=\"fusion-button button-flat fusion-button-default-size button-default fusion-button-default button-1 fusion-button-default-span fusion-button-default-type fusion-animated\" data-animationType=\"fadeInLeft\" data-animationDuration=\"3.0\" data-animationOffset=\"top-into-view\" target=\"_self\" href=\"https:\/\/igokat.com\/site\/wp-content\/uploads\/2024\/08\/Guide-Pointes-2024-2025.pdf\"><i class=\"fa-binoculars fas awb-button__icon awb-button__icon--default button-icon-left\" aria-hidden=\"true\"><\/i><span class=\"fusion-button-text awb-button__text awb-button__text--default\">Cliquez ici<\/span><\/a><\/div><\/blockquote>\n<blockquote class=\"wp-block-quote\"><p>A <a href=\"https:\/\/igokat.com\/site\/en\/trial-class\/\"><u><b>trial class<\/b><\/u><\/a> is suggested to help you choose your level.<\/p>\n<p><b>SCHEDULE<\/b><\/p>\n<p><b>Monday<\/b><br \/>11:00AM to 12:30PM Intermediate\/Advanced (Rue Caroline) Kniaseff studio with <a href=\"https:\/\/igokat.com\/site\/en\/laura-smeak-2\/\"><u><b>Laura Smeak<\/b><\/u><\/a><br \/>6:00PM to 7:30PM Intermediate (Rue Centrale) B\u00e9jart studio with <a href=\"https:\/\/igokat.com\/site\/en\/pasquale-alberico-2\/\"><u><b>Pasquale Alberico<\/b><\/u><\/a><br \/>7:30PM to 9:00PM Initiation Classical for Adults (Rue Centrale) B\u00e9jart studio with <a href=\"https:\/\/igokat.com\/site\/en\/sarah-frassanito-2\/\"><u><b>Sarah Frassanito <\/b><\/u><\/a><\/p>\n<p><b>Tuesday<\/b><br \/>8:00AM to 9:00AM Stretching (Rue Caroline) Kniaseff studio with <u><b><a href=\"https:\/\/igokat.com\/site\/en\/ilonna-tognetti-2\/\">Ilonna Tognetti<\/a><\/b><\/u><br \/>10:45AM to 12:15PM Intermediate\/Advanced (Rue Caroline) Kniaseff studio with <a href=\"https:\/\/igokat.com\/site\/en\/pasquale-alberico-2\/\"><u><b>Pasquale Alberico<\/b><\/u><\/a><br \/>7:30PM to 9:00PM Intermediate\/Advanced (Rue Caroline) Kniaseff studio with <a href=\"https:\/\/igokat.com\/site\/en\/pasquale-alberico-2\/\"><u><b>Pasquale Alberico<\/b><\/u><\/a><br \/>8:00PM to 9:30PM Beginner (Rue Centrale) B\u00e9jart studio with <a href=\"https:\/\/igokat.com\/site\/en\/laura-smeak-2\/\"><u><b>Laura Smeak<\/b><\/u><\/a><\/p>\n<p><b>Wednesday<\/b><br \/>8:00AM to 9:00AM BB &#8211; Ballet Barre (Rue Caroline) Kniaseff studio with <u><b><a href=\"https:\/\/igokat.com\/site\/en\/ilonna-tognetti-2\/\">Ilonna Tognetti<\/a><\/b><\/u><br \/>10:45AM to 12:15PM Intermediate\/Advanced (Rue Caroline) Kniaseff studio with <a href=\"https:\/\/igokat.com\/site\/en\/igor-piovano-2\/\"><u><b>Igor Piovano<\/b><\/u><\/a><br \/>6:00PM to 7:30PM Intremediate (Rue Centrale) B\u00e9jart studio with <a href=\"https:\/\/igokat.com\/site\/en\/pasquale-alberico-2\/\"><u><b>Pasquale Alberico<\/b><\/u><\/a><br \/>8:00PM to 9:30PM Beginner (Rue Caroline) Kniaseff studio with <u><b><a href=\"https:\/\/igokat.com\/site\/en\/rachel-moore-2\/\">Rachel Moore<\/a><\/b><\/u><\/p>\n<p><b>Thursday<\/b><br \/>12:15PM to 1:45PM Intermediate\/Advanced (Rue Caroline) Kniaseff studio with <a href=\"https:\/\/igokat.com\/site\/en\/juan-jimenez-2\/\"><u><b>Juan Jimenez<\/b><\/u><\/a><br \/>7:00PM to 8:30PM Beginner (Rue Caroline) Kniaseff studio with <a href=\"https:\/\/igokat.com\/site\/en\/laura-smeak-2\/\"><u><b>Laura Smeak<\/b><\/u><\/a><\/p>\n<p><b>Friday<\/b><br \/>10:45AM to 12:15PM Intermediate\/Advanced with pianist (Rue Caroline) Kniaseff studio with <a href=\"https:\/\/igokat.com\/site\/en\/kathryn-bradney-2\/\"><u><b>Kathryn Bradney<\/b><\/u><\/a><\/p>\n<p>12:15PM to 1:45PM Initiation Classical for Adults (Rue Centrale) B\u00e9jart studio with <span style=\"background-color: var(--testimonial_bg_color); color: var(--body_typography-color); font-family: var(--body_typography-font-family); font-size: var(--body_typography-font-size); letter-spacing: var(--body_typography-letter-spacing); text-align: var(--awb-content-alignment); text-transform: var(--awb-text-transform);\"><b><u><a href=\"https:\/\/igokat.com\/site\/en\/ilonna-tognetti-2\/\">Ilonna Tognetti<\/a><\/u><\/b><\/span><\/p>\n<p>7:00PM to 8:30PM Beginner (Rue Centrale) B\u00e9jart studio with <b style=\"font-style: normal;\"><u><a href=\"https:\/\/igokat.com\/site\/en\/margaux-mercier-3\/\">Margaux Mercier<\/a><\/u><\/b><\/p>\n<p><b>Saturday<\/b><br \/>10:30AM to 12:00PM Intermediate\/Advanced (Rue Caroline) Kniaseff studio with <a href=\"https:\/\/igokat.com\/site\/en\/pasquale-alberico-2\/\"><u><b>Pasquale Alberico<\/b><\/u><\/a><br \/>12:15PM to 13:15PM Adults Pointe (Rue Centrale) B\u00e9jart studio with <a href=\"https:\/\/igokat.com\/site\/en\/melina-bres-2\/\"><u><b>M\u00e9lina Br\u00e8s<\/b><\/u><\/a><\/p>\n<p><a href=\"https:\/\/igokat.com\/site\/en\/prices\/\"><u><b>OUR PRICES<\/b><\/u><\/a><\/p>\n<p>&nbsp;<\/p>\n<p>&nbsp;<\/p>\n<div class=\"fusion-alignleft\"><a class=\"fusion-button button-flat fusion-button-default-size button-default fusion-button-default button-2 fusion-button-default-span fusion-button-default-type fusion-animated\" data-animationType=\"fadeInLeft\" data-animationDuration=\"3.0\" data-animationOffset=\"top-into-view\" target=\"_self\" href=\"https:\/\/igokat.com\/site\/en\/prices\/\"><i class=\"fa-binoculars fas awb-button__icon awb-button__icon--default button-icon-left\" aria-hidden=\"true\"><\/i><span class=\"fusion-button-text awb-button__text awb-button__text--default\">Click here<\/span><\/a><\/div><\/blockquote>\n<blockquote class=\"wp-block-quote\"><p>A <a href=\"https:\/\/igokat.com\/site\/en\/trial-class\/\"><u><b>trial class<\/b><\/u><\/a> is available to new students to evaluate their level for class placement.<\/p>\n<p>Our <b>\u201cSTAR FORMULA\u201d<\/b> : as many of our classes as you\u2019d like (Classical, Floor Barre, Modern, Pilates, and Stretching) all year. 310.- fr per month<\/p>\n<\/blockquote>\n<\/div><\/div><\/div><\/div><\/div>","protected":false},"excerpt":{"rendered":"","protected":false},"author":1,"featured_media":0,"parent":0,"menu_order":0,"comment_status":"closed","ping_status":"closed","template":"100-width.php","meta":{"footnotes":""},"class_list":["post-5066","page","type-page","status-publish","hentry"],"_links":{"self":[{"href":"https:\/\/igokat.com\/site\/wp-json\/wp\/v2\/pages\/5066","targetHints":{"allow":["GET"]}}],"collection":[{"href":"https:\/\/igokat.com\/site\/wp-json\/wp\/v2\/pages"}],"about":[{"href":"https:\/\/igokat.com\/site\/wp-json\/wp\/v2\/types\/page"}],"author":[{"embeddable":true,"href":"https:\/\/igokat.com\/site\/wp-json\/wp\/v2\/users\/1"}],"replies":[{"embeddable":true,"href":"https:\/\/igokat.com\/site\/wp-json\/wp\/v2\/comments?post=5066"}],"version-history":[{"count":26,"href":"https:\/\/igokat.com\/site\/wp-json\/wp\/v2\/pages\/5066\/revisions"}],"predecessor-version":[{"id":9600,"href":"https:\/\/igokat.com\/site\/wp-json\/wp\/v2\/pages\/5066\/revisions\/9600"}],"wp:attachment":[{"href":"https:\/\/igokat.com\/site\/wp-json\/wp\/v2\/media?parent=5066"}],"curies":[{"name":"wp","href":"https:\/\/api.w.org\/{rel}","templated":true}]}}