{"id":5074,"date":"2021-11-28T17:49:36","date_gmt":"2021-11-28T16:49:36","guid":{"rendered":"https:\/\/igokat.com\/site\/?page_id=5074"},"modified":"2025-08-31T18:04:09","modified_gmt":"2025-08-31T16:04:09","slug":"classical-for-children","status":"publish","type":"page","link":"https:\/\/igokat.com\/site\/en\/classical-for-children\/","title":{"rendered":"Classical for Children"},"content":{"rendered":"<div class=\"fusion-fullwidth fullwidth-box fusion-builder-row-1 fusion-flex-container nonhundred-percent-fullwidth non-hundred-percent-height-scrolling\" style=\"--awb-border-radius-top-left:0px;--awb-border-radius-top-right:0px;--awb-border-radius-bottom-right:0px;--awb-border-radius-bottom-left:0px;--awb-margin-top:0px;--awb-flex-wrap:wrap;\" ><div class=\"fusion-builder-row fusion-row fusion-flex-align-items-flex-start fusion-flex-content-wrap\" style=\"max-width:1248px;margin-left: calc(-4% \/ 2 );margin-right: calc(-4% \/ 2 );\"><div class=\"fusion-layout-column fusion_builder_column fusion-builder-column-0 fusion_builder_column_1_1 1_1 fusion-flex-column\" style=\"--awb-bg-blend:overlay;--awb-bg-size:cover;--awb-width-large:100%;--awb-margin-top-large:0px;--awb-spacing-right-large:1.92%;--awb-margin-bottom-large:0px;--awb-spacing-left-large:1.92%;--awb-width-medium:100%;--awb-spacing-right-medium:1.92%;--awb-spacing-left-medium:1.92%;--awb-width-small:100%;--awb-spacing-right-small:1.92%;--awb-spacing-left-small:1.92%;\"><div class=\"fusion-column-wrapper fusion-flex-justify-content-flex-start fusion-content-layout-column\"><div class=\"fusion-text fusion-text-1\"><\/p>\n<blockquote class=\"wp-block-quote is-layout-flow wp-block-quote-is-layout-flow\">\n<p>These dynamic classes are taught using the educational concept of the \u201cRoyal Academy of Dance\u201d, London, England by the professional team and experienced teaching instructors <u><\/u><u><\/u><u><\/u><u><\/u><u><\/u><u><\/u><u><\/u><a href=\"https:\/\/igokat.com\/site\/en\/teachers\/\"><u><b>Igor Piovano, Kathryn Bradney, Pasquale Alberico, Giuliano Cardone, Sarah Frassanito, Marie-H\u00e9l\u00e8ne Rey Lescure, Laura Smeak, Ilonna Tognetti, M\u00e9lina Br\u00e8s<\/b><\/u><b style=\"font-style: normal;\"><u>, Margaux Mercier, Rachel Moore:<\/u><\/b><\/a><b style=\"font-style: normal;\"><\/b><b style=\"font-style: normal;\"><\/b><b style=\"font-style: normal;\"><\/b><b style=\"font-style: normal;\"><\/b><b style=\"font-style: normal;\"><\/b><b style=\"font-style: normal;\"><\/b><b style=\"font-style: normal;\"><\/b><b style=\"font-style: normal;\"><\/b><b style=\"font-style: normal;\"><\/b><\/p>\n<p><b>We offer 6 different levels of Classical Ballet for children three years of age and older:<\/b><br \/>Parent\/Child \u2013 starting from 2 years old<br \/>Baby Dance \u2013 starting from 3 years old<br \/>Pre-Ballet &#8211; starting from 5 yeras old<br \/>Level I<br \/>Level II<br \/>Level III<br \/>Level IV<br \/>Level V<br \/>Pointes for beginners \u2013 from 11 years old<br \/><strong>Guide to my pointe shoes <\/strong><\/p>\n<p>&nbsp;<\/p>\n<div class=\"fusion-button-wrapper fusion-alignleft\"><a class=\"fusion-button button-flat fusion-button-default-size button-default fusion-button-default button-1 fusion-button-default-span fusion-button-default-type fusion-animated\" data-animationType=\"fadeInLeft\" data-animationDuration=\"3.0\" data-animationOffset=\"top-into-view\" target=\"_self\" href=\"https:\/\/igokat.com\/site\/wp-content\/uploads\/2024\/08\/Guide-Pointes-2024-2025.pdf\"><i class=\"fa-binoculars fas awb-button__icon awb-button__icon--default button-icon-left\" aria-hidden=\"true\"><\/i><span class=\"fusion-button-text awb-button__text awb-button__text--default\">Cliquez ici<\/span><\/a><\/div>\n<p>&nbsp;<\/p>\n<p>Pre-Professional Program for the Levels III, IV and V (from 10 years-old on) is found in our \u2018News\u2019.<\/p>\n<p>A <a href=\"https:\/\/igokat.com\/site\/en\/trial-class\/\"><u><b>trial class<\/b><\/u><\/a> is available to new students to evaluate their level for class placement.<\/p>\n<p><a href=\"https:\/\/igokat.com\/site\/en\/schedule\/\"><u><b>SCHEDULE<\/b><\/u><\/a><\/p>\n<p><b>Monday<\/b><br \/>4:30PM to 5:30PM Level II (studio Misha) with <a href=\"https:\/\/igokat.com\/site\/en\/sarah-frassanito-2\/\"><u><b>Sarah Frassanito<\/b><\/u><\/a><br \/>4:30PM to 6:00PM Level V (studio B\u00e9jart) with <a href=\"https:\/\/igokat.com\/site\/en\/pasquale-alberico-2\/\"><u><b>Pasquale Alberico<\/b><\/u><\/a><br \/>4:30PM to 5:30PM Beginner pointes (studio Kniaseff) with <b><u><a href=\"https:\/\/igokat.com\/site\/en\/ilonna-tognetti-2\/\">Ilonna Tognetti<\/a><\/u><\/b><br \/>5:30PM to 7:00PM Level IV (studio Kniaseff) with <b><u><a href=\"https:\/\/igokat.com\/site\/en\/laura-smeak-2\/\">Laura Smeak<\/a><\/u><\/b><br \/>5:30PM to 7:00PM Level III + pointes (studio Misha) with <a href=\"https:\/\/igokat.com\/site\/en\/sarah-frassanito-2\/\"><u><b>Sarah Frassanito<\/b><\/u><\/a><\/p>\n<p><b>Tuesday<\/b><br \/>4:15PM to 5:00PM Baby Dance (studio Misha) avec <a href=\"https:\/\/igokat.com\/site\/en\/sarah-frassanito-2\/\"><u><b>Sarah Frassanito<\/b><\/u><\/a><br \/>4:30PM to 6:00PM Level IV\/V (studio B\u00e9jart) with <a href=\"https:\/\/igokat.com\/site\/en\/igor-piovano-2\/\"><u><b>Igor Piovano<\/b><\/u><\/a><br \/>4:30PM to 5:30PM Level I (studio Kniaseff) with <b><u><a href=\"https:\/\/igokat.com\/site\/en\/ilonna-tognetti-2\/\">Ilonna Tognetti<\/a><\/u><\/b><br \/>5:00PM to 6:00PM Pre-Ballet (studio Misha) with <a href=\"https:\/\/igokat.com\/site\/en\/sarah-frassanito-2\/\"><u><b>Sarah Frassanito<\/b><\/u><\/a><br \/>6:00PM to 7:00PM Niveau II\/III (studio Misha) with <a href=\"https:\/\/igokat.com\/site\/en\/sarah-frassanito-2\/\"><u><b>Sarah Frassanito<\/b><\/u><\/a><\/p>\n<p><b>Wednesday<\/b><br \/>1:30PM to 2:30PM Baby Dance (studio Misha) with <a href=\"https:\/\/igokat.com\/site\/en\/marie-helene-rey-lescure-2\/\"><u><b>Marie-H\u00e9l\u00e8ne Rey Lescure<\/b><\/u><\/a><br \/>1:30PM to 2:30PM Pre-Ballet (studio Kniaseff) with <b><u><a href=\"https:\/\/igokat.com\/site\/en\/margaux-mercier-3\/\">Margaux Mercier<\/a><\/u><\/b><br \/>1:30PM to 2:30PM Stretching enfants (studio B\u00e9jart) with <u><b><a href=\"https:\/\/igokat.com\/site\/en\/rachel-moore-2\/\">Rachel Moore<\/a><\/b><\/u><br \/>2:30 PM to 3:30PM Pre-Ballet (studio B\u00e9jart) with <b><u><a href=\"https:\/\/igokat.com\/site\/en\/rachel-moore-2\/\">Rachel Moore<\/a><\/u><\/b><br \/>2:30PM to 3:30PM Level I (studio Kniaseff) with <a href=\"https:\/\/igokat.com\/site\/en\/marie-helene-rey-lescure-2\/\"><u><b>Marie-H\u00e9l\u00e8ne Rey Lescure<\/b><\/u><\/a><br \/>2:30PM to 3:30PM Level I (studio Misha) with <a href=\"https:\/\/igokat.com\/site\/en\/ilonna-tognetti-2\/\"><u><b>Ilonna Tognetti<\/b><\/u><\/a><br \/>3:30PM to 4:30PM Pre-Ballet (studio Misha) with <a href=\"https:\/\/igokat.com\/site\/en\/marie-helene-rey-lescure-2\/\"><u><b>Marie-H\u00e9l\u00e8ne Rey Lescure<\/b><\/u><\/a><br \/>3:30PM to 4:30PM Level II (studio B\u00e9jart) with <b><u><a href=\"https:\/\/igokat.com\/site\/en\/margaux-mercier-3\/\">Margaux Mercier<\/a><\/u><\/b><br \/>4:30PM to 5:30PM Level I (studio Misha) with <b><u><a href=\"https:\/\/igokat.com\/site\/en\/rachel-moore-2\/\">Rachel Moore<\/a><\/u><\/b><br \/>4:30PM to 5:30PM Level II (studio Kniaseff) with <a href=\"https:\/\/igokat.com\/site\/en\/marie-helene-rey-lescure-2\/\"><u><b>Marie-H\u00e9l\u00e8ne Rey Lescure<\/b><\/u><\/a><br \/>4:30PM to 6:00PM Level III (studio B\u00e9jart) with <b><u><a href=\"https:\/\/igokat.com\/site\/en\/pasquale-alberico-2\/\">Pasquale Alberico<\/a><\/u><\/b><br \/>5:30PM to 7:00PM Level IV-V + pointes (studio Kniaseff) with <a href=\"https:\/\/igokat.com\/site\/en\/kathryn-bradney-2\/\"><u><b>Kathryn Bradney<\/b><\/u><\/a><br \/>6:30PM to 7:30PM Initiation pointes (studio Misha) with <a href=\"https:\/\/igokat.com\/site\/en\/marie-helene-rey-lescure-2\/\"><u><b>Marie-H\u00e9l\u00e8ne Rey Lescure<\/b><\/u><\/a><\/p>\n<p><b>Thursday<\/b><br \/>16:15PM to 17:00PM Baby Dance (studio Misha) with <a href=\"https:\/\/igokat.com\/site\/en\/melina-bres-2\/\"><u><b>M\u00e9lina Br\u00e8s<\/b><\/u><\/a><br \/>4:30PM to 6:00PM Level IV-V + pointes (studio B\u00e9jart) with <a href=\"https:\/\/igokat.com\/site\/en\/kathryn-bradney-2\/\"><u><b>Kathryn Bradney<\/b><\/u><\/a><br \/>4:30PM to 6:00PM Level III\/IV + pointes (studio Kniaseff) with <b><u><a href=\"https:\/\/igokat.com\/site\/en\/ilonna-tognetti-2\/\">Ilonna Tognetti<\/a><\/u><\/b><br \/>5:00PM to 6:00PM Level I (studio Misha) with <a href=\"https:\/\/igokat.com\/site\/en\/melina-bres-2\/\"><u><b>M\u00e9lina Br\u00e8s<\/b><\/u><\/a><br \/>6:00PM to 7:00PM Level II\/III (studio Kniaseff) with <a href=\"https:\/\/igokat.com\/site\/en\/laura-smeak-2\/\"><u><b>Laura Smeak<\/b><\/u><\/a><\/p>\n<p><b>Friday<\/b><br \/>4:30PM to 6:00PM Level V (studio Kniaseff) with <a href=\"https:\/\/igokat.com\/site\/en\/igor-piovano-2\/\"><u><b>Igor Piovano<\/b><\/u><\/a><br \/>4:30PM to 6:00PM Level IV + pointes\/variations (studio B\u00e9jart ) with <b><u><a href=\"https:\/\/igokat.com\/site\/en\/laura-smeak-2\/\">Laura Smeak<\/a><\/u><\/b><br \/>4:30PM to 5:30PM Level I (studio Misha) with <a href=\"https:\/\/igokat.com\/site\/en\/marie-helene-rey-lescure-2\/\"><u><b>Marie-H\u00e9l\u00e8ne Rey Lescure<\/b><\/u><\/a><br \/>5:30PM to 7:00PM Level III (studio Misha) with <a href=\"https:\/\/igokat.com\/site\/en\/marie-helene-rey-lescure-2\/\"><u><b>Marie-H\u00e9l\u00e8ne Rey Lescure<\/b><\/u><\/a><br \/>6:00PM to 7:30PM Pas de deux\/variations Level V (studio Kniaseff) with <a href=\"https:\/\/igokat.com\/site\/kathryn-bradney\/?fb-edit=1\"><u><b>Kathryn Bradney<\/b><\/u><\/a><b><\/b><\/p>\n<p><b>Saturday<\/b><br \/>11:00AM to 11:45AM Parent\/Child (studio B\u00e9jart) with <a href=\"https:\/\/igokat.com\/site\/en\/melina-bres-2\/\"><u><b>M\u00e9lina Br\u00e8s<\/b><\/u><\/a><\/p>\n<p><a href=\"https:\/\/igokat.com\/site\/en\/prices\/\"><u><b>OUR PRICES<\/b><\/u><\/a><\/p>\n<p>&nbsp;<\/p>\n<p>&nbsp;<\/p>\n<div class=\"fusion-button-wrapper fusion-alignleft\"><a class=\"fusion-button button-flat fusion-button-default-size button-default fusion-button-default button-2 fusion-button-default-span fusion-button-default-type fusion-animated\" data-animationType=\"fadeInLeft\" data-animationDuration=\"3.0\" data-animationOffset=\"top-into-view\" target=\"_self\" href=\"https:\/\/igokat.com\/site\/en\/prices\/\"><i class=\"fa-binoculars fas awb-button__icon awb-button__icon--default button-icon-left\" aria-hidden=\"true\"><\/i><span class=\"fusion-button-text awb-button__text awb-button__text--default\">Click here<\/span><\/a><\/div>\n<p>&nbsp;<\/p>\n<p>A <a href=\"https:\/\/igokat.com\/site\/en\/trial-class\/\"><u><b>trial class<\/b><\/u><\/a> can be taken to determine the appropriate level and class.<\/p>\n<p>PRE-PROFESSIONAL PACKAGE (min. 10 hours a week) 310.- fr.<\/p>\n<p>Payment is requested each trimester (September, December and March)<\/p>\n<p>&nbsp;<\/p>\n<\/blockquote>\n<\/div><\/div><\/div><\/div><\/div>","protected":false},"excerpt":{"rendered":"","protected":false},"author":1,"featured_media":0,"parent":0,"menu_order":0,"comment_status":"closed","ping_status":"closed","template":"100-width.php","meta":{"footnotes":""},"class_list":["post-5074","page","type-page","status-publish","hentry"],"_links":{"self":[{"href":"https:\/\/igokat.com\/site\/wp-json\/wp\/v2\/pages\/5074","targetHints":{"allow":["GET"]}}],"collection":[{"href":"https:\/\/igokat.com\/site\/wp-json\/wp\/v2\/pages"}],"about":[{"href":"https:\/\/igokat.com\/site\/wp-json\/wp\/v2\/types\/page"}],"author":[{"embeddable":true,"href":"https:\/\/igokat.com\/site\/wp-json\/wp\/v2\/users\/1"}],"replies":[{"embeddable":true,"href":"https:\/\/igokat.com\/site\/wp-json\/wp\/v2\/comments?post=5074"}],"version-history":[{"count":28,"href":"https:\/\/igokat.com\/site\/wp-json\/wp\/v2\/pages\/5074\/revisions"}],"predecessor-version":[{"id":9760,"href":"https:\/\/igokat.com\/site\/wp-json\/wp\/v2\/pages\/5074\/revisions\/9760"}],"wp:attachment":[{"href":"https:\/\/igokat.com\/site\/wp-json\/wp\/v2\/media?parent=5074"}],"curies":[{"name":"wp","href":"https:\/\/api.w.org\/{rel}","templated":true}]}}