{"id":9303,"date":"2025-05-29T11:09:05","date_gmt":"2025-05-29T09:09:05","guid":{"rendered":"https:\/\/igokat.com\/site\/?page_id=9303"},"modified":"2025-05-29T11:27:05","modified_gmt":"2025-05-29T09:27:05","slug":"rachel-moore","status":"publish","type":"page","link":"https:\/\/igokat.com\/site\/rachel-moore\/","title":{"rendered":"Rachel Moore"},"content":{"rendered":"<div class=\"fusion-fullwidth fullwidth-box fusion-builder-row-1 fusion-flex-container nonhundred-percent-fullwidth non-hundred-percent-height-scrolling\" style=\"--awb-border-radius-top-left:0px;--awb-border-radius-top-right:0px;--awb-border-radius-bottom-right:0px;--awb-border-radius-bottom-left:0px;--awb-flex-wrap:wrap;\" ><div class=\"fusion-builder-row fusion-row fusion-flex-align-items-flex-start fusion-flex-content-wrap\" style=\"max-width:1248px;margin-left: calc(-4% \/ 2 );margin-right: calc(-4% \/ 2 );\"><div class=\"fusion-layout-column fusion_builder_column fusion-builder-column-0 fusion_builder_column_1_1 1_1 fusion-flex-column\" style=\"--awb-bg-size:cover;--awb-width-large:100%;--awb-margin-top-large:0px;--awb-spacing-right-large:1.92%;--awb-margin-bottom-large:0px;--awb-spacing-left-large:1.92%;--awb-width-medium:100%;--awb-spacing-right-medium:1.92%;--awb-spacing-left-medium:1.92%;--awb-width-small:100%;--awb-spacing-right-small:1.92%;--awb-spacing-left-small:1.92%;\"><div class=\"fusion-column-wrapper fusion-flex-justify-content-flex-start fusion-content-layout-column\"><div class=\"fusion-text fusion-text-1\"><blockquote class=\"wp-block-quote\"><p><em><b>Rachel Moore\n<\/b>N\u00e9e le 16 mai 1999 \u00e0 Milan, en Italie, elle d\u00e9couvre la danse d\u00e8s l\u2019\u00e2ge de 5 ans. <\/em><\/p>\n<p><em><strong>Elle commence<\/strong> sa formation en 2004 \u00e0 l\u2019\u00e9cole Wladimir Skouratoff en France, o\u00f9 elle \u00e9tudie la danse classique aupr\u00e8s de Fabienne Delorme et Fabrice Mineau.<\/em><\/p>\n<p><em><strong>En 2012,<\/strong> elle poursuit son parcours artistique \u00e0 l\u2019Acad\u00e9mie de Danse Igokat \u00e0 Lausanne, o\u00f9 elle s\u2019engage dans une formation pr\u00e9professionnelle en danse classique, moderne et contemporaine, qu\u2019elle suit jusqu\u2019en 2019. Cette p\u00e9riode est marqu\u00e9e par un entra\u00eenement intensif et une immersion dans le milieu sc\u00e9nique et chor\u00e9graphique suisse.<\/em><\/p>\n<p><em><strong>Souhaitant approfondir<\/strong> sa pratique et \u00e9largir son vocabulaire artistique, elle rejoint en 2019 le programme ODA Formazione \u00e0 l\u2019Officina delle Arti de Montecatini Terme, en Italie. <\/em><\/p>\n<p><em><strong>Pendant trois ans,<\/strong> elle y suit une formation professionnelle compl\u00e8te en danse classique, moderne, contemporaine et improvisation, encadr\u00e9e par des chor\u00e9graphes de renomm\u00e9e internationale.<\/em><\/p>\n<p><em><strong>Toujours d\u00e9sireuse<\/strong> de transmettre sa passion, Rachel int\u00e8gre en 2023 le programme de formation pour enseignants de danse contemporaine \u00ab Teacher Program \u00bb \u00e0 Florence, dirig\u00e9 par Alessio Barbarossa et Valentino Porcu, fondateurs du collectif Contemporarymood.<\/em><\/p>\n<p><em><strong>Trilingue \u2014<\/strong> elle parle couramment le fran\u00e7ais, l\u2019italien et l\u2019anglais \u2014 Rachel Emily Moore conjugue sensibilit\u00e9 artistique, rigueur technique et ouverture culturelle. Elle aspire \u00e0 poursuivre son parcours au sein de projets chor\u00e9graphiques innovants et \u00e0 partager son savoir-faire en tant qu\u2019interpr\u00e8te et p\u00e9dagogue.<\/em><\/p>\n<p><em><strong>Elle est actuellement\u00a0<\/strong>professeur de danse classique pour les enfants et les adultes \u00e0 l\u2019 Acad\u00e9mie de Danse Igokat<\/em><\/p>\n<p><em>\u00a0<\/em><\/p><\/blockquote>\n<\/div><\/div><\/div><\/div><\/div><!-- \/wp:post-content -->","protected":false},"excerpt":{"rendered":"","protected":false},"author":1,"featured_media":0,"parent":0,"menu_order":0,"comment_status":"closed","ping_status":"closed","template":"100-width.php","meta":{"footnotes":""},"class_list":["post-9303","page","type-page","status-publish","hentry"],"_links":{"self":[{"href":"https:\/\/igokat.com\/site\/wp-json\/wp\/v2\/pages\/9303","targetHints":{"allow":["GET"]}}],"collection":[{"href":"https:\/\/igokat.com\/site\/wp-json\/wp\/v2\/pages"}],"about":[{"href":"https:\/\/igokat.com\/site\/wp-json\/wp\/v2\/types\/page"}],"author":[{"embeddable":true,"href":"https:\/\/igokat.com\/site\/wp-json\/wp\/v2\/users\/1"}],"replies":[{"embeddable":true,"href":"https:\/\/igokat.com\/site\/wp-json\/wp\/v2\/comments?post=9303"}],"version-history":[{"count":5,"href":"https:\/\/igokat.com\/site\/wp-json\/wp\/v2\/pages\/9303\/revisions"}],"predecessor-version":[{"id":9313,"href":"https:\/\/igokat.com\/site\/wp-json\/wp\/v2\/pages\/9303\/revisions\/9313"}],"wp:attachment":[{"href":"https:\/\/igokat.com\/site\/wp-json\/wp\/v2\/media?parent=9303"}],"curies":[{"name":"wp","href":"https:\/\/api.w.org\/{rel}","templated":true}]}}