{"id":9325,"date":"2025-05-29T16:36:00","date_gmt":"2025-05-29T14:36:00","guid":{"rendered":"https:\/\/igokat.com\/site\/?page_id=9325"},"modified":"2025-05-29T17:45:57","modified_gmt":"2025-05-29T15:45:57","slug":"margaux-mercier","status":"publish","type":"page","link":"https:\/\/igokat.com\/site\/margaux-mercier\/","title":{"rendered":"Margaux Mercier"},"content":{"rendered":"<div class=\"fusion-fullwidth fullwidth-box fusion-builder-row-1 fusion-flex-container nonhundred-percent-fullwidth non-hundred-percent-height-scrolling\" style=\"--awb-border-radius-top-left:0px;--awb-border-radius-top-right:0px;--awb-border-radius-bottom-right:0px;--awb-border-radius-bottom-left:0px;--awb-flex-wrap:wrap;\" ><div class=\"fusion-builder-row fusion-row fusion-flex-align-items-flex-start fusion-flex-content-wrap\" style=\"max-width:1248px;margin-left: calc(-4% \/ 2 );margin-right: calc(-4% \/ 2 );\"><div class=\"fusion-layout-column fusion_builder_column fusion-builder-column-0 fusion_builder_column_1_1 1_1 fusion-flex-column\" style=\"--awb-bg-size:cover;--awb-width-large:100%;--awb-margin-top-large:0px;--awb-spacing-right-large:1.92%;--awb-margin-bottom-large:0px;--awb-spacing-left-large:1.92%;--awb-width-medium:100%;--awb-spacing-right-medium:1.92%;--awb-spacing-left-medium:1.92%;--awb-width-small:100%;--awb-spacing-right-small:1.92%;--awb-spacing-left-small:1.92%;\"><div class=\"fusion-column-wrapper fusion-flex-justify-content-flex-start fusion-content-layout-column\"><div class=\"fusion-text fusion-text-1\"><blockquote class=\"wp-block-quote\"><p><em><strong>Margaux Alexandra Mercier\n<\/strong><\/em><b><\/b><em>N\u00e9e le 27 mai 2002 \u00e0 Neuch\u00e2tel, en Suisse, elle d\u00e9bute la danse d\u00e8s l\u2019\u00e2ge de 5 ans \u00e0 l\u2019Acad\u00e9mie de Ballet Hans Meister, o\u00f9 elle se forme pendant dix ans \u00e0 la technique du ballet russe. <\/em><\/p>\n<p><em><strong>Tr\u00e8s jeune,<\/strong> elle y passe plusieurs examens de la Russian Ballet Association, \u00e9voluant progressivement jusqu\u2019\u00e0 la Classe 2.<\/em><\/p>\n<p><em><strong>En 2017,<\/strong> elle rejoint l\u2019\u00e9cole de danse Marina Grandjean pour une ann\u00e9e de transition avant d\u2019int\u00e9grer, en 2018, la formation pr\u00e9professionnelle du Centre de Danse Igokat \u00e0 Lausanne. Elle y suit un cursus intensif de plus de 20 heures de cours par semaine m\u00ealant danse classique, contemporaine et modern jazz.<\/em><\/p>\n<p><em><strong>Durant sa formation,<\/strong> elle participe \u00e0 de nombreux stages d\u2019\u00e9t\u00e9, o\u00f9 elle b\u00e9n\u00e9ficie de l\u2019enseignement de professeur de renomm\u00e9e internationale comme Igor Piovano, Kathryn Bradney, Hans Meister, Monique Ammann, Lilia Hux-Molotova, Natalia Gabry Jonczyk et Gizella Erd\u00f6z. Elle assiste \u00e9galement aux classes ouvertes du Prix de Lausanne avec Clairemarie Osta et prend part \u00e0 des cours avec le B\u00e9jart Ballet Lausanne.<\/em><\/p>\n<p><em><strong>Sur sc\u00e8ne,<\/strong> elle interpr\u00e8te plusieurs r\u00f4les marquants : la f\u00e9e Clochette dans Peter Pan (2025), la Sorci\u00e8re de l\u2019Ouest dans Le Magicien d\u2019Oz (2023\/2024), Drosselmeier dans Casse-Noisette (2021\/2022) ou encore dans Le Carnaval des Animaux (2019). Elle est \u00e9galement invit\u00e9e \u00e0 danser lors d\u2019un projet chor\u00e9graphique au Suisse TechCenter pour la remise des dipl\u00f4mes de la HEP-B\u00e9june.<\/em><\/p>\n<p><em><strong>Titulaire d\u2019un baccalaur\u00e9at <\/strong>avec sp\u00e9cialit\u00e9 math\u00e9matiques et d\u2019un niveau C1 en anglais, Margaux d\u00e9veloppe au fil des ann\u00e9es des qualit\u00e9s essentielles \u00e0 la sc\u00e8ne : rigueur, cr\u00e9ativit\u00e9, r\u00e9silience, esprit d\u2019\u00e9quipe et grande capacit\u00e9 d\u2019adaptation.<\/em><\/p>\n<p><em><strong>Elle est actuellement<\/strong>\u00a0professeur de danse classique pour les enfants et les adultes ainsi que professeur de danse moderne et contemporaine \u00e0 l\u2019Acad\u00e9mie de Danse Igokat.<\/em><\/p>\n<p><em>\u00a0<\/em><\/p><\/blockquote>\n<\/div><\/div><\/div><\/div><\/div><!-- \/wp:post-content -->","protected":false},"excerpt":{"rendered":"","protected":false},"author":1,"featured_media":0,"parent":0,"menu_order":0,"comment_status":"closed","ping_status":"closed","template":"100-width.php","meta":{"footnotes":""},"class_list":["post-9325","page","type-page","status-publish","hentry"],"_links":{"self":[{"href":"https:\/\/igokat.com\/site\/wp-json\/wp\/v2\/pages\/9325","targetHints":{"allow":["GET"]}}],"collection":[{"href":"https:\/\/igokat.com\/site\/wp-json\/wp\/v2\/pages"}],"about":[{"href":"https:\/\/igokat.com\/site\/wp-json\/wp\/v2\/types\/page"}],"author":[{"embeddable":true,"href":"https:\/\/igokat.com\/site\/wp-json\/wp\/v2\/users\/1"}],"replies":[{"embeddable":true,"href":"https:\/\/igokat.com\/site\/wp-json\/wp\/v2\/comments?post=9325"}],"version-history":[{"count":3,"href":"https:\/\/igokat.com\/site\/wp-json\/wp\/v2\/pages\/9325\/revisions"}],"predecessor-version":[{"id":9332,"href":"https:\/\/igokat.com\/site\/wp-json\/wp\/v2\/pages\/9325\/revisions\/9332"}],"wp:attachment":[{"href":"https:\/\/igokat.com\/site\/wp-json\/wp\/v2\/media?parent=9325"}],"curies":[{"name":"wp","href":"https:\/\/api.w.org\/{rel}","templated":true}]}}