{"id":9569,"date":"2025-07-19T10:41:30","date_gmt":"2025-07-19T08:41:30","guid":{"rendered":"https:\/\/igokat.com\/site\/?page_id=9569"},"modified":"2025-07-19T11:23:14","modified_gmt":"2025-07-19T09:23:14","slug":"juan-jimenez","status":"publish","type":"page","link":"https:\/\/igokat.com\/site\/juan-jimenez\/","title":{"rendered":"Juan Jimenez"},"content":{"rendered":"<div class=\"fusion-fullwidth fullwidth-box fusion-builder-row-1 fusion-flex-container nonhundred-percent-fullwidth non-hundred-percent-height-scrolling\" style=\"--awb-border-radius-top-left:0px;--awb-border-radius-top-right:0px;--awb-border-radius-bottom-right:0px;--awb-border-radius-bottom-left:0px;--awb-flex-wrap:wrap;\" ><div class=\"fusion-builder-row fusion-row fusion-flex-align-items-flex-start fusion-flex-content-wrap\" style=\"max-width:1248px;margin-left: calc(-4% \/ 2 );margin-right: calc(-4% \/ 2 );\"><div class=\"fusion-layout-column fusion_builder_column fusion-builder-column-0 fusion_builder_column_1_1 1_1 fusion-flex-column\" style=\"--awb-bg-size:cover;--awb-width-large:100%;--awb-margin-top-large:0px;--awb-spacing-right-large:1.92%;--awb-margin-bottom-large:0px;--awb-spacing-left-large:1.92%;--awb-width-medium:100%;--awb-spacing-right-medium:1.92%;--awb-spacing-left-medium:1.92%;--awb-width-small:100%;--awb-spacing-right-small:1.92%;--awb-spacing-left-small:1.92%;\"><div class=\"fusion-column-wrapper fusion-flex-justify-content-flex-start fusion-content-layout-column\"><div class=\"fusion-text fusion-text-1\"><blockquote class=\"wp-block-quote\"><p><em><strong>Juan Jimenez <\/strong>originaire de Cuba, Juan d\u00e9bute sa formation artistique \u00e0 l\u2019Acad\u00e9mie d\u2019art et de danse de Camag\u00fcey d\u00e8s l\u2019\u00e2ge de 10 ans. Tr\u00e8s t\u00f4t, son talent est reconnu : il remporte une m\u00e9daille d\u2019or, une m\u00e9daille d\u2019argent, et obtient les \u00e9loges d\u2019un jury compos\u00e9 d\u2019\u00e9minents professeurs cubains. Dipl\u00f4m\u00e9 de La Escuela Profesional de Arte avec les plus hautes distinctions, il re\u00e7oit une formation compl\u00e8te, m\u00ealant technique, p\u00e9dagogie et m\u00e9thodologie de la danse classique.<\/em><\/p>\n<p><em><strong>\u00c0 17 ans,<\/strong> Juan est rep\u00e9r\u00e9 par le directeur artistique de l\u2019\u00c9cole nationale de ballet de Cuba, qui lui offre l\u2019opportunit\u00e9 de rejoindre le Teatro Nuovo di Torino (Italie) en tant que soliste. <\/em>\n<em>Il y collabore avec de nombreux artistes renomm\u00e9s et travaille sous la direction de chor\u00e9graphes prestigieux tels que Robert North et Luciana Savignano.<\/em><\/p>\n<p><em><strong>En 1992,<\/strong> il retourne \u00e0 Cuba pour int\u00e9grer le Ballet de Camag\u00fcey comme soliste, sous la direction l\u00e9gendaire de Fernando et Alicia Alonso. Quatre ans plus tard, il rejoint la compagnie Victor Ullate Ballet \u00e0 Madrid, o\u00f9 il est remarqu\u00e9 par la chor\u00e9graphe Gillian Lynne pour interpr\u00e9ter le r\u00f4le de M. Mistoffelees dans la com\u00e9die musicale Cats.<\/em><\/p>\n<p><em><strong>En 2005,<\/strong> Juan int\u00e8gre le B\u00e9jart Ballet Lausanne, o\u00f9 il se produit sur certaines des plus grandes sc\u00e8nes du monde, notamment le Th\u00e9\u00e2tre Bolcho\u00ef de Moscou, le Th\u00e9\u00e2tre Mariinsky de Saint-P\u00e9tersbourg et le Teatro alla Scala de Milan. <\/em><\/p>\n<p><em><strong>Apr\u00e8s le d\u00e9c\u00e8s de Maurice B\u00e9jart<\/strong> en 2007, il est invit\u00e9 \u00e0 rejoindre \u00e0 nouveau la compagnie pour perp\u00e9tuer l\u2019h\u00e9ritage du ma\u00eetre.<\/em><\/p>\n<p><em><strong>Aujourd\u2019hui,<\/strong> fort d\u2019une carri\u00e8re riche de collaborations internationales et de sc\u00e8nes prestigieuses, Juan se consacre \u00e0 la transmission. <\/em><\/p>\n<p><em><strong>Depuis 2017,<\/strong> il enseigne \u00e0 Dance Area (Gen\u00e8ve) et partage sa passion, sa rigueur et son exp\u00e9rience avec les danseurs de demain \u00e0 travers le monde.<\/em><\/p>\n<p><em><strong>Il est actuellement professeur \u00e0 l\u2019Acad\u00e9mie de danse Igokat<\/strong><\/em><\/p>\n<p><em>\u00a0<\/em><\/p><\/blockquote>\n<\/div><\/div><\/div><\/div><\/div><!-- \/wp:post-content -->","protected":false},"excerpt":{"rendered":"","protected":false},"author":1,"featured_media":0,"parent":0,"menu_order":0,"comment_status":"closed","ping_status":"closed","template":"100-width.php","meta":{"footnotes":""},"class_list":["post-9569","page","type-page","status-publish","hentry"],"_links":{"self":[{"href":"https:\/\/igokat.com\/site\/wp-json\/wp\/v2\/pages\/9569","targetHints":{"allow":["GET"]}}],"collection":[{"href":"https:\/\/igokat.com\/site\/wp-json\/wp\/v2\/pages"}],"about":[{"href":"https:\/\/igokat.com\/site\/wp-json\/wp\/v2\/types\/page"}],"author":[{"embeddable":true,"href":"https:\/\/igokat.com\/site\/wp-json\/wp\/v2\/users\/1"}],"replies":[{"embeddable":true,"href":"https:\/\/igokat.com\/site\/wp-json\/wp\/v2\/comments?post=9569"}],"version-history":[{"count":1,"href":"https:\/\/igokat.com\/site\/wp-json\/wp\/v2\/pages\/9569\/revisions"}],"predecessor-version":[{"id":9570,"href":"https:\/\/igokat.com\/site\/wp-json\/wp\/v2\/pages\/9569\/revisions\/9570"}],"wp:attachment":[{"href":"https:\/\/igokat.com\/site\/wp-json\/wp\/v2\/media?parent=9569"}],"curies":[{"name":"wp","href":"https:\/\/api.w.org\/{rel}","templated":true}]}}